{"id":508,"date":"2023-05-12T12:49:39","date_gmt":"2023-05-12T12:49:39","guid":{"rendered":"https:\/\/der-schulbedarf.Shop\/?post_type=product&#038;p=508"},"modified":"2025-07-03T12:43:20","modified_gmt":"2025-07-03T12:43:20","slug":"ravensburger-ausflug-in-den-zoo","status":"publish","type":"product","link":"https:\/\/der-schulbedarf.shop\/produkt-des-monats\/produkt\/ravensburger-ausflug-in-den-zoo\/","title":{"rendered":"Ravensburger Ausflug in den Zoo"},"content":{"rendered":"<p data-start=\"64\" data-end=\"569\">Wohin geh\u00f6rt diese Ecke? Passen diese Puzzleteile zusammen?<br data-start=\"123\" data-end=\"126\" \/>Rahmenpuzzles sind aufgrund der Anzahl und Gr\u00f6\u00dfe ihrer Teile ideal f\u00fcr Puzzleanf\u00e4nger ab 3 Jahren geeignet. Der Puzzle-Rahmen mit den Konturlinien der Puzzleteile erleichtert das richtige Einsetzen und dient gleichzeitig als praktische Puzzleunterlage \u2013 auch unterwegs. Robuste Teile aus Karton garantieren eine lange Lebensdauer des Spielzeugs. Ravensburger Rahmenpuzzles sind mit 15 oder 30\u201348 Teilen und farbenfrohen Motivwelten erh\u00e4ltlich.<\/p>\n<p data-start=\"571\" data-end=\"1105\">Beim Puzzeln trainieren Kinder spielerisch und mit viel Freude ihre Wahrnehmung, das Kurzzeitged\u00e4chtnis und das logische Denken. Gleichzeitig werden auch die Auge-Hand-Koordination und die Geduld gef\u00f6rdert. Puzzles mit dem passenden Schwierigkeitsgrad erm\u00f6glichen es den Kindern, an der Herausforderung zu wachsen, st\u00e4rken das Selbstbewusstsein und machen vor allem gro\u00dfen Spa\u00df. In der gro\u00dfen Auswahl an Ravensburger Kinderpuzzles mit den beliebtesten Motiven \u2013 von 2 bis 300 Teilen \u2013 findet garantiert jedes Kind das passende Puzzle.<\/p>\n<p data-start=\"1107\" data-end=\"1312\" data-is-last-node=\"\" data-is-only-node=\"\">Die Sicherheit aller verwendeten Materialien wird durch ein unabh\u00e4ngiges Institut best\u00e4tigt. Seit \u00fcber 100 Jahren entwickeln wir Puzzles so, wie Kinder sie lieben: altersgerecht in Motiv, Anzahl und Gr\u00f6\u00dfe.<\/p>\n","protected":false},"excerpt":{"rendered":"<p>Wohin geh\u00f6rt diese Ecke? Passen diese Puzzleteile zusammen?Rahmenpuzzles sind aufgrund der Anzahl und Gr\u00f6\u00dfe ihrer Teile ideal f\u00fcr Puzzleanf\u00e4nger ab 3 Jahren geeignet. Der Puzzle-Rahmen mit den Konturlinien der Puzzleteile erleichtert das richtige Einsetzen und dient gleichzeitig als praktische Puzzleunterlage \u2013 auch unterwegs. Robuste Teile aus Karton garantieren eine lange Lebensdauer des Spielzeugs. Ravensburger Rahmenpuzzles [&hellip;]<\/p>\n","protected":false},"featured_media":1049,"comment_status":"open","ping_status":"closed","template":"","meta":[],"product_cat":[34,37],"product_tag":[111,115,114,113,112,155,156,157,153,152,151,158,154],"class_list":{"0":"post-508","1":"product","2":"type-product","3":"status-publish","4":"has-post-thumbnail","6":"product_cat-kinderspielzeug","7":"product_cat-ravensburger","8":"product_tag-beschaeftigung","9":"product_tag-fuer-jungen","10":"product_tag-fuer-maedchen","11":"product_tag-geschenk","12":"product_tag-geschenkidee","13":"product_tag-kinderpuzzle","14":"product_tag-konzentrationstraining","15":"product_tag-legespiel","16":"product_tag-pussel","17":"product_tag-puzzel","18":"product_tag-puzzle","19":"product_tag-puzzle-fuer-kinder","20":"product_tag-ravensburger-puzzle","21":"post","22":"post-with-thumbnail","23":"post-with-thumbnail-large","25":"first","26":"instock","27":"taxable","28":"shipping-taxable","29":"purchasable","30":"product-type-simple"},"yoast_head":"<!-- This site is optimized with the Yoast SEO plugin v26.6 - https:\/\/yoast.com\/wordpress\/plugins\/seo\/ -->\n<title>Ravensburger Ausflug in den Zoo - der-Schulbedarf.shop<\/title>\n<meta name=\"description\" content=\"Everything in the frame - Age-appropriate puzzle fun with base.In puzzles, children train perception, short-term memory and logical thinking in a playful and fun way. At the same time, eye-hand coordination and patience also improve. Puzzles with the right difficulty allow the children to grow with the challenge, strengthen their self-confidence and, above all, are a lot of fun. In the large selection of Ravensburger children&#039;s puzzles with the most popular motifs, from 2 pieces to 300 pieces, there is guaranteed to be the right puzzle for every child.\" \/>\n<meta name=\"robots\" content=\"index, follow, max-snippet:-1, max-image-preview:large, max-video-preview:-1\" \/>\n<link rel=\"canonical\" href=\"https:\/\/der-schulbedarf.shop\/produkt-des-monats\/produkt\/ravensburger-ausflug-in-den-zoo\/\" \/>\n<meta property=\"og:locale\" content=\"de_DE\" \/>\n<meta property=\"og:type\" content=\"article\" \/>\n<meta property=\"og:title\" content=\"Ravensburger Ausflug in den Zoo - der-Schulbedarf.shop\" \/>\n<meta property=\"og:description\" content=\"Everything in the frame - Age-appropriate puzzle fun with base.In puzzles, children train perception, short-term memory and logical thinking in a playful and fun way. At the same time, eye-hand coordination and patience also improve. Puzzles with the right difficulty allow the children to grow with the challenge, strengthen their self-confidence and, above all, are a lot of fun. In the large selection of Ravensburger children&#039;s puzzles with the most popular motifs, from 2 pieces to 300 pieces, there is guaranteed to be the right puzzle for every child.\" \/>\n<meta property=\"og:url\" content=\"https:\/\/der-schulbedarf.shop\/produkt-des-monats\/produkt\/ravensburger-ausflug-in-den-zoo\/\" \/>\n<meta property=\"og:site_name\" content=\"der-Schulbedarf.shop\" \/>\n<meta property=\"article:modified_time\" content=\"2025-07-03T12:43:20+00:00\" \/>\n<meta property=\"og:image\" content=\"https:\/\/der-schulbedarf.shop\/wp-content\/uploads\/2023\/05\/06116_Ausflug-in-Zoo.webp\" \/>\n\t<meta property=\"og:image:width\" content=\"1024\" \/>\n\t<meta property=\"og:image:height\" content=\"636\" \/>\n\t<meta property=\"og:image:type\" content=\"image\/webp\" \/>\n<meta name=\"twitter:card\" content=\"summary_large_image\" \/>\n<meta name=\"twitter:label1\" content=\"Gesch\u00e4tzte Lesezeit\" \/>\n\t<meta name=\"twitter:data1\" content=\"2\u00a0Minuten\" \/>\n<script type=\"application\/ld+json\" class=\"yoast-schema-graph\">{\"@context\":\"https:\/\/schema.org\",\"@graph\":[{\"@type\":\"WebPage\",\"@id\":\"https:\/\/der-schulbedarf.shop\/produkt-des-monats\/produkt\/ravensburger-ausflug-in-den-zoo\/\",\"url\":\"https:\/\/der-schulbedarf.shop\/produkt-des-monats\/produkt\/ravensburger-ausflug-in-den-zoo\/\",\"name\":\"Ravensburger Ausflug in den Zoo - der-Schulbedarf.shop\",\"isPartOf\":{\"@id\":\"https:\/\/der-schulbedarf.shop\/produkt-des-monats\/#website\"},\"primaryImageOfPage\":{\"@id\":\"https:\/\/der-schulbedarf.shop\/produkt-des-monats\/produkt\/ravensburger-ausflug-in-den-zoo\/#primaryimage\"},\"image\":{\"@id\":\"https:\/\/der-schulbedarf.shop\/produkt-des-monats\/produkt\/ravensburger-ausflug-in-den-zoo\/#primaryimage\"},\"thumbnailUrl\":\"https:\/\/der-schulbedarf.shop\/wp-content\/uploads\/2023\/05\/06116_Ausflug-in-Zoo.webp\",\"datePublished\":\"2023-05-12T12:49:39+00:00\",\"dateModified\":\"2025-07-03T12:43:20+00:00\",\"description\":\"Everything in the frame - Age-appropriate puzzle fun with base.In puzzles, children train perception, short-term memory and logical thinking in a playful and fun way. At the same time, eye-hand coordination and patience also improve. Puzzles with the right difficulty allow the children to grow with the challenge, strengthen their self-confidence and, above all, are a lot of fun. In the large selection of Ravensburger children's puzzles with the most popular motifs, from 2 pieces to 300 pieces, there is guaranteed to be the right puzzle for every child.\",\"breadcrumb\":{\"@id\":\"https:\/\/der-schulbedarf.shop\/produkt-des-monats\/produkt\/ravensburger-ausflug-in-den-zoo\/#breadcrumb\"},\"inLanguage\":\"de\",\"potentialAction\":[{\"@type\":\"ReadAction\",\"target\":[\"https:\/\/der-schulbedarf.shop\/produkt-des-monats\/produkt\/ravensburger-ausflug-in-den-zoo\/\"]}]},{\"@type\":\"ImageObject\",\"inLanguage\":\"de\",\"@id\":\"https:\/\/der-schulbedarf.shop\/produkt-des-monats\/produkt\/ravensburger-ausflug-in-den-zoo\/#primaryimage\",\"url\":\"https:\/\/der-schulbedarf.shop\/wp-content\/uploads\/2023\/05\/06116_Ausflug-in-Zoo.webp\",\"contentUrl\":\"https:\/\/der-schulbedarf.shop\/wp-content\/uploads\/2023\/05\/06116_Ausflug-in-Zoo.webp\",\"width\":1024,\"height\":636,\"caption\":\"Ausflug-in-zoo\"},{\"@type\":\"BreadcrumbList\",\"@id\":\"https:\/\/der-schulbedarf.shop\/produkt-des-monats\/produkt\/ravensburger-ausflug-in-den-zoo\/#breadcrumb\",\"itemListElement\":[{\"@type\":\"ListItem\",\"position\":1,\"name\":\"Shop\",\"item\":\"https:\/\/der-schulbedarf.shop\/produkt-des-monats\/shop\/\"},{\"@type\":\"ListItem\",\"position\":2,\"name\":\"Ravensburger Ausflug in den Zoo\"}]},{\"@type\":\"WebSite\",\"@id\":\"https:\/\/der-schulbedarf.shop\/produkt-des-monats\/#website\",\"url\":\"https:\/\/der-schulbedarf.shop\/produkt-des-monats\/\",\"name\":\"der-Schulbedarf.shop\",\"description\":\"\",\"publisher\":{\"@id\":\"https:\/\/der-schulbedarf.shop\/produkt-des-monats\/#organization\"},\"potentialAction\":[{\"@type\":\"SearchAction\",\"target\":{\"@type\":\"EntryPoint\",\"urlTemplate\":\"https:\/\/der-schulbedarf.shop\/produkt-des-monats\/?s={search_term_string}\"},\"query-input\":{\"@type\":\"PropertyValueSpecification\",\"valueRequired\":true,\"valueName\":\"search_term_string\"}}],\"inLanguage\":\"de\"},{\"@type\":\"Organization\",\"@id\":\"https:\/\/der-schulbedarf.shop\/produkt-des-monats\/#organization\",\"name\":\"der-Schulbedarf.shop\",\"url\":\"https:\/\/der-schulbedarf.shop\/produkt-des-monats\/\",\"logo\":{\"@type\":\"ImageObject\",\"inLanguage\":\"de\",\"@id\":\"https:\/\/der-schulbedarf.shop\/produkt-des-monats\/#\/schema\/logo\/image\/\",\"url\":\"https:\/\/der-schulbedarf.shop\/wp-content\/uploads\/2024\/02\/grafik-e1709551115899.png\",\"contentUrl\":\"https:\/\/der-schulbedarf.shop\/wp-content\/uploads\/2024\/02\/grafik-e1709551115899.png\",\"width\":80,\"height\":80,\"caption\":\"der-Schulbedarf.shop\"},\"image\":{\"@id\":\"https:\/\/der-schulbedarf.shop\/produkt-des-monats\/#\/schema\/logo\/image\/\"}}]}<\/script>\n<!-- \/ Yoast SEO plugin. -->","yoast_head_json":{"title":"Ravensburger Ausflug in den Zoo - der-Schulbedarf.shop","description":"Everything in the frame - Age-appropriate puzzle fun with base.In puzzles, children train perception, short-term memory and logical thinking in a playful and fun way. At the same time, eye-hand coordination and patience also improve. Puzzles with the right difficulty allow the children to grow with the challenge, strengthen their self-confidence and, above all, are a lot of fun. In the large selection of Ravensburger children's puzzles with the most popular motifs, from 2 pieces to 300 pieces, there is guaranteed to be the right puzzle for every child.","robots":{"index":"index","follow":"follow","max-snippet":"max-snippet:-1","max-image-preview":"max-image-preview:large","max-video-preview":"max-video-preview:-1"},"canonical":"https:\/\/der-schulbedarf.shop\/produkt-des-monats\/produkt\/ravensburger-ausflug-in-den-zoo\/","og_locale":"de_DE","og_type":"article","og_title":"Ravensburger Ausflug in den Zoo - der-Schulbedarf.shop","og_description":"Everything in the frame - Age-appropriate puzzle fun with base.In puzzles, children train perception, short-term memory and logical thinking in a playful and fun way. At the same time, eye-hand coordination and patience also improve. Puzzles with the right difficulty allow the children to grow with the challenge, strengthen their self-confidence and, above all, are a lot of fun. In the large selection of Ravensburger children's puzzles with the most popular motifs, from 2 pieces to 300 pieces, there is guaranteed to be the right puzzle for every child.","og_url":"https:\/\/der-schulbedarf.shop\/produkt-des-monats\/produkt\/ravensburger-ausflug-in-den-zoo\/","og_site_name":"der-Schulbedarf.shop","article_modified_time":"2025-07-03T12:43:20+00:00","og_image":[{"width":1024,"height":636,"url":"https:\/\/der-schulbedarf.shop\/wp-content\/uploads\/2023\/05\/06116_Ausflug-in-Zoo.webp","type":"image\/webp"}],"twitter_card":"summary_large_image","twitter_misc":{"Gesch\u00e4tzte Lesezeit":"2\u00a0Minuten"},"schema":{"@context":"https:\/\/schema.org","@graph":[{"@type":"WebPage","@id":"https:\/\/der-schulbedarf.shop\/produkt-des-monats\/produkt\/ravensburger-ausflug-in-den-zoo\/","url":"https:\/\/der-schulbedarf.shop\/produkt-des-monats\/produkt\/ravensburger-ausflug-in-den-zoo\/","name":"Ravensburger Ausflug in den Zoo - der-Schulbedarf.shop","isPartOf":{"@id":"https:\/\/der-schulbedarf.shop\/produkt-des-monats\/#website"},"primaryImageOfPage":{"@id":"https:\/\/der-schulbedarf.shop\/produkt-des-monats\/produkt\/ravensburger-ausflug-in-den-zoo\/#primaryimage"},"image":{"@id":"https:\/\/der-schulbedarf.shop\/produkt-des-monats\/produkt\/ravensburger-ausflug-in-den-zoo\/#primaryimage"},"thumbnailUrl":"https:\/\/der-schulbedarf.shop\/wp-content\/uploads\/2023\/05\/06116_Ausflug-in-Zoo.webp","datePublished":"2023-05-12T12:49:39+00:00","dateModified":"2025-07-03T12:43:20+00:00","description":"Everything in the frame - Age-appropriate puzzle fun with base.In puzzles, children train perception, short-term memory and logical thinking in a playful and fun way. At the same time, eye-hand coordination and patience also improve. Puzzles with the right difficulty allow the children to grow with the challenge, strengthen their self-confidence and, above all, are a lot of fun. In the large selection of Ravensburger children's puzzles with the most popular motifs, from 2 pieces to 300 pieces, there is guaranteed to be the right puzzle for every child.","breadcrumb":{"@id":"https:\/\/der-schulbedarf.shop\/produkt-des-monats\/produkt\/ravensburger-ausflug-in-den-zoo\/#breadcrumb"},"inLanguage":"de","potentialAction":[{"@type":"ReadAction","target":["https:\/\/der-schulbedarf.shop\/produkt-des-monats\/produkt\/ravensburger-ausflug-in-den-zoo\/"]}]},{"@type":"ImageObject","inLanguage":"de","@id":"https:\/\/der-schulbedarf.shop\/produkt-des-monats\/produkt\/ravensburger-ausflug-in-den-zoo\/#primaryimage","url":"https:\/\/der-schulbedarf.shop\/wp-content\/uploads\/2023\/05\/06116_Ausflug-in-Zoo.webp","contentUrl":"https:\/\/der-schulbedarf.shop\/wp-content\/uploads\/2023\/05\/06116_Ausflug-in-Zoo.webp","width":1024,"height":636,"caption":"Ausflug-in-zoo"},{"@type":"BreadcrumbList","@id":"https:\/\/der-schulbedarf.shop\/produkt-des-monats\/produkt\/ravensburger-ausflug-in-den-zoo\/#breadcrumb","itemListElement":[{"@type":"ListItem","position":1,"name":"Shop","item":"https:\/\/der-schulbedarf.shop\/produkt-des-monats\/shop\/"},{"@type":"ListItem","position":2,"name":"Ravensburger Ausflug in den Zoo"}]},{"@type":"WebSite","@id":"https:\/\/der-schulbedarf.shop\/produkt-des-monats\/#website","url":"https:\/\/der-schulbedarf.shop\/produkt-des-monats\/","name":"der-Schulbedarf.shop","description":"","publisher":{"@id":"https:\/\/der-schulbedarf.shop\/produkt-des-monats\/#organization"},"potentialAction":[{"@type":"SearchAction","target":{"@type":"EntryPoint","urlTemplate":"https:\/\/der-schulbedarf.shop\/produkt-des-monats\/?s={search_term_string}"},"query-input":{"@type":"PropertyValueSpecification","valueRequired":true,"valueName":"search_term_string"}}],"inLanguage":"de"},{"@type":"Organization","@id":"https:\/\/der-schulbedarf.shop\/produkt-des-monats\/#organization","name":"der-Schulbedarf.shop","url":"https:\/\/der-schulbedarf.shop\/produkt-des-monats\/","logo":{"@type":"ImageObject","inLanguage":"de","@id":"https:\/\/der-schulbedarf.shop\/produkt-des-monats\/#\/schema\/logo\/image\/","url":"https:\/\/der-schulbedarf.shop\/wp-content\/uploads\/2024\/02\/grafik-e1709551115899.png","contentUrl":"https:\/\/der-schulbedarf.shop\/wp-content\/uploads\/2024\/02\/grafik-e1709551115899.png","width":80,"height":80,"caption":"der-Schulbedarf.shop"},"image":{"@id":"https:\/\/der-schulbedarf.shop\/produkt-des-monats\/#\/schema\/logo\/image\/"}}]}},"_links":{"self":[{"href":"https:\/\/der-schulbedarf.shop\/produkt-des-monats\/wp-json\/wp\/v2\/product\/508","targetHints":{"allow":["GET"]}}],"collection":[{"href":"https:\/\/der-schulbedarf.shop\/produkt-des-monats\/wp-json\/wp\/v2\/product"}],"about":[{"href":"https:\/\/der-schulbedarf.shop\/produkt-des-monats\/wp-json\/wp\/v2\/types\/product"}],"replies":[{"embeddable":true,"href":"https:\/\/der-schulbedarf.shop\/produkt-des-monats\/wp-json\/wp\/v2\/comments?post=508"}],"wp:featuredmedia":[{"embeddable":true,"href":"https:\/\/der-schulbedarf.shop\/produkt-des-monats\/wp-json\/wp\/v2\/media\/1049"}],"wp:attachment":[{"href":"https:\/\/der-schulbedarf.shop\/produkt-des-monats\/wp-json\/wp\/v2\/media?parent=508"}],"wp:term":[{"taxonomy":"product_cat","embeddable":true,"href":"https:\/\/der-schulbedarf.shop\/produkt-des-monats\/wp-json\/wp\/v2\/product_cat?post=508"},{"taxonomy":"product_tag","embeddable":true,"href":"https:\/\/der-schulbedarf.shop\/produkt-des-monats\/wp-json\/wp\/v2\/product_tag?post=508"}],"curies":[{"name":"wp","href":"https:\/\/api.w.org\/{rel}","templated":true}]}}