{"id":509,"date":"2023-05-12T12:54:56","date_gmt":"2023-05-12T12:54:56","guid":{"rendered":"https:\/\/der-schulbedarf.Shop\/?post_type=product&#038;p=509"},"modified":"2025-07-05T17:51:29","modified_gmt":"2025-07-05T17:51:29","slug":"ravensburger-kleiner-flugplatz","status":"publish","type":"product","link":"https:\/\/der-schulbedarf.shop\/produkt-des-monats\/produkt\/ravensburger-kleiner-flugplatz\/","title":{"rendered":"Ravensburger Kleiner Flugplatz"},"content":{"rendered":"<p>Wohin geh\u00f6rt diese Ecke? Passen diese Puzzleteile zusammen?<br \/>\nRahmenpuzzles sind durch die Anzahl und Gr\u00f6\u00dfe ihrer Teile ideal f\u00fcr Puzzleanf\u00e4nger ab 3 Jahren geeignet. Der Puzzlerahmen mit den Konturlinien der Puzzleteile erleichtert das richtige Einsetzen und dient zugleich als praktische Puzzleunterlage, auch unterwegs. Stabile Teile aus Pappe garantieren die Langlebigkeit des Spielzeugs. Ravensburger Rahmenpuzzles gibt es mit 15 oder 30-48 Teilen und farbenfrohen Motivwelten.<\/p>\n<p>Alles im Rahmen &#8211; Altersgerechter Puzzlespa\u00df mit Unterlage.<br \/>\nBeim Puzzeln schulen Kinder spielerisch und mit viel Spa\u00df die Wahrnehmung, das Kurzzeitged\u00e4chtnis und das logische Denken. Ganz nebenbei verbessern sich auch die Auge-Hand-Koordination und die Geduld. Puzzles mit der richtig gew\u00e4hlten Schwierigkeit lassen die Kinder an der Herausforderung wachsen, st\u00e4rken ihr Selbstbewusstsein und machen vor allem richtig viel Spa\u00df. In der gro\u00dfen Auswahl von Ravensburger Kinderpuzzles mit den beliebtesten Motiven, von 2 Teilen bis 300 Teilen, ist garantiert f\u00fcr jedes Kind das richtige Puzzle dabei.<\/p>\n<p>Die Unbedenklichkeit aller verwendeten Materialien wird von einem unabh\u00e4ngigen Institut best\u00e4tigt. Seit mehr als 100 Jahren entwickeln wir Puzzles, wie Kinder sie lieben: altersgerecht in Motiv, Teilezahl und -gr\u00f6\u00dfe.<\/p>\n","protected":false},"excerpt":{"rendered":"<p>Wohin geh\u00f6rt diese Ecke? Passen diese Puzzleteile zusammen? Rahmenpuzzles sind durch die Anzahl und Gr\u00f6\u00dfe ihrer Teile ideal f\u00fcr Puzzleanf\u00e4nger ab 3 Jahren geeignet. Der Puzzlerahmen mit den Konturlinien der Puzzleteile erleichtert das richtige Einsetzen und dient zugleich als praktische Puzzleunterlage, auch unterwegs. Stabile Teile aus Pappe garantieren die Langlebigkeit des Spielzeugs. Ravensburger Rahmenpuzzles gibt [&hellip;]<\/p>\n","protected":false},"featured_media":1126,"comment_status":"open","ping_status":"closed","template":"","meta":[],"product_cat":[34,37],"product_tag":[111,115,114,113,112,155,156,157,153,152,151,158,154],"class_list":{"0":"post-509","1":"product","2":"type-product","3":"status-publish","4":"has-post-thumbnail","6":"product_cat-kinderspielzeug","7":"product_cat-ravensburger","8":"product_tag-beschaeftigung","9":"product_tag-fuer-jungen","10":"product_tag-fuer-maedchen","11":"product_tag-geschenk","12":"product_tag-geschenkidee","13":"product_tag-kinderpuzzle","14":"product_tag-konzentrationstraining","15":"product_tag-legespiel","16":"product_tag-pussel","17":"product_tag-puzzel","18":"product_tag-puzzle","19":"product_tag-puzzle-fuer-kinder","20":"product_tag-ravensburger-puzzle","21":"post","22":"post-with-thumbnail","23":"post-with-thumbnail-large","25":"first","26":"instock","27":"taxable","28":"shipping-taxable","29":"purchasable","30":"product-type-simple"},"yoast_head":"<!-- This site is optimized with the Yoast SEO plugin v26.6 - https:\/\/yoast.com\/wordpress\/plugins\/seo\/ -->\n<title>Ravensburger Kleiner Flugplatz - der-Schulbedarf.shop<\/title>\n<meta name=\"description\" content=\"Ravensburger small airfield. Where does this corner belong? Do these pieces of the puzzle fit together?Frame puzzles are ideal for puzzle beginners from 3 years of age due to the number and size of their pieces. The puzzle frame with the contour lines of the puzzle pieces makes it easier to insert them correctly and at the same time serves as a practical puzzle surface, even on the go. Sturdy parts made of cardboard guarantee the longevity of the toy. Ravensburger frame puzzles are available with 15 or 30-48 pieces and colorful motif worlds.\" \/>\n<meta name=\"robots\" content=\"index, follow, max-snippet:-1, max-image-preview:large, max-video-preview:-1\" \/>\n<link rel=\"canonical\" href=\"https:\/\/der-schulbedarf.shop\/produkt-des-monats\/produkt\/ravensburger-kleiner-flugplatz\/\" \/>\n<meta property=\"og:locale\" content=\"de_DE\" \/>\n<meta property=\"og:type\" content=\"article\" \/>\n<meta property=\"og:title\" content=\"Ravensburger Kleiner Flugplatz - der-Schulbedarf.shop\" \/>\n<meta property=\"og:description\" content=\"Ravensburger small airfield. Where does this corner belong? Do these pieces of the puzzle fit together?Frame puzzles are ideal for puzzle beginners from 3 years of age due to the number and size of their pieces. The puzzle frame with the contour lines of the puzzle pieces makes it easier to insert them correctly and at the same time serves as a practical puzzle surface, even on the go. Sturdy parts made of cardboard guarantee the longevity of the toy. Ravensburger frame puzzles are available with 15 or 30-48 pieces and colorful motif worlds.\" \/>\n<meta property=\"og:url\" content=\"https:\/\/der-schulbedarf.shop\/produkt-des-monats\/produkt\/ravensburger-kleiner-flugplatz\/\" \/>\n<meta property=\"og:site_name\" content=\"der-Schulbedarf.shop\" \/>\n<meta property=\"article:modified_time\" content=\"2025-07-05T17:51:29+00:00\" \/>\n<meta property=\"og:image\" content=\"https:\/\/der-schulbedarf.shop\/wp-content\/uploads\/2023\/05\/06700_Kleiner-Flugzeug.webp\" \/>\n\t<meta property=\"og:image:width\" content=\"1024\" \/>\n\t<meta property=\"og:image:height\" content=\"809\" \/>\n\t<meta property=\"og:image:type\" content=\"image\/webp\" \/>\n<meta name=\"twitter:card\" content=\"summary_large_image\" \/>\n<meta name=\"twitter:label1\" content=\"Gesch\u00e4tzte Lesezeit\" \/>\n\t<meta name=\"twitter:data1\" content=\"2\u00a0Minuten\" \/>\n<script type=\"application\/ld+json\" class=\"yoast-schema-graph\">{\"@context\":\"https:\/\/schema.org\",\"@graph\":[{\"@type\":\"WebPage\",\"@id\":\"https:\/\/der-schulbedarf.shop\/produkt-des-monats\/produkt\/ravensburger-kleiner-flugplatz\/\",\"url\":\"https:\/\/der-schulbedarf.shop\/produkt-des-monats\/produkt\/ravensburger-kleiner-flugplatz\/\",\"name\":\"Ravensburger Kleiner Flugplatz - der-Schulbedarf.shop\",\"isPartOf\":{\"@id\":\"https:\/\/der-schulbedarf.shop\/produkt-des-monats\/#website\"},\"primaryImageOfPage\":{\"@id\":\"https:\/\/der-schulbedarf.shop\/produkt-des-monats\/produkt\/ravensburger-kleiner-flugplatz\/#primaryimage\"},\"image\":{\"@id\":\"https:\/\/der-schulbedarf.shop\/produkt-des-monats\/produkt\/ravensburger-kleiner-flugplatz\/#primaryimage\"},\"thumbnailUrl\":\"https:\/\/der-schulbedarf.shop\/wp-content\/uploads\/2023\/05\/06700_Kleiner-Flugzeug.webp\",\"datePublished\":\"2023-05-12T12:54:56+00:00\",\"dateModified\":\"2025-07-05T17:51:29+00:00\",\"description\":\"Ravensburger small airfield. Where does this corner belong? Do these pieces of the puzzle fit together?Frame puzzles are ideal for puzzle beginners from 3 years of age due to the number and size of their pieces. The puzzle frame with the contour lines of the puzzle pieces makes it easier to insert them correctly and at the same time serves as a practical puzzle surface, even on the go. Sturdy parts made of cardboard guarantee the longevity of the toy. Ravensburger frame puzzles are available with 15 or 30-48 pieces and colorful motif worlds.\",\"breadcrumb\":{\"@id\":\"https:\/\/der-schulbedarf.shop\/produkt-des-monats\/produkt\/ravensburger-kleiner-flugplatz\/#breadcrumb\"},\"inLanguage\":\"de\",\"potentialAction\":[{\"@type\":\"ReadAction\",\"target\":[\"https:\/\/der-schulbedarf.shop\/produkt-des-monats\/produkt\/ravensburger-kleiner-flugplatz\/\"]}]},{\"@type\":\"ImageObject\",\"inLanguage\":\"de\",\"@id\":\"https:\/\/der-schulbedarf.shop\/produkt-des-monats\/produkt\/ravensburger-kleiner-flugplatz\/#primaryimage\",\"url\":\"https:\/\/der-schulbedarf.shop\/wp-content\/uploads\/2023\/05\/06700_Kleiner-Flugzeug.webp\",\"contentUrl\":\"https:\/\/der-schulbedarf.shop\/wp-content\/uploads\/2023\/05\/06700_Kleiner-Flugzeug.webp\",\"width\":1024,\"height\":809,\"caption\":\"Small Airfield\"},{\"@type\":\"BreadcrumbList\",\"@id\":\"https:\/\/der-schulbedarf.shop\/produkt-des-monats\/produkt\/ravensburger-kleiner-flugplatz\/#breadcrumb\",\"itemListElement\":[{\"@type\":\"ListItem\",\"position\":1,\"name\":\"Shop\",\"item\":\"https:\/\/der-schulbedarf.shop\/produkt-des-monats\/shop\/\"},{\"@type\":\"ListItem\",\"position\":2,\"name\":\"Ravensburger Kleiner Flugplatz\"}]},{\"@type\":\"WebSite\",\"@id\":\"https:\/\/der-schulbedarf.shop\/produkt-des-monats\/#website\",\"url\":\"https:\/\/der-schulbedarf.shop\/produkt-des-monats\/\",\"name\":\"der-Schulbedarf.shop\",\"description\":\"\",\"publisher\":{\"@id\":\"https:\/\/der-schulbedarf.shop\/produkt-des-monats\/#organization\"},\"potentialAction\":[{\"@type\":\"SearchAction\",\"target\":{\"@type\":\"EntryPoint\",\"urlTemplate\":\"https:\/\/der-schulbedarf.shop\/produkt-des-monats\/?s={search_term_string}\"},\"query-input\":{\"@type\":\"PropertyValueSpecification\",\"valueRequired\":true,\"valueName\":\"search_term_string\"}}],\"inLanguage\":\"de\"},{\"@type\":\"Organization\",\"@id\":\"https:\/\/der-schulbedarf.shop\/produkt-des-monats\/#organization\",\"name\":\"der-Schulbedarf.shop\",\"url\":\"https:\/\/der-schulbedarf.shop\/produkt-des-monats\/\",\"logo\":{\"@type\":\"ImageObject\",\"inLanguage\":\"de\",\"@id\":\"https:\/\/der-schulbedarf.shop\/produkt-des-monats\/#\/schema\/logo\/image\/\",\"url\":\"https:\/\/der-schulbedarf.shop\/wp-content\/uploads\/2024\/02\/grafik-e1709551115899.png\",\"contentUrl\":\"https:\/\/der-schulbedarf.shop\/wp-content\/uploads\/2024\/02\/grafik-e1709551115899.png\",\"width\":80,\"height\":80,\"caption\":\"der-Schulbedarf.shop\"},\"image\":{\"@id\":\"https:\/\/der-schulbedarf.shop\/produkt-des-monats\/#\/schema\/logo\/image\/\"}}]}<\/script>\n<!-- \/ Yoast SEO plugin. -->","yoast_head_json":{"title":"Ravensburger Kleiner Flugplatz - der-Schulbedarf.shop","description":"Ravensburger small airfield. Where does this corner belong? Do these pieces of the puzzle fit together?Frame puzzles are ideal for puzzle beginners from 3 years of age due to the number and size of their pieces. The puzzle frame with the contour lines of the puzzle pieces makes it easier to insert them correctly and at the same time serves as a practical puzzle surface, even on the go. Sturdy parts made of cardboard guarantee the longevity of the toy. Ravensburger frame puzzles are available with 15 or 30-48 pieces and colorful motif worlds.","robots":{"index":"index","follow":"follow","max-snippet":"max-snippet:-1","max-image-preview":"max-image-preview:large","max-video-preview":"max-video-preview:-1"},"canonical":"https:\/\/der-schulbedarf.shop\/produkt-des-monats\/produkt\/ravensburger-kleiner-flugplatz\/","og_locale":"de_DE","og_type":"article","og_title":"Ravensburger Kleiner Flugplatz - der-Schulbedarf.shop","og_description":"Ravensburger small airfield. Where does this corner belong? Do these pieces of the puzzle fit together?Frame puzzles are ideal for puzzle beginners from 3 years of age due to the number and size of their pieces. The puzzle frame with the contour lines of the puzzle pieces makes it easier to insert them correctly and at the same time serves as a practical puzzle surface, even on the go. Sturdy parts made of cardboard guarantee the longevity of the toy. Ravensburger frame puzzles are available with 15 or 30-48 pieces and colorful motif worlds.","og_url":"https:\/\/der-schulbedarf.shop\/produkt-des-monats\/produkt\/ravensburger-kleiner-flugplatz\/","og_site_name":"der-Schulbedarf.shop","article_modified_time":"2025-07-05T17:51:29+00:00","og_image":[{"width":1024,"height":809,"url":"https:\/\/der-schulbedarf.shop\/wp-content\/uploads\/2023\/05\/06700_Kleiner-Flugzeug.webp","type":"image\/webp"}],"twitter_card":"summary_large_image","twitter_misc":{"Gesch\u00e4tzte Lesezeit":"2\u00a0Minuten"},"schema":{"@context":"https:\/\/schema.org","@graph":[{"@type":"WebPage","@id":"https:\/\/der-schulbedarf.shop\/produkt-des-monats\/produkt\/ravensburger-kleiner-flugplatz\/","url":"https:\/\/der-schulbedarf.shop\/produkt-des-monats\/produkt\/ravensburger-kleiner-flugplatz\/","name":"Ravensburger Kleiner Flugplatz - der-Schulbedarf.shop","isPartOf":{"@id":"https:\/\/der-schulbedarf.shop\/produkt-des-monats\/#website"},"primaryImageOfPage":{"@id":"https:\/\/der-schulbedarf.shop\/produkt-des-monats\/produkt\/ravensburger-kleiner-flugplatz\/#primaryimage"},"image":{"@id":"https:\/\/der-schulbedarf.shop\/produkt-des-monats\/produkt\/ravensburger-kleiner-flugplatz\/#primaryimage"},"thumbnailUrl":"https:\/\/der-schulbedarf.shop\/wp-content\/uploads\/2023\/05\/06700_Kleiner-Flugzeug.webp","datePublished":"2023-05-12T12:54:56+00:00","dateModified":"2025-07-05T17:51:29+00:00","description":"Ravensburger small airfield. Where does this corner belong? Do these pieces of the puzzle fit together?Frame puzzles are ideal for puzzle beginners from 3 years of age due to the number and size of their pieces. The puzzle frame with the contour lines of the puzzle pieces makes it easier to insert them correctly and at the same time serves as a practical puzzle surface, even on the go. Sturdy parts made of cardboard guarantee the longevity of the toy. Ravensburger frame puzzles are available with 15 or 30-48 pieces and colorful motif worlds.","breadcrumb":{"@id":"https:\/\/der-schulbedarf.shop\/produkt-des-monats\/produkt\/ravensburger-kleiner-flugplatz\/#breadcrumb"},"inLanguage":"de","potentialAction":[{"@type":"ReadAction","target":["https:\/\/der-schulbedarf.shop\/produkt-des-monats\/produkt\/ravensburger-kleiner-flugplatz\/"]}]},{"@type":"ImageObject","inLanguage":"de","@id":"https:\/\/der-schulbedarf.shop\/produkt-des-monats\/produkt\/ravensburger-kleiner-flugplatz\/#primaryimage","url":"https:\/\/der-schulbedarf.shop\/wp-content\/uploads\/2023\/05\/06700_Kleiner-Flugzeug.webp","contentUrl":"https:\/\/der-schulbedarf.shop\/wp-content\/uploads\/2023\/05\/06700_Kleiner-Flugzeug.webp","width":1024,"height":809,"caption":"Small Airfield"},{"@type":"BreadcrumbList","@id":"https:\/\/der-schulbedarf.shop\/produkt-des-monats\/produkt\/ravensburger-kleiner-flugplatz\/#breadcrumb","itemListElement":[{"@type":"ListItem","position":1,"name":"Shop","item":"https:\/\/der-schulbedarf.shop\/produkt-des-monats\/shop\/"},{"@type":"ListItem","position":2,"name":"Ravensburger Kleiner Flugplatz"}]},{"@type":"WebSite","@id":"https:\/\/der-schulbedarf.shop\/produkt-des-monats\/#website","url":"https:\/\/der-schulbedarf.shop\/produkt-des-monats\/","name":"der-Schulbedarf.shop","description":"","publisher":{"@id":"https:\/\/der-schulbedarf.shop\/produkt-des-monats\/#organization"},"potentialAction":[{"@type":"SearchAction","target":{"@type":"EntryPoint","urlTemplate":"https:\/\/der-schulbedarf.shop\/produkt-des-monats\/?s={search_term_string}"},"query-input":{"@type":"PropertyValueSpecification","valueRequired":true,"valueName":"search_term_string"}}],"inLanguage":"de"},{"@type":"Organization","@id":"https:\/\/der-schulbedarf.shop\/produkt-des-monats\/#organization","name":"der-Schulbedarf.shop","url":"https:\/\/der-schulbedarf.shop\/produkt-des-monats\/","logo":{"@type":"ImageObject","inLanguage":"de","@id":"https:\/\/der-schulbedarf.shop\/produkt-des-monats\/#\/schema\/logo\/image\/","url":"https:\/\/der-schulbedarf.shop\/wp-content\/uploads\/2024\/02\/grafik-e1709551115899.png","contentUrl":"https:\/\/der-schulbedarf.shop\/wp-content\/uploads\/2024\/02\/grafik-e1709551115899.png","width":80,"height":80,"caption":"der-Schulbedarf.shop"},"image":{"@id":"https:\/\/der-schulbedarf.shop\/produkt-des-monats\/#\/schema\/logo\/image\/"}}]}},"_links":{"self":[{"href":"https:\/\/der-schulbedarf.shop\/produkt-des-monats\/wp-json\/wp\/v2\/product\/509","targetHints":{"allow":["GET"]}}],"collection":[{"href":"https:\/\/der-schulbedarf.shop\/produkt-des-monats\/wp-json\/wp\/v2\/product"}],"about":[{"href":"https:\/\/der-schulbedarf.shop\/produkt-des-monats\/wp-json\/wp\/v2\/types\/product"}],"replies":[{"embeddable":true,"href":"https:\/\/der-schulbedarf.shop\/produkt-des-monats\/wp-json\/wp\/v2\/comments?post=509"}],"wp:featuredmedia":[{"embeddable":true,"href":"https:\/\/der-schulbedarf.shop\/produkt-des-monats\/wp-json\/wp\/v2\/media\/1126"}],"wp:attachment":[{"href":"https:\/\/der-schulbedarf.shop\/produkt-des-monats\/wp-json\/wp\/v2\/media?parent=509"}],"wp:term":[{"taxonomy":"product_cat","embeddable":true,"href":"https:\/\/der-schulbedarf.shop\/produkt-des-monats\/wp-json\/wp\/v2\/product_cat?post=509"},{"taxonomy":"product_tag","embeddable":true,"href":"https:\/\/der-schulbedarf.shop\/produkt-des-monats\/wp-json\/wp\/v2\/product_tag?post=509"}],"curies":[{"name":"wp","href":"https:\/\/api.w.org\/{rel}","templated":true}]}}