{"id":525,"date":"2023-05-13T03:56:36","date_gmt":"2023-05-13T03:56:36","guid":{"rendered":"https:\/\/der-schulbedarf.Shop\/?post_type=product&#038;p=525"},"modified":"2025-07-03T06:17:59","modified_gmt":"2025-07-03T06:17:59","slug":"tiptoi-der-stift-2","status":"publish","type":"product","link":"https:\/\/der-schulbedarf.shop\/produkt-des-monats\/produkt\/tiptoi-der-stift-2\/","title":{"rendered":"tiptoi\u00ae Der Stift"},"content":{"rendered":"<p>Der tiptoi-Stift macht B\u00fccher und Spiele lebendig. F\u00fcr noch mehr tiptoi-Spa\u00df sorgt die \u00fcberragende Audioqualit\u00e4t des Stiftes, mit dem die Kinder jetzt in ein noch intensiveres H\u00f6rerlebnis eintauchen &#8211; interaktiv und eigenst\u00e4ndig. Dank der Stifth\u00fclle aus Soft-Grip-Material liegt der Stift gut in der Kinderhand. Der integrierte Akku bietet mehr Komfort. Der tiptoi-Stift der 4. Generation ist mit allen tiptoi-Produkten kompatibel (abgesehen von den CREATE Produkten).<\/p>\n<p>Tippen, spielen, lernen! tiptoi macht B\u00fccher und Spiele lebendig. Tippen die Kinder mit dem Stift auf Bilder und Texte, erklingen Ger\u00e4usche, Sprache und Musik. So macht Lernen richtig Spa\u00df! Das tiptoi-Sortiment umfasst B\u00fccher und Spiele mit den wichtigsten Lern- und Wissensthemen f\u00fcr Kinder ab 2 Jahren. Die zugeh\u00f6rigen Audiodateien l\u00e4dt man einfach, sicher und schnell \u00fcber den tiptoi Manager oder die optional erh\u00e4ltliche Ladestation auf den Stift.<\/p>\n","protected":false},"excerpt":{"rendered":"<p>Der tiptoi-Stift macht B\u00fccher und Spiele lebendig. F\u00fcr noch mehr tiptoi-Spa\u00df sorgt die \u00fcberragende Audioqualit\u00e4t des Stiftes, mit dem die Kinder jetzt in ein noch intensiveres H\u00f6rerlebnis eintauchen &#8211; interaktiv und eigenst\u00e4ndig. Dank der Stifth\u00fclle aus Soft-Grip-Material liegt der Stift gut in der Kinderhand. Der integrierte Akku bietet mehr Komfort. Der tiptoi-Stift der 4. Generation [&hellip;]<\/p>\n","protected":false},"featured_media":1253,"comment_status":"open","ping_status":"closed","template":"","meta":[],"product_cat":[34,1064,874,37,885,39,1028],"product_tag":[1044,111,107,115,116,114,132,113,112,131,92,128,130,140,139,137,117,95,138,134,142,133,129],"class_list":{"0":"post-525","1":"product","2":"type-product","3":"status-publish","4":"has-post-thumbnail","6":"product_cat-kinderspielzeug","7":"product_cat-kleinkinder","8":"product_cat-preisportale-neu","9":"product_cat-ravensburger","10":"product_cat-spielwaren","11":"product_cat-tiptoi","12":"product_cat-vorschulalter","13":"product_tag-ab-2-jahren","14":"product_tag-beschaeftigung","15":"product_tag-beschaeftigung-kinder","16":"product_tag-fuer-jungen","17":"product_tag-fuer-kinder","18":"product_tag-fuer-maedchen","19":"product_tag-geburtstagsgeschenk","20":"product_tag-geschenk","21":"product_tag-geschenkidee","22":"product_tag-interaktives-spielzeug","23":"product_tag-kinderspiel","24":"product_tag-kinderspielzeug","25":"product_tag-kreativitaet","26":"product_tag-lernspiel","27":"product_tag-lernspielzeug","28":"product_tag-lernsystem","29":"product_tag-spiel","30":"product_tag-spiele","31":"product_tag-spielzeug","32":"product_tag-starter-set","33":"product_tag-tiptoi","34":"product_tag-weihnachtsgeschenk","35":"product_tag-wissensspiel","36":"post","37":"post-with-thumbnail","38":"post-with-thumbnail-large","40":"first","41":"instock","42":"taxable","43":"shipping-taxable","44":"purchasable","45":"product-type-simple"},"yoast_head":"<!-- This site is optimized with the Yoast SEO plugin v26.6 - https:\/\/yoast.com\/wordpress\/plugins\/seo\/ -->\n<title>tiptoi\u00ae Der Stift - der-Schulbedarf.shop<\/title>\n<meta name=\"description\" content=\"tiptoi\u00ae Der Stift. Tippen die Kinder mit dem Stift auf Bilder und Texte, erklingen Ger\u00e4usche, Sprache und Musik. So macht Lernen richtig Spa\u00df! Preis 43,00\u20ac\" \/>\n<meta name=\"robots\" content=\"index, follow, max-snippet:-1, max-image-preview:large, max-video-preview:-1\" \/>\n<link rel=\"canonical\" href=\"https:\/\/der-schulbedarf.shop\/produkt-des-monats\/produkt\/tiptoi-der-stift-2\/\" \/>\n<meta property=\"og:locale\" content=\"de_DE\" \/>\n<meta property=\"og:type\" content=\"article\" \/>\n<meta property=\"og:title\" content=\"tiptoi\u00ae Der Stift - der-Schulbedarf.shop\" \/>\n<meta property=\"og:description\" content=\"tiptoi\u00ae Der Stift. Tippen die Kinder mit dem Stift auf Bilder und Texte, erklingen Ger\u00e4usche, Sprache und Musik. So macht Lernen richtig Spa\u00df! Preis 43,00\u20ac\" \/>\n<meta property=\"og:url\" content=\"https:\/\/der-schulbedarf.shop\/produkt-des-monats\/produkt\/tiptoi-der-stift-2\/\" \/>\n<meta property=\"og:site_name\" content=\"der-Schulbedarf.shop\" \/>\n<meta property=\"article:modified_time\" content=\"2025-07-03T06:17:59+00:00\" \/>\n<meta property=\"og:image\" content=\"https:\/\/der-schulbedarf.shop\/wp-content\/uploads\/2023\/05\/Der-tiptoi-Stift-.webp\" \/>\n\t<meta property=\"og:image:width\" content=\"427\" \/>\n\t<meta property=\"og:image:height\" content=\"1024\" \/>\n\t<meta property=\"og:image:type\" content=\"image\/webp\" \/>\n<meta name=\"twitter:card\" content=\"summary_large_image\" \/>\n<meta name=\"twitter:label1\" content=\"Gesch\u00e4tzte Lesezeit\" \/>\n\t<meta name=\"twitter:data1\" content=\"1\u00a0Minute\" \/>\n<script type=\"application\/ld+json\" class=\"yoast-schema-graph\">{\"@context\":\"https:\/\/schema.org\",\"@graph\":[{\"@type\":\"WebPage\",\"@id\":\"https:\/\/der-schulbedarf.shop\/produkt-des-monats\/produkt\/tiptoi-der-stift-2\/\",\"url\":\"https:\/\/der-schulbedarf.shop\/produkt-des-monats\/produkt\/tiptoi-der-stift-2\/\",\"name\":\"tiptoi\u00ae Der Stift - der-Schulbedarf.shop\",\"isPartOf\":{\"@id\":\"https:\/\/der-schulbedarf.shop\/produkt-des-monats\/#website\"},\"primaryImageOfPage\":{\"@id\":\"https:\/\/der-schulbedarf.shop\/produkt-des-monats\/produkt\/tiptoi-der-stift-2\/#primaryimage\"},\"image\":{\"@id\":\"https:\/\/der-schulbedarf.shop\/produkt-des-monats\/produkt\/tiptoi-der-stift-2\/#primaryimage\"},\"thumbnailUrl\":\"https:\/\/der-schulbedarf.shop\/wp-content\/uploads\/2023\/05\/Der-tiptoi-Stift-.webp\",\"datePublished\":\"2023-05-13T03:56:36+00:00\",\"dateModified\":\"2025-07-03T06:17:59+00:00\",\"description\":\"tiptoi\u00ae Der Stift. Tippen die Kinder mit dem Stift auf Bilder und Texte, erklingen Ger\u00e4usche, Sprache und Musik. So macht Lernen richtig Spa\u00df! Preis 43,00\u20ac\",\"breadcrumb\":{\"@id\":\"https:\/\/der-schulbedarf.shop\/produkt-des-monats\/produkt\/tiptoi-der-stift-2\/#breadcrumb\"},\"inLanguage\":\"de\",\"potentialAction\":[{\"@type\":\"ReadAction\",\"target\":[\"https:\/\/der-schulbedarf.shop\/produkt-des-monats\/produkt\/tiptoi-der-stift-2\/\"]}]},{\"@type\":\"ImageObject\",\"inLanguage\":\"de\",\"@id\":\"https:\/\/der-schulbedarf.shop\/produkt-des-monats\/produkt\/tiptoi-der-stift-2\/#primaryimage\",\"url\":\"https:\/\/der-schulbedarf.shop\/wp-content\/uploads\/2023\/05\/Der-tiptoi-Stift-.webp\",\"contentUrl\":\"https:\/\/der-schulbedarf.shop\/wp-content\/uploads\/2023\/05\/Der-tiptoi-Stift-.webp\",\"width\":427,\"height\":1024,\"caption\":\"Der-tiptoi-Stift\"},{\"@type\":\"BreadcrumbList\",\"@id\":\"https:\/\/der-schulbedarf.shop\/produkt-des-monats\/produkt\/tiptoi-der-stift-2\/#breadcrumb\",\"itemListElement\":[{\"@type\":\"ListItem\",\"position\":1,\"name\":\"Shop\",\"item\":\"https:\/\/der-schulbedarf.shop\/produkt-des-monats\/shop\/\"},{\"@type\":\"ListItem\",\"position\":2,\"name\":\"tiptoi\u00ae Der Stift\"}]},{\"@type\":\"WebSite\",\"@id\":\"https:\/\/der-schulbedarf.shop\/produkt-des-monats\/#website\",\"url\":\"https:\/\/der-schulbedarf.shop\/produkt-des-monats\/\",\"name\":\"der-Schulbedarf.shop\",\"description\":\"\",\"publisher\":{\"@id\":\"https:\/\/der-schulbedarf.shop\/produkt-des-monats\/#organization\"},\"potentialAction\":[{\"@type\":\"SearchAction\",\"target\":{\"@type\":\"EntryPoint\",\"urlTemplate\":\"https:\/\/der-schulbedarf.shop\/produkt-des-monats\/?s={search_term_string}\"},\"query-input\":{\"@type\":\"PropertyValueSpecification\",\"valueRequired\":true,\"valueName\":\"search_term_string\"}}],\"inLanguage\":\"de\"},{\"@type\":\"Organization\",\"@id\":\"https:\/\/der-schulbedarf.shop\/produkt-des-monats\/#organization\",\"name\":\"der-Schulbedarf.shop\",\"url\":\"https:\/\/der-schulbedarf.shop\/produkt-des-monats\/\",\"logo\":{\"@type\":\"ImageObject\",\"inLanguage\":\"de\",\"@id\":\"https:\/\/der-schulbedarf.shop\/produkt-des-monats\/#\/schema\/logo\/image\/\",\"url\":\"https:\/\/der-schulbedarf.shop\/wp-content\/uploads\/2024\/02\/grafik-e1709551115899.png\",\"contentUrl\":\"https:\/\/der-schulbedarf.shop\/wp-content\/uploads\/2024\/02\/grafik-e1709551115899.png\",\"width\":80,\"height\":80,\"caption\":\"der-Schulbedarf.shop\"},\"image\":{\"@id\":\"https:\/\/der-schulbedarf.shop\/produkt-des-monats\/#\/schema\/logo\/image\/\"}}]}<\/script>\n<!-- \/ Yoast SEO plugin. -->","yoast_head_json":{"title":"tiptoi\u00ae Der Stift - der-Schulbedarf.shop","description":"tiptoi\u00ae Der Stift. Tippen die Kinder mit dem Stift auf Bilder und Texte, erklingen Ger\u00e4usche, Sprache und Musik. So macht Lernen richtig Spa\u00df! Preis 43,00\u20ac","robots":{"index":"index","follow":"follow","max-snippet":"max-snippet:-1","max-image-preview":"max-image-preview:large","max-video-preview":"max-video-preview:-1"},"canonical":"https:\/\/der-schulbedarf.shop\/produkt-des-monats\/produkt\/tiptoi-der-stift-2\/","og_locale":"de_DE","og_type":"article","og_title":"tiptoi\u00ae Der Stift - der-Schulbedarf.shop","og_description":"tiptoi\u00ae Der Stift. Tippen die Kinder mit dem Stift auf Bilder und Texte, erklingen Ger\u00e4usche, Sprache und Musik. So macht Lernen richtig Spa\u00df! Preis 43,00\u20ac","og_url":"https:\/\/der-schulbedarf.shop\/produkt-des-monats\/produkt\/tiptoi-der-stift-2\/","og_site_name":"der-Schulbedarf.shop","article_modified_time":"2025-07-03T06:17:59+00:00","og_image":[{"width":427,"height":1024,"url":"https:\/\/der-schulbedarf.shop\/wp-content\/uploads\/2023\/05\/Der-tiptoi-Stift-.webp","type":"image\/webp"}],"twitter_card":"summary_large_image","twitter_misc":{"Gesch\u00e4tzte Lesezeit":"1\u00a0Minute"},"schema":{"@context":"https:\/\/schema.org","@graph":[{"@type":"WebPage","@id":"https:\/\/der-schulbedarf.shop\/produkt-des-monats\/produkt\/tiptoi-der-stift-2\/","url":"https:\/\/der-schulbedarf.shop\/produkt-des-monats\/produkt\/tiptoi-der-stift-2\/","name":"tiptoi\u00ae Der Stift - der-Schulbedarf.shop","isPartOf":{"@id":"https:\/\/der-schulbedarf.shop\/produkt-des-monats\/#website"},"primaryImageOfPage":{"@id":"https:\/\/der-schulbedarf.shop\/produkt-des-monats\/produkt\/tiptoi-der-stift-2\/#primaryimage"},"image":{"@id":"https:\/\/der-schulbedarf.shop\/produkt-des-monats\/produkt\/tiptoi-der-stift-2\/#primaryimage"},"thumbnailUrl":"https:\/\/der-schulbedarf.shop\/wp-content\/uploads\/2023\/05\/Der-tiptoi-Stift-.webp","datePublished":"2023-05-13T03:56:36+00:00","dateModified":"2025-07-03T06:17:59+00:00","description":"tiptoi\u00ae Der Stift. Tippen die Kinder mit dem Stift auf Bilder und Texte, erklingen Ger\u00e4usche, Sprache und Musik. So macht Lernen richtig Spa\u00df! Preis 43,00\u20ac","breadcrumb":{"@id":"https:\/\/der-schulbedarf.shop\/produkt-des-monats\/produkt\/tiptoi-der-stift-2\/#breadcrumb"},"inLanguage":"de","potentialAction":[{"@type":"ReadAction","target":["https:\/\/der-schulbedarf.shop\/produkt-des-monats\/produkt\/tiptoi-der-stift-2\/"]}]},{"@type":"ImageObject","inLanguage":"de","@id":"https:\/\/der-schulbedarf.shop\/produkt-des-monats\/produkt\/tiptoi-der-stift-2\/#primaryimage","url":"https:\/\/der-schulbedarf.shop\/wp-content\/uploads\/2023\/05\/Der-tiptoi-Stift-.webp","contentUrl":"https:\/\/der-schulbedarf.shop\/wp-content\/uploads\/2023\/05\/Der-tiptoi-Stift-.webp","width":427,"height":1024,"caption":"Der-tiptoi-Stift"},{"@type":"BreadcrumbList","@id":"https:\/\/der-schulbedarf.shop\/produkt-des-monats\/produkt\/tiptoi-der-stift-2\/#breadcrumb","itemListElement":[{"@type":"ListItem","position":1,"name":"Shop","item":"https:\/\/der-schulbedarf.shop\/produkt-des-monats\/shop\/"},{"@type":"ListItem","position":2,"name":"tiptoi\u00ae Der Stift"}]},{"@type":"WebSite","@id":"https:\/\/der-schulbedarf.shop\/produkt-des-monats\/#website","url":"https:\/\/der-schulbedarf.shop\/produkt-des-monats\/","name":"der-Schulbedarf.shop","description":"","publisher":{"@id":"https:\/\/der-schulbedarf.shop\/produkt-des-monats\/#organization"},"potentialAction":[{"@type":"SearchAction","target":{"@type":"EntryPoint","urlTemplate":"https:\/\/der-schulbedarf.shop\/produkt-des-monats\/?s={search_term_string}"},"query-input":{"@type":"PropertyValueSpecification","valueRequired":true,"valueName":"search_term_string"}}],"inLanguage":"de"},{"@type":"Organization","@id":"https:\/\/der-schulbedarf.shop\/produkt-des-monats\/#organization","name":"der-Schulbedarf.shop","url":"https:\/\/der-schulbedarf.shop\/produkt-des-monats\/","logo":{"@type":"ImageObject","inLanguage":"de","@id":"https:\/\/der-schulbedarf.shop\/produkt-des-monats\/#\/schema\/logo\/image\/","url":"https:\/\/der-schulbedarf.shop\/wp-content\/uploads\/2024\/02\/grafik-e1709551115899.png","contentUrl":"https:\/\/der-schulbedarf.shop\/wp-content\/uploads\/2024\/02\/grafik-e1709551115899.png","width":80,"height":80,"caption":"der-Schulbedarf.shop"},"image":{"@id":"https:\/\/der-schulbedarf.shop\/produkt-des-monats\/#\/schema\/logo\/image\/"}}]}},"_links":{"self":[{"href":"https:\/\/der-schulbedarf.shop\/produkt-des-monats\/wp-json\/wp\/v2\/product\/525","targetHints":{"allow":["GET"]}}],"collection":[{"href":"https:\/\/der-schulbedarf.shop\/produkt-des-monats\/wp-json\/wp\/v2\/product"}],"about":[{"href":"https:\/\/der-schulbedarf.shop\/produkt-des-monats\/wp-json\/wp\/v2\/types\/product"}],"replies":[{"embeddable":true,"href":"https:\/\/der-schulbedarf.shop\/produkt-des-monats\/wp-json\/wp\/v2\/comments?post=525"}],"wp:featuredmedia":[{"embeddable":true,"href":"https:\/\/der-schulbedarf.shop\/produkt-des-monats\/wp-json\/wp\/v2\/media\/1253"}],"wp:attachment":[{"href":"https:\/\/der-schulbedarf.shop\/produkt-des-monats\/wp-json\/wp\/v2\/media?parent=525"}],"wp:term":[{"taxonomy":"product_cat","embeddable":true,"href":"https:\/\/der-schulbedarf.shop\/produkt-des-monats\/wp-json\/wp\/v2\/product_cat?post=525"},{"taxonomy":"product_tag","embeddable":true,"href":"https:\/\/der-schulbedarf.shop\/produkt-des-monats\/wp-json\/wp\/v2\/product_tag?post=525"}],"curies":[{"name":"wp","href":"https:\/\/api.w.org\/{rel}","templated":true}]}}