{"id":536,"date":"2023-05-13T04:19:10","date_gmt":"2023-05-13T04:19:10","guid":{"rendered":"https:\/\/der-schulbedarf.Shop\/?post_type=product&#038;p=536"},"modified":"2024-11-27T05:53:06","modified_gmt":"2024-11-27T05:53:06","slug":"tiptoi-puzzle-fuer-kleine-entdecker-disney-die-eiskoenigin","status":"publish","type":"product","link":"https:\/\/der-schulbedarf.shop\/produkt-des-monats\/produkt\/tiptoi-puzzle-fuer-kleine-entdecker-disney-die-eiskoenigin\/","title":{"rendered":"tiptoi\u00ae Puzzle f\u00fcr kleine Entdecker: Disney Die Eisk\u00f6nigin"},"content":{"rendered":"<p>Doppelter Puzzlespa\u00df mit Elsa, Anna, Olaf &amp; Co! Sobald die Kinder die Puzzles zusammengesetzt haben, tauchen sie mit tiptoi ein in die zauberhafte Welt der Eisk\u00f6nigin. Sie finden heraus, woher Elsa ihre Zauberkraft hat, erfahren, dass die Mutter von Elsa und Anna aus dem Wald-Stamm der Northuldra stammt, dass Kristoff Anna einen Heiratsantrag macht und vieles mehr. Ein interaktives Puzzlespiel, das jede Menge spannendes Wissen bereith\u00e4lt und gleichzeitig Motorik und Konzentration f\u00f6rdert.<\/p>\n<p>Der Puzzlespa\u00df im Doppelpack mit 2&#215;24 Teilen. Entdecke die Welt des Disney Films &#8222;Die Eisk\u00f6nigin 2&#8220;. Spannende Quizfragen runden das Puzzle-Erlebnis ab.<\/p>\n<p>Tippen, spielen, lernen! tiptoi macht B\u00fccher und Spiele lebendig. Tippen die Kinder mit dem Stift auf Bilder und Texte, erklingen Ger\u00e4usche, Sprache und Musik. So macht Lernen richtig Spa\u00df! Das tiptoi-Sortiment umfasst B\u00fccher und Spiele mit den wichtigsten Lern- und Wissensthemen f\u00fcr Kinder ab 2 Jahren. Die zugeh\u00f6rigen Audiodateien l\u00e4dt man einfach, sicher und schnell \u00fcber den tiptoi Manager oder die optional erh\u00e4ltliche Ladestation auf den Stift.<\/p>\n<p>tiptoi-Stift nicht enthalten. Muss separat erworben werden.<\/p>\n","protected":false},"excerpt":{"rendered":"<p>tiptoi\u00ae Disney Die Eisk\u00f6nigin .Doppelter Puzzlespa\u00df mit Elsa, Anna, Olaf &amp; Co! Sobald die Kinder die Puzzles zusammengesetzt haben, tauchen sie mit tiptoi ein in die zauberhafte Welt der Eisk\u00f6nigin.<\/p>\n","protected":false},"featured_media":1341,"comment_status":"open","ping_status":"closed","template":"","meta":[],"product_cat":[34,1064,37,885,39,1028],"product_tag":[1044,111,160,159,113,151,154,150,142],"class_list":{"0":"post-536","1":"product","2":"type-product","3":"status-publish","4":"has-post-thumbnail","6":"product_cat-kinderspielzeug","7":"product_cat-kleinkinder","8":"product_cat-ravensburger","9":"product_cat-spielwaren","10":"product_cat-tiptoi","11":"product_cat-vorschulalter","12":"product_tag-ab-2-jahren","13":"product_tag-beschaeftigung","14":"product_tag-die-eiskoenigin","15":"product_tag-disney","16":"product_tag-geschenk","17":"product_tag-puzzle","18":"product_tag-ravensburger-puzzle","19":"product_tag-spielen","20":"product_tag-tiptoi","21":"post","22":"post-with-thumbnail","23":"post-with-thumbnail-large","25":"first","26":"instock","27":"taxable","28":"shipping-taxable","29":"purchasable","30":"product-type-simple"},"yoast_head":"<!-- This site is optimized with the Yoast SEO plugin v26.6 - https:\/\/yoast.com\/wordpress\/plugins\/seo\/ -->\n<title>tiptoi\u00ae Puzzle f\u00fcr kleine Entdecker: Disney Die Eisk\u00f6nigin - der-Schulbedarf.shop<\/title>\n<meta name=\"description\" content=\"Doppelter Puzzlespa\u00df mit Elsa, Anna, Olaf &amp; Co! Entdecke die Welt des Disney Films die Eisk\u00f6nigin 2 F\u00fcr Kinder ab 2 Jahren. F\u00f6rdert die Motorik. Preis 9,65\u20ac\" \/>\n<meta name=\"robots\" content=\"index, follow, max-snippet:-1, max-image-preview:large, max-video-preview:-1\" \/>\n<link rel=\"canonical\" href=\"https:\/\/der-schulbedarf.shop\/produkt-des-monats\/produkt\/tiptoi-puzzle-fuer-kleine-entdecker-disney-die-eiskoenigin\/\" \/>\n<meta property=\"og:locale\" content=\"de_DE\" \/>\n<meta property=\"og:type\" content=\"article\" \/>\n<meta property=\"og:title\" content=\"tiptoi\u00ae Puzzle f\u00fcr kleine Entdecker: Disney Die Eisk\u00f6nigin - der-Schulbedarf.shop\" \/>\n<meta property=\"og:description\" content=\"Doppelter Puzzlespa\u00df mit Elsa, Anna, Olaf &amp; Co! Entdecke die Welt des Disney Films die Eisk\u00f6nigin 2 F\u00fcr Kinder ab 2 Jahren. F\u00f6rdert die Motorik. Preis 9,65\u20ac\" \/>\n<meta property=\"og:url\" content=\"https:\/\/der-schulbedarf.shop\/produkt-des-monats\/produkt\/tiptoi-puzzle-fuer-kleine-entdecker-disney-die-eiskoenigin\/\" \/>\n<meta property=\"og:site_name\" content=\"der-Schulbedarf.shop\" \/>\n<meta property=\"article:modified_time\" content=\"2024-11-27T05:53:06+00:00\" \/>\n<meta property=\"og:image\" content=\"https:\/\/der-schulbedarf.shop\/wp-content\/uploads\/2023\/05\/Disney-Die-Eiskoenigin.webp\" \/>\n\t<meta property=\"og:image:width\" content=\"1024\" \/>\n\t<meta property=\"og:image:height\" content=\"758\" \/>\n\t<meta property=\"og:image:type\" content=\"image\/webp\" \/>\n<meta name=\"twitter:card\" content=\"summary_large_image\" \/>\n<meta name=\"twitter:label1\" content=\"Gesch\u00e4tzte Lesezeit\" \/>\n\t<meta name=\"twitter:data1\" content=\"2\u00a0Minuten\" \/>\n<script type=\"application\/ld+json\" class=\"yoast-schema-graph\">{\"@context\":\"https:\/\/schema.org\",\"@graph\":[{\"@type\":\"WebPage\",\"@id\":\"https:\/\/der-schulbedarf.shop\/produkt-des-monats\/produkt\/tiptoi-puzzle-fuer-kleine-entdecker-disney-die-eiskoenigin\/\",\"url\":\"https:\/\/der-schulbedarf.shop\/produkt-des-monats\/produkt\/tiptoi-puzzle-fuer-kleine-entdecker-disney-die-eiskoenigin\/\",\"name\":\"tiptoi\u00ae Puzzle f\u00fcr kleine Entdecker: Disney Die Eisk\u00f6nigin - der-Schulbedarf.shop\",\"isPartOf\":{\"@id\":\"https:\/\/der-schulbedarf.shop\/produkt-des-monats\/#website\"},\"primaryImageOfPage\":{\"@id\":\"https:\/\/der-schulbedarf.shop\/produkt-des-monats\/produkt\/tiptoi-puzzle-fuer-kleine-entdecker-disney-die-eiskoenigin\/#primaryimage\"},\"image\":{\"@id\":\"https:\/\/der-schulbedarf.shop\/produkt-des-monats\/produkt\/tiptoi-puzzle-fuer-kleine-entdecker-disney-die-eiskoenigin\/#primaryimage\"},\"thumbnailUrl\":\"https:\/\/der-schulbedarf.shop\/wp-content\/uploads\/2023\/05\/Disney-Die-Eiskoenigin.webp\",\"datePublished\":\"2023-05-13T04:19:10+00:00\",\"dateModified\":\"2024-11-27T05:53:06+00:00\",\"description\":\"Doppelter Puzzlespa\u00df mit Elsa, Anna, Olaf & Co! Entdecke die Welt des Disney Films die Eisk\u00f6nigin 2 F\u00fcr Kinder ab 2 Jahren. F\u00f6rdert die Motorik. Preis 9,65\u20ac\",\"breadcrumb\":{\"@id\":\"https:\/\/der-schulbedarf.shop\/produkt-des-monats\/produkt\/tiptoi-puzzle-fuer-kleine-entdecker-disney-die-eiskoenigin\/#breadcrumb\"},\"inLanguage\":\"de\",\"potentialAction\":[{\"@type\":\"ReadAction\",\"target\":[\"https:\/\/der-schulbedarf.shop\/produkt-des-monats\/produkt\/tiptoi-puzzle-fuer-kleine-entdecker-disney-die-eiskoenigin\/\"]}]},{\"@type\":\"ImageObject\",\"inLanguage\":\"de\",\"@id\":\"https:\/\/der-schulbedarf.shop\/produkt-des-monats\/produkt\/tiptoi-puzzle-fuer-kleine-entdecker-disney-die-eiskoenigin\/#primaryimage\",\"url\":\"https:\/\/der-schulbedarf.shop\/wp-content\/uploads\/2023\/05\/Disney-Die-Eiskoenigin.webp\",\"contentUrl\":\"https:\/\/der-schulbedarf.shop\/wp-content\/uploads\/2023\/05\/Disney-Die-Eiskoenigin.webp\",\"width\":1024,\"height\":758,\"caption\":\"Disney die eiskonigin\"},{\"@type\":\"BreadcrumbList\",\"@id\":\"https:\/\/der-schulbedarf.shop\/produkt-des-monats\/produkt\/tiptoi-puzzle-fuer-kleine-entdecker-disney-die-eiskoenigin\/#breadcrumb\",\"itemListElement\":[{\"@type\":\"ListItem\",\"position\":1,\"name\":\"Shop\",\"item\":\"https:\/\/der-schulbedarf.shop\/produkt-des-monats\/shop\/\"},{\"@type\":\"ListItem\",\"position\":2,\"name\":\"tiptoi\u00ae Puzzle f\u00fcr kleine Entdecker: Disney Die Eisk\u00f6nigin\"}]},{\"@type\":\"WebSite\",\"@id\":\"https:\/\/der-schulbedarf.shop\/produkt-des-monats\/#website\",\"url\":\"https:\/\/der-schulbedarf.shop\/produkt-des-monats\/\",\"name\":\"der-Schulbedarf.shop\",\"description\":\"\",\"publisher\":{\"@id\":\"https:\/\/der-schulbedarf.shop\/produkt-des-monats\/#organization\"},\"potentialAction\":[{\"@type\":\"SearchAction\",\"target\":{\"@type\":\"EntryPoint\",\"urlTemplate\":\"https:\/\/der-schulbedarf.shop\/produkt-des-monats\/?s={search_term_string}\"},\"query-input\":{\"@type\":\"PropertyValueSpecification\",\"valueRequired\":true,\"valueName\":\"search_term_string\"}}],\"inLanguage\":\"de\"},{\"@type\":\"Organization\",\"@id\":\"https:\/\/der-schulbedarf.shop\/produkt-des-monats\/#organization\",\"name\":\"der-Schulbedarf.shop\",\"url\":\"https:\/\/der-schulbedarf.shop\/produkt-des-monats\/\",\"logo\":{\"@type\":\"ImageObject\",\"inLanguage\":\"de\",\"@id\":\"https:\/\/der-schulbedarf.shop\/produkt-des-monats\/#\/schema\/logo\/image\/\",\"url\":\"https:\/\/der-schulbedarf.shop\/wp-content\/uploads\/2024\/02\/grafik-e1709551115899.png\",\"contentUrl\":\"https:\/\/der-schulbedarf.shop\/wp-content\/uploads\/2024\/02\/grafik-e1709551115899.png\",\"width\":80,\"height\":80,\"caption\":\"der-Schulbedarf.shop\"},\"image\":{\"@id\":\"https:\/\/der-schulbedarf.shop\/produkt-des-monats\/#\/schema\/logo\/image\/\"}}]}<\/script>\n<!-- \/ Yoast SEO plugin. -->","yoast_head_json":{"title":"tiptoi\u00ae Puzzle f\u00fcr kleine Entdecker: Disney Die Eisk\u00f6nigin - der-Schulbedarf.shop","description":"Doppelter Puzzlespa\u00df mit Elsa, Anna, Olaf & Co! Entdecke die Welt des Disney Films die Eisk\u00f6nigin 2 F\u00fcr Kinder ab 2 Jahren. F\u00f6rdert die Motorik. Preis 9,65\u20ac","robots":{"index":"index","follow":"follow","max-snippet":"max-snippet:-1","max-image-preview":"max-image-preview:large","max-video-preview":"max-video-preview:-1"},"canonical":"https:\/\/der-schulbedarf.shop\/produkt-des-monats\/produkt\/tiptoi-puzzle-fuer-kleine-entdecker-disney-die-eiskoenigin\/","og_locale":"de_DE","og_type":"article","og_title":"tiptoi\u00ae Puzzle f\u00fcr kleine Entdecker: Disney Die Eisk\u00f6nigin - der-Schulbedarf.shop","og_description":"Doppelter Puzzlespa\u00df mit Elsa, Anna, Olaf & Co! Entdecke die Welt des Disney Films die Eisk\u00f6nigin 2 F\u00fcr Kinder ab 2 Jahren. F\u00f6rdert die Motorik. Preis 9,65\u20ac","og_url":"https:\/\/der-schulbedarf.shop\/produkt-des-monats\/produkt\/tiptoi-puzzle-fuer-kleine-entdecker-disney-die-eiskoenigin\/","og_site_name":"der-Schulbedarf.shop","article_modified_time":"2024-11-27T05:53:06+00:00","og_image":[{"width":1024,"height":758,"url":"https:\/\/der-schulbedarf.shop\/wp-content\/uploads\/2023\/05\/Disney-Die-Eiskoenigin.webp","type":"image\/webp"}],"twitter_card":"summary_large_image","twitter_misc":{"Gesch\u00e4tzte Lesezeit":"2\u00a0Minuten"},"schema":{"@context":"https:\/\/schema.org","@graph":[{"@type":"WebPage","@id":"https:\/\/der-schulbedarf.shop\/produkt-des-monats\/produkt\/tiptoi-puzzle-fuer-kleine-entdecker-disney-die-eiskoenigin\/","url":"https:\/\/der-schulbedarf.shop\/produkt-des-monats\/produkt\/tiptoi-puzzle-fuer-kleine-entdecker-disney-die-eiskoenigin\/","name":"tiptoi\u00ae Puzzle f\u00fcr kleine Entdecker: Disney Die Eisk\u00f6nigin - der-Schulbedarf.shop","isPartOf":{"@id":"https:\/\/der-schulbedarf.shop\/produkt-des-monats\/#website"},"primaryImageOfPage":{"@id":"https:\/\/der-schulbedarf.shop\/produkt-des-monats\/produkt\/tiptoi-puzzle-fuer-kleine-entdecker-disney-die-eiskoenigin\/#primaryimage"},"image":{"@id":"https:\/\/der-schulbedarf.shop\/produkt-des-monats\/produkt\/tiptoi-puzzle-fuer-kleine-entdecker-disney-die-eiskoenigin\/#primaryimage"},"thumbnailUrl":"https:\/\/der-schulbedarf.shop\/wp-content\/uploads\/2023\/05\/Disney-Die-Eiskoenigin.webp","datePublished":"2023-05-13T04:19:10+00:00","dateModified":"2024-11-27T05:53:06+00:00","description":"Doppelter Puzzlespa\u00df mit Elsa, Anna, Olaf & Co! Entdecke die Welt des Disney Films die Eisk\u00f6nigin 2 F\u00fcr Kinder ab 2 Jahren. F\u00f6rdert die Motorik. Preis 9,65\u20ac","breadcrumb":{"@id":"https:\/\/der-schulbedarf.shop\/produkt-des-monats\/produkt\/tiptoi-puzzle-fuer-kleine-entdecker-disney-die-eiskoenigin\/#breadcrumb"},"inLanguage":"de","potentialAction":[{"@type":"ReadAction","target":["https:\/\/der-schulbedarf.shop\/produkt-des-monats\/produkt\/tiptoi-puzzle-fuer-kleine-entdecker-disney-die-eiskoenigin\/"]}]},{"@type":"ImageObject","inLanguage":"de","@id":"https:\/\/der-schulbedarf.shop\/produkt-des-monats\/produkt\/tiptoi-puzzle-fuer-kleine-entdecker-disney-die-eiskoenigin\/#primaryimage","url":"https:\/\/der-schulbedarf.shop\/wp-content\/uploads\/2023\/05\/Disney-Die-Eiskoenigin.webp","contentUrl":"https:\/\/der-schulbedarf.shop\/wp-content\/uploads\/2023\/05\/Disney-Die-Eiskoenigin.webp","width":1024,"height":758,"caption":"Disney die eiskonigin"},{"@type":"BreadcrumbList","@id":"https:\/\/der-schulbedarf.shop\/produkt-des-monats\/produkt\/tiptoi-puzzle-fuer-kleine-entdecker-disney-die-eiskoenigin\/#breadcrumb","itemListElement":[{"@type":"ListItem","position":1,"name":"Shop","item":"https:\/\/der-schulbedarf.shop\/produkt-des-monats\/shop\/"},{"@type":"ListItem","position":2,"name":"tiptoi\u00ae Puzzle f\u00fcr kleine Entdecker: Disney Die Eisk\u00f6nigin"}]},{"@type":"WebSite","@id":"https:\/\/der-schulbedarf.shop\/produkt-des-monats\/#website","url":"https:\/\/der-schulbedarf.shop\/produkt-des-monats\/","name":"der-Schulbedarf.shop","description":"","publisher":{"@id":"https:\/\/der-schulbedarf.shop\/produkt-des-monats\/#organization"},"potentialAction":[{"@type":"SearchAction","target":{"@type":"EntryPoint","urlTemplate":"https:\/\/der-schulbedarf.shop\/produkt-des-monats\/?s={search_term_string}"},"query-input":{"@type":"PropertyValueSpecification","valueRequired":true,"valueName":"search_term_string"}}],"inLanguage":"de"},{"@type":"Organization","@id":"https:\/\/der-schulbedarf.shop\/produkt-des-monats\/#organization","name":"der-Schulbedarf.shop","url":"https:\/\/der-schulbedarf.shop\/produkt-des-monats\/","logo":{"@type":"ImageObject","inLanguage":"de","@id":"https:\/\/der-schulbedarf.shop\/produkt-des-monats\/#\/schema\/logo\/image\/","url":"https:\/\/der-schulbedarf.shop\/wp-content\/uploads\/2024\/02\/grafik-e1709551115899.png","contentUrl":"https:\/\/der-schulbedarf.shop\/wp-content\/uploads\/2024\/02\/grafik-e1709551115899.png","width":80,"height":80,"caption":"der-Schulbedarf.shop"},"image":{"@id":"https:\/\/der-schulbedarf.shop\/produkt-des-monats\/#\/schema\/logo\/image\/"}}]}},"_links":{"self":[{"href":"https:\/\/der-schulbedarf.shop\/produkt-des-monats\/wp-json\/wp\/v2\/product\/536","targetHints":{"allow":["GET"]}}],"collection":[{"href":"https:\/\/der-schulbedarf.shop\/produkt-des-monats\/wp-json\/wp\/v2\/product"}],"about":[{"href":"https:\/\/der-schulbedarf.shop\/produkt-des-monats\/wp-json\/wp\/v2\/types\/product"}],"replies":[{"embeddable":true,"href":"https:\/\/der-schulbedarf.shop\/produkt-des-monats\/wp-json\/wp\/v2\/comments?post=536"}],"wp:featuredmedia":[{"embeddable":true,"href":"https:\/\/der-schulbedarf.shop\/produkt-des-monats\/wp-json\/wp\/v2\/media\/1341"}],"wp:attachment":[{"href":"https:\/\/der-schulbedarf.shop\/produkt-des-monats\/wp-json\/wp\/v2\/media?parent=536"}],"wp:term":[{"taxonomy":"product_cat","embeddable":true,"href":"https:\/\/der-schulbedarf.shop\/produkt-des-monats\/wp-json\/wp\/v2\/product_cat?post=536"},{"taxonomy":"product_tag","embeddable":true,"href":"https:\/\/der-schulbedarf.shop\/produkt-des-monats\/wp-json\/wp\/v2\/product_tag?post=536"}],"curies":[{"name":"wp","href":"https:\/\/api.w.org\/{rel}","templated":true}]}}