{"id":542,"date":"2023-05-13T04:28:15","date_gmt":"2023-05-13T04:28:15","guid":{"rendered":"https:\/\/der-schulbedarf.Shop\/?post_type=product&#038;p=542"},"modified":"2025-07-05T16:43:02","modified_gmt":"2025-07-05T16:43:02","slug":"tiptoi-puzzle-fuer-kleine-entdecker-paw-patrol","status":"publish","type":"product","link":"https:\/\/der-schulbedarf.shop\/produkt-des-monats\/produkt\/tiptoi-puzzle-fuer-kleine-entdecker-paw-patrol\/","title":{"rendered":"tiptoi\u00ae Puzzle f\u00fcr kleine Entdecker: Paw Patrol"},"content":{"rendered":"<p>Was ist die Paw Patrol? Welche Hunde geh\u00f6ren dazu? Und welche Eins\u00e4tze erleben sie? Wenn das Puzzle zusammengesetzt ist, gehen die Spieler mit tiptoi auf Entdeckungsreise und tauchen in die Welt von Paw Patrol ein. Spannendes Wissen \u00fcber Ryder und die Helfer auf vier Pfoten, sowie lustige Spiele runden das Puzzle-Erlebnis ab. Der Puzzlespa\u00df im Doppelpack mit 2&#215;24 Teilen f\u00f6rdert zudem die Motorik und die Konzentration.<\/p>\n<p>Tippen, spielen, lernen! tiptoi macht B\u00fccher und Spiele lebendig. Tippen die Kinder mit dem Stift auf Bilder und Texte, erklingen Ger\u00e4usche, Sprache und Musik. So macht Lernen richtig Spa\u00df! Das tiptoi-Sortiment umfasst B\u00fccher und Spiele mit den wichtigsten Lern- und Wissensthemen f\u00fcr Kinder ab 2 Jahren. Die zugeh\u00f6rigen Audiodateien l\u00e4dt man einfach, sicher und schnell \u00fcber den tiptoi Manager oder die optional erh\u00e4ltliche Ladestation auf den Stift.<\/p>\n<p style=\"text-align: left;\">tiptoi-Stift nicht enthalten. Muss separat erworben werden.<\/p>\n","protected":false},"excerpt":{"rendered":"<p>Was ist die Paw Patrol? Welche Hunde geh\u00f6ren dazu? Und welche Eins\u00e4tze erleben sie? Wenn das Puzzle zusammengesetzt ist, gehen die Spieler mit tiptoi auf Entdeckungsreise und tauchen in die Welt von Paw Patrol ein. Spannendes Wissen \u00fcber Ryder und die Helfer auf vier Pfoten, sowie lustige Spiele runden das Puzzle-Erlebnis ab. Der Puzzlespa\u00df im [&hellip;]<\/p>\n","protected":false},"featured_media":1367,"comment_status":"open","ping_status":"closed","template":"","meta":[],"product_cat":[34,1064,885,39,1028],"product_tag":[1044,107,113,112,128,149,139,151,154,162,150,138,142],"class_list":{"0":"post-542","1":"product","2":"type-product","3":"status-publish","4":"has-post-thumbnail","6":"product_cat-kinderspielzeug","7":"product_cat-kleinkinder","8":"product_cat-spielwaren","9":"product_cat-tiptoi","10":"product_cat-vorschulalter","11":"product_tag-ab-2-jahren","12":"product_tag-beschaeftigung-kinder","13":"product_tag-geschenk","14":"product_tag-geschenkidee","15":"product_tag-kinderspielzeug","16":"product_tag-lernen","17":"product_tag-lernspielzeug","18":"product_tag-puzzle","19":"product_tag-ravensburger-puzzle","20":"product_tag-spiel-motorik","21":"product_tag-spielen","22":"product_tag-spielzeug","23":"product_tag-tiptoi","24":"post","25":"post-with-thumbnail","26":"post-with-thumbnail-large","28":"first","29":"instock","30":"taxable","31":"shipping-taxable","32":"purchasable","33":"product-type-simple"},"yoast_head":"<!-- This site is optimized with the Yoast SEO plugin v26.6 - https:\/\/yoast.com\/wordpress\/plugins\/seo\/ -->\n<title>tiptoi\u00ae Puzzle f\u00fcr kleine Entdecker: Paw Patrol - der-Schulbedarf.shop<\/title>\n<meta name=\"description\" content=\"Was ist die Paw Patrol? Welche Hunde geh\u00f6ren dazu? Und welche Eins\u00e4tze erleben sie? F\u00fcr Kinder ab 2 Jahren. F\u00f6rdert die Motorik und Konzentration. 9,84\u20ac\" \/>\n<meta name=\"robots\" content=\"index, follow, max-snippet:-1, max-image-preview:large, max-video-preview:-1\" \/>\n<link rel=\"canonical\" href=\"https:\/\/der-schulbedarf.shop\/produkt-des-monats\/produkt\/tiptoi-puzzle-fuer-kleine-entdecker-paw-patrol\/\" \/>\n<meta property=\"og:locale\" content=\"de_DE\" \/>\n<meta property=\"og:type\" content=\"article\" \/>\n<meta property=\"og:title\" content=\"tiptoi\u00ae Puzzle f\u00fcr kleine Entdecker: Paw Patrol - der-Schulbedarf.shop\" \/>\n<meta property=\"og:description\" content=\"Was ist die Paw Patrol? Welche Hunde geh\u00f6ren dazu? Und welche Eins\u00e4tze erleben sie? F\u00fcr Kinder ab 2 Jahren. F\u00f6rdert die Motorik und Konzentration. 9,84\u20ac\" \/>\n<meta property=\"og:url\" content=\"https:\/\/der-schulbedarf.shop\/produkt-des-monats\/produkt\/tiptoi-puzzle-fuer-kleine-entdecker-paw-patrol\/\" \/>\n<meta property=\"og:site_name\" content=\"der-Schulbedarf.shop\" \/>\n<meta property=\"article:modified_time\" content=\"2025-07-05T16:43:02+00:00\" \/>\n<meta property=\"og:image\" content=\"https:\/\/der-schulbedarf.shop\/wp-content\/uploads\/2023\/05\/Paw-Patrol.webp\" \/>\n\t<meta property=\"og:image:width\" content=\"1024\" \/>\n\t<meta property=\"og:image:height\" content=\"757\" \/>\n\t<meta property=\"og:image:type\" content=\"image\/webp\" \/>\n<meta name=\"twitter:card\" content=\"summary_large_image\" \/>\n<meta name=\"twitter:label1\" content=\"Gesch\u00e4tzte Lesezeit\" \/>\n\t<meta name=\"twitter:data1\" content=\"1\u00a0Minute\" \/>\n<script type=\"application\/ld+json\" class=\"yoast-schema-graph\">{\"@context\":\"https:\/\/schema.org\",\"@graph\":[{\"@type\":\"WebPage\",\"@id\":\"https:\/\/der-schulbedarf.shop\/produkt-des-monats\/produkt\/tiptoi-puzzle-fuer-kleine-entdecker-paw-patrol\/\",\"url\":\"https:\/\/der-schulbedarf.shop\/produkt-des-monats\/produkt\/tiptoi-puzzle-fuer-kleine-entdecker-paw-patrol\/\",\"name\":\"tiptoi\u00ae Puzzle f\u00fcr kleine Entdecker: Paw Patrol - der-Schulbedarf.shop\",\"isPartOf\":{\"@id\":\"https:\/\/der-schulbedarf.shop\/produkt-des-monats\/#website\"},\"primaryImageOfPage\":{\"@id\":\"https:\/\/der-schulbedarf.shop\/produkt-des-monats\/produkt\/tiptoi-puzzle-fuer-kleine-entdecker-paw-patrol\/#primaryimage\"},\"image\":{\"@id\":\"https:\/\/der-schulbedarf.shop\/produkt-des-monats\/produkt\/tiptoi-puzzle-fuer-kleine-entdecker-paw-patrol\/#primaryimage\"},\"thumbnailUrl\":\"https:\/\/der-schulbedarf.shop\/wp-content\/uploads\/2023\/05\/Paw-Patrol.webp\",\"datePublished\":\"2023-05-13T04:28:15+00:00\",\"dateModified\":\"2025-07-05T16:43:02+00:00\",\"description\":\"Was ist die Paw Patrol? Welche Hunde geh\u00f6ren dazu? Und welche Eins\u00e4tze erleben sie? F\u00fcr Kinder ab 2 Jahren. F\u00f6rdert die Motorik und Konzentration. 9,84\u20ac\",\"breadcrumb\":{\"@id\":\"https:\/\/der-schulbedarf.shop\/produkt-des-monats\/produkt\/tiptoi-puzzle-fuer-kleine-entdecker-paw-patrol\/#breadcrumb\"},\"inLanguage\":\"de\",\"potentialAction\":[{\"@type\":\"ReadAction\",\"target\":[\"https:\/\/der-schulbedarf.shop\/produkt-des-monats\/produkt\/tiptoi-puzzle-fuer-kleine-entdecker-paw-patrol\/\"]}]},{\"@type\":\"ImageObject\",\"inLanguage\":\"de\",\"@id\":\"https:\/\/der-schulbedarf.shop\/produkt-des-monats\/produkt\/tiptoi-puzzle-fuer-kleine-entdecker-paw-patrol\/#primaryimage\",\"url\":\"https:\/\/der-schulbedarf.shop\/wp-content\/uploads\/2023\/05\/Paw-Patrol.webp\",\"contentUrl\":\"https:\/\/der-schulbedarf.shop\/wp-content\/uploads\/2023\/05\/Paw-Patrol.webp\",\"width\":1024,\"height\":757,\"caption\":\"paw patrol\"},{\"@type\":\"BreadcrumbList\",\"@id\":\"https:\/\/der-schulbedarf.shop\/produkt-des-monats\/produkt\/tiptoi-puzzle-fuer-kleine-entdecker-paw-patrol\/#breadcrumb\",\"itemListElement\":[{\"@type\":\"ListItem\",\"position\":1,\"name\":\"Shop\",\"item\":\"https:\/\/der-schulbedarf.shop\/produkt-des-monats\/shop\/\"},{\"@type\":\"ListItem\",\"position\":2,\"name\":\"tiptoi\u00ae Puzzle f\u00fcr kleine Entdecker: Paw Patrol\"}]},{\"@type\":\"WebSite\",\"@id\":\"https:\/\/der-schulbedarf.shop\/produkt-des-monats\/#website\",\"url\":\"https:\/\/der-schulbedarf.shop\/produkt-des-monats\/\",\"name\":\"der-Schulbedarf.shop\",\"description\":\"\",\"publisher\":{\"@id\":\"https:\/\/der-schulbedarf.shop\/produkt-des-monats\/#organization\"},\"potentialAction\":[{\"@type\":\"SearchAction\",\"target\":{\"@type\":\"EntryPoint\",\"urlTemplate\":\"https:\/\/der-schulbedarf.shop\/produkt-des-monats\/?s={search_term_string}\"},\"query-input\":{\"@type\":\"PropertyValueSpecification\",\"valueRequired\":true,\"valueName\":\"search_term_string\"}}],\"inLanguage\":\"de\"},{\"@type\":\"Organization\",\"@id\":\"https:\/\/der-schulbedarf.shop\/produkt-des-monats\/#organization\",\"name\":\"der-Schulbedarf.shop\",\"url\":\"https:\/\/der-schulbedarf.shop\/produkt-des-monats\/\",\"logo\":{\"@type\":\"ImageObject\",\"inLanguage\":\"de\",\"@id\":\"https:\/\/der-schulbedarf.shop\/produkt-des-monats\/#\/schema\/logo\/image\/\",\"url\":\"https:\/\/der-schulbedarf.shop\/wp-content\/uploads\/2024\/02\/grafik-e1709551115899.png\",\"contentUrl\":\"https:\/\/der-schulbedarf.shop\/wp-content\/uploads\/2024\/02\/grafik-e1709551115899.png\",\"width\":80,\"height\":80,\"caption\":\"der-Schulbedarf.shop\"},\"image\":{\"@id\":\"https:\/\/der-schulbedarf.shop\/produkt-des-monats\/#\/schema\/logo\/image\/\"}}]}<\/script>\n<!-- \/ Yoast SEO plugin. -->","yoast_head_json":{"title":"tiptoi\u00ae Puzzle f\u00fcr kleine Entdecker: Paw Patrol - der-Schulbedarf.shop","description":"Was ist die Paw Patrol? Welche Hunde geh\u00f6ren dazu? Und welche Eins\u00e4tze erleben sie? F\u00fcr Kinder ab 2 Jahren. F\u00f6rdert die Motorik und Konzentration. 9,84\u20ac","robots":{"index":"index","follow":"follow","max-snippet":"max-snippet:-1","max-image-preview":"max-image-preview:large","max-video-preview":"max-video-preview:-1"},"canonical":"https:\/\/der-schulbedarf.shop\/produkt-des-monats\/produkt\/tiptoi-puzzle-fuer-kleine-entdecker-paw-patrol\/","og_locale":"de_DE","og_type":"article","og_title":"tiptoi\u00ae Puzzle f\u00fcr kleine Entdecker: Paw Patrol - der-Schulbedarf.shop","og_description":"Was ist die Paw Patrol? Welche Hunde geh\u00f6ren dazu? Und welche Eins\u00e4tze erleben sie? F\u00fcr Kinder ab 2 Jahren. F\u00f6rdert die Motorik und Konzentration. 9,84\u20ac","og_url":"https:\/\/der-schulbedarf.shop\/produkt-des-monats\/produkt\/tiptoi-puzzle-fuer-kleine-entdecker-paw-patrol\/","og_site_name":"der-Schulbedarf.shop","article_modified_time":"2025-07-05T16:43:02+00:00","og_image":[{"width":1024,"height":757,"url":"https:\/\/der-schulbedarf.shop\/wp-content\/uploads\/2023\/05\/Paw-Patrol.webp","type":"image\/webp"}],"twitter_card":"summary_large_image","twitter_misc":{"Gesch\u00e4tzte Lesezeit":"1\u00a0Minute"},"schema":{"@context":"https:\/\/schema.org","@graph":[{"@type":"WebPage","@id":"https:\/\/der-schulbedarf.shop\/produkt-des-monats\/produkt\/tiptoi-puzzle-fuer-kleine-entdecker-paw-patrol\/","url":"https:\/\/der-schulbedarf.shop\/produkt-des-monats\/produkt\/tiptoi-puzzle-fuer-kleine-entdecker-paw-patrol\/","name":"tiptoi\u00ae Puzzle f\u00fcr kleine Entdecker: Paw Patrol - der-Schulbedarf.shop","isPartOf":{"@id":"https:\/\/der-schulbedarf.shop\/produkt-des-monats\/#website"},"primaryImageOfPage":{"@id":"https:\/\/der-schulbedarf.shop\/produkt-des-monats\/produkt\/tiptoi-puzzle-fuer-kleine-entdecker-paw-patrol\/#primaryimage"},"image":{"@id":"https:\/\/der-schulbedarf.shop\/produkt-des-monats\/produkt\/tiptoi-puzzle-fuer-kleine-entdecker-paw-patrol\/#primaryimage"},"thumbnailUrl":"https:\/\/der-schulbedarf.shop\/wp-content\/uploads\/2023\/05\/Paw-Patrol.webp","datePublished":"2023-05-13T04:28:15+00:00","dateModified":"2025-07-05T16:43:02+00:00","description":"Was ist die Paw Patrol? Welche Hunde geh\u00f6ren dazu? Und welche Eins\u00e4tze erleben sie? F\u00fcr Kinder ab 2 Jahren. F\u00f6rdert die Motorik und Konzentration. 9,84\u20ac","breadcrumb":{"@id":"https:\/\/der-schulbedarf.shop\/produkt-des-monats\/produkt\/tiptoi-puzzle-fuer-kleine-entdecker-paw-patrol\/#breadcrumb"},"inLanguage":"de","potentialAction":[{"@type":"ReadAction","target":["https:\/\/der-schulbedarf.shop\/produkt-des-monats\/produkt\/tiptoi-puzzle-fuer-kleine-entdecker-paw-patrol\/"]}]},{"@type":"ImageObject","inLanguage":"de","@id":"https:\/\/der-schulbedarf.shop\/produkt-des-monats\/produkt\/tiptoi-puzzle-fuer-kleine-entdecker-paw-patrol\/#primaryimage","url":"https:\/\/der-schulbedarf.shop\/wp-content\/uploads\/2023\/05\/Paw-Patrol.webp","contentUrl":"https:\/\/der-schulbedarf.shop\/wp-content\/uploads\/2023\/05\/Paw-Patrol.webp","width":1024,"height":757,"caption":"paw patrol"},{"@type":"BreadcrumbList","@id":"https:\/\/der-schulbedarf.shop\/produkt-des-monats\/produkt\/tiptoi-puzzle-fuer-kleine-entdecker-paw-patrol\/#breadcrumb","itemListElement":[{"@type":"ListItem","position":1,"name":"Shop","item":"https:\/\/der-schulbedarf.shop\/produkt-des-monats\/shop\/"},{"@type":"ListItem","position":2,"name":"tiptoi\u00ae Puzzle f\u00fcr kleine Entdecker: Paw Patrol"}]},{"@type":"WebSite","@id":"https:\/\/der-schulbedarf.shop\/produkt-des-monats\/#website","url":"https:\/\/der-schulbedarf.shop\/produkt-des-monats\/","name":"der-Schulbedarf.shop","description":"","publisher":{"@id":"https:\/\/der-schulbedarf.shop\/produkt-des-monats\/#organization"},"potentialAction":[{"@type":"SearchAction","target":{"@type":"EntryPoint","urlTemplate":"https:\/\/der-schulbedarf.shop\/produkt-des-monats\/?s={search_term_string}"},"query-input":{"@type":"PropertyValueSpecification","valueRequired":true,"valueName":"search_term_string"}}],"inLanguage":"de"},{"@type":"Organization","@id":"https:\/\/der-schulbedarf.shop\/produkt-des-monats\/#organization","name":"der-Schulbedarf.shop","url":"https:\/\/der-schulbedarf.shop\/produkt-des-monats\/","logo":{"@type":"ImageObject","inLanguage":"de","@id":"https:\/\/der-schulbedarf.shop\/produkt-des-monats\/#\/schema\/logo\/image\/","url":"https:\/\/der-schulbedarf.shop\/wp-content\/uploads\/2024\/02\/grafik-e1709551115899.png","contentUrl":"https:\/\/der-schulbedarf.shop\/wp-content\/uploads\/2024\/02\/grafik-e1709551115899.png","width":80,"height":80,"caption":"der-Schulbedarf.shop"},"image":{"@id":"https:\/\/der-schulbedarf.shop\/produkt-des-monats\/#\/schema\/logo\/image\/"}}]}},"_links":{"self":[{"href":"https:\/\/der-schulbedarf.shop\/produkt-des-monats\/wp-json\/wp\/v2\/product\/542","targetHints":{"allow":["GET"]}}],"collection":[{"href":"https:\/\/der-schulbedarf.shop\/produkt-des-monats\/wp-json\/wp\/v2\/product"}],"about":[{"href":"https:\/\/der-schulbedarf.shop\/produkt-des-monats\/wp-json\/wp\/v2\/types\/product"}],"replies":[{"embeddable":true,"href":"https:\/\/der-schulbedarf.shop\/produkt-des-monats\/wp-json\/wp\/v2\/comments?post=542"}],"wp:featuredmedia":[{"embeddable":true,"href":"https:\/\/der-schulbedarf.shop\/produkt-des-monats\/wp-json\/wp\/v2\/media\/1367"}],"wp:attachment":[{"href":"https:\/\/der-schulbedarf.shop\/produkt-des-monats\/wp-json\/wp\/v2\/media?parent=542"}],"wp:term":[{"taxonomy":"product_cat","embeddable":true,"href":"https:\/\/der-schulbedarf.shop\/produkt-des-monats\/wp-json\/wp\/v2\/product_cat?post=542"},{"taxonomy":"product_tag","embeddable":true,"href":"https:\/\/der-schulbedarf.shop\/produkt-des-monats\/wp-json\/wp\/v2\/product_tag?post=542"}],"curies":[{"name":"wp","href":"https:\/\/api.w.org\/{rel}","templated":true}]}}