{"id":575,"date":"2023-05-13T05:52:21","date_gmt":"2023-05-13T05:52:21","guid":{"rendered":"https:\/\/der-schulbedarf.Shop\/?post_type=product&#038;p=575"},"modified":"2024-11-27T05:44:22","modified_gmt":"2024-11-27T05:44:22","slug":"ravensburger-mein-reiterhof","status":"publish","type":"product","link":"https:\/\/der-schulbedarf.shop\/produkt-des-monats\/produkt\/ravensburger-mein-reiterhof\/","title":{"rendered":"Ravensburger Mein Reiterhof"},"content":{"rendered":"<p>Hier steckt mehr drin: Die 3&#215;49 Teile Puzzles f\u00fcr Kinder ab 5 Jahren beinhalten gleich drei Ravensburger Kinderpuzzles inklusive Mini-Postern als Vorlagen. Die gro\u00dfe Motivauswahl reicht von Tieren aus aller Welt \u00fcber spannende Riesenfahrzeuge bis hin zu den Lieblingscharakteren aus den beliebtesten Kinderfilmen und -serien. Unsere Puzzles werden in exzellenter Verarbeitungsqualit\u00e4t mit Material aus nachhaltiger Forstwirtschaft gefertigt. P\u00e4dagogisch wertvoll und mit ganz viel Lernspa\u00df. Teile suchen, anf\u00fcgen und sich \u00fcber das immer gr\u00f6\u00dfer werdende Bild freuen &#8211; Puzzeln ist, wenn sich ein Erfolg an den anderen reiht. Deshalb lieben Kinder es, die Puzzleteile immer wieder zu ihren Lieblingsmotiven zusammen zu setzen. Doch Puzzles bieten mehr als Spa\u00df: Mit der richtigen Schwierigkeit gew\u00e4hlt, lassen sie Kinder jeden Alters an den Herausforderungen wachsen, erh\u00f6hen ihre Geduld und st\u00e4rken ihr Selbstvertrauen. In der gro\u00dfen Auswahl von Ravensburger Kinderpuzzles mit den beliebtesten Motiven, von 2 Teilen bis 300 Teilen, ist garantiert f\u00fcr jedes Kind das Richtige dabei. Die Auswahl der Motive und die hohe Qualit\u00e4t unserer Kinderpuzzles liegen uns sehr am Herzen. Deshalb wird die Unbedenklichkeit aller Materialien von einem unabh\u00e4ngigen Institut best\u00e4tigt. Seit mehr als 100 Jahren entwickeln wir Puzzles, wie Kinder sie lieben: altersgerecht in Motiv, Teilezahl und gr\u00f6\u00dfe.<\/p>\n<p>&nbsp;<\/p>\n<p>&nbsp;<\/p>\n","protected":false},"excerpt":{"rendered":"<p>Hier steckt mehr drin: Die 3&#215;49 Teile Puzzles f\u00fcr Kinder ab 5 Jahren beinhalten gleich drei Ravensburger Kinderpuzzles inklusive Mini-Postern als Vorlagen. Die gro\u00dfe Motivauswahl reicht von Tieren aus aller Welt \u00fcber spannende Riesenfahrzeuge bis hin zu den Lieblingscharakteren aus den beliebtesten Kinderfilmen und -serien. Unsere Puzzles werden in exzellenter Verarbeitungsqualit\u00e4t mit Material aus nachhaltiger [&hellip;]<\/p>\n","protected":false},"featured_media":1199,"comment_status":"open","ping_status":"closed","template":"","meta":[],"product_cat":[34,37],"product_tag":[111,115,114,113,112,155,156,157,153,152,151,158,154],"class_list":{"0":"post-575","1":"product","2":"type-product","3":"status-publish","4":"has-post-thumbnail","6":"product_cat-kinderspielzeug","7":"product_cat-ravensburger","8":"product_tag-beschaeftigung","9":"product_tag-fuer-jungen","10":"product_tag-fuer-maedchen","11":"product_tag-geschenk","12":"product_tag-geschenkidee","13":"product_tag-kinderpuzzle","14":"product_tag-konzentrationstraining","15":"product_tag-legespiel","16":"product_tag-pussel","17":"product_tag-puzzel","18":"product_tag-puzzle","19":"product_tag-puzzle-fuer-kinder","20":"product_tag-ravensburger-puzzle","21":"post","22":"post-with-thumbnail","23":"post-with-thumbnail-large","25":"first","26":"instock","27":"taxable","28":"shipping-taxable","29":"purchasable","30":"product-type-simple"},"yoast_head":"<!-- This site is optimized with the Yoast SEO plugin v26.6 - https:\/\/yoast.com\/wordpress\/plugins\/seo\/ -->\n<title>Ravensburger Mein Reiterhof - der-Schulbedarf.shop<\/title>\n<meta name=\"description\" content=\"Ravensburger Mein Reiterhof. Hier ist noch mehr drin: Die 3\u00d749-teiligen Puzzles f\u00fcr Kinder ab 5 Jahren enthalten drei Ravensburger Kinderpuzzles inklusive Miniposter als Vorlage. Die gro\u00dfe Auswahl an Motiven reicht von Tieren aus aller Welt \u00fcber spannende Riesenfahrzeuge bis hin zu den Lieblingsfiguren aus den beliebtesten Kinderfilmen und -Serien. Unsere Puzzles werden in hervorragender Verarbeitung mit Material aus nachhaltiger Forstwirtschaft hergestellt.\" \/>\n<meta name=\"robots\" content=\"index, follow, max-snippet:-1, max-image-preview:large, max-video-preview:-1\" \/>\n<link rel=\"canonical\" href=\"https:\/\/der-schulbedarf.shop\/produkt-des-monats\/produkt\/ravensburger-mein-reiterhof\/\" \/>\n<meta property=\"og:locale\" content=\"de_DE\" \/>\n<meta property=\"og:type\" content=\"article\" \/>\n<meta property=\"og:title\" content=\"Ravensburger Mein Reiterhof - der-Schulbedarf.shop\" \/>\n<meta property=\"og:description\" content=\"Ravensburger Mein Reiterhof. Hier ist noch mehr drin: Die 3\u00d749-teiligen Puzzles f\u00fcr Kinder ab 5 Jahren enthalten drei Ravensburger Kinderpuzzles inklusive Miniposter als Vorlage. Die gro\u00dfe Auswahl an Motiven reicht von Tieren aus aller Welt \u00fcber spannende Riesenfahrzeuge bis hin zu den Lieblingsfiguren aus den beliebtesten Kinderfilmen und -Serien. Unsere Puzzles werden in hervorragender Verarbeitung mit Material aus nachhaltiger Forstwirtschaft hergestellt.\" \/>\n<meta property=\"og:url\" content=\"https:\/\/der-schulbedarf.shop\/produkt-des-monats\/produkt\/ravensburger-mein-reiterhof\/\" \/>\n<meta property=\"og:site_name\" content=\"der-Schulbedarf.shop\" \/>\n<meta property=\"article:modified_time\" content=\"2024-11-27T05:44:22+00:00\" \/>\n<meta property=\"og:image\" content=\"https:\/\/der-schulbedarf.shop\/wp-content\/uploads\/2023\/05\/Mein-Reiterhof.webp\" \/>\n\t<meta property=\"og:image:width\" content=\"1024\" \/>\n\t<meta property=\"og:image:height\" content=\"741\" \/>\n\t<meta property=\"og:image:type\" content=\"image\/webp\" \/>\n<meta name=\"twitter:card\" content=\"summary_large_image\" \/>\n<meta name=\"twitter:label1\" content=\"Gesch\u00e4tzte Lesezeit\" \/>\n\t<meta name=\"twitter:data1\" content=\"2\u00a0Minuten\" \/>\n<script type=\"application\/ld+json\" class=\"yoast-schema-graph\">{\"@context\":\"https:\/\/schema.org\",\"@graph\":[{\"@type\":\"WebPage\",\"@id\":\"https:\/\/der-schulbedarf.shop\/produkt-des-monats\/produkt\/ravensburger-mein-reiterhof\/\",\"url\":\"https:\/\/der-schulbedarf.shop\/produkt-des-monats\/produkt\/ravensburger-mein-reiterhof\/\",\"name\":\"Ravensburger Mein Reiterhof - der-Schulbedarf.shop\",\"isPartOf\":{\"@id\":\"https:\/\/der-schulbedarf.shop\/produkt-des-monats\/#website\"},\"primaryImageOfPage\":{\"@id\":\"https:\/\/der-schulbedarf.shop\/produkt-des-monats\/produkt\/ravensburger-mein-reiterhof\/#primaryimage\"},\"image\":{\"@id\":\"https:\/\/der-schulbedarf.shop\/produkt-des-monats\/produkt\/ravensburger-mein-reiterhof\/#primaryimage\"},\"thumbnailUrl\":\"https:\/\/der-schulbedarf.shop\/wp-content\/uploads\/2023\/05\/Mein-Reiterhof.webp\",\"datePublished\":\"2023-05-13T05:52:21+00:00\",\"dateModified\":\"2024-11-27T05:44:22+00:00\",\"description\":\"Ravensburger Mein Reiterhof. Hier ist noch mehr drin: Die 3\u00d749-teiligen Puzzles f\u00fcr Kinder ab 5 Jahren enthalten drei Ravensburger Kinderpuzzles inklusive Miniposter als Vorlage. Die gro\u00dfe Auswahl an Motiven reicht von Tieren aus aller Welt \u00fcber spannende Riesenfahrzeuge bis hin zu den Lieblingsfiguren aus den beliebtesten Kinderfilmen und -Serien. Unsere Puzzles werden in hervorragender Verarbeitung mit Material aus nachhaltiger Forstwirtschaft hergestellt.\",\"breadcrumb\":{\"@id\":\"https:\/\/der-schulbedarf.shop\/produkt-des-monats\/produkt\/ravensburger-mein-reiterhof\/#breadcrumb\"},\"inLanguage\":\"de\",\"potentialAction\":[{\"@type\":\"ReadAction\",\"target\":[\"https:\/\/der-schulbedarf.shop\/produkt-des-monats\/produkt\/ravensburger-mein-reiterhof\/\"]}]},{\"@type\":\"ImageObject\",\"inLanguage\":\"de\",\"@id\":\"https:\/\/der-schulbedarf.shop\/produkt-des-monats\/produkt\/ravensburger-mein-reiterhof\/#primaryimage\",\"url\":\"https:\/\/der-schulbedarf.shop\/wp-content\/uploads\/2023\/05\/Mein-Reiterhof.webp\",\"contentUrl\":\"https:\/\/der-schulbedarf.shop\/wp-content\/uploads\/2023\/05\/Mein-Reiterhof.webp\",\"width\":1024,\"height\":741,\"caption\":\"Mein Reitrhof\"},{\"@type\":\"BreadcrumbList\",\"@id\":\"https:\/\/der-schulbedarf.shop\/produkt-des-monats\/produkt\/ravensburger-mein-reiterhof\/#breadcrumb\",\"itemListElement\":[{\"@type\":\"ListItem\",\"position\":1,\"name\":\"Shop\",\"item\":\"https:\/\/der-schulbedarf.shop\/produkt-des-monats\/shop\/\"},{\"@type\":\"ListItem\",\"position\":2,\"name\":\"Ravensburger Mein Reiterhof\"}]},{\"@type\":\"WebSite\",\"@id\":\"https:\/\/der-schulbedarf.shop\/produkt-des-monats\/#website\",\"url\":\"https:\/\/der-schulbedarf.shop\/produkt-des-monats\/\",\"name\":\"der-Schulbedarf.shop\",\"description\":\"\",\"publisher\":{\"@id\":\"https:\/\/der-schulbedarf.shop\/produkt-des-monats\/#organization\"},\"potentialAction\":[{\"@type\":\"SearchAction\",\"target\":{\"@type\":\"EntryPoint\",\"urlTemplate\":\"https:\/\/der-schulbedarf.shop\/produkt-des-monats\/?s={search_term_string}\"},\"query-input\":{\"@type\":\"PropertyValueSpecification\",\"valueRequired\":true,\"valueName\":\"search_term_string\"}}],\"inLanguage\":\"de\"},{\"@type\":\"Organization\",\"@id\":\"https:\/\/der-schulbedarf.shop\/produkt-des-monats\/#organization\",\"name\":\"der-Schulbedarf.shop\",\"url\":\"https:\/\/der-schulbedarf.shop\/produkt-des-monats\/\",\"logo\":{\"@type\":\"ImageObject\",\"inLanguage\":\"de\",\"@id\":\"https:\/\/der-schulbedarf.shop\/produkt-des-monats\/#\/schema\/logo\/image\/\",\"url\":\"https:\/\/der-schulbedarf.shop\/wp-content\/uploads\/2024\/02\/grafik-e1709551115899.png\",\"contentUrl\":\"https:\/\/der-schulbedarf.shop\/wp-content\/uploads\/2024\/02\/grafik-e1709551115899.png\",\"width\":80,\"height\":80,\"caption\":\"der-Schulbedarf.shop\"},\"image\":{\"@id\":\"https:\/\/der-schulbedarf.shop\/produkt-des-monats\/#\/schema\/logo\/image\/\"}}]}<\/script>\n<!-- \/ Yoast SEO plugin. -->","yoast_head_json":{"title":"Ravensburger Mein Reiterhof - der-Schulbedarf.shop","description":"Ravensburger Mein Reiterhof. Hier ist noch mehr drin: Die 3\u00d749-teiligen Puzzles f\u00fcr Kinder ab 5 Jahren enthalten drei Ravensburger Kinderpuzzles inklusive Miniposter als Vorlage. Die gro\u00dfe Auswahl an Motiven reicht von Tieren aus aller Welt \u00fcber spannende Riesenfahrzeuge bis hin zu den Lieblingsfiguren aus den beliebtesten Kinderfilmen und -Serien. Unsere Puzzles werden in hervorragender Verarbeitung mit Material aus nachhaltiger Forstwirtschaft hergestellt.","robots":{"index":"index","follow":"follow","max-snippet":"max-snippet:-1","max-image-preview":"max-image-preview:large","max-video-preview":"max-video-preview:-1"},"canonical":"https:\/\/der-schulbedarf.shop\/produkt-des-monats\/produkt\/ravensburger-mein-reiterhof\/","og_locale":"de_DE","og_type":"article","og_title":"Ravensburger Mein Reiterhof - der-Schulbedarf.shop","og_description":"Ravensburger Mein Reiterhof. Hier ist noch mehr drin: Die 3\u00d749-teiligen Puzzles f\u00fcr Kinder ab 5 Jahren enthalten drei Ravensburger Kinderpuzzles inklusive Miniposter als Vorlage. Die gro\u00dfe Auswahl an Motiven reicht von Tieren aus aller Welt \u00fcber spannende Riesenfahrzeuge bis hin zu den Lieblingsfiguren aus den beliebtesten Kinderfilmen und -Serien. Unsere Puzzles werden in hervorragender Verarbeitung mit Material aus nachhaltiger Forstwirtschaft hergestellt.","og_url":"https:\/\/der-schulbedarf.shop\/produkt-des-monats\/produkt\/ravensburger-mein-reiterhof\/","og_site_name":"der-Schulbedarf.shop","article_modified_time":"2024-11-27T05:44:22+00:00","og_image":[{"width":1024,"height":741,"url":"https:\/\/der-schulbedarf.shop\/wp-content\/uploads\/2023\/05\/Mein-Reiterhof.webp","type":"image\/webp"}],"twitter_card":"summary_large_image","twitter_misc":{"Gesch\u00e4tzte Lesezeit":"2\u00a0Minuten"},"schema":{"@context":"https:\/\/schema.org","@graph":[{"@type":"WebPage","@id":"https:\/\/der-schulbedarf.shop\/produkt-des-monats\/produkt\/ravensburger-mein-reiterhof\/","url":"https:\/\/der-schulbedarf.shop\/produkt-des-monats\/produkt\/ravensburger-mein-reiterhof\/","name":"Ravensburger Mein Reiterhof - der-Schulbedarf.shop","isPartOf":{"@id":"https:\/\/der-schulbedarf.shop\/produkt-des-monats\/#website"},"primaryImageOfPage":{"@id":"https:\/\/der-schulbedarf.shop\/produkt-des-monats\/produkt\/ravensburger-mein-reiterhof\/#primaryimage"},"image":{"@id":"https:\/\/der-schulbedarf.shop\/produkt-des-monats\/produkt\/ravensburger-mein-reiterhof\/#primaryimage"},"thumbnailUrl":"https:\/\/der-schulbedarf.shop\/wp-content\/uploads\/2023\/05\/Mein-Reiterhof.webp","datePublished":"2023-05-13T05:52:21+00:00","dateModified":"2024-11-27T05:44:22+00:00","description":"Ravensburger Mein Reiterhof. Hier ist noch mehr drin: Die 3\u00d749-teiligen Puzzles f\u00fcr Kinder ab 5 Jahren enthalten drei Ravensburger Kinderpuzzles inklusive Miniposter als Vorlage. Die gro\u00dfe Auswahl an Motiven reicht von Tieren aus aller Welt \u00fcber spannende Riesenfahrzeuge bis hin zu den Lieblingsfiguren aus den beliebtesten Kinderfilmen und -Serien. Unsere Puzzles werden in hervorragender Verarbeitung mit Material aus nachhaltiger Forstwirtschaft hergestellt.","breadcrumb":{"@id":"https:\/\/der-schulbedarf.shop\/produkt-des-monats\/produkt\/ravensburger-mein-reiterhof\/#breadcrumb"},"inLanguage":"de","potentialAction":[{"@type":"ReadAction","target":["https:\/\/der-schulbedarf.shop\/produkt-des-monats\/produkt\/ravensburger-mein-reiterhof\/"]}]},{"@type":"ImageObject","inLanguage":"de","@id":"https:\/\/der-schulbedarf.shop\/produkt-des-monats\/produkt\/ravensburger-mein-reiterhof\/#primaryimage","url":"https:\/\/der-schulbedarf.shop\/wp-content\/uploads\/2023\/05\/Mein-Reiterhof.webp","contentUrl":"https:\/\/der-schulbedarf.shop\/wp-content\/uploads\/2023\/05\/Mein-Reiterhof.webp","width":1024,"height":741,"caption":"Mein Reitrhof"},{"@type":"BreadcrumbList","@id":"https:\/\/der-schulbedarf.shop\/produkt-des-monats\/produkt\/ravensburger-mein-reiterhof\/#breadcrumb","itemListElement":[{"@type":"ListItem","position":1,"name":"Shop","item":"https:\/\/der-schulbedarf.shop\/produkt-des-monats\/shop\/"},{"@type":"ListItem","position":2,"name":"Ravensburger Mein Reiterhof"}]},{"@type":"WebSite","@id":"https:\/\/der-schulbedarf.shop\/produkt-des-monats\/#website","url":"https:\/\/der-schulbedarf.shop\/produkt-des-monats\/","name":"der-Schulbedarf.shop","description":"","publisher":{"@id":"https:\/\/der-schulbedarf.shop\/produkt-des-monats\/#organization"},"potentialAction":[{"@type":"SearchAction","target":{"@type":"EntryPoint","urlTemplate":"https:\/\/der-schulbedarf.shop\/produkt-des-monats\/?s={search_term_string}"},"query-input":{"@type":"PropertyValueSpecification","valueRequired":true,"valueName":"search_term_string"}}],"inLanguage":"de"},{"@type":"Organization","@id":"https:\/\/der-schulbedarf.shop\/produkt-des-monats\/#organization","name":"der-Schulbedarf.shop","url":"https:\/\/der-schulbedarf.shop\/produkt-des-monats\/","logo":{"@type":"ImageObject","inLanguage":"de","@id":"https:\/\/der-schulbedarf.shop\/produkt-des-monats\/#\/schema\/logo\/image\/","url":"https:\/\/der-schulbedarf.shop\/wp-content\/uploads\/2024\/02\/grafik-e1709551115899.png","contentUrl":"https:\/\/der-schulbedarf.shop\/wp-content\/uploads\/2024\/02\/grafik-e1709551115899.png","width":80,"height":80,"caption":"der-Schulbedarf.shop"},"image":{"@id":"https:\/\/der-schulbedarf.shop\/produkt-des-monats\/#\/schema\/logo\/image\/"}}]}},"_links":{"self":[{"href":"https:\/\/der-schulbedarf.shop\/produkt-des-monats\/wp-json\/wp\/v2\/product\/575","targetHints":{"allow":["GET"]}}],"collection":[{"href":"https:\/\/der-schulbedarf.shop\/produkt-des-monats\/wp-json\/wp\/v2\/product"}],"about":[{"href":"https:\/\/der-schulbedarf.shop\/produkt-des-monats\/wp-json\/wp\/v2\/types\/product"}],"replies":[{"embeddable":true,"href":"https:\/\/der-schulbedarf.shop\/produkt-des-monats\/wp-json\/wp\/v2\/comments?post=575"}],"wp:featuredmedia":[{"embeddable":true,"href":"https:\/\/der-schulbedarf.shop\/produkt-des-monats\/wp-json\/wp\/v2\/media\/1199"}],"wp:attachment":[{"href":"https:\/\/der-schulbedarf.shop\/produkt-des-monats\/wp-json\/wp\/v2\/media?parent=575"}],"wp:term":[{"taxonomy":"product_cat","embeddable":true,"href":"https:\/\/der-schulbedarf.shop\/produkt-des-monats\/wp-json\/wp\/v2\/product_cat?post=575"},{"taxonomy":"product_tag","embeddable":true,"href":"https:\/\/der-schulbedarf.shop\/produkt-des-monats\/wp-json\/wp\/v2\/product_tag?post=575"}],"curies":[{"name":"wp","href":"https:\/\/api.w.org\/{rel}","templated":true}]}}