{"id":596,"date":"2023-05-13T06:13:52","date_gmt":"2023-05-13T06:13:52","guid":{"rendered":"https:\/\/der-schulbedarf.Shop\/?post_type=product&#038;p=596"},"modified":"2024-11-26T13:31:49","modified_gmt":"2024-11-26T13:31:49","slug":"ravensburger-pferdeglueck-auf-der-wiese","status":"publish","type":"product","link":"https:\/\/der-schulbedarf.shop\/produkt-des-monats\/produkt\/ravensburger-pferdeglueck-auf-der-wiese\/","title":{"rendered":"Ravensburger Pferdegl\u00fcck auf der Wiese"},"content":{"rendered":"<p>Altersgerechter Puzzlespa\u00df im XXL-Format: Ein Tauchgang in bunte Unterwasserwelten, eine Zeitreise ins Land der Dinosaurier, eine Entdeckungstour in die Heimat von Tiger, Elefant &amp; Co, oder ein zauberhaftes Abenteuer im Einhornland &#8211; Puzzleteil f\u00fcr Puzzleteil k\u00f6nnen Kinder in fantastische Welten eintauchen und staunen! Unsere Puzzles werden in exzellenter Verarbeitungsqualit\u00e4t mit Material aus nachhaltiger Forstwirtschaft gefertigt. P\u00e4dagogisch wertvoll und mit ganz viel Lern spa\u00df.Teile suchen, anf\u00fcgen und sich \u00fcber das immer gr\u00f6\u00dfer werdende Bild freuen &#8211; Puzzeln ist, wenn sich ein Erfolg an den anderen reiht. Deshalb lieben Kinder es, die Puzzleteile immer wieder zu ihren Lieblingsmotiven zusammen zu setzen. Doch Puzzles bieten mehr als Spa\u00df: Mit der richtigen Schwierigkeit gew\u00e4hlt, lassen sie Kinder jeden Alters an den Herausforderungen wachsen, erh\u00f6hen ihre Geduld und st\u00e4rken ihr Selbstvertrauen. In der gro\u00dfen Auswahl von Ravensburger Kinderpuzzles mit den beliebtesten Motiven, von 2 Teilen bis 300 Teilen, ist garantiert f\u00fcr jedes Kind das Richtige dabei. Die Auswahl der Motive und die hohe Qualit\u00e4t unserer Kinderpuzzles liegen uns sehr am Herzen. Deshalb wird die Unbedenklichkeit aller Materialien von einem unabh\u00e4ngigen Institut best\u00e4tigt. Seit mehr als 100 Jahren entwickeln wir Puzzles, wie Kinder sie lieben: altersgerecht in Motiv, Teilezahl und gr\u00f6\u00dfe.<\/p>\n<p>&nbsp;<\/p>\n<p>&nbsp;<\/p>\n","protected":false},"excerpt":{"rendered":"<p>Altersgerechter Puzzlespa\u00df im XXL-Format: Ein Tauchgang in bunte Unterwasserwelten, eine Zeitreise ins Land der Dinosaurier, eine Entdeckungstour in die Heimat von Tiger, Elefant &amp; Co, oder ein zauberhaftes Abenteuer im Einhornland &#8211; Puzzleteil f\u00fcr Puzzleteil k\u00f6nnen Kinder in fantastische Welten eintauchen und staunen! Unsere Puzzles werden in exzellenter Verarbeitungsqualit\u00e4t mit Material aus nachhaltiger Forstwirtschaft gefertigt. [&hellip;]<\/p>\n","protected":false},"featured_media":1210,"comment_status":"open","ping_status":"closed","template":"","meta":[],"product_cat":[34,37],"product_tag":[111,115,114,113,112,155,156,157,153,152,151,158,154],"class_list":{"0":"post-596","1":"product","2":"type-product","3":"status-publish","4":"has-post-thumbnail","6":"product_cat-kinderspielzeug","7":"product_cat-ravensburger","8":"product_tag-beschaeftigung","9":"product_tag-fuer-jungen","10":"product_tag-fuer-maedchen","11":"product_tag-geschenk","12":"product_tag-geschenkidee","13":"product_tag-kinderpuzzle","14":"product_tag-konzentrationstraining","15":"product_tag-legespiel","16":"product_tag-pussel","17":"product_tag-puzzel","18":"product_tag-puzzle","19":"product_tag-puzzle-fuer-kinder","20":"product_tag-ravensburger-puzzle","21":"post","22":"post-with-thumbnail","23":"post-with-thumbnail-large","25":"first","26":"instock","27":"taxable","28":"shipping-taxable","29":"purchasable","30":"product-type-simple"},"yoast_head":"<!-- This site is optimized with the Yoast SEO plugin v26.6 - https:\/\/yoast.com\/wordpress\/plugins\/seo\/ -->\n<title>Ravensburger Pferdegl\u00fcck auf der Wiese - der-Schulbedarf.shop<\/title>\n<meta name=\"description\" content=\"Age-appropriate puzzle fun in XXL format: A dive into colorful underwater worlds, a journey through time to the land of dinosaurs, a discovery tour to the home of tigers, elephants &amp; co or an enchanting adventure in unicorn land - puzzle piece by puzzle piece Immerse children in fantastic worlds and be amazed! Our jigsaw puzzles are manufactured with excellent workmanship using material from sustainable forestry. Pedagogically valuable and with a lot of learning fun.\" \/>\n<meta name=\"robots\" content=\"index, follow, max-snippet:-1, max-image-preview:large, max-video-preview:-1\" \/>\n<link rel=\"canonical\" href=\"https:\/\/der-schulbedarf.shop\/produkt-des-monats\/produkt\/ravensburger-pferdeglueck-auf-der-wiese\/\" \/>\n<meta property=\"og:locale\" content=\"de_DE\" \/>\n<meta property=\"og:type\" content=\"article\" \/>\n<meta property=\"og:title\" content=\"Ravensburger Pferdegl\u00fcck auf der Wiese - der-Schulbedarf.shop\" \/>\n<meta property=\"og:description\" content=\"Age-appropriate puzzle fun in XXL format: A dive into colorful underwater worlds, a journey through time to the land of dinosaurs, a discovery tour to the home of tigers, elephants &amp; co or an enchanting adventure in unicorn land - puzzle piece by puzzle piece Immerse children in fantastic worlds and be amazed! Our jigsaw puzzles are manufactured with excellent workmanship using material from sustainable forestry. Pedagogically valuable and with a lot of learning fun.\" \/>\n<meta property=\"og:url\" content=\"https:\/\/der-schulbedarf.shop\/produkt-des-monats\/produkt\/ravensburger-pferdeglueck-auf-der-wiese\/\" \/>\n<meta property=\"og:site_name\" content=\"der-Schulbedarf.shop\" \/>\n<meta property=\"article:modified_time\" content=\"2024-11-26T13:31:49+00:00\" \/>\n<meta property=\"og:image\" content=\"https:\/\/der-schulbedarf.shop\/wp-content\/uploads\/2023\/05\/Pferdeglueck-auf-der-Wiese-1.webp\" \/>\n\t<meta property=\"og:image:width\" content=\"1024\" \/>\n\t<meta property=\"og:image:height\" content=\"743\" \/>\n\t<meta property=\"og:image:type\" content=\"image\/webp\" \/>\n<meta name=\"twitter:card\" content=\"summary_large_image\" \/>\n<meta name=\"twitter:label1\" content=\"Gesch\u00e4tzte Lesezeit\" \/>\n\t<meta name=\"twitter:data1\" content=\"2\u00a0Minuten\" \/>\n<script type=\"application\/ld+json\" class=\"yoast-schema-graph\">{\"@context\":\"https:\/\/schema.org\",\"@graph\":[{\"@type\":\"WebPage\",\"@id\":\"https:\/\/der-schulbedarf.shop\/produkt-des-monats\/produkt\/ravensburger-pferdeglueck-auf-der-wiese\/\",\"url\":\"https:\/\/der-schulbedarf.shop\/produkt-des-monats\/produkt\/ravensburger-pferdeglueck-auf-der-wiese\/\",\"name\":\"Ravensburger Pferdegl\u00fcck auf der Wiese - der-Schulbedarf.shop\",\"isPartOf\":{\"@id\":\"https:\/\/der-schulbedarf.shop\/produkt-des-monats\/#website\"},\"primaryImageOfPage\":{\"@id\":\"https:\/\/der-schulbedarf.shop\/produkt-des-monats\/produkt\/ravensburger-pferdeglueck-auf-der-wiese\/#primaryimage\"},\"image\":{\"@id\":\"https:\/\/der-schulbedarf.shop\/produkt-des-monats\/produkt\/ravensburger-pferdeglueck-auf-der-wiese\/#primaryimage\"},\"thumbnailUrl\":\"https:\/\/der-schulbedarf.shop\/wp-content\/uploads\/2023\/05\/Pferdeglueck-auf-der-Wiese-1.webp\",\"datePublished\":\"2023-05-13T06:13:52+00:00\",\"dateModified\":\"2024-11-26T13:31:49+00:00\",\"description\":\"Age-appropriate puzzle fun in XXL format: A dive into colorful underwater worlds, a journey through time to the land of dinosaurs, a discovery tour to the home of tigers, elephants & co or an enchanting adventure in unicorn land - puzzle piece by puzzle piece Immerse children in fantastic worlds and be amazed! Our jigsaw puzzles are manufactured with excellent workmanship using material from sustainable forestry. Pedagogically valuable and with a lot of learning fun.\",\"breadcrumb\":{\"@id\":\"https:\/\/der-schulbedarf.shop\/produkt-des-monats\/produkt\/ravensburger-pferdeglueck-auf-der-wiese\/#breadcrumb\"},\"inLanguage\":\"de\",\"potentialAction\":[{\"@type\":\"ReadAction\",\"target\":[\"https:\/\/der-schulbedarf.shop\/produkt-des-monats\/produkt\/ravensburger-pferdeglueck-auf-der-wiese\/\"]}]},{\"@type\":\"ImageObject\",\"inLanguage\":\"de\",\"@id\":\"https:\/\/der-schulbedarf.shop\/produkt-des-monats\/produkt\/ravensburger-pferdeglueck-auf-der-wiese\/#primaryimage\",\"url\":\"https:\/\/der-schulbedarf.shop\/wp-content\/uploads\/2023\/05\/Pferdeglueck-auf-der-Wiese-1.webp\",\"contentUrl\":\"https:\/\/der-schulbedarf.shop\/wp-content\/uploads\/2023\/05\/Pferdeglueck-auf-der-Wiese-1.webp\",\"width\":1024,\"height\":743,\"caption\":\"Pferdeglueck-auf-der-wieses\"},{\"@type\":\"BreadcrumbList\",\"@id\":\"https:\/\/der-schulbedarf.shop\/produkt-des-monats\/produkt\/ravensburger-pferdeglueck-auf-der-wiese\/#breadcrumb\",\"itemListElement\":[{\"@type\":\"ListItem\",\"position\":1,\"name\":\"Shop\",\"item\":\"https:\/\/der-schulbedarf.shop\/produkt-des-monats\/shop\/\"},{\"@type\":\"ListItem\",\"position\":2,\"name\":\"Ravensburger Pferdegl\u00fcck auf der Wiese\"}]},{\"@type\":\"WebSite\",\"@id\":\"https:\/\/der-schulbedarf.shop\/produkt-des-monats\/#website\",\"url\":\"https:\/\/der-schulbedarf.shop\/produkt-des-monats\/\",\"name\":\"der-Schulbedarf.shop\",\"description\":\"\",\"publisher\":{\"@id\":\"https:\/\/der-schulbedarf.shop\/produkt-des-monats\/#organization\"},\"potentialAction\":[{\"@type\":\"SearchAction\",\"target\":{\"@type\":\"EntryPoint\",\"urlTemplate\":\"https:\/\/der-schulbedarf.shop\/produkt-des-monats\/?s={search_term_string}\"},\"query-input\":{\"@type\":\"PropertyValueSpecification\",\"valueRequired\":true,\"valueName\":\"search_term_string\"}}],\"inLanguage\":\"de\"},{\"@type\":\"Organization\",\"@id\":\"https:\/\/der-schulbedarf.shop\/produkt-des-monats\/#organization\",\"name\":\"der-Schulbedarf.shop\",\"url\":\"https:\/\/der-schulbedarf.shop\/produkt-des-monats\/\",\"logo\":{\"@type\":\"ImageObject\",\"inLanguage\":\"de\",\"@id\":\"https:\/\/der-schulbedarf.shop\/produkt-des-monats\/#\/schema\/logo\/image\/\",\"url\":\"https:\/\/der-schulbedarf.shop\/wp-content\/uploads\/2024\/02\/grafik-e1709551115899.png\",\"contentUrl\":\"https:\/\/der-schulbedarf.shop\/wp-content\/uploads\/2024\/02\/grafik-e1709551115899.png\",\"width\":80,\"height\":80,\"caption\":\"der-Schulbedarf.shop\"},\"image\":{\"@id\":\"https:\/\/der-schulbedarf.shop\/produkt-des-monats\/#\/schema\/logo\/image\/\"}}]}<\/script>\n<!-- \/ Yoast SEO plugin. -->","yoast_head_json":{"title":"Ravensburger Pferdegl\u00fcck auf der Wiese - der-Schulbedarf.shop","description":"Age-appropriate puzzle fun in XXL format: A dive into colorful underwater worlds, a journey through time to the land of dinosaurs, a discovery tour to the home of tigers, elephants & co or an enchanting adventure in unicorn land - puzzle piece by puzzle piece Immerse children in fantastic worlds and be amazed! Our jigsaw puzzles are manufactured with excellent workmanship using material from sustainable forestry. Pedagogically valuable and with a lot of learning fun.","robots":{"index":"index","follow":"follow","max-snippet":"max-snippet:-1","max-image-preview":"max-image-preview:large","max-video-preview":"max-video-preview:-1"},"canonical":"https:\/\/der-schulbedarf.shop\/produkt-des-monats\/produkt\/ravensburger-pferdeglueck-auf-der-wiese\/","og_locale":"de_DE","og_type":"article","og_title":"Ravensburger Pferdegl\u00fcck auf der Wiese - der-Schulbedarf.shop","og_description":"Age-appropriate puzzle fun in XXL format: A dive into colorful underwater worlds, a journey through time to the land of dinosaurs, a discovery tour to the home of tigers, elephants & co or an enchanting adventure in unicorn land - puzzle piece by puzzle piece Immerse children in fantastic worlds and be amazed! Our jigsaw puzzles are manufactured with excellent workmanship using material from sustainable forestry. Pedagogically valuable and with a lot of learning fun.","og_url":"https:\/\/der-schulbedarf.shop\/produkt-des-monats\/produkt\/ravensburger-pferdeglueck-auf-der-wiese\/","og_site_name":"der-Schulbedarf.shop","article_modified_time":"2024-11-26T13:31:49+00:00","og_image":[{"width":1024,"height":743,"url":"https:\/\/der-schulbedarf.shop\/wp-content\/uploads\/2023\/05\/Pferdeglueck-auf-der-Wiese-1.webp","type":"image\/webp"}],"twitter_card":"summary_large_image","twitter_misc":{"Gesch\u00e4tzte Lesezeit":"2\u00a0Minuten"},"schema":{"@context":"https:\/\/schema.org","@graph":[{"@type":"WebPage","@id":"https:\/\/der-schulbedarf.shop\/produkt-des-monats\/produkt\/ravensburger-pferdeglueck-auf-der-wiese\/","url":"https:\/\/der-schulbedarf.shop\/produkt-des-monats\/produkt\/ravensburger-pferdeglueck-auf-der-wiese\/","name":"Ravensburger Pferdegl\u00fcck auf der Wiese - der-Schulbedarf.shop","isPartOf":{"@id":"https:\/\/der-schulbedarf.shop\/produkt-des-monats\/#website"},"primaryImageOfPage":{"@id":"https:\/\/der-schulbedarf.shop\/produkt-des-monats\/produkt\/ravensburger-pferdeglueck-auf-der-wiese\/#primaryimage"},"image":{"@id":"https:\/\/der-schulbedarf.shop\/produkt-des-monats\/produkt\/ravensburger-pferdeglueck-auf-der-wiese\/#primaryimage"},"thumbnailUrl":"https:\/\/der-schulbedarf.shop\/wp-content\/uploads\/2023\/05\/Pferdeglueck-auf-der-Wiese-1.webp","datePublished":"2023-05-13T06:13:52+00:00","dateModified":"2024-11-26T13:31:49+00:00","description":"Age-appropriate puzzle fun in XXL format: A dive into colorful underwater worlds, a journey through time to the land of dinosaurs, a discovery tour to the home of tigers, elephants & co or an enchanting adventure in unicorn land - puzzle piece by puzzle piece Immerse children in fantastic worlds and be amazed! Our jigsaw puzzles are manufactured with excellent workmanship using material from sustainable forestry. Pedagogically valuable and with a lot of learning fun.","breadcrumb":{"@id":"https:\/\/der-schulbedarf.shop\/produkt-des-monats\/produkt\/ravensburger-pferdeglueck-auf-der-wiese\/#breadcrumb"},"inLanguage":"de","potentialAction":[{"@type":"ReadAction","target":["https:\/\/der-schulbedarf.shop\/produkt-des-monats\/produkt\/ravensburger-pferdeglueck-auf-der-wiese\/"]}]},{"@type":"ImageObject","inLanguage":"de","@id":"https:\/\/der-schulbedarf.shop\/produkt-des-monats\/produkt\/ravensburger-pferdeglueck-auf-der-wiese\/#primaryimage","url":"https:\/\/der-schulbedarf.shop\/wp-content\/uploads\/2023\/05\/Pferdeglueck-auf-der-Wiese-1.webp","contentUrl":"https:\/\/der-schulbedarf.shop\/wp-content\/uploads\/2023\/05\/Pferdeglueck-auf-der-Wiese-1.webp","width":1024,"height":743,"caption":"Pferdeglueck-auf-der-wieses"},{"@type":"BreadcrumbList","@id":"https:\/\/der-schulbedarf.shop\/produkt-des-monats\/produkt\/ravensburger-pferdeglueck-auf-der-wiese\/#breadcrumb","itemListElement":[{"@type":"ListItem","position":1,"name":"Shop","item":"https:\/\/der-schulbedarf.shop\/produkt-des-monats\/shop\/"},{"@type":"ListItem","position":2,"name":"Ravensburger Pferdegl\u00fcck auf der Wiese"}]},{"@type":"WebSite","@id":"https:\/\/der-schulbedarf.shop\/produkt-des-monats\/#website","url":"https:\/\/der-schulbedarf.shop\/produkt-des-monats\/","name":"der-Schulbedarf.shop","description":"","publisher":{"@id":"https:\/\/der-schulbedarf.shop\/produkt-des-monats\/#organization"},"potentialAction":[{"@type":"SearchAction","target":{"@type":"EntryPoint","urlTemplate":"https:\/\/der-schulbedarf.shop\/produkt-des-monats\/?s={search_term_string}"},"query-input":{"@type":"PropertyValueSpecification","valueRequired":true,"valueName":"search_term_string"}}],"inLanguage":"de"},{"@type":"Organization","@id":"https:\/\/der-schulbedarf.shop\/produkt-des-monats\/#organization","name":"der-Schulbedarf.shop","url":"https:\/\/der-schulbedarf.shop\/produkt-des-monats\/","logo":{"@type":"ImageObject","inLanguage":"de","@id":"https:\/\/der-schulbedarf.shop\/produkt-des-monats\/#\/schema\/logo\/image\/","url":"https:\/\/der-schulbedarf.shop\/wp-content\/uploads\/2024\/02\/grafik-e1709551115899.png","contentUrl":"https:\/\/der-schulbedarf.shop\/wp-content\/uploads\/2024\/02\/grafik-e1709551115899.png","width":80,"height":80,"caption":"der-Schulbedarf.shop"},"image":{"@id":"https:\/\/der-schulbedarf.shop\/produkt-des-monats\/#\/schema\/logo\/image\/"}}]}},"_links":{"self":[{"href":"https:\/\/der-schulbedarf.shop\/produkt-des-monats\/wp-json\/wp\/v2\/product\/596","targetHints":{"allow":["GET"]}}],"collection":[{"href":"https:\/\/der-schulbedarf.shop\/produkt-des-monats\/wp-json\/wp\/v2\/product"}],"about":[{"href":"https:\/\/der-schulbedarf.shop\/produkt-des-monats\/wp-json\/wp\/v2\/types\/product"}],"replies":[{"embeddable":true,"href":"https:\/\/der-schulbedarf.shop\/produkt-des-monats\/wp-json\/wp\/v2\/comments?post=596"}],"wp:featuredmedia":[{"embeddable":true,"href":"https:\/\/der-schulbedarf.shop\/produkt-des-monats\/wp-json\/wp\/v2\/media\/1210"}],"wp:attachment":[{"href":"https:\/\/der-schulbedarf.shop\/produkt-des-monats\/wp-json\/wp\/v2\/media?parent=596"}],"wp:term":[{"taxonomy":"product_cat","embeddable":true,"href":"https:\/\/der-schulbedarf.shop\/produkt-des-monats\/wp-json\/wp\/v2\/product_cat?post=596"},{"taxonomy":"product_tag","embeddable":true,"href":"https:\/\/der-schulbedarf.shop\/produkt-des-monats\/wp-json\/wp\/v2\/product_tag?post=596"}],"curies":[{"name":"wp","href":"https:\/\/api.w.org\/{rel}","templated":true}]}}