{"id":600,"date":"2023-05-13T06:25:52","date_gmt":"2023-05-13T06:25:52","guid":{"rendered":"https:\/\/der-schulbedarf.Shop\/?post_type=product&#038;p=600"},"modified":"2024-11-26T13:31:09","modified_gmt":"2024-11-26T13:31:09","slug":"ravensburger-kinder-memory","status":"publish","type":"product","link":"https:\/\/der-schulbedarf.shop\/produkt-des-monats\/produkt\/ravensburger-kinder-memory\/","title":{"rendered":"Ravensburger Kinder memory \u00ae"},"content":{"rendered":"<p>Beim Ravensburger Kinder memory\u00ae taucht hier ein Gespenst auf und dort ein bunter Fisch. Ziel des Spiels ist es, die meisten Kartenpaare zu gewinnen. Dazu m\u00fcssen sich die Spieler gut merken, wo die beiden bildgleichen Karten liegen. Wer ein passendes Kartenpaar aufdeckt, darf dieses behalten und gleich nochmals 2 Karten aufdecken. Wer am Ende die meisten Paare gesammelt hat, gewinnt das Spiel. Bei der Suche nach den passenden Bildpaaren sind nat\u00fcrlich Konzentration und ein gutes Ged\u00e4chtnis gefragt. Alles was die Kinder m\u00f6gen wurde f\u00fcr dieses memory\u00ae farbenfroh fotografiert: Buntstifte, Hund oder gar ein Indianer. Wer findet die meisten, passenden Bildpaare und gewinnt das bekannte Merk- und Suchspielmemory\u00ae &#8211; der weltbekannte Spieleklassiker begeistert seit Jahrzehnten Kinder und Erwachsene von 3 \u2013 99 Jahren. Die genial einfachen Spielregeln machen es zum perfekten Familienspiel, bei dem die Kleinen oftmals gegen die Gro\u00dfen gewinnen.<\/p>\n<p>&nbsp;<\/p>\n<p>&nbsp;<\/p>\n","protected":false},"excerpt":{"rendered":"<p>Beim Ravensburger Kinder memory\u00ae taucht hier ein Gespenst auf und dort ein bunter Fisch. Ziel des Spiels ist es, die meisten Kartenpaare zu gewinnen. Dazu m\u00fcssen sich die Spieler gut merken, wo die beiden bildgleichen Karten liegen. Wer ein passendes Kartenpaar aufdeckt, darf dieses behalten und gleich nochmals 2 Karten aufdecken. Wer am Ende die [&hellip;]<\/p>\n","protected":false},"featured_media":1102,"comment_status":"open","ping_status":"closed","template":"","meta":[],"product_cat":[34,37],"product_tag":[111,115,116,114,113,112,173,125,175,170,171,117,95,174,172],"class_list":{"0":"post-600","1":"product","2":"type-product","3":"status-publish","4":"has-post-thumbnail","6":"product_cat-kinderspielzeug","7":"product_cat-ravensburger","8":"product_tag-beschaeftigung","9":"product_tag-fuer-jungen","10":"product_tag-fuer-kinder","11":"product_tag-fuer-maedchen","12":"product_tag-geschenk","13":"product_tag-geschenkidee","14":"product_tag-kartenspiel","15":"product_tag-klassiker","16":"product_tag-konzentrationsspiel","17":"product_tag-memory","18":"product_tag-merkspiel","19":"product_tag-spiel","20":"product_tag-spiele","21":"product_tag-spiele-ab-4-jahren","22":"product_tag-suchspiel","23":"post","24":"post-with-thumbnail","25":"post-with-thumbnail-large","27":"first","28":"instock","29":"taxable","30":"shipping-taxable","31":"purchasable","32":"product-type-simple"},"yoast_head":"<!-- This site is optimized with the Yoast SEO plugin v26.6 - https:\/\/yoast.com\/wordpress\/plugins\/seo\/ -->\n<title>Ravensburger Kinder memory \u00ae - der-Schulbedarf.shop<\/title>\n<meta name=\"description\" content=\"Beim Ravensburger Kindermemory \u00ae erscheint hier ein Geist und dort ein bunter Fisch. Das Ziel des Spiels ist es, die meisten Kartenpaare zu gewinnen. Dazu m\u00fcssen sich die Spieler gut merken, wo sich die beiden Karten mit dem gleichen Bild befinden. Wer ein passendes Kartenpaar aufdeckt, darf es behalten und 2 weitere Karten aufdecken. Wer am Ende die meisten Paare gesammelt hat, gewinnt das Spiel\" \/>\n<meta name=\"robots\" content=\"index, follow, max-snippet:-1, max-image-preview:large, max-video-preview:-1\" \/>\n<link rel=\"canonical\" href=\"https:\/\/der-schulbedarf.shop\/produkt-des-monats\/produkt\/ravensburger-kinder-memory\/\" \/>\n<meta property=\"og:locale\" content=\"de_DE\" \/>\n<meta property=\"og:type\" content=\"article\" \/>\n<meta property=\"og:title\" content=\"Ravensburger Kinder memory \u00ae - der-Schulbedarf.shop\" \/>\n<meta property=\"og:description\" content=\"Beim Ravensburger Kindermemory \u00ae erscheint hier ein Geist und dort ein bunter Fisch. Das Ziel des Spiels ist es, die meisten Kartenpaare zu gewinnen. Dazu m\u00fcssen sich die Spieler gut merken, wo sich die beiden Karten mit dem gleichen Bild befinden. Wer ein passendes Kartenpaar aufdeckt, darf es behalten und 2 weitere Karten aufdecken. Wer am Ende die meisten Paare gesammelt hat, gewinnt das Spiel\" \/>\n<meta property=\"og:url\" content=\"https:\/\/der-schulbedarf.shop\/produkt-des-monats\/produkt\/ravensburger-kinder-memory\/\" \/>\n<meta property=\"og:site_name\" content=\"der-Schulbedarf.shop\" \/>\n<meta property=\"article:modified_time\" content=\"2024-11-26T13:31:09+00:00\" \/>\n<meta property=\"og:image\" content=\"https:\/\/der-schulbedarf.shop\/wp-content\/uploads\/2023\/05\/Kinder-memory-\u00ae-2-1.webp\" \/>\n\t<meta property=\"og:image:width\" content=\"1003\" \/>\n\t<meta property=\"og:image:height\" content=\"1003\" \/>\n\t<meta property=\"og:image:type\" content=\"image\/webp\" \/>\n<meta name=\"twitter:card\" content=\"summary_large_image\" \/>\n<meta name=\"twitter:label1\" content=\"Gesch\u00e4tzte Lesezeit\" \/>\n\t<meta name=\"twitter:data1\" content=\"1\u00a0Minute\" \/>\n<script type=\"application\/ld+json\" class=\"yoast-schema-graph\">{\"@context\":\"https:\/\/schema.org\",\"@graph\":[{\"@type\":\"WebPage\",\"@id\":\"https:\/\/der-schulbedarf.shop\/produkt-des-monats\/produkt\/ravensburger-kinder-memory\/\",\"url\":\"https:\/\/der-schulbedarf.shop\/produkt-des-monats\/produkt\/ravensburger-kinder-memory\/\",\"name\":\"Ravensburger Kinder memory \u00ae - der-Schulbedarf.shop\",\"isPartOf\":{\"@id\":\"https:\/\/der-schulbedarf.shop\/produkt-des-monats\/#website\"},\"primaryImageOfPage\":{\"@id\":\"https:\/\/der-schulbedarf.shop\/produkt-des-monats\/produkt\/ravensburger-kinder-memory\/#primaryimage\"},\"image\":{\"@id\":\"https:\/\/der-schulbedarf.shop\/produkt-des-monats\/produkt\/ravensburger-kinder-memory\/#primaryimage\"},\"thumbnailUrl\":\"https:\/\/der-schulbedarf.shop\/wp-content\/uploads\/2023\/05\/Kinder-memory-\u00ae-2-1.webp\",\"datePublished\":\"2023-05-13T06:25:52+00:00\",\"dateModified\":\"2024-11-26T13:31:09+00:00\",\"description\":\"Beim Ravensburger Kindermemory \u00ae erscheint hier ein Geist und dort ein bunter Fisch. Das Ziel des Spiels ist es, die meisten Kartenpaare zu gewinnen. Dazu m\u00fcssen sich die Spieler gut merken, wo sich die beiden Karten mit dem gleichen Bild befinden. Wer ein passendes Kartenpaar aufdeckt, darf es behalten und 2 weitere Karten aufdecken. Wer am Ende die meisten Paare gesammelt hat, gewinnt das Spiel\",\"breadcrumb\":{\"@id\":\"https:\/\/der-schulbedarf.shop\/produkt-des-monats\/produkt\/ravensburger-kinder-memory\/#breadcrumb\"},\"inLanguage\":\"de\",\"potentialAction\":[{\"@type\":\"ReadAction\",\"target\":[\"https:\/\/der-schulbedarf.shop\/produkt-des-monats\/produkt\/ravensburger-kinder-memory\/\"]}]},{\"@type\":\"ImageObject\",\"inLanguage\":\"de\",\"@id\":\"https:\/\/der-schulbedarf.shop\/produkt-des-monats\/produkt\/ravensburger-kinder-memory\/#primaryimage\",\"url\":\"https:\/\/der-schulbedarf.shop\/wp-content\/uploads\/2023\/05\/Kinder-memory-\u00ae-2-1.webp\",\"contentUrl\":\"https:\/\/der-schulbedarf.shop\/wp-content\/uploads\/2023\/05\/Kinder-memory-\u00ae-2-1.webp\",\"width\":1003,\"height\":1003,\"caption\":\"kinder memory\"},{\"@type\":\"BreadcrumbList\",\"@id\":\"https:\/\/der-schulbedarf.shop\/produkt-des-monats\/produkt\/ravensburger-kinder-memory\/#breadcrumb\",\"itemListElement\":[{\"@type\":\"ListItem\",\"position\":1,\"name\":\"Shop\",\"item\":\"https:\/\/der-schulbedarf.shop\/produkt-des-monats\/shop\/\"},{\"@type\":\"ListItem\",\"position\":2,\"name\":\"Ravensburger Kinder memory \u00ae\"}]},{\"@type\":\"WebSite\",\"@id\":\"https:\/\/der-schulbedarf.shop\/produkt-des-monats\/#website\",\"url\":\"https:\/\/der-schulbedarf.shop\/produkt-des-monats\/\",\"name\":\"der-Schulbedarf.shop\",\"description\":\"\",\"publisher\":{\"@id\":\"https:\/\/der-schulbedarf.shop\/produkt-des-monats\/#organization\"},\"potentialAction\":[{\"@type\":\"SearchAction\",\"target\":{\"@type\":\"EntryPoint\",\"urlTemplate\":\"https:\/\/der-schulbedarf.shop\/produkt-des-monats\/?s={search_term_string}\"},\"query-input\":{\"@type\":\"PropertyValueSpecification\",\"valueRequired\":true,\"valueName\":\"search_term_string\"}}],\"inLanguage\":\"de\"},{\"@type\":\"Organization\",\"@id\":\"https:\/\/der-schulbedarf.shop\/produkt-des-monats\/#organization\",\"name\":\"der-Schulbedarf.shop\",\"url\":\"https:\/\/der-schulbedarf.shop\/produkt-des-monats\/\",\"logo\":{\"@type\":\"ImageObject\",\"inLanguage\":\"de\",\"@id\":\"https:\/\/der-schulbedarf.shop\/produkt-des-monats\/#\/schema\/logo\/image\/\",\"url\":\"https:\/\/der-schulbedarf.shop\/wp-content\/uploads\/2024\/02\/grafik-e1709551115899.png\",\"contentUrl\":\"https:\/\/der-schulbedarf.shop\/wp-content\/uploads\/2024\/02\/grafik-e1709551115899.png\",\"width\":80,\"height\":80,\"caption\":\"der-Schulbedarf.shop\"},\"image\":{\"@id\":\"https:\/\/der-schulbedarf.shop\/produkt-des-monats\/#\/schema\/logo\/image\/\"}}]}<\/script>\n<!-- \/ Yoast SEO plugin. -->","yoast_head_json":{"title":"Ravensburger Kinder memory \u00ae - der-Schulbedarf.shop","description":"Beim Ravensburger Kindermemory \u00ae erscheint hier ein Geist und dort ein bunter Fisch. Das Ziel des Spiels ist es, die meisten Kartenpaare zu gewinnen. Dazu m\u00fcssen sich die Spieler gut merken, wo sich die beiden Karten mit dem gleichen Bild befinden. Wer ein passendes Kartenpaar aufdeckt, darf es behalten und 2 weitere Karten aufdecken. Wer am Ende die meisten Paare gesammelt hat, gewinnt das Spiel","robots":{"index":"index","follow":"follow","max-snippet":"max-snippet:-1","max-image-preview":"max-image-preview:large","max-video-preview":"max-video-preview:-1"},"canonical":"https:\/\/der-schulbedarf.shop\/produkt-des-monats\/produkt\/ravensburger-kinder-memory\/","og_locale":"de_DE","og_type":"article","og_title":"Ravensburger Kinder memory \u00ae - der-Schulbedarf.shop","og_description":"Beim Ravensburger Kindermemory \u00ae erscheint hier ein Geist und dort ein bunter Fisch. Das Ziel des Spiels ist es, die meisten Kartenpaare zu gewinnen. Dazu m\u00fcssen sich die Spieler gut merken, wo sich die beiden Karten mit dem gleichen Bild befinden. Wer ein passendes Kartenpaar aufdeckt, darf es behalten und 2 weitere Karten aufdecken. Wer am Ende die meisten Paare gesammelt hat, gewinnt das Spiel","og_url":"https:\/\/der-schulbedarf.shop\/produkt-des-monats\/produkt\/ravensburger-kinder-memory\/","og_site_name":"der-Schulbedarf.shop","article_modified_time":"2024-11-26T13:31:09+00:00","og_image":[{"width":1003,"height":1003,"url":"https:\/\/der-schulbedarf.shop\/wp-content\/uploads\/2023\/05\/Kinder-memory-\u00ae-2-1.webp","type":"image\/webp"}],"twitter_card":"summary_large_image","twitter_misc":{"Gesch\u00e4tzte Lesezeit":"1\u00a0Minute"},"schema":{"@context":"https:\/\/schema.org","@graph":[{"@type":"WebPage","@id":"https:\/\/der-schulbedarf.shop\/produkt-des-monats\/produkt\/ravensburger-kinder-memory\/","url":"https:\/\/der-schulbedarf.shop\/produkt-des-monats\/produkt\/ravensburger-kinder-memory\/","name":"Ravensburger Kinder memory \u00ae - der-Schulbedarf.shop","isPartOf":{"@id":"https:\/\/der-schulbedarf.shop\/produkt-des-monats\/#website"},"primaryImageOfPage":{"@id":"https:\/\/der-schulbedarf.shop\/produkt-des-monats\/produkt\/ravensburger-kinder-memory\/#primaryimage"},"image":{"@id":"https:\/\/der-schulbedarf.shop\/produkt-des-monats\/produkt\/ravensburger-kinder-memory\/#primaryimage"},"thumbnailUrl":"https:\/\/der-schulbedarf.shop\/wp-content\/uploads\/2023\/05\/Kinder-memory-\u00ae-2-1.webp","datePublished":"2023-05-13T06:25:52+00:00","dateModified":"2024-11-26T13:31:09+00:00","description":"Beim Ravensburger Kindermemory \u00ae erscheint hier ein Geist und dort ein bunter Fisch. Das Ziel des Spiels ist es, die meisten Kartenpaare zu gewinnen. Dazu m\u00fcssen sich die Spieler gut merken, wo sich die beiden Karten mit dem gleichen Bild befinden. Wer ein passendes Kartenpaar aufdeckt, darf es behalten und 2 weitere Karten aufdecken. Wer am Ende die meisten Paare gesammelt hat, gewinnt das Spiel","breadcrumb":{"@id":"https:\/\/der-schulbedarf.shop\/produkt-des-monats\/produkt\/ravensburger-kinder-memory\/#breadcrumb"},"inLanguage":"de","potentialAction":[{"@type":"ReadAction","target":["https:\/\/der-schulbedarf.shop\/produkt-des-monats\/produkt\/ravensburger-kinder-memory\/"]}]},{"@type":"ImageObject","inLanguage":"de","@id":"https:\/\/der-schulbedarf.shop\/produkt-des-monats\/produkt\/ravensburger-kinder-memory\/#primaryimage","url":"https:\/\/der-schulbedarf.shop\/wp-content\/uploads\/2023\/05\/Kinder-memory-\u00ae-2-1.webp","contentUrl":"https:\/\/der-schulbedarf.shop\/wp-content\/uploads\/2023\/05\/Kinder-memory-\u00ae-2-1.webp","width":1003,"height":1003,"caption":"kinder memory"},{"@type":"BreadcrumbList","@id":"https:\/\/der-schulbedarf.shop\/produkt-des-monats\/produkt\/ravensburger-kinder-memory\/#breadcrumb","itemListElement":[{"@type":"ListItem","position":1,"name":"Shop","item":"https:\/\/der-schulbedarf.shop\/produkt-des-monats\/shop\/"},{"@type":"ListItem","position":2,"name":"Ravensburger Kinder memory \u00ae"}]},{"@type":"WebSite","@id":"https:\/\/der-schulbedarf.shop\/produkt-des-monats\/#website","url":"https:\/\/der-schulbedarf.shop\/produkt-des-monats\/","name":"der-Schulbedarf.shop","description":"","publisher":{"@id":"https:\/\/der-schulbedarf.shop\/produkt-des-monats\/#organization"},"potentialAction":[{"@type":"SearchAction","target":{"@type":"EntryPoint","urlTemplate":"https:\/\/der-schulbedarf.shop\/produkt-des-monats\/?s={search_term_string}"},"query-input":{"@type":"PropertyValueSpecification","valueRequired":true,"valueName":"search_term_string"}}],"inLanguage":"de"},{"@type":"Organization","@id":"https:\/\/der-schulbedarf.shop\/produkt-des-monats\/#organization","name":"der-Schulbedarf.shop","url":"https:\/\/der-schulbedarf.shop\/produkt-des-monats\/","logo":{"@type":"ImageObject","inLanguage":"de","@id":"https:\/\/der-schulbedarf.shop\/produkt-des-monats\/#\/schema\/logo\/image\/","url":"https:\/\/der-schulbedarf.shop\/wp-content\/uploads\/2024\/02\/grafik-e1709551115899.png","contentUrl":"https:\/\/der-schulbedarf.shop\/wp-content\/uploads\/2024\/02\/grafik-e1709551115899.png","width":80,"height":80,"caption":"der-Schulbedarf.shop"},"image":{"@id":"https:\/\/der-schulbedarf.shop\/produkt-des-monats\/#\/schema\/logo\/image\/"}}]}},"_links":{"self":[{"href":"https:\/\/der-schulbedarf.shop\/produkt-des-monats\/wp-json\/wp\/v2\/product\/600","targetHints":{"allow":["GET"]}}],"collection":[{"href":"https:\/\/der-schulbedarf.shop\/produkt-des-monats\/wp-json\/wp\/v2\/product"}],"about":[{"href":"https:\/\/der-schulbedarf.shop\/produkt-des-monats\/wp-json\/wp\/v2\/types\/product"}],"replies":[{"embeddable":true,"href":"https:\/\/der-schulbedarf.shop\/produkt-des-monats\/wp-json\/wp\/v2\/comments?post=600"}],"wp:featuredmedia":[{"embeddable":true,"href":"https:\/\/der-schulbedarf.shop\/produkt-des-monats\/wp-json\/wp\/v2\/media\/1102"}],"wp:attachment":[{"href":"https:\/\/der-schulbedarf.shop\/produkt-des-monats\/wp-json\/wp\/v2\/media?parent=600"}],"wp:term":[{"taxonomy":"product_cat","embeddable":true,"href":"https:\/\/der-schulbedarf.shop\/produkt-des-monats\/wp-json\/wp\/v2\/product_cat?post=600"},{"taxonomy":"product_tag","embeddable":true,"href":"https:\/\/der-schulbedarf.shop\/produkt-des-monats\/wp-json\/wp\/v2\/product_tag?post=600"}],"curies":[{"name":"wp","href":"https:\/\/api.w.org\/{rel}","templated":true}]}}