{"id":617,"date":"2023-05-14T02:19:11","date_gmt":"2023-05-14T02:19:11","guid":{"rendered":"https:\/\/der-schulbedarf.Shop\/?post_type=product&#038;p=617"},"modified":"2024-08-30T06:25:19","modified_gmt":"2024-08-30T06:25:19","slug":"tiptoi-puzzle-fuer-kleine-entdecker-zoo","status":"publish","type":"product","link":"https:\/\/der-schulbedarf.shop\/produkt-des-monats\/produkt\/tiptoi-puzzle-fuer-kleine-entdecker-zoo\/","title":{"rendered":"tiptoi\u00ae Puzzle f\u00fcr kleine Entdecker: Zoo"},"content":{"rendered":"<p>Ausflug in den Zoo! Welche Tiere gibt es im Zoo? Und was fressen die Tiere? Wenn das Puzzle zusammengesetzt ist, gehen die Spieler mit tiptoi auf Entdeckungsreise. Dabei erfahren sie interessantes Wissen \u00fcber Affen, L\u00f6wen und Co. und lernen die Tierpfleger kennen. Realistische Ger\u00e4usche und spannende Spiele runden das Puzzle-Erlebnis ab. Der Puzzlespa\u00df im Doppelpack mit 2&#215;12 Teilen f\u00f6rdert zudem die Motorik und die Konzentration.<\/p>\n<p>Tippen, spielen, lernen! tiptoi macht B\u00fccher und Spiele lebendig. Tippen die Kinder mit dem Stift auf Bilder und Texte, erklingen Ger\u00e4usche, Sprache und Musik. So macht Lernen richtig Spa\u00df! Das tiptoi-Sortiment umfasst B\u00fccher und Spiele mit den wichtigsten Lern- und Wissensthemen f\u00fcr Kinder ab 2 Jahren. Die Audiodateien l\u00e4dt man einfach, sicher und schnell \u00fcber den tiptoi Manager oder die optional erh\u00e4ltliche Ladestation auf den Stift.<\/p>\n<p>tiptoi-Stift nicht enthalten. Muss separat erworben werden.<\/p>\n","protected":false},"excerpt":{"rendered":"<p>Ausflug in den Zoo! Welche Tiere gibt es im Zoo? Und was fressen die Tiere? Wenn das Puzzle zusammengesetzt ist, gehen die Spieler mit tiptoi auf Entdeckungsreise. Dabei erfahren sie interessantes Wissen \u00fcber Affen, L\u00f6wen und Co. und lernen die Tierpfleger kennen. Realistische Ger\u00e4usche und spannende Spiele runden das Puzzle-Erlebnis ab. Der Puzzlespa\u00df im Doppelpack [&hellip;]<\/p>\n","protected":false},"featured_media":1396,"comment_status":"open","ping_status":"closed","template":"","meta":[],"product_cat":[34,1064,1063,885,39,1028],"product_tag":[1044,111,113,882,151,932,150,138,167,142,1046,681],"class_list":{"0":"post-617","1":"product","2":"type-product","3":"status-publish","4":"has-post-thumbnail","6":"product_cat-kinderspielzeug","7":"product_cat-kleinkinder","8":"product_cat-puzzle","9":"product_cat-spielwaren","10":"product_cat-tiptoi","11":"product_cat-vorschulalter","12":"product_tag-ab-2-jahren","13":"product_tag-beschaeftigung","14":"product_tag-geschenk","15":"product_tag-kleinkinder","16":"product_tag-puzzle","17":"product_tag-raubtiere","18":"product_tag-spielen","19":"product_tag-spielzeug","20":"product_tag-tiere","21":"product_tag-tiptoi","22":"product_tag-vorschulalter","23":"product_tag-zoo","24":"post","25":"post-with-thumbnail","26":"post-with-thumbnail-large","28":"first","29":"instock","30":"taxable","31":"shipping-taxable","32":"purchasable","33":"product-type-simple"},"yoast_head":"<!-- This site is optimized with the Yoast SEO plugin v26.6 - https:\/\/yoast.com\/wordpress\/plugins\/seo\/ -->\n<title>tiptoi\u00ae Puzzle f\u00fcr kleine Entdecker: Zoo - der-Schulbedarf.shop<\/title>\n<meta name=\"description\" content=\"Ausflug in den Zoo! Welche Tiere gibt es im Zoo? Und was fressen die Tiere? P\u00e4dagogisches Lernen. F\u00f6rdert die Konzentration. F\u00fcr Kinder ab 2 . Preis 11,89\u20ac\" \/>\n<meta name=\"robots\" content=\"index, follow, max-snippet:-1, max-image-preview:large, max-video-preview:-1\" \/>\n<link rel=\"canonical\" href=\"https:\/\/der-schulbedarf.shop\/produkt-des-monats\/produkt\/tiptoi-puzzle-fuer-kleine-entdecker-zoo\/\" \/>\n<meta property=\"og:locale\" content=\"de_DE\" \/>\n<meta property=\"og:type\" content=\"article\" \/>\n<meta property=\"og:title\" content=\"tiptoi\u00ae Puzzle f\u00fcr kleine Entdecker: Zoo - der-Schulbedarf.shop\" \/>\n<meta property=\"og:description\" content=\"Ausflug in den Zoo! Welche Tiere gibt es im Zoo? Und was fressen die Tiere? P\u00e4dagogisches Lernen. F\u00f6rdert die Konzentration. F\u00fcr Kinder ab 2 . Preis 11,89\u20ac\" \/>\n<meta property=\"og:url\" content=\"https:\/\/der-schulbedarf.shop\/produkt-des-monats\/produkt\/tiptoi-puzzle-fuer-kleine-entdecker-zoo\/\" \/>\n<meta property=\"og:site_name\" content=\"der-Schulbedarf.shop\" \/>\n<meta property=\"article:modified_time\" content=\"2024-08-30T06:25:19+00:00\" \/>\n<meta property=\"og:image\" content=\"https:\/\/der-schulbedarf.shop\/wp-content\/uploads\/2023\/05\/Ausflug-in-den-Zoo.webp\" \/>\n\t<meta property=\"og:image:width\" content=\"1024\" \/>\n\t<meta property=\"og:image:height\" content=\"759\" \/>\n\t<meta property=\"og:image:type\" content=\"image\/webp\" \/>\n<meta name=\"twitter:card\" content=\"summary_large_image\" \/>\n<meta name=\"twitter:label1\" content=\"Gesch\u00e4tzte Lesezeit\" \/>\n\t<meta name=\"twitter:data1\" content=\"1\u00a0Minute\" \/>\n<script type=\"application\/ld+json\" class=\"yoast-schema-graph\">{\"@context\":\"https:\/\/schema.org\",\"@graph\":[{\"@type\":\"WebPage\",\"@id\":\"https:\/\/der-schulbedarf.shop\/produkt-des-monats\/produkt\/tiptoi-puzzle-fuer-kleine-entdecker-zoo\/\",\"url\":\"https:\/\/der-schulbedarf.shop\/produkt-des-monats\/produkt\/tiptoi-puzzle-fuer-kleine-entdecker-zoo\/\",\"name\":\"tiptoi\u00ae Puzzle f\u00fcr kleine Entdecker: Zoo - der-Schulbedarf.shop\",\"isPartOf\":{\"@id\":\"https:\/\/der-schulbedarf.shop\/produkt-des-monats\/#website\"},\"primaryImageOfPage\":{\"@id\":\"https:\/\/der-schulbedarf.shop\/produkt-des-monats\/produkt\/tiptoi-puzzle-fuer-kleine-entdecker-zoo\/#primaryimage\"},\"image\":{\"@id\":\"https:\/\/der-schulbedarf.shop\/produkt-des-monats\/produkt\/tiptoi-puzzle-fuer-kleine-entdecker-zoo\/#primaryimage\"},\"thumbnailUrl\":\"https:\/\/der-schulbedarf.shop\/wp-content\/uploads\/2023\/05\/Ausflug-in-den-Zoo.webp\",\"datePublished\":\"2023-05-14T02:19:11+00:00\",\"dateModified\":\"2024-08-30T06:25:19+00:00\",\"description\":\"Ausflug in den Zoo! Welche Tiere gibt es im Zoo? Und was fressen die Tiere? P\u00e4dagogisches Lernen. F\u00f6rdert die Konzentration. F\u00fcr Kinder ab 2 . Preis 11,89\u20ac\",\"breadcrumb\":{\"@id\":\"https:\/\/der-schulbedarf.shop\/produkt-des-monats\/produkt\/tiptoi-puzzle-fuer-kleine-entdecker-zoo\/#breadcrumb\"},\"inLanguage\":\"de\",\"potentialAction\":[{\"@type\":\"ReadAction\",\"target\":[\"https:\/\/der-schulbedarf.shop\/produkt-des-monats\/produkt\/tiptoi-puzzle-fuer-kleine-entdecker-zoo\/\"]}]},{\"@type\":\"ImageObject\",\"inLanguage\":\"de\",\"@id\":\"https:\/\/der-schulbedarf.shop\/produkt-des-monats\/produkt\/tiptoi-puzzle-fuer-kleine-entdecker-zoo\/#primaryimage\",\"url\":\"https:\/\/der-schulbedarf.shop\/wp-content\/uploads\/2023\/05\/Ausflug-in-den-Zoo.webp\",\"contentUrl\":\"https:\/\/der-schulbedarf.shop\/wp-content\/uploads\/2023\/05\/Ausflug-in-den-Zoo.webp\",\"width\":1024,\"height\":759,\"caption\":\"Zoo\"},{\"@type\":\"BreadcrumbList\",\"@id\":\"https:\/\/der-schulbedarf.shop\/produkt-des-monats\/produkt\/tiptoi-puzzle-fuer-kleine-entdecker-zoo\/#breadcrumb\",\"itemListElement\":[{\"@type\":\"ListItem\",\"position\":1,\"name\":\"Shop\",\"item\":\"https:\/\/der-schulbedarf.shop\/produkt-des-monats\/shop\/\"},{\"@type\":\"ListItem\",\"position\":2,\"name\":\"tiptoi\u00ae Puzzle f\u00fcr kleine Entdecker: Zoo\"}]},{\"@type\":\"WebSite\",\"@id\":\"https:\/\/der-schulbedarf.shop\/produkt-des-monats\/#website\",\"url\":\"https:\/\/der-schulbedarf.shop\/produkt-des-monats\/\",\"name\":\"der-Schulbedarf.shop\",\"description\":\"\",\"publisher\":{\"@id\":\"https:\/\/der-schulbedarf.shop\/produkt-des-monats\/#organization\"},\"potentialAction\":[{\"@type\":\"SearchAction\",\"target\":{\"@type\":\"EntryPoint\",\"urlTemplate\":\"https:\/\/der-schulbedarf.shop\/produkt-des-monats\/?s={search_term_string}\"},\"query-input\":{\"@type\":\"PropertyValueSpecification\",\"valueRequired\":true,\"valueName\":\"search_term_string\"}}],\"inLanguage\":\"de\"},{\"@type\":\"Organization\",\"@id\":\"https:\/\/der-schulbedarf.shop\/produkt-des-monats\/#organization\",\"name\":\"der-Schulbedarf.shop\",\"url\":\"https:\/\/der-schulbedarf.shop\/produkt-des-monats\/\",\"logo\":{\"@type\":\"ImageObject\",\"inLanguage\":\"de\",\"@id\":\"https:\/\/der-schulbedarf.shop\/produkt-des-monats\/#\/schema\/logo\/image\/\",\"url\":\"https:\/\/der-schulbedarf.shop\/wp-content\/uploads\/2024\/02\/grafik-e1709551115899.png\",\"contentUrl\":\"https:\/\/der-schulbedarf.shop\/wp-content\/uploads\/2024\/02\/grafik-e1709551115899.png\",\"width\":80,\"height\":80,\"caption\":\"der-Schulbedarf.shop\"},\"image\":{\"@id\":\"https:\/\/der-schulbedarf.shop\/produkt-des-monats\/#\/schema\/logo\/image\/\"}}]}<\/script>\n<!-- \/ Yoast SEO plugin. -->","yoast_head_json":{"title":"tiptoi\u00ae Puzzle f\u00fcr kleine Entdecker: Zoo - der-Schulbedarf.shop","description":"Ausflug in den Zoo! Welche Tiere gibt es im Zoo? Und was fressen die Tiere? P\u00e4dagogisches Lernen. F\u00f6rdert die Konzentration. F\u00fcr Kinder ab 2 . Preis 11,89\u20ac","robots":{"index":"index","follow":"follow","max-snippet":"max-snippet:-1","max-image-preview":"max-image-preview:large","max-video-preview":"max-video-preview:-1"},"canonical":"https:\/\/der-schulbedarf.shop\/produkt-des-monats\/produkt\/tiptoi-puzzle-fuer-kleine-entdecker-zoo\/","og_locale":"de_DE","og_type":"article","og_title":"tiptoi\u00ae Puzzle f\u00fcr kleine Entdecker: Zoo - der-Schulbedarf.shop","og_description":"Ausflug in den Zoo! Welche Tiere gibt es im Zoo? Und was fressen die Tiere? P\u00e4dagogisches Lernen. F\u00f6rdert die Konzentration. F\u00fcr Kinder ab 2 . Preis 11,89\u20ac","og_url":"https:\/\/der-schulbedarf.shop\/produkt-des-monats\/produkt\/tiptoi-puzzle-fuer-kleine-entdecker-zoo\/","og_site_name":"der-Schulbedarf.shop","article_modified_time":"2024-08-30T06:25:19+00:00","og_image":[{"width":1024,"height":759,"url":"https:\/\/der-schulbedarf.shop\/wp-content\/uploads\/2023\/05\/Ausflug-in-den-Zoo.webp","type":"image\/webp"}],"twitter_card":"summary_large_image","twitter_misc":{"Gesch\u00e4tzte Lesezeit":"1\u00a0Minute"},"schema":{"@context":"https:\/\/schema.org","@graph":[{"@type":"WebPage","@id":"https:\/\/der-schulbedarf.shop\/produkt-des-monats\/produkt\/tiptoi-puzzle-fuer-kleine-entdecker-zoo\/","url":"https:\/\/der-schulbedarf.shop\/produkt-des-monats\/produkt\/tiptoi-puzzle-fuer-kleine-entdecker-zoo\/","name":"tiptoi\u00ae Puzzle f\u00fcr kleine Entdecker: Zoo - der-Schulbedarf.shop","isPartOf":{"@id":"https:\/\/der-schulbedarf.shop\/produkt-des-monats\/#website"},"primaryImageOfPage":{"@id":"https:\/\/der-schulbedarf.shop\/produkt-des-monats\/produkt\/tiptoi-puzzle-fuer-kleine-entdecker-zoo\/#primaryimage"},"image":{"@id":"https:\/\/der-schulbedarf.shop\/produkt-des-monats\/produkt\/tiptoi-puzzle-fuer-kleine-entdecker-zoo\/#primaryimage"},"thumbnailUrl":"https:\/\/der-schulbedarf.shop\/wp-content\/uploads\/2023\/05\/Ausflug-in-den-Zoo.webp","datePublished":"2023-05-14T02:19:11+00:00","dateModified":"2024-08-30T06:25:19+00:00","description":"Ausflug in den Zoo! Welche Tiere gibt es im Zoo? Und was fressen die Tiere? P\u00e4dagogisches Lernen. F\u00f6rdert die Konzentration. F\u00fcr Kinder ab 2 . Preis 11,89\u20ac","breadcrumb":{"@id":"https:\/\/der-schulbedarf.shop\/produkt-des-monats\/produkt\/tiptoi-puzzle-fuer-kleine-entdecker-zoo\/#breadcrumb"},"inLanguage":"de","potentialAction":[{"@type":"ReadAction","target":["https:\/\/der-schulbedarf.shop\/produkt-des-monats\/produkt\/tiptoi-puzzle-fuer-kleine-entdecker-zoo\/"]}]},{"@type":"ImageObject","inLanguage":"de","@id":"https:\/\/der-schulbedarf.shop\/produkt-des-monats\/produkt\/tiptoi-puzzle-fuer-kleine-entdecker-zoo\/#primaryimage","url":"https:\/\/der-schulbedarf.shop\/wp-content\/uploads\/2023\/05\/Ausflug-in-den-Zoo.webp","contentUrl":"https:\/\/der-schulbedarf.shop\/wp-content\/uploads\/2023\/05\/Ausflug-in-den-Zoo.webp","width":1024,"height":759,"caption":"Zoo"},{"@type":"BreadcrumbList","@id":"https:\/\/der-schulbedarf.shop\/produkt-des-monats\/produkt\/tiptoi-puzzle-fuer-kleine-entdecker-zoo\/#breadcrumb","itemListElement":[{"@type":"ListItem","position":1,"name":"Shop","item":"https:\/\/der-schulbedarf.shop\/produkt-des-monats\/shop\/"},{"@type":"ListItem","position":2,"name":"tiptoi\u00ae Puzzle f\u00fcr kleine Entdecker: Zoo"}]},{"@type":"WebSite","@id":"https:\/\/der-schulbedarf.shop\/produkt-des-monats\/#website","url":"https:\/\/der-schulbedarf.shop\/produkt-des-monats\/","name":"der-Schulbedarf.shop","description":"","publisher":{"@id":"https:\/\/der-schulbedarf.shop\/produkt-des-monats\/#organization"},"potentialAction":[{"@type":"SearchAction","target":{"@type":"EntryPoint","urlTemplate":"https:\/\/der-schulbedarf.shop\/produkt-des-monats\/?s={search_term_string}"},"query-input":{"@type":"PropertyValueSpecification","valueRequired":true,"valueName":"search_term_string"}}],"inLanguage":"de"},{"@type":"Organization","@id":"https:\/\/der-schulbedarf.shop\/produkt-des-monats\/#organization","name":"der-Schulbedarf.shop","url":"https:\/\/der-schulbedarf.shop\/produkt-des-monats\/","logo":{"@type":"ImageObject","inLanguage":"de","@id":"https:\/\/der-schulbedarf.shop\/produkt-des-monats\/#\/schema\/logo\/image\/","url":"https:\/\/der-schulbedarf.shop\/wp-content\/uploads\/2024\/02\/grafik-e1709551115899.png","contentUrl":"https:\/\/der-schulbedarf.shop\/wp-content\/uploads\/2024\/02\/grafik-e1709551115899.png","width":80,"height":80,"caption":"der-Schulbedarf.shop"},"image":{"@id":"https:\/\/der-schulbedarf.shop\/produkt-des-monats\/#\/schema\/logo\/image\/"}}]}},"_links":{"self":[{"href":"https:\/\/der-schulbedarf.shop\/produkt-des-monats\/wp-json\/wp\/v2\/product\/617","targetHints":{"allow":["GET"]}}],"collection":[{"href":"https:\/\/der-schulbedarf.shop\/produkt-des-monats\/wp-json\/wp\/v2\/product"}],"about":[{"href":"https:\/\/der-schulbedarf.shop\/produkt-des-monats\/wp-json\/wp\/v2\/types\/product"}],"replies":[{"embeddable":true,"href":"https:\/\/der-schulbedarf.shop\/produkt-des-monats\/wp-json\/wp\/v2\/comments?post=617"}],"wp:featuredmedia":[{"embeddable":true,"href":"https:\/\/der-schulbedarf.shop\/produkt-des-monats\/wp-json\/wp\/v2\/media\/1396"}],"wp:attachment":[{"href":"https:\/\/der-schulbedarf.shop\/produkt-des-monats\/wp-json\/wp\/v2\/media?parent=617"}],"wp:term":[{"taxonomy":"product_cat","embeddable":true,"href":"https:\/\/der-schulbedarf.shop\/produkt-des-monats\/wp-json\/wp\/v2\/product_cat?post=617"},{"taxonomy":"product_tag","embeddable":true,"href":"https:\/\/der-schulbedarf.shop\/produkt-des-monats\/wp-json\/wp\/v2\/product_tag?post=617"}],"curies":[{"name":"wp","href":"https:\/\/api.w.org\/{rel}","templated":true}]}}