{"id":622,"date":"2023-05-14T02:37:43","date_gmt":"2023-05-14T02:37:43","guid":{"rendered":"https:\/\/der-schulbedarf.Shop\/?post_type=product&#038;p=622"},"modified":"2025-07-01T10:29:26","modified_gmt":"2025-07-01T10:29:26","slug":"tiptoi-puzzle-fuer-kleine-entdecker-feuerwehrmann-sam","status":"publish","type":"product","link":"https:\/\/der-schulbedarf.shop\/produkt-des-monats\/produkt\/tiptoi-puzzle-fuer-kleine-entdecker-feuerwehrmann-sam\/","title":{"rendered":"tiptoi\u00ae Puzzle f\u00fcr kleine Entdecker: Feuerwehrmann Sam"},"content":{"rendered":"<p>Ist das Puzzle fertig gelegt, tauchen die Kinder mit dem tiptoi-Stift in die Welt von Feuerwehrmann Sam ein. Rund um die tapferen Retter aus Pontypandy und ihre Einsatzfahrzeuge gibt es jede Menge zu entdecken. Unz\u00e4hlige Ger\u00e4usche machen die Szenerie lebendig und der pfiffige Sam gibt viele hilfreiche Tipps. Au\u00dferdem versteckt sich in jedem Puzzle ein spannendes Suchspiel. Der Puzzlespa\u00df im Doppelpack mit 2&#215;24 Teilen f\u00f6rdert die Motorik und die Konzentration.<\/p>\n<p>Schon die beiden Puzzle-Motive alleine lassen die Herzen der Fans von Feuerwehrmann Sam h\u00f6her schlagen. Dass die Kinder nach dem zusammenpuzzeln mit dem tiptoi-Stift in die Welt ihres Helden eintauchen k\u00f6nnen ist einzigartig. Neben den original Stimmen und Ger\u00e4uschen aus der Serie gibt es spannendes Hintergrundwissen zu den Rettern und ihren Fahrzeugen.<\/p>\n<p>Tippen, spielen, lernen! tiptoi macht B\u00fccher und Spiele lebendig. Tippen die Kinder mit dem Stift auf Bilder und Texte, erklingen Ger\u00e4usche, Sprache und Musik. So macht Lernen richtig Spa\u00df! Das tiptoi-Sortiment umfasst B\u00fccher und Spiele mit den wichtigsten Lern- und Wissensthemen f\u00fcr Kinder ab 2 Jahren. Die Audiodateien l\u00e4dt man einfach, sicher und schnell \u00fcber den tiptoi Manager oder die optional erh\u00e4ltliche Ladestation auf den Stift.<\/p>\n<p>tiptoi-Stift nicht enthalten. Muss separat erworben werden.<\/p>\n","protected":false},"excerpt":{"rendered":"<p>Ist das Puzzle fertig gelegt, tauchen die Kinder mit dem tiptoi-Stift in die Welt von Feuerwehrmann Sam ein. Rund um die tapferen Retter aus Pontypandy und ihre Einsatzfahrzeuge gibt es jede Menge zu entdecken. Unz\u00e4hlige Ger\u00e4usche machen die Szenerie lebendig und der pfiffige Sam gibt viele hilfreiche Tipps. Au\u00dferdem versteckt sich in jedem Puzzle ein [&hellip;]<\/p>\n","protected":false},"featured_media":1345,"comment_status":"open","ping_status":"closed","template":"","meta":[],"product_cat":[34,1064,1063,885,39,1028],"product_tag":[1044,111,147,113,882,151,150,138,142,1046],"class_list":{"0":"post-622","1":"product","2":"type-product","3":"status-publish","4":"has-post-thumbnail","6":"product_cat-kinderspielzeug","7":"product_cat-kleinkinder","8":"product_cat-puzzle","9":"product_cat-spielwaren","10":"product_cat-tiptoi","11":"product_cat-vorschulalter","12":"product_tag-ab-2-jahren","13":"product_tag-beschaeftigung","14":"product_tag-feuerwehr","15":"product_tag-geschenk","16":"product_tag-kleinkinder","17":"product_tag-puzzle","18":"product_tag-spielen","19":"product_tag-spielzeug","20":"product_tag-tiptoi","21":"product_tag-vorschulalter","22":"post","23":"post-with-thumbnail","24":"post-with-thumbnail-large","26":"first","27":"outofstock","28":"taxable","29":"shipping-taxable","30":"purchasable","31":"product-type-simple"},"yoast_head":"<!-- This site is optimized with the Yoast SEO plugin v26.6 - https:\/\/yoast.com\/wordpress\/plugins\/seo\/ -->\n<title>tiptoi\u00ae Puzzle f\u00fcr kleine Entdecker: Feuerwehrmann Sam - der-Schulbedarf.shop<\/title>\n<meta name=\"description\" content=\"Die Welt von Feuerwehrmann Sam. Mit spannendem Suchspiel. P\u00e4dagogisches Lernen f\u00fcr Kinder ab 2 Jahren. F\u00f6rdert die Motorik und Konzentration. Preis 11,95\u20ac\" \/>\n<meta name=\"robots\" content=\"index, follow, max-snippet:-1, max-image-preview:large, max-video-preview:-1\" \/>\n<link rel=\"canonical\" href=\"https:\/\/der-schulbedarf.shop\/produkt-des-monats\/produkt\/tiptoi-puzzle-fuer-kleine-entdecker-feuerwehrmann-sam\/\" \/>\n<meta property=\"og:locale\" content=\"de_DE\" \/>\n<meta property=\"og:type\" content=\"article\" \/>\n<meta property=\"og:title\" content=\"tiptoi\u00ae Puzzle f\u00fcr kleine Entdecker: Feuerwehrmann Sam - der-Schulbedarf.shop\" \/>\n<meta property=\"og:description\" content=\"Die Welt von Feuerwehrmann Sam. Mit spannendem Suchspiel. P\u00e4dagogisches Lernen f\u00fcr Kinder ab 2 Jahren. F\u00f6rdert die Motorik und Konzentration. Preis 11,95\u20ac\" \/>\n<meta property=\"og:url\" content=\"https:\/\/der-schulbedarf.shop\/produkt-des-monats\/produkt\/tiptoi-puzzle-fuer-kleine-entdecker-feuerwehrmann-sam\/\" \/>\n<meta property=\"og:site_name\" content=\"der-Schulbedarf.shop\" \/>\n<meta property=\"article:modified_time\" content=\"2025-07-01T10:29:26+00:00\" \/>\n<meta property=\"og:image\" content=\"https:\/\/der-schulbedarf.shop\/wp-content\/uploads\/2023\/05\/Feuerwehrmann-Sam.webp\" \/>\n\t<meta property=\"og:image:width\" content=\"1024\" \/>\n\t<meta property=\"og:image:height\" content=\"753\" \/>\n\t<meta property=\"og:image:type\" content=\"image\/webp\" \/>\n<meta name=\"twitter:card\" content=\"summary_large_image\" \/>\n<meta name=\"twitter:label1\" content=\"Gesch\u00e4tzte Lesezeit\" \/>\n\t<meta name=\"twitter:data1\" content=\"2\u00a0Minuten\" \/>\n<script type=\"application\/ld+json\" class=\"yoast-schema-graph\">{\"@context\":\"https:\/\/schema.org\",\"@graph\":[{\"@type\":\"WebPage\",\"@id\":\"https:\/\/der-schulbedarf.shop\/produkt-des-monats\/produkt\/tiptoi-puzzle-fuer-kleine-entdecker-feuerwehrmann-sam\/\",\"url\":\"https:\/\/der-schulbedarf.shop\/produkt-des-monats\/produkt\/tiptoi-puzzle-fuer-kleine-entdecker-feuerwehrmann-sam\/\",\"name\":\"tiptoi\u00ae Puzzle f\u00fcr kleine Entdecker: Feuerwehrmann Sam - der-Schulbedarf.shop\",\"isPartOf\":{\"@id\":\"https:\/\/der-schulbedarf.shop\/produkt-des-monats\/#website\"},\"primaryImageOfPage\":{\"@id\":\"https:\/\/der-schulbedarf.shop\/produkt-des-monats\/produkt\/tiptoi-puzzle-fuer-kleine-entdecker-feuerwehrmann-sam\/#primaryimage\"},\"image\":{\"@id\":\"https:\/\/der-schulbedarf.shop\/produkt-des-monats\/produkt\/tiptoi-puzzle-fuer-kleine-entdecker-feuerwehrmann-sam\/#primaryimage\"},\"thumbnailUrl\":\"https:\/\/der-schulbedarf.shop\/wp-content\/uploads\/2023\/05\/Feuerwehrmann-Sam.webp\",\"datePublished\":\"2023-05-14T02:37:43+00:00\",\"dateModified\":\"2025-07-01T10:29:26+00:00\",\"description\":\"Die Welt von Feuerwehrmann Sam. Mit spannendem Suchspiel. P\u00e4dagogisches Lernen f\u00fcr Kinder ab 2 Jahren. F\u00f6rdert die Motorik und Konzentration. Preis 11,95\u20ac\",\"breadcrumb\":{\"@id\":\"https:\/\/der-schulbedarf.shop\/produkt-des-monats\/produkt\/tiptoi-puzzle-fuer-kleine-entdecker-feuerwehrmann-sam\/#breadcrumb\"},\"inLanguage\":\"de\",\"potentialAction\":[{\"@type\":\"ReadAction\",\"target\":[\"https:\/\/der-schulbedarf.shop\/produkt-des-monats\/produkt\/tiptoi-puzzle-fuer-kleine-entdecker-feuerwehrmann-sam\/\"]}]},{\"@type\":\"ImageObject\",\"inLanguage\":\"de\",\"@id\":\"https:\/\/der-schulbedarf.shop\/produkt-des-monats\/produkt\/tiptoi-puzzle-fuer-kleine-entdecker-feuerwehrmann-sam\/#primaryimage\",\"url\":\"https:\/\/der-schulbedarf.shop\/wp-content\/uploads\/2023\/05\/Feuerwehrmann-Sam.webp\",\"contentUrl\":\"https:\/\/der-schulbedarf.shop\/wp-content\/uploads\/2023\/05\/Feuerwehrmann-Sam.webp\",\"width\":1024,\"height\":753,\"caption\":\"Feuerwehrmann sam\"},{\"@type\":\"BreadcrumbList\",\"@id\":\"https:\/\/der-schulbedarf.shop\/produkt-des-monats\/produkt\/tiptoi-puzzle-fuer-kleine-entdecker-feuerwehrmann-sam\/#breadcrumb\",\"itemListElement\":[{\"@type\":\"ListItem\",\"position\":1,\"name\":\"Shop\",\"item\":\"https:\/\/der-schulbedarf.shop\/produkt-des-monats\/shop\/\"},{\"@type\":\"ListItem\",\"position\":2,\"name\":\"tiptoi\u00ae Puzzle f\u00fcr kleine Entdecker: Feuerwehrmann Sam\"}]},{\"@type\":\"WebSite\",\"@id\":\"https:\/\/der-schulbedarf.shop\/produkt-des-monats\/#website\",\"url\":\"https:\/\/der-schulbedarf.shop\/produkt-des-monats\/\",\"name\":\"der-Schulbedarf.shop\",\"description\":\"\",\"publisher\":{\"@id\":\"https:\/\/der-schulbedarf.shop\/produkt-des-monats\/#organization\"},\"potentialAction\":[{\"@type\":\"SearchAction\",\"target\":{\"@type\":\"EntryPoint\",\"urlTemplate\":\"https:\/\/der-schulbedarf.shop\/produkt-des-monats\/?s={search_term_string}\"},\"query-input\":{\"@type\":\"PropertyValueSpecification\",\"valueRequired\":true,\"valueName\":\"search_term_string\"}}],\"inLanguage\":\"de\"},{\"@type\":\"Organization\",\"@id\":\"https:\/\/der-schulbedarf.shop\/produkt-des-monats\/#organization\",\"name\":\"der-Schulbedarf.shop\",\"url\":\"https:\/\/der-schulbedarf.shop\/produkt-des-monats\/\",\"logo\":{\"@type\":\"ImageObject\",\"inLanguage\":\"de\",\"@id\":\"https:\/\/der-schulbedarf.shop\/produkt-des-monats\/#\/schema\/logo\/image\/\",\"url\":\"https:\/\/der-schulbedarf.shop\/wp-content\/uploads\/2024\/02\/grafik-e1709551115899.png\",\"contentUrl\":\"https:\/\/der-schulbedarf.shop\/wp-content\/uploads\/2024\/02\/grafik-e1709551115899.png\",\"width\":80,\"height\":80,\"caption\":\"der-Schulbedarf.shop\"},\"image\":{\"@id\":\"https:\/\/der-schulbedarf.shop\/produkt-des-monats\/#\/schema\/logo\/image\/\"}}]}<\/script>\n<!-- \/ Yoast SEO plugin. -->","yoast_head_json":{"title":"tiptoi\u00ae Puzzle f\u00fcr kleine Entdecker: Feuerwehrmann Sam - der-Schulbedarf.shop","description":"Die Welt von Feuerwehrmann Sam. Mit spannendem Suchspiel. P\u00e4dagogisches Lernen f\u00fcr Kinder ab 2 Jahren. F\u00f6rdert die Motorik und Konzentration. Preis 11,95\u20ac","robots":{"index":"index","follow":"follow","max-snippet":"max-snippet:-1","max-image-preview":"max-image-preview:large","max-video-preview":"max-video-preview:-1"},"canonical":"https:\/\/der-schulbedarf.shop\/produkt-des-monats\/produkt\/tiptoi-puzzle-fuer-kleine-entdecker-feuerwehrmann-sam\/","og_locale":"de_DE","og_type":"article","og_title":"tiptoi\u00ae Puzzle f\u00fcr kleine Entdecker: Feuerwehrmann Sam - der-Schulbedarf.shop","og_description":"Die Welt von Feuerwehrmann Sam. Mit spannendem Suchspiel. P\u00e4dagogisches Lernen f\u00fcr Kinder ab 2 Jahren. F\u00f6rdert die Motorik und Konzentration. Preis 11,95\u20ac","og_url":"https:\/\/der-schulbedarf.shop\/produkt-des-monats\/produkt\/tiptoi-puzzle-fuer-kleine-entdecker-feuerwehrmann-sam\/","og_site_name":"der-Schulbedarf.shop","article_modified_time":"2025-07-01T10:29:26+00:00","og_image":[{"width":1024,"height":753,"url":"https:\/\/der-schulbedarf.shop\/wp-content\/uploads\/2023\/05\/Feuerwehrmann-Sam.webp","type":"image\/webp"}],"twitter_card":"summary_large_image","twitter_misc":{"Gesch\u00e4tzte Lesezeit":"2\u00a0Minuten"},"schema":{"@context":"https:\/\/schema.org","@graph":[{"@type":"WebPage","@id":"https:\/\/der-schulbedarf.shop\/produkt-des-monats\/produkt\/tiptoi-puzzle-fuer-kleine-entdecker-feuerwehrmann-sam\/","url":"https:\/\/der-schulbedarf.shop\/produkt-des-monats\/produkt\/tiptoi-puzzle-fuer-kleine-entdecker-feuerwehrmann-sam\/","name":"tiptoi\u00ae Puzzle f\u00fcr kleine Entdecker: Feuerwehrmann Sam - der-Schulbedarf.shop","isPartOf":{"@id":"https:\/\/der-schulbedarf.shop\/produkt-des-monats\/#website"},"primaryImageOfPage":{"@id":"https:\/\/der-schulbedarf.shop\/produkt-des-monats\/produkt\/tiptoi-puzzle-fuer-kleine-entdecker-feuerwehrmann-sam\/#primaryimage"},"image":{"@id":"https:\/\/der-schulbedarf.shop\/produkt-des-monats\/produkt\/tiptoi-puzzle-fuer-kleine-entdecker-feuerwehrmann-sam\/#primaryimage"},"thumbnailUrl":"https:\/\/der-schulbedarf.shop\/wp-content\/uploads\/2023\/05\/Feuerwehrmann-Sam.webp","datePublished":"2023-05-14T02:37:43+00:00","dateModified":"2025-07-01T10:29:26+00:00","description":"Die Welt von Feuerwehrmann Sam. Mit spannendem Suchspiel. P\u00e4dagogisches Lernen f\u00fcr Kinder ab 2 Jahren. F\u00f6rdert die Motorik und Konzentration. Preis 11,95\u20ac","breadcrumb":{"@id":"https:\/\/der-schulbedarf.shop\/produkt-des-monats\/produkt\/tiptoi-puzzle-fuer-kleine-entdecker-feuerwehrmann-sam\/#breadcrumb"},"inLanguage":"de","potentialAction":[{"@type":"ReadAction","target":["https:\/\/der-schulbedarf.shop\/produkt-des-monats\/produkt\/tiptoi-puzzle-fuer-kleine-entdecker-feuerwehrmann-sam\/"]}]},{"@type":"ImageObject","inLanguage":"de","@id":"https:\/\/der-schulbedarf.shop\/produkt-des-monats\/produkt\/tiptoi-puzzle-fuer-kleine-entdecker-feuerwehrmann-sam\/#primaryimage","url":"https:\/\/der-schulbedarf.shop\/wp-content\/uploads\/2023\/05\/Feuerwehrmann-Sam.webp","contentUrl":"https:\/\/der-schulbedarf.shop\/wp-content\/uploads\/2023\/05\/Feuerwehrmann-Sam.webp","width":1024,"height":753,"caption":"Feuerwehrmann sam"},{"@type":"BreadcrumbList","@id":"https:\/\/der-schulbedarf.shop\/produkt-des-monats\/produkt\/tiptoi-puzzle-fuer-kleine-entdecker-feuerwehrmann-sam\/#breadcrumb","itemListElement":[{"@type":"ListItem","position":1,"name":"Shop","item":"https:\/\/der-schulbedarf.shop\/produkt-des-monats\/shop\/"},{"@type":"ListItem","position":2,"name":"tiptoi\u00ae Puzzle f\u00fcr kleine Entdecker: Feuerwehrmann Sam"}]},{"@type":"WebSite","@id":"https:\/\/der-schulbedarf.shop\/produkt-des-monats\/#website","url":"https:\/\/der-schulbedarf.shop\/produkt-des-monats\/","name":"der-Schulbedarf.shop","description":"","publisher":{"@id":"https:\/\/der-schulbedarf.shop\/produkt-des-monats\/#organization"},"potentialAction":[{"@type":"SearchAction","target":{"@type":"EntryPoint","urlTemplate":"https:\/\/der-schulbedarf.shop\/produkt-des-monats\/?s={search_term_string}"},"query-input":{"@type":"PropertyValueSpecification","valueRequired":true,"valueName":"search_term_string"}}],"inLanguage":"de"},{"@type":"Organization","@id":"https:\/\/der-schulbedarf.shop\/produkt-des-monats\/#organization","name":"der-Schulbedarf.shop","url":"https:\/\/der-schulbedarf.shop\/produkt-des-monats\/","logo":{"@type":"ImageObject","inLanguage":"de","@id":"https:\/\/der-schulbedarf.shop\/produkt-des-monats\/#\/schema\/logo\/image\/","url":"https:\/\/der-schulbedarf.shop\/wp-content\/uploads\/2024\/02\/grafik-e1709551115899.png","contentUrl":"https:\/\/der-schulbedarf.shop\/wp-content\/uploads\/2024\/02\/grafik-e1709551115899.png","width":80,"height":80,"caption":"der-Schulbedarf.shop"},"image":{"@id":"https:\/\/der-schulbedarf.shop\/produkt-des-monats\/#\/schema\/logo\/image\/"}}]}},"_links":{"self":[{"href":"https:\/\/der-schulbedarf.shop\/produkt-des-monats\/wp-json\/wp\/v2\/product\/622","targetHints":{"allow":["GET"]}}],"collection":[{"href":"https:\/\/der-schulbedarf.shop\/produkt-des-monats\/wp-json\/wp\/v2\/product"}],"about":[{"href":"https:\/\/der-schulbedarf.shop\/produkt-des-monats\/wp-json\/wp\/v2\/types\/product"}],"replies":[{"embeddable":true,"href":"https:\/\/der-schulbedarf.shop\/produkt-des-monats\/wp-json\/wp\/v2\/comments?post=622"}],"wp:featuredmedia":[{"embeddable":true,"href":"https:\/\/der-schulbedarf.shop\/produkt-des-monats\/wp-json\/wp\/v2\/media\/1345"}],"wp:attachment":[{"href":"https:\/\/der-schulbedarf.shop\/produkt-des-monats\/wp-json\/wp\/v2\/media?parent=622"}],"wp:term":[{"taxonomy":"product_cat","embeddable":true,"href":"https:\/\/der-schulbedarf.shop\/produkt-des-monats\/wp-json\/wp\/v2\/product_cat?post=622"},{"taxonomy":"product_tag","embeddable":true,"href":"https:\/\/der-schulbedarf.shop\/produkt-des-monats\/wp-json\/wp\/v2\/product_tag?post=622"}],"curies":[{"name":"wp","href":"https:\/\/api.w.org\/{rel}","templated":true}]}}