{"id":633,"date":"2023-05-14T02:56:31","date_gmt":"2023-05-14T02:56:31","guid":{"rendered":"https:\/\/der-schulbedarf.Shop\/?post_type=product&#038;p=633"},"modified":"2024-08-28T08:29:00","modified_gmt":"2024-08-28T08:29:00","slug":"tiptoi-quiz-roboter","status":"publish","type":"product","link":"https:\/\/der-schulbedarf.shop\/produkt-des-monats\/produkt\/tiptoi-quiz-roboter\/","title":{"rendered":"tiptoi\u00ae Quiz Roboter"},"content":{"rendered":"<p>Auf der Insel Quizamui veranstalten die lustigen Quiz-Tiere regelm\u00e4\u00dfig ein Quiz-Turnier. Beim Quiz Roboter nehmen die Kinder an einem dieser Turniere teil. Dabei beantworten sie Fragen rund um das Thema Roboter: Was ist ein Roboter? Welche Roboter gibt es? Und wie funktioniert ein Staubsaugerroboter? Aber Achtung: Die frechen Quiz-Tiere stellen ganz sch\u00f6n kniffelige Fragen. Wer zuerst das Super-Quiz-Tier erreicht und drei besonders schwierige Fragen beantwortet, gewinnt das Spiel.<\/p>\n<p>Quiz Roboter ist ein spannendes und kompetitives Quiz-Kartenspiel. Die Kinder messen sich in einem Wettlauf zum Super-Quiz-Tier. Wer eine Frage richtig beantwortet, darf zur n\u00e4chsten Karte vorr\u00fccken und ist dem Ziel einen Schritt n\u00e4her. Wer falsch antwortet, erh\u00e4lt als Ausgleich eine Joker-Karte, die in der n\u00e4chsten Runde hilft, die kniffeligen Quiz-Fragen zu beantworten. Ganz nebenbei lernen sie spielerisch viele wichtige Fakten \u00fcber Roboter.<\/p>\n<p>tiptoi ist ein innovatives Lern- und Kreativsystem, mit dem Kinder die Welt spielerisch entdecken. Tippt man mit dem Stift auf ein Bild oder einen Text, erklingen passende Ger\u00e4usche, Sprache oder Musik. Das Sortiment umfasst B\u00fccher und Spiele mit den wichtigsten Lern- und Wissensthemen f\u00fcr Kinder ab 2 Jahren. Die zugeh\u00f6rigen Audiodateien l\u00e4dt man einfach, sicher und schnell \u00fcber den tiptoi-Manager auf den Stift.<\/p>\n<p>tiptoi-Stift nicht enthalten. Muss separat erworben werden.<\/p>\n","protected":false},"excerpt":{"rendered":"<p>Auf der Insel Quizamui veranstalten die lustigen Quiz-Tiere regelm\u00e4\u00dfig ein Quiz-Turnier. Beim Quiz Roboter nehmen die Kinder an einem dieser Turniere teil. Dabei beantworten sie Fragen rund um das Thema Roboter: Was ist ein Roboter? Welche Roboter gibt es? Und wie funktioniert ein Staubsaugerroboter? Aber Achtung: Die frechen Quiz-Tiere stellen ganz sch\u00f6n kniffelige Fragen. Wer [&hellip;]<\/p>\n","protected":false},"featured_media":1446,"comment_status":"open","ping_status":"closed","template":"","meta":[],"product_cat":[34,37,885,39,1028],"product_tag":[945,173,888,1078,889,142,1046],"class_list":{"0":"post-633","1":"product","2":"type-product","3":"status-publish","4":"has-post-thumbnail","6":"product_cat-kinderspielzeug","7":"product_cat-ravensburger","8":"product_cat-spielwaren","9":"product_cat-tiptoi","10":"product_cat-vorschulalter","11":"product_tag-fuer-kinder-ab-2-jahre","12":"product_tag-kartenspiel","13":"product_tag-paedagogisches-lernen","14":"product_tag-quiz-kartenspiel","15":"product_tag-spielwaren","16":"product_tag-tiptoi","17":"product_tag-vorschulalter","18":"post","19":"post-with-thumbnail","20":"post-with-thumbnail-large","22":"first","23":"instock","24":"taxable","25":"shipping-taxable","26":"purchasable","27":"product-type-simple"},"yoast_head":"<!-- This site is optimized with the Yoast SEO plugin v26.6 - https:\/\/yoast.com\/wordpress\/plugins\/seo\/ -->\n<title>tiptoi\u00ae Quiz Roboter - der-Schulbedarf.shop<\/title>\n<meta name=\"description\" content=\"Auf der Insel Quizamui veranstalten die lustigen Quiz-Tiere regelm\u00e4\u00dfig ein Quiz-Turnier. Diesmal geht es um Roboter. F\u00fcr Kinder ab 2 Jahren. Preis 7,89\u20ac\" \/>\n<meta name=\"robots\" content=\"index, follow, max-snippet:-1, max-image-preview:large, max-video-preview:-1\" \/>\n<link rel=\"canonical\" href=\"https:\/\/der-schulbedarf.shop\/produkt-des-monats\/produkt\/tiptoi-quiz-roboter\/\" \/>\n<meta property=\"og:locale\" content=\"de_DE\" \/>\n<meta property=\"og:type\" content=\"article\" \/>\n<meta property=\"og:title\" content=\"tiptoi\u00ae Quiz Roboter - der-Schulbedarf.shop\" \/>\n<meta property=\"og:description\" content=\"Auf der Insel Quizamui veranstalten die lustigen Quiz-Tiere regelm\u00e4\u00dfig ein Quiz-Turnier. Diesmal geht es um Roboter. F\u00fcr Kinder ab 2 Jahren. Preis 7,89\u20ac\" \/>\n<meta property=\"og:url\" content=\"https:\/\/der-schulbedarf.shop\/produkt-des-monats\/produkt\/tiptoi-quiz-roboter\/\" \/>\n<meta property=\"og:site_name\" content=\"der-Schulbedarf.shop\" \/>\n<meta property=\"article:modified_time\" content=\"2024-08-28T08:29:00+00:00\" \/>\n<meta property=\"og:image\" content=\"https:\/\/der-schulbedarf.shop\/wp-content\/uploads\/2023\/05\/Quiz-Roboter-.webp\" \/>\n\t<meta property=\"og:image:width\" content=\"768\" \/>\n\t<meta property=\"og:image:height\" content=\"1024\" \/>\n\t<meta property=\"og:image:type\" content=\"image\/webp\" \/>\n<meta name=\"twitter:card\" content=\"summary_large_image\" \/>\n<meta name=\"twitter:label1\" content=\"Gesch\u00e4tzte Lesezeit\" \/>\n\t<meta name=\"twitter:data1\" content=\"2\u00a0Minuten\" \/>\n<script type=\"application\/ld+json\" class=\"yoast-schema-graph\">{\"@context\":\"https:\/\/schema.org\",\"@graph\":[{\"@type\":\"WebPage\",\"@id\":\"https:\/\/der-schulbedarf.shop\/produkt-des-monats\/produkt\/tiptoi-quiz-roboter\/\",\"url\":\"https:\/\/der-schulbedarf.shop\/produkt-des-monats\/produkt\/tiptoi-quiz-roboter\/\",\"name\":\"tiptoi\u00ae Quiz Roboter - der-Schulbedarf.shop\",\"isPartOf\":{\"@id\":\"https:\/\/der-schulbedarf.shop\/produkt-des-monats\/#website\"},\"primaryImageOfPage\":{\"@id\":\"https:\/\/der-schulbedarf.shop\/produkt-des-monats\/produkt\/tiptoi-quiz-roboter\/#primaryimage\"},\"image\":{\"@id\":\"https:\/\/der-schulbedarf.shop\/produkt-des-monats\/produkt\/tiptoi-quiz-roboter\/#primaryimage\"},\"thumbnailUrl\":\"https:\/\/der-schulbedarf.shop\/wp-content\/uploads\/2023\/05\/Quiz-Roboter-.webp\",\"datePublished\":\"2023-05-14T02:56:31+00:00\",\"dateModified\":\"2024-08-28T08:29:00+00:00\",\"description\":\"Auf der Insel Quizamui veranstalten die lustigen Quiz-Tiere regelm\u00e4\u00dfig ein Quiz-Turnier. Diesmal geht es um Roboter. F\u00fcr Kinder ab 2 Jahren. Preis 7,89\u20ac\",\"breadcrumb\":{\"@id\":\"https:\/\/der-schulbedarf.shop\/produkt-des-monats\/produkt\/tiptoi-quiz-roboter\/#breadcrumb\"},\"inLanguage\":\"de\",\"potentialAction\":[{\"@type\":\"ReadAction\",\"target\":[\"https:\/\/der-schulbedarf.shop\/produkt-des-monats\/produkt\/tiptoi-quiz-roboter\/\"]}]},{\"@type\":\"ImageObject\",\"inLanguage\":\"de\",\"@id\":\"https:\/\/der-schulbedarf.shop\/produkt-des-monats\/produkt\/tiptoi-quiz-roboter\/#primaryimage\",\"url\":\"https:\/\/der-schulbedarf.shop\/wp-content\/uploads\/2023\/05\/Quiz-Roboter-.webp\",\"contentUrl\":\"https:\/\/der-schulbedarf.shop\/wp-content\/uploads\/2023\/05\/Quiz-Roboter-.webp\",\"width\":768,\"height\":1024,\"caption\":\"Roboter\"},{\"@type\":\"BreadcrumbList\",\"@id\":\"https:\/\/der-schulbedarf.shop\/produkt-des-monats\/produkt\/tiptoi-quiz-roboter\/#breadcrumb\",\"itemListElement\":[{\"@type\":\"ListItem\",\"position\":1,\"name\":\"Shop\",\"item\":\"https:\/\/der-schulbedarf.shop\/produkt-des-monats\/shop\/\"},{\"@type\":\"ListItem\",\"position\":2,\"name\":\"tiptoi\u00ae Quiz Roboter\"}]},{\"@type\":\"WebSite\",\"@id\":\"https:\/\/der-schulbedarf.shop\/produkt-des-monats\/#website\",\"url\":\"https:\/\/der-schulbedarf.shop\/produkt-des-monats\/\",\"name\":\"der-Schulbedarf.shop\",\"description\":\"\",\"publisher\":{\"@id\":\"https:\/\/der-schulbedarf.shop\/produkt-des-monats\/#organization\"},\"potentialAction\":[{\"@type\":\"SearchAction\",\"target\":{\"@type\":\"EntryPoint\",\"urlTemplate\":\"https:\/\/der-schulbedarf.shop\/produkt-des-monats\/?s={search_term_string}\"},\"query-input\":{\"@type\":\"PropertyValueSpecification\",\"valueRequired\":true,\"valueName\":\"search_term_string\"}}],\"inLanguage\":\"de\"},{\"@type\":\"Organization\",\"@id\":\"https:\/\/der-schulbedarf.shop\/produkt-des-monats\/#organization\",\"name\":\"der-Schulbedarf.shop\",\"url\":\"https:\/\/der-schulbedarf.shop\/produkt-des-monats\/\",\"logo\":{\"@type\":\"ImageObject\",\"inLanguage\":\"de\",\"@id\":\"https:\/\/der-schulbedarf.shop\/produkt-des-monats\/#\/schema\/logo\/image\/\",\"url\":\"https:\/\/der-schulbedarf.shop\/wp-content\/uploads\/2024\/02\/grafik-e1709551115899.png\",\"contentUrl\":\"https:\/\/der-schulbedarf.shop\/wp-content\/uploads\/2024\/02\/grafik-e1709551115899.png\",\"width\":80,\"height\":80,\"caption\":\"der-Schulbedarf.shop\"},\"image\":{\"@id\":\"https:\/\/der-schulbedarf.shop\/produkt-des-monats\/#\/schema\/logo\/image\/\"}}]}<\/script>\n<!-- \/ Yoast SEO plugin. -->","yoast_head_json":{"title":"tiptoi\u00ae Quiz Roboter - der-Schulbedarf.shop","description":"Auf der Insel Quizamui veranstalten die lustigen Quiz-Tiere regelm\u00e4\u00dfig ein Quiz-Turnier. Diesmal geht es um Roboter. F\u00fcr Kinder ab 2 Jahren. Preis 7,89\u20ac","robots":{"index":"index","follow":"follow","max-snippet":"max-snippet:-1","max-image-preview":"max-image-preview:large","max-video-preview":"max-video-preview:-1"},"canonical":"https:\/\/der-schulbedarf.shop\/produkt-des-monats\/produkt\/tiptoi-quiz-roboter\/","og_locale":"de_DE","og_type":"article","og_title":"tiptoi\u00ae Quiz Roboter - der-Schulbedarf.shop","og_description":"Auf der Insel Quizamui veranstalten die lustigen Quiz-Tiere regelm\u00e4\u00dfig ein Quiz-Turnier. Diesmal geht es um Roboter. F\u00fcr Kinder ab 2 Jahren. Preis 7,89\u20ac","og_url":"https:\/\/der-schulbedarf.shop\/produkt-des-monats\/produkt\/tiptoi-quiz-roboter\/","og_site_name":"der-Schulbedarf.shop","article_modified_time":"2024-08-28T08:29:00+00:00","og_image":[{"width":768,"height":1024,"url":"https:\/\/der-schulbedarf.shop\/wp-content\/uploads\/2023\/05\/Quiz-Roboter-.webp","type":"image\/webp"}],"twitter_card":"summary_large_image","twitter_misc":{"Gesch\u00e4tzte Lesezeit":"2\u00a0Minuten"},"schema":{"@context":"https:\/\/schema.org","@graph":[{"@type":"WebPage","@id":"https:\/\/der-schulbedarf.shop\/produkt-des-monats\/produkt\/tiptoi-quiz-roboter\/","url":"https:\/\/der-schulbedarf.shop\/produkt-des-monats\/produkt\/tiptoi-quiz-roboter\/","name":"tiptoi\u00ae Quiz Roboter - der-Schulbedarf.shop","isPartOf":{"@id":"https:\/\/der-schulbedarf.shop\/produkt-des-monats\/#website"},"primaryImageOfPage":{"@id":"https:\/\/der-schulbedarf.shop\/produkt-des-monats\/produkt\/tiptoi-quiz-roboter\/#primaryimage"},"image":{"@id":"https:\/\/der-schulbedarf.shop\/produkt-des-monats\/produkt\/tiptoi-quiz-roboter\/#primaryimage"},"thumbnailUrl":"https:\/\/der-schulbedarf.shop\/wp-content\/uploads\/2023\/05\/Quiz-Roboter-.webp","datePublished":"2023-05-14T02:56:31+00:00","dateModified":"2024-08-28T08:29:00+00:00","description":"Auf der Insel Quizamui veranstalten die lustigen Quiz-Tiere regelm\u00e4\u00dfig ein Quiz-Turnier. Diesmal geht es um Roboter. F\u00fcr Kinder ab 2 Jahren. Preis 7,89\u20ac","breadcrumb":{"@id":"https:\/\/der-schulbedarf.shop\/produkt-des-monats\/produkt\/tiptoi-quiz-roboter\/#breadcrumb"},"inLanguage":"de","potentialAction":[{"@type":"ReadAction","target":["https:\/\/der-schulbedarf.shop\/produkt-des-monats\/produkt\/tiptoi-quiz-roboter\/"]}]},{"@type":"ImageObject","inLanguage":"de","@id":"https:\/\/der-schulbedarf.shop\/produkt-des-monats\/produkt\/tiptoi-quiz-roboter\/#primaryimage","url":"https:\/\/der-schulbedarf.shop\/wp-content\/uploads\/2023\/05\/Quiz-Roboter-.webp","contentUrl":"https:\/\/der-schulbedarf.shop\/wp-content\/uploads\/2023\/05\/Quiz-Roboter-.webp","width":768,"height":1024,"caption":"Roboter"},{"@type":"BreadcrumbList","@id":"https:\/\/der-schulbedarf.shop\/produkt-des-monats\/produkt\/tiptoi-quiz-roboter\/#breadcrumb","itemListElement":[{"@type":"ListItem","position":1,"name":"Shop","item":"https:\/\/der-schulbedarf.shop\/produkt-des-monats\/shop\/"},{"@type":"ListItem","position":2,"name":"tiptoi\u00ae Quiz Roboter"}]},{"@type":"WebSite","@id":"https:\/\/der-schulbedarf.shop\/produkt-des-monats\/#website","url":"https:\/\/der-schulbedarf.shop\/produkt-des-monats\/","name":"der-Schulbedarf.shop","description":"","publisher":{"@id":"https:\/\/der-schulbedarf.shop\/produkt-des-monats\/#organization"},"potentialAction":[{"@type":"SearchAction","target":{"@type":"EntryPoint","urlTemplate":"https:\/\/der-schulbedarf.shop\/produkt-des-monats\/?s={search_term_string}"},"query-input":{"@type":"PropertyValueSpecification","valueRequired":true,"valueName":"search_term_string"}}],"inLanguage":"de"},{"@type":"Organization","@id":"https:\/\/der-schulbedarf.shop\/produkt-des-monats\/#organization","name":"der-Schulbedarf.shop","url":"https:\/\/der-schulbedarf.shop\/produkt-des-monats\/","logo":{"@type":"ImageObject","inLanguage":"de","@id":"https:\/\/der-schulbedarf.shop\/produkt-des-monats\/#\/schema\/logo\/image\/","url":"https:\/\/der-schulbedarf.shop\/wp-content\/uploads\/2024\/02\/grafik-e1709551115899.png","contentUrl":"https:\/\/der-schulbedarf.shop\/wp-content\/uploads\/2024\/02\/grafik-e1709551115899.png","width":80,"height":80,"caption":"der-Schulbedarf.shop"},"image":{"@id":"https:\/\/der-schulbedarf.shop\/produkt-des-monats\/#\/schema\/logo\/image\/"}}]}},"_links":{"self":[{"href":"https:\/\/der-schulbedarf.shop\/produkt-des-monats\/wp-json\/wp\/v2\/product\/633","targetHints":{"allow":["GET"]}}],"collection":[{"href":"https:\/\/der-schulbedarf.shop\/produkt-des-monats\/wp-json\/wp\/v2\/product"}],"about":[{"href":"https:\/\/der-schulbedarf.shop\/produkt-des-monats\/wp-json\/wp\/v2\/types\/product"}],"replies":[{"embeddable":true,"href":"https:\/\/der-schulbedarf.shop\/produkt-des-monats\/wp-json\/wp\/v2\/comments?post=633"}],"wp:featuredmedia":[{"embeddable":true,"href":"https:\/\/der-schulbedarf.shop\/produkt-des-monats\/wp-json\/wp\/v2\/media\/1446"}],"wp:attachment":[{"href":"https:\/\/der-schulbedarf.shop\/produkt-des-monats\/wp-json\/wp\/v2\/media?parent=633"}],"wp:term":[{"taxonomy":"product_cat","embeddable":true,"href":"https:\/\/der-schulbedarf.shop\/produkt-des-monats\/wp-json\/wp\/v2\/product_cat?post=633"},{"taxonomy":"product_tag","embeddable":true,"href":"https:\/\/der-schulbedarf.shop\/produkt-des-monats\/wp-json\/wp\/v2\/product_tag?post=633"}],"curies":[{"name":"wp","href":"https:\/\/api.w.org\/{rel}","templated":true}]}}