{"id":650,"date":"2023-05-14T04:11:47","date_gmt":"2023-05-14T04:11:47","guid":{"rendered":"https:\/\/der-schulbedarf.Shop\/?post_type=product&#038;p=650"},"modified":"2024-11-26T13:25:09","modified_gmt":"2024-11-26T13:25:09","slug":"tiptoi-tiere-der-welt","status":"publish","type":"product","link":"https:\/\/der-schulbedarf.shop\/produkt-des-monats\/produkt\/tiptoi-tiere-der-welt\/","title":{"rendered":"tiptoi\u00ae Tiere der Welt"},"content":{"rendered":"<p>Ob S\u00e4ugetiere, Fische, V\u00f6gel oder Insekten &#8211; in diesem Deduktionsspiel lernen die Kinder 44 Tiere aus allen Erdteilen kennen. tiptoi stellt Fragen und beschreibt das gesuchte Tier: Findest du ein Tier, das in Europa lebt? Das gesuchte Tier kann fliegen. \u00dcber mehrere Runden wird ein Tier anhand seiner Eigenschaften beschrieben. Dabei gibt es Tipps, die auf mehrere Tiere zutreffen. Wer das gesuchte Tier err\u00e4t, bekommt Punkte. Mit viel Spa\u00df erwerben die Kinder Sachwissen rund um die Tiere der Welt.<\/p>\n<p>Tippen, spielen, lernen! tiptoi macht B\u00fccher und Spiele lebendig. Tippen die Kinder mit dem Stift auf Bilder und Texte, erklingen Ger\u00e4usche, Sprache und Musik. So macht Lernen richtig Spa\u00df! Das tiptoi-Sortiment umfasst B\u00fccher und Spiele mit den wichtigsten Lern- und Wissensthemen f\u00fcr Kinder ab 2 Jahren. Die zugeh\u00f6rigen Audiodateien l\u00e4dt man einfach, sicher und schnell \u00fcber den tiptoi-Manager oder die optional erh\u00e4ltliche Ladestation auf den Stift.<\/p>\n<p>tiptoi-Stift nicht enthalten. Muss separat erworben werden.<\/p>\n","protected":false},"excerpt":{"rendered":"<p>Ob S\u00e4ugetiere, Fische, V\u00f6gel oder Insekten &#8211; in diesem Deduktionsspiel lernen die Kinder 44 Tiere aus allen Erdteilen kennen. tiptoi stellt Fragen und beschreibt das gesuchte Tier: Findest du ein Tier, das in Europa lebt? Das gesuchte Tier kann fliegen. \u00dcber mehrere Runden wird ein Tier anhand seiner Eigenschaften beschrieben. Dabei gibt es Tipps, die [&hellip;]<\/p>\n","protected":false},"featured_media":1462,"comment_status":"open","ping_status":"closed","template":"","meta":[],"product_cat":[34,1064,37,39,1028],"product_tag":[1077,945,888,162,138,142],"class_list":{"0":"post-650","1":"product","2":"type-product","3":"status-publish","4":"has-post-thumbnail","6":"product_cat-kinderspielzeug","7":"product_cat-kleinkinder","8":"product_cat-ravensburger","9":"product_cat-tiptoi","10":"product_cat-vorschulalter","11":"product_tag-deduktionsspiel","12":"product_tag-fuer-kinder-ab-2-jahre","13":"product_tag-paedagogisches-lernen","14":"product_tag-spiel-motorik","15":"product_tag-spielzeug","16":"product_tag-tiptoi","17":"post","18":"post-with-thumbnail","19":"post-with-thumbnail-large","21":"first","22":"instock","23":"taxable","24":"shipping-taxable","25":"purchasable","26":"product-type-simple"},"yoast_head":"<!-- This site is optimized with the Yoast SEO plugin v26.6 - https:\/\/yoast.com\/wordpress\/plugins\/seo\/ -->\n<title>tiptoi\u00ae Tiere der Welt - der-Schulbedarf.shop<\/title>\n<meta name=\"description\" content=\"Ob S\u00e4ugetiere, Fische, V\u00f6gel oder Insekten - in diesem Spiel lernen die Kinder 44 Tiere aus allen Erdteilen kennen. F\u00fcr Kinder ab 2 Jahre. Preis 26,89\u20ac.\" \/>\n<meta name=\"robots\" content=\"index, follow, max-snippet:-1, max-image-preview:large, max-video-preview:-1\" \/>\n<link rel=\"canonical\" href=\"https:\/\/der-schulbedarf.shop\/produkt-des-monats\/produkt\/tiptoi-tiere-der-welt\/\" \/>\n<meta property=\"og:locale\" content=\"de_DE\" \/>\n<meta property=\"og:type\" content=\"article\" \/>\n<meta property=\"og:title\" content=\"tiptoi\u00ae Tiere der Welt - der-Schulbedarf.shop\" \/>\n<meta property=\"og:description\" content=\"Ob S\u00e4ugetiere, Fische, V\u00f6gel oder Insekten - in diesem Spiel lernen die Kinder 44 Tiere aus allen Erdteilen kennen. F\u00fcr Kinder ab 2 Jahre. Preis 26,89\u20ac.\" \/>\n<meta property=\"og:url\" content=\"https:\/\/der-schulbedarf.shop\/produkt-des-monats\/produkt\/tiptoi-tiere-der-welt\/\" \/>\n<meta property=\"og:site_name\" content=\"der-Schulbedarf.shop\" \/>\n<meta property=\"article:modified_time\" content=\"2024-11-26T13:25:09+00:00\" \/>\n<meta property=\"og:image\" content=\"https:\/\/der-schulbedarf.shop\/wp-content\/uploads\/2023\/05\/Tiere-der-Welt.webp\" \/>\n\t<meta property=\"og:image:width\" content=\"1024\" \/>\n\t<meta property=\"og:image:height\" content=\"739\" \/>\n\t<meta property=\"og:image:type\" content=\"image\/webp\" \/>\n<meta name=\"twitter:card\" content=\"summary_large_image\" \/>\n<meta name=\"twitter:label1\" content=\"Gesch\u00e4tzte Lesezeit\" \/>\n\t<meta name=\"twitter:data1\" content=\"2\u00a0Minuten\" \/>\n<script type=\"application\/ld+json\" class=\"yoast-schema-graph\">{\"@context\":\"https:\/\/schema.org\",\"@graph\":[{\"@type\":\"WebPage\",\"@id\":\"https:\/\/der-schulbedarf.shop\/produkt-des-monats\/produkt\/tiptoi-tiere-der-welt\/\",\"url\":\"https:\/\/der-schulbedarf.shop\/produkt-des-monats\/produkt\/tiptoi-tiere-der-welt\/\",\"name\":\"tiptoi\u00ae Tiere der Welt - der-Schulbedarf.shop\",\"isPartOf\":{\"@id\":\"https:\/\/der-schulbedarf.shop\/produkt-des-monats\/#website\"},\"primaryImageOfPage\":{\"@id\":\"https:\/\/der-schulbedarf.shop\/produkt-des-monats\/produkt\/tiptoi-tiere-der-welt\/#primaryimage\"},\"image\":{\"@id\":\"https:\/\/der-schulbedarf.shop\/produkt-des-monats\/produkt\/tiptoi-tiere-der-welt\/#primaryimage\"},\"thumbnailUrl\":\"https:\/\/der-schulbedarf.shop\/wp-content\/uploads\/2023\/05\/Tiere-der-Welt.webp\",\"datePublished\":\"2023-05-14T04:11:47+00:00\",\"dateModified\":\"2024-11-26T13:25:09+00:00\",\"description\":\"Ob S\u00e4ugetiere, Fische, V\u00f6gel oder Insekten - in diesem Spiel lernen die Kinder 44 Tiere aus allen Erdteilen kennen. F\u00fcr Kinder ab 2 Jahre. Preis 26,89\u20ac.\",\"breadcrumb\":{\"@id\":\"https:\/\/der-schulbedarf.shop\/produkt-des-monats\/produkt\/tiptoi-tiere-der-welt\/#breadcrumb\"},\"inLanguage\":\"de\",\"potentialAction\":[{\"@type\":\"ReadAction\",\"target\":[\"https:\/\/der-schulbedarf.shop\/produkt-des-monats\/produkt\/tiptoi-tiere-der-welt\/\"]}]},{\"@type\":\"ImageObject\",\"inLanguage\":\"de\",\"@id\":\"https:\/\/der-schulbedarf.shop\/produkt-des-monats\/produkt\/tiptoi-tiere-der-welt\/#primaryimage\",\"url\":\"https:\/\/der-schulbedarf.shop\/wp-content\/uploads\/2023\/05\/Tiere-der-Welt.webp\",\"contentUrl\":\"https:\/\/der-schulbedarf.shop\/wp-content\/uploads\/2023\/05\/Tiere-der-Welt.webp\",\"width\":1024,\"height\":739,\"caption\":\"Tiere-der-welt\"},{\"@type\":\"BreadcrumbList\",\"@id\":\"https:\/\/der-schulbedarf.shop\/produkt-des-monats\/produkt\/tiptoi-tiere-der-welt\/#breadcrumb\",\"itemListElement\":[{\"@type\":\"ListItem\",\"position\":1,\"name\":\"Shop\",\"item\":\"https:\/\/der-schulbedarf.shop\/produkt-des-monats\/shop\/\"},{\"@type\":\"ListItem\",\"position\":2,\"name\":\"tiptoi\u00ae Tiere der Welt\"}]},{\"@type\":\"WebSite\",\"@id\":\"https:\/\/der-schulbedarf.shop\/produkt-des-monats\/#website\",\"url\":\"https:\/\/der-schulbedarf.shop\/produkt-des-monats\/\",\"name\":\"der-Schulbedarf.shop\",\"description\":\"\",\"publisher\":{\"@id\":\"https:\/\/der-schulbedarf.shop\/produkt-des-monats\/#organization\"},\"potentialAction\":[{\"@type\":\"SearchAction\",\"target\":{\"@type\":\"EntryPoint\",\"urlTemplate\":\"https:\/\/der-schulbedarf.shop\/produkt-des-monats\/?s={search_term_string}\"},\"query-input\":{\"@type\":\"PropertyValueSpecification\",\"valueRequired\":true,\"valueName\":\"search_term_string\"}}],\"inLanguage\":\"de\"},{\"@type\":\"Organization\",\"@id\":\"https:\/\/der-schulbedarf.shop\/produkt-des-monats\/#organization\",\"name\":\"der-Schulbedarf.shop\",\"url\":\"https:\/\/der-schulbedarf.shop\/produkt-des-monats\/\",\"logo\":{\"@type\":\"ImageObject\",\"inLanguage\":\"de\",\"@id\":\"https:\/\/der-schulbedarf.shop\/produkt-des-monats\/#\/schema\/logo\/image\/\",\"url\":\"https:\/\/der-schulbedarf.shop\/wp-content\/uploads\/2024\/02\/grafik-e1709551115899.png\",\"contentUrl\":\"https:\/\/der-schulbedarf.shop\/wp-content\/uploads\/2024\/02\/grafik-e1709551115899.png\",\"width\":80,\"height\":80,\"caption\":\"der-Schulbedarf.shop\"},\"image\":{\"@id\":\"https:\/\/der-schulbedarf.shop\/produkt-des-monats\/#\/schema\/logo\/image\/\"}}]}<\/script>\n<!-- \/ Yoast SEO plugin. -->","yoast_head_json":{"title":"tiptoi\u00ae Tiere der Welt - der-Schulbedarf.shop","description":"Ob S\u00e4ugetiere, Fische, V\u00f6gel oder Insekten - in diesem Spiel lernen die Kinder 44 Tiere aus allen Erdteilen kennen. F\u00fcr Kinder ab 2 Jahre. Preis 26,89\u20ac.","robots":{"index":"index","follow":"follow","max-snippet":"max-snippet:-1","max-image-preview":"max-image-preview:large","max-video-preview":"max-video-preview:-1"},"canonical":"https:\/\/der-schulbedarf.shop\/produkt-des-monats\/produkt\/tiptoi-tiere-der-welt\/","og_locale":"de_DE","og_type":"article","og_title":"tiptoi\u00ae Tiere der Welt - der-Schulbedarf.shop","og_description":"Ob S\u00e4ugetiere, Fische, V\u00f6gel oder Insekten - in diesem Spiel lernen die Kinder 44 Tiere aus allen Erdteilen kennen. F\u00fcr Kinder ab 2 Jahre. Preis 26,89\u20ac.","og_url":"https:\/\/der-schulbedarf.shop\/produkt-des-monats\/produkt\/tiptoi-tiere-der-welt\/","og_site_name":"der-Schulbedarf.shop","article_modified_time":"2024-11-26T13:25:09+00:00","og_image":[{"width":1024,"height":739,"url":"https:\/\/der-schulbedarf.shop\/wp-content\/uploads\/2023\/05\/Tiere-der-Welt.webp","type":"image\/webp"}],"twitter_card":"summary_large_image","twitter_misc":{"Gesch\u00e4tzte Lesezeit":"2\u00a0Minuten"},"schema":{"@context":"https:\/\/schema.org","@graph":[{"@type":"WebPage","@id":"https:\/\/der-schulbedarf.shop\/produkt-des-monats\/produkt\/tiptoi-tiere-der-welt\/","url":"https:\/\/der-schulbedarf.shop\/produkt-des-monats\/produkt\/tiptoi-tiere-der-welt\/","name":"tiptoi\u00ae Tiere der Welt - der-Schulbedarf.shop","isPartOf":{"@id":"https:\/\/der-schulbedarf.shop\/produkt-des-monats\/#website"},"primaryImageOfPage":{"@id":"https:\/\/der-schulbedarf.shop\/produkt-des-monats\/produkt\/tiptoi-tiere-der-welt\/#primaryimage"},"image":{"@id":"https:\/\/der-schulbedarf.shop\/produkt-des-monats\/produkt\/tiptoi-tiere-der-welt\/#primaryimage"},"thumbnailUrl":"https:\/\/der-schulbedarf.shop\/wp-content\/uploads\/2023\/05\/Tiere-der-Welt.webp","datePublished":"2023-05-14T04:11:47+00:00","dateModified":"2024-11-26T13:25:09+00:00","description":"Ob S\u00e4ugetiere, Fische, V\u00f6gel oder Insekten - in diesem Spiel lernen die Kinder 44 Tiere aus allen Erdteilen kennen. F\u00fcr Kinder ab 2 Jahre. Preis 26,89\u20ac.","breadcrumb":{"@id":"https:\/\/der-schulbedarf.shop\/produkt-des-monats\/produkt\/tiptoi-tiere-der-welt\/#breadcrumb"},"inLanguage":"de","potentialAction":[{"@type":"ReadAction","target":["https:\/\/der-schulbedarf.shop\/produkt-des-monats\/produkt\/tiptoi-tiere-der-welt\/"]}]},{"@type":"ImageObject","inLanguage":"de","@id":"https:\/\/der-schulbedarf.shop\/produkt-des-monats\/produkt\/tiptoi-tiere-der-welt\/#primaryimage","url":"https:\/\/der-schulbedarf.shop\/wp-content\/uploads\/2023\/05\/Tiere-der-Welt.webp","contentUrl":"https:\/\/der-schulbedarf.shop\/wp-content\/uploads\/2023\/05\/Tiere-der-Welt.webp","width":1024,"height":739,"caption":"Tiere-der-welt"},{"@type":"BreadcrumbList","@id":"https:\/\/der-schulbedarf.shop\/produkt-des-monats\/produkt\/tiptoi-tiere-der-welt\/#breadcrumb","itemListElement":[{"@type":"ListItem","position":1,"name":"Shop","item":"https:\/\/der-schulbedarf.shop\/produkt-des-monats\/shop\/"},{"@type":"ListItem","position":2,"name":"tiptoi\u00ae Tiere der Welt"}]},{"@type":"WebSite","@id":"https:\/\/der-schulbedarf.shop\/produkt-des-monats\/#website","url":"https:\/\/der-schulbedarf.shop\/produkt-des-monats\/","name":"der-Schulbedarf.shop","description":"","publisher":{"@id":"https:\/\/der-schulbedarf.shop\/produkt-des-monats\/#organization"},"potentialAction":[{"@type":"SearchAction","target":{"@type":"EntryPoint","urlTemplate":"https:\/\/der-schulbedarf.shop\/produkt-des-monats\/?s={search_term_string}"},"query-input":{"@type":"PropertyValueSpecification","valueRequired":true,"valueName":"search_term_string"}}],"inLanguage":"de"},{"@type":"Organization","@id":"https:\/\/der-schulbedarf.shop\/produkt-des-monats\/#organization","name":"der-Schulbedarf.shop","url":"https:\/\/der-schulbedarf.shop\/produkt-des-monats\/","logo":{"@type":"ImageObject","inLanguage":"de","@id":"https:\/\/der-schulbedarf.shop\/produkt-des-monats\/#\/schema\/logo\/image\/","url":"https:\/\/der-schulbedarf.shop\/wp-content\/uploads\/2024\/02\/grafik-e1709551115899.png","contentUrl":"https:\/\/der-schulbedarf.shop\/wp-content\/uploads\/2024\/02\/grafik-e1709551115899.png","width":80,"height":80,"caption":"der-Schulbedarf.shop"},"image":{"@id":"https:\/\/der-schulbedarf.shop\/produkt-des-monats\/#\/schema\/logo\/image\/"}}]}},"_links":{"self":[{"href":"https:\/\/der-schulbedarf.shop\/produkt-des-monats\/wp-json\/wp\/v2\/product\/650","targetHints":{"allow":["GET"]}}],"collection":[{"href":"https:\/\/der-schulbedarf.shop\/produkt-des-monats\/wp-json\/wp\/v2\/product"}],"about":[{"href":"https:\/\/der-schulbedarf.shop\/produkt-des-monats\/wp-json\/wp\/v2\/types\/product"}],"replies":[{"embeddable":true,"href":"https:\/\/der-schulbedarf.shop\/produkt-des-monats\/wp-json\/wp\/v2\/comments?post=650"}],"wp:featuredmedia":[{"embeddable":true,"href":"https:\/\/der-schulbedarf.shop\/produkt-des-monats\/wp-json\/wp\/v2\/media\/1462"}],"wp:attachment":[{"href":"https:\/\/der-schulbedarf.shop\/produkt-des-monats\/wp-json\/wp\/v2\/media?parent=650"}],"wp:term":[{"taxonomy":"product_cat","embeddable":true,"href":"https:\/\/der-schulbedarf.shop\/produkt-des-monats\/wp-json\/wp\/v2\/product_cat?post=650"},{"taxonomy":"product_tag","embeddable":true,"href":"https:\/\/der-schulbedarf.shop\/produkt-des-monats\/wp-json\/wp\/v2\/product_tag?post=650"}],"curies":[{"name":"wp","href":"https:\/\/api.w.org\/{rel}","templated":true}]}}