{"id":666,"date":"2023-05-27T10:00:48","date_gmt":"2023-05-27T10:00:48","guid":{"rendered":"https:\/\/der-schulbedarf.Shop\/?post_type=product&#038;p=666"},"modified":"2025-07-03T08:00:07","modified_gmt":"2025-07-03T08:00:07","slug":"tiptoi-quiz-naturgewalten","status":"publish","type":"product","link":"https:\/\/der-schulbedarf.shop\/produkt-des-monats\/produkt\/tiptoi-quiz-naturgewalten\/","title":{"rendered":"tiptoi\u00ae Quiz Naturgewalten"},"content":{"rendered":"<p>Auf der Insel Quizamui leben die lustigen Quiz-Tiere. Sie veranstalten regelm\u00e4\u00dfig ein Quiz-Turnier. Beim Quiz Naturgewalten nehmen die Kinder an einem dieser Turniere teil. Dabei beantworten sie Fragen rund um Vulkane, Erdbeben und Hochwasser. Aber Achtung: Die frechen Quiz-Tiere stellen ganz sch\u00f6n kniffelige Fragen. Wer zuerst das Super-Quiz-Tier erreicht und drei besonders schwierige Fragen beantwortet, gewinnt das Spiel.<\/p>\n<p>Quiz Naturgewalten ist ein spannendes und kompetitives Quiz-Kartenspiel. Die Kinder messen sich in einem Wettlauf zum Super-Quiz-Tier. Wer eine Frage richtig beantwortet, darf zur n\u00e4chsten Karte vorr\u00fccken und ist dem Ziel einen Schritt n\u00e4her. Wer falsch antwortet, erh\u00e4lt als Ausgleich eine Joker-Karte, die in der n\u00e4chsten Runde hilft, die kniffeligen Quiz-Fragen zu beantworten. Ganz nebenbei lernen sie spielerisch viele wichtige Fakten \u00fcber die Naturgewalten<\/p>\n<p>tiptoi ist ein innovatives Lern- und Kreativsystem, mit dem Kinder die Welt spielerisch entdecken. Tippt man mit dem Stift auf ein Bild oder einen Text, erklingen passende Ger\u00e4usche, Sprache oder Musik. Das Sortiment umfasst B\u00fccher und Spiele mit den wichtigsten Lern- und Wissensthemen f\u00fcr Kinder ab 2 Jahren. Die zugeh\u00f6rigen Audiodateien l\u00e4dt man einfach, sicher und schnell \u00fcber den tiptoi-Manager auf den Stift.<\/p>\n<p>tiptoi-Stift nicht enthalten. Muss separat erworben werden.<\/p>\n","protected":false},"excerpt":{"rendered":"<p>Auf der Insel Quizamui leben die lustigen Quiz-Tiere. Sie veranstalten regelm\u00e4\u00dfig ein Quiz-Turnier. Beim Quiz Naturgewalten nehmen die Kinder an einem dieser Turniere teil. Dabei beantworten sie Fragen rund um Vulkane, Erdbeben und Hochwasser. Aber Achtung: Die frechen Quiz-Tiere stellen ganz sch\u00f6n kniffelige Fragen. Wer zuerst das Super-Quiz-Tier erreicht und drei besonders schwierige Fragen beantwortet, [&hellip;]<\/p>\n","protected":false},"featured_media":1433,"comment_status":"open","ping_status":"closed","template":"","meta":[],"product_cat":[34,1063,37,39,1028],"product_tag":[173,990,1073,876,1072,117,138,142,1046],"class_list":{"0":"post-666","1":"product","2":"type-product","3":"status-publish","4":"has-post-thumbnail","6":"product_cat-kinderspielzeug","7":"product_cat-puzzle","8":"product_cat-ravensburger","9":"product_cat-tiptoi","10":"product_cat-vorschulalter","11":"product_tag-kartenspiel","12":"product_tag-kinder-ab-2-jahren","13":"product_tag-kreativ","14":"product_tag-paedagogisch","15":"product_tag-quiz","16":"product_tag-spiel","17":"product_tag-spielzeug","18":"product_tag-tiptoi","19":"product_tag-vorschulalter","20":"post","21":"post-with-thumbnail","22":"post-with-thumbnail-large","24":"first","25":"instock","26":"taxable","27":"shipping-taxable","28":"purchasable","29":"product-type-simple"},"yoast_head":"<!-- This site is optimized with the Yoast SEO plugin v26.6 - https:\/\/yoast.com\/wordpress\/plugins\/seo\/ -->\n<title>tiptoi\u00ae Quiz Naturgewalten - der-Schulbedarf.shop<\/title>\n<meta name=\"description\" content=\"tiptoi\u00ae Quiz Naturgewalten. Lustige Quiz-Tiere veranstalten ein spannendes Quiz-Turnier. F\u00fcr Kinder ab 2 Jahren. Die Welt spielerisch entdecken. Preis 8,09\u20ac\" \/>\n<meta name=\"robots\" content=\"index, follow, max-snippet:-1, max-image-preview:large, max-video-preview:-1\" \/>\n<link rel=\"canonical\" href=\"https:\/\/der-schulbedarf.shop\/produkt-des-monats\/produkt\/tiptoi-quiz-naturgewalten\/\" \/>\n<meta property=\"og:locale\" content=\"de_DE\" \/>\n<meta property=\"og:type\" content=\"article\" \/>\n<meta property=\"og:title\" content=\"tiptoi\u00ae Quiz Naturgewalten - der-Schulbedarf.shop\" \/>\n<meta property=\"og:description\" content=\"tiptoi\u00ae Quiz Naturgewalten. Lustige Quiz-Tiere veranstalten ein spannendes Quiz-Turnier. F\u00fcr Kinder ab 2 Jahren. Die Welt spielerisch entdecken. Preis 8,09\u20ac\" \/>\n<meta property=\"og:url\" content=\"https:\/\/der-schulbedarf.shop\/produkt-des-monats\/produkt\/tiptoi-quiz-naturgewalten\/\" \/>\n<meta property=\"og:site_name\" content=\"der-Schulbedarf.shop\" \/>\n<meta property=\"article:modified_time\" content=\"2025-07-03T08:00:07+00:00\" \/>\n<meta property=\"og:image\" content=\"https:\/\/der-schulbedarf.shop\/wp-content\/uploads\/2023\/05\/Quiz-Naturgewalten.webp\" \/>\n\t<meta property=\"og:image:width\" content=\"773\" \/>\n\t<meta property=\"og:image:height\" content=\"1024\" \/>\n\t<meta property=\"og:image:type\" content=\"image\/webp\" \/>\n<meta name=\"twitter:card\" content=\"summary_large_image\" \/>\n<meta name=\"twitter:label1\" content=\"Gesch\u00e4tzte Lesezeit\" \/>\n\t<meta name=\"twitter:data1\" content=\"2\u00a0Minuten\" \/>\n<script type=\"application\/ld+json\" class=\"yoast-schema-graph\">{\"@context\":\"https:\/\/schema.org\",\"@graph\":[{\"@type\":\"WebPage\",\"@id\":\"https:\/\/der-schulbedarf.shop\/produkt-des-monats\/produkt\/tiptoi-quiz-naturgewalten\/\",\"url\":\"https:\/\/der-schulbedarf.shop\/produkt-des-monats\/produkt\/tiptoi-quiz-naturgewalten\/\",\"name\":\"tiptoi\u00ae Quiz Naturgewalten - der-Schulbedarf.shop\",\"isPartOf\":{\"@id\":\"https:\/\/der-schulbedarf.shop\/produkt-des-monats\/#website\"},\"primaryImageOfPage\":{\"@id\":\"https:\/\/der-schulbedarf.shop\/produkt-des-monats\/produkt\/tiptoi-quiz-naturgewalten\/#primaryimage\"},\"image\":{\"@id\":\"https:\/\/der-schulbedarf.shop\/produkt-des-monats\/produkt\/tiptoi-quiz-naturgewalten\/#primaryimage\"},\"thumbnailUrl\":\"https:\/\/der-schulbedarf.shop\/wp-content\/uploads\/2023\/05\/Quiz-Naturgewalten.webp\",\"datePublished\":\"2023-05-27T10:00:48+00:00\",\"dateModified\":\"2025-07-03T08:00:07+00:00\",\"description\":\"tiptoi\u00ae Quiz Naturgewalten. Lustige Quiz-Tiere veranstalten ein spannendes Quiz-Turnier. F\u00fcr Kinder ab 2 Jahren. Die Welt spielerisch entdecken. Preis 8,09\u20ac\",\"breadcrumb\":{\"@id\":\"https:\/\/der-schulbedarf.shop\/produkt-des-monats\/produkt\/tiptoi-quiz-naturgewalten\/#breadcrumb\"},\"inLanguage\":\"de\",\"potentialAction\":[{\"@type\":\"ReadAction\",\"target\":[\"https:\/\/der-schulbedarf.shop\/produkt-des-monats\/produkt\/tiptoi-quiz-naturgewalten\/\"]}]},{\"@type\":\"ImageObject\",\"inLanguage\":\"de\",\"@id\":\"https:\/\/der-schulbedarf.shop\/produkt-des-monats\/produkt\/tiptoi-quiz-naturgewalten\/#primaryimage\",\"url\":\"https:\/\/der-schulbedarf.shop\/wp-content\/uploads\/2023\/05\/Quiz-Naturgewalten.webp\",\"contentUrl\":\"https:\/\/der-schulbedarf.shop\/wp-content\/uploads\/2023\/05\/Quiz-Naturgewalten.webp\",\"width\":773,\"height\":1024,\"caption\":\"Naturgewalten\"},{\"@type\":\"BreadcrumbList\",\"@id\":\"https:\/\/der-schulbedarf.shop\/produkt-des-monats\/produkt\/tiptoi-quiz-naturgewalten\/#breadcrumb\",\"itemListElement\":[{\"@type\":\"ListItem\",\"position\":1,\"name\":\"Shop\",\"item\":\"https:\/\/der-schulbedarf.shop\/produkt-des-monats\/shop\/\"},{\"@type\":\"ListItem\",\"position\":2,\"name\":\"tiptoi\u00ae Quiz Naturgewalten\"}]},{\"@type\":\"WebSite\",\"@id\":\"https:\/\/der-schulbedarf.shop\/produkt-des-monats\/#website\",\"url\":\"https:\/\/der-schulbedarf.shop\/produkt-des-monats\/\",\"name\":\"der-Schulbedarf.shop\",\"description\":\"\",\"publisher\":{\"@id\":\"https:\/\/der-schulbedarf.shop\/produkt-des-monats\/#organization\"},\"potentialAction\":[{\"@type\":\"SearchAction\",\"target\":{\"@type\":\"EntryPoint\",\"urlTemplate\":\"https:\/\/der-schulbedarf.shop\/produkt-des-monats\/?s={search_term_string}\"},\"query-input\":{\"@type\":\"PropertyValueSpecification\",\"valueRequired\":true,\"valueName\":\"search_term_string\"}}],\"inLanguage\":\"de\"},{\"@type\":\"Organization\",\"@id\":\"https:\/\/der-schulbedarf.shop\/produkt-des-monats\/#organization\",\"name\":\"der-Schulbedarf.shop\",\"url\":\"https:\/\/der-schulbedarf.shop\/produkt-des-monats\/\",\"logo\":{\"@type\":\"ImageObject\",\"inLanguage\":\"de\",\"@id\":\"https:\/\/der-schulbedarf.shop\/produkt-des-monats\/#\/schema\/logo\/image\/\",\"url\":\"https:\/\/der-schulbedarf.shop\/wp-content\/uploads\/2024\/02\/grafik-e1709551115899.png\",\"contentUrl\":\"https:\/\/der-schulbedarf.shop\/wp-content\/uploads\/2024\/02\/grafik-e1709551115899.png\",\"width\":80,\"height\":80,\"caption\":\"der-Schulbedarf.shop\"},\"image\":{\"@id\":\"https:\/\/der-schulbedarf.shop\/produkt-des-monats\/#\/schema\/logo\/image\/\"}}]}<\/script>\n<!-- \/ Yoast SEO plugin. -->","yoast_head_json":{"title":"tiptoi\u00ae Quiz Naturgewalten - der-Schulbedarf.shop","description":"tiptoi\u00ae Quiz Naturgewalten. Lustige Quiz-Tiere veranstalten ein spannendes Quiz-Turnier. F\u00fcr Kinder ab 2 Jahren. Die Welt spielerisch entdecken. Preis 8,09\u20ac","robots":{"index":"index","follow":"follow","max-snippet":"max-snippet:-1","max-image-preview":"max-image-preview:large","max-video-preview":"max-video-preview:-1"},"canonical":"https:\/\/der-schulbedarf.shop\/produkt-des-monats\/produkt\/tiptoi-quiz-naturgewalten\/","og_locale":"de_DE","og_type":"article","og_title":"tiptoi\u00ae Quiz Naturgewalten - der-Schulbedarf.shop","og_description":"tiptoi\u00ae Quiz Naturgewalten. Lustige Quiz-Tiere veranstalten ein spannendes Quiz-Turnier. F\u00fcr Kinder ab 2 Jahren. Die Welt spielerisch entdecken. Preis 8,09\u20ac","og_url":"https:\/\/der-schulbedarf.shop\/produkt-des-monats\/produkt\/tiptoi-quiz-naturgewalten\/","og_site_name":"der-Schulbedarf.shop","article_modified_time":"2025-07-03T08:00:07+00:00","og_image":[{"width":773,"height":1024,"url":"https:\/\/der-schulbedarf.shop\/wp-content\/uploads\/2023\/05\/Quiz-Naturgewalten.webp","type":"image\/webp"}],"twitter_card":"summary_large_image","twitter_misc":{"Gesch\u00e4tzte Lesezeit":"2\u00a0Minuten"},"schema":{"@context":"https:\/\/schema.org","@graph":[{"@type":"WebPage","@id":"https:\/\/der-schulbedarf.shop\/produkt-des-monats\/produkt\/tiptoi-quiz-naturgewalten\/","url":"https:\/\/der-schulbedarf.shop\/produkt-des-monats\/produkt\/tiptoi-quiz-naturgewalten\/","name":"tiptoi\u00ae Quiz Naturgewalten - der-Schulbedarf.shop","isPartOf":{"@id":"https:\/\/der-schulbedarf.shop\/produkt-des-monats\/#website"},"primaryImageOfPage":{"@id":"https:\/\/der-schulbedarf.shop\/produkt-des-monats\/produkt\/tiptoi-quiz-naturgewalten\/#primaryimage"},"image":{"@id":"https:\/\/der-schulbedarf.shop\/produkt-des-monats\/produkt\/tiptoi-quiz-naturgewalten\/#primaryimage"},"thumbnailUrl":"https:\/\/der-schulbedarf.shop\/wp-content\/uploads\/2023\/05\/Quiz-Naturgewalten.webp","datePublished":"2023-05-27T10:00:48+00:00","dateModified":"2025-07-03T08:00:07+00:00","description":"tiptoi\u00ae Quiz Naturgewalten. Lustige Quiz-Tiere veranstalten ein spannendes Quiz-Turnier. F\u00fcr Kinder ab 2 Jahren. Die Welt spielerisch entdecken. Preis 8,09\u20ac","breadcrumb":{"@id":"https:\/\/der-schulbedarf.shop\/produkt-des-monats\/produkt\/tiptoi-quiz-naturgewalten\/#breadcrumb"},"inLanguage":"de","potentialAction":[{"@type":"ReadAction","target":["https:\/\/der-schulbedarf.shop\/produkt-des-monats\/produkt\/tiptoi-quiz-naturgewalten\/"]}]},{"@type":"ImageObject","inLanguage":"de","@id":"https:\/\/der-schulbedarf.shop\/produkt-des-monats\/produkt\/tiptoi-quiz-naturgewalten\/#primaryimage","url":"https:\/\/der-schulbedarf.shop\/wp-content\/uploads\/2023\/05\/Quiz-Naturgewalten.webp","contentUrl":"https:\/\/der-schulbedarf.shop\/wp-content\/uploads\/2023\/05\/Quiz-Naturgewalten.webp","width":773,"height":1024,"caption":"Naturgewalten"},{"@type":"BreadcrumbList","@id":"https:\/\/der-schulbedarf.shop\/produkt-des-monats\/produkt\/tiptoi-quiz-naturgewalten\/#breadcrumb","itemListElement":[{"@type":"ListItem","position":1,"name":"Shop","item":"https:\/\/der-schulbedarf.shop\/produkt-des-monats\/shop\/"},{"@type":"ListItem","position":2,"name":"tiptoi\u00ae Quiz Naturgewalten"}]},{"@type":"WebSite","@id":"https:\/\/der-schulbedarf.shop\/produkt-des-monats\/#website","url":"https:\/\/der-schulbedarf.shop\/produkt-des-monats\/","name":"der-Schulbedarf.shop","description":"","publisher":{"@id":"https:\/\/der-schulbedarf.shop\/produkt-des-monats\/#organization"},"potentialAction":[{"@type":"SearchAction","target":{"@type":"EntryPoint","urlTemplate":"https:\/\/der-schulbedarf.shop\/produkt-des-monats\/?s={search_term_string}"},"query-input":{"@type":"PropertyValueSpecification","valueRequired":true,"valueName":"search_term_string"}}],"inLanguage":"de"},{"@type":"Organization","@id":"https:\/\/der-schulbedarf.shop\/produkt-des-monats\/#organization","name":"der-Schulbedarf.shop","url":"https:\/\/der-schulbedarf.shop\/produkt-des-monats\/","logo":{"@type":"ImageObject","inLanguage":"de","@id":"https:\/\/der-schulbedarf.shop\/produkt-des-monats\/#\/schema\/logo\/image\/","url":"https:\/\/der-schulbedarf.shop\/wp-content\/uploads\/2024\/02\/grafik-e1709551115899.png","contentUrl":"https:\/\/der-schulbedarf.shop\/wp-content\/uploads\/2024\/02\/grafik-e1709551115899.png","width":80,"height":80,"caption":"der-Schulbedarf.shop"},"image":{"@id":"https:\/\/der-schulbedarf.shop\/produkt-des-monats\/#\/schema\/logo\/image\/"}}]}},"_links":{"self":[{"href":"https:\/\/der-schulbedarf.shop\/produkt-des-monats\/wp-json\/wp\/v2\/product\/666","targetHints":{"allow":["GET"]}}],"collection":[{"href":"https:\/\/der-schulbedarf.shop\/produkt-des-monats\/wp-json\/wp\/v2\/product"}],"about":[{"href":"https:\/\/der-schulbedarf.shop\/produkt-des-monats\/wp-json\/wp\/v2\/types\/product"}],"replies":[{"embeddable":true,"href":"https:\/\/der-schulbedarf.shop\/produkt-des-monats\/wp-json\/wp\/v2\/comments?post=666"}],"wp:featuredmedia":[{"embeddable":true,"href":"https:\/\/der-schulbedarf.shop\/produkt-des-monats\/wp-json\/wp\/v2\/media\/1433"}],"wp:attachment":[{"href":"https:\/\/der-schulbedarf.shop\/produkt-des-monats\/wp-json\/wp\/v2\/media?parent=666"}],"wp:term":[{"taxonomy":"product_cat","embeddable":true,"href":"https:\/\/der-schulbedarf.shop\/produkt-des-monats\/wp-json\/wp\/v2\/product_cat?post=666"},{"taxonomy":"product_tag","embeddable":true,"href":"https:\/\/der-schulbedarf.shop\/produkt-des-monats\/wp-json\/wp\/v2\/product_tag?post=666"}],"curies":[{"name":"wp","href":"https:\/\/api.w.org\/{rel}","templated":true}]}}