{"id":705,"date":"2023-06-14T05:19:29","date_gmt":"2023-06-14T05:19:29","guid":{"rendered":"https:\/\/der-schulbedarf.Shop\/?post_type=product&#038;p=705"},"modified":"2025-08-22T10:16:09","modified_gmt":"2025-08-22T10:16:09","slug":"leseabe-sonderausgaben-die-schoensten-geschichten-fuer-erstleser-von-manfred-mai","status":"publish","type":"product","link":"https:\/\/der-schulbedarf.shop\/produkt-des-monats\/produkt\/leseabe-sonderausgaben-die-schoensten-geschichten-fuer-erstleser-von-manfred-mai\/","title":{"rendered":"Leserabe &#8211; Sonderausgaben: Die sch\u00f6nsten Geschichten f\u00fcr Erstleser von Manfred Mai"},"content":{"rendered":"<p>Leserabe &#8211; Sonderausgaben: Die sch\u00f6nsten Geschichten f\u00fcr Erstleser von Manfred Mai<\/p>\n<p>Manfred Mai z\u00e4hlt zu den bekanntesten deutschen Kinderbuchautoren. Dieser Sonderband enth\u00e4lt vier seiner sch\u00f6nsten Geschichten f\u00fcr Erstleser: \u201eEin Fu\u00dfball zum Geburtstag\u201c, \u201eEin tierischer Schultag\u201c, \u201eEin sch\u00f6nes Geheimnis\u201c und \u201e Kleiner Fuchs auf gro\u00dfer Jagd\u201c.<br \/>\nFlorian bekommt einen Fu\u00dfball zum Geburtstag, Anne nimmt ihren Dackel Schnuffel mit in die Schule, Leon hat ein ganz besonderes Geheimnis und Kleiner Fuchs geht auf gro\u00dfe Jagd.<\/p>\n<p>Lesen lernen wie im Flug! Die Kinderb\u00fccher der Reihe Leserabe wurden mit P\u00e4dagogen entwickelt und richten sich an Leseanf\u00e4nger ab dem Vorschulalter. Dieser Sammelband beinhaltet eine Geschichte aus jeder Lesestufe. Die Vor-Lesestufe erm\u00f6glicht, Kindern im Vorschulalter und deren Eltern als Lese Team erste gemeinsame Leseerlebnisse. Die kurzen Texte der ersten Lesestufe sind in gro\u00dfer Fibelschrift geschrieben, sichern erste Leseerfolge und steigern die Lesekompetenz. Spannende Geschichten in Fibelschrift wecken in der zweiten Lesestufe die Lesemotivation. Empfohlen von Stiftung Lesen. Bestens geeignet f\u00fcr Leseanf\u00e4nger ab der ersten Klasse und als Geschenk zur Einschulung.<\/p>\n<p>&nbsp;<\/p>\n<p>&nbsp;<\/p>\n","protected":false},"excerpt":{"rendered":"<p>Leserabe &#8211; Sonderausgaben: Die sch\u00f6nsten Geschichten f\u00fcr Erstleser von Manfred Mai Manfred Mai z\u00e4hlt zu den bekanntesten deutschen Kinderbuchautoren. Dieser Sonderband enth\u00e4lt vier seiner sch\u00f6nsten Geschichten f\u00fcr Erstleser: \u201eEin Fu\u00dfball zum Geburtstag\u201c, \u201eEin tierischer Schultag\u201c, \u201eEin sch\u00f6nes Geheimnis\u201c und \u201e Kleiner Fuchs auf gro\u00dfer Jagd\u201c. Florian bekommt einen Fu\u00dfball zum Geburtstag, Anne nimmt ihren Dackel [&hellip;]<\/p>\n","protected":false},"featured_media":711,"comment_status":"open","ping_status":"closed","template":"","meta":[],"product_cat":[224,915,944,225,37,1028],"product_tag":[192,111,200,201,196,197,205,195,183,115,199,114,206,186,113,210,112,209,207,198,181,208,185,202,179,194,189,204,193,180,177,178],"class_list":{"0":"post-705","1":"product","2":"type-product","3":"status-publish","4":"has-post-thumbnail","6":"product_cat-kinderbuecher","7":"product_cat-produkt-feeds","8":"product_cat-produktzufuehrung-geizhal","9":"product_cat-ravensburger-kinderbuecher","10":"product_cat-ravensburger","11":"product_cat-vorschulalter","12":"product_tag-antolin","13":"product_tag-beschaeftigung","14":"product_tag-buch","15":"product_tag-buecher","16":"product_tag-erstlesebuch","17":"product_tag-erstlesebuecher","18":"product_tag-erstlesegeschichten","19":"product_tag-erstleser","20":"product_tag-fantasie","21":"product_tag-fuer-jungen","22":"product_tag-fuer-kinder-ab-6-jahre","23":"product_tag-fuer-maedchen","24":"product_tag-fussball","25":"product_tag-geheimnis","26":"product_tag-geschenk","27":"product_tag-geschenk-kinder","28":"product_tag-geschenkidee","29":"product_tag-jubilaeum","30":"product_tag-junge","31":"product_tag-kinderbuch","32":"product_tag-kinderbuecher","33":"product_tag-klassenzimmer","34":"product_tag-leseanfaenger","35":"product_tag-lesen","36":"product_tag-lesen-lernen","37":"product_tag-leserabe","38":"product_tag-maedchen","39":"product_tag-manfred-mai","40":"product_tag-ravensburger","41":"product_tag-ravensburger-erstes-lernen","42":"product_tag-zuhause-lernen","43":"product_tag-zuhause-unterrichten","44":"post","45":"post-with-thumbnail","46":"post-with-thumbnail-large","48":"first","49":"outofstock","50":"taxable","51":"shipping-taxable","52":"purchasable","53":"product-type-simple"},"yoast_head":"<!-- This site is optimized with the Yoast SEO plugin v26.6 - https:\/\/yoast.com\/wordpress\/plugins\/seo\/ -->\n<title>Leserabe - Sonderausgaben: Die sch\u00f6nsten Geschichten f\u00fcr Erstleser von Manfred Mai - der-Schulbedarf.shop<\/title>\n<meta name=\"description\" content=\"Von P\u00e4dagogen entwickelt. F\u00fcr Kinder im Vorschulalter. Kurze Texte in Fibelschrift weckt die Lesemotivation. Auch geeignet als Geschenk zur Einschulung.\" \/>\n<meta name=\"robots\" content=\"index, follow, max-snippet:-1, max-image-preview:large, max-video-preview:-1\" \/>\n<link rel=\"canonical\" href=\"https:\/\/der-schulbedarf.shop\/produkt-des-monats\/produkt\/leseabe-sonderausgaben-die-schoensten-geschichten-fuer-erstleser-von-manfred-mai\/\" \/>\n<meta property=\"og:locale\" content=\"de_DE\" \/>\n<meta property=\"og:type\" content=\"article\" \/>\n<meta property=\"og:title\" content=\"Leserabe - Sonderausgaben: Die sch\u00f6nsten Geschichten f\u00fcr Erstleser von Manfred Mai - der-Schulbedarf.shop\" \/>\n<meta property=\"og:description\" content=\"Von P\u00e4dagogen entwickelt. F\u00fcr Kinder im Vorschulalter. Kurze Texte in Fibelschrift weckt die Lesemotivation. Auch geeignet als Geschenk zur Einschulung.\" \/>\n<meta property=\"og:url\" content=\"https:\/\/der-schulbedarf.shop\/produkt-des-monats\/produkt\/leseabe-sonderausgaben-die-schoensten-geschichten-fuer-erstleser-von-manfred-mai\/\" \/>\n<meta property=\"og:site_name\" content=\"der-Schulbedarf.shop\" \/>\n<meta property=\"article:modified_time\" content=\"2025-08-22T10:16:09+00:00\" \/>\n<meta property=\"og:image\" content=\"https:\/\/der-schulbedarf.shop\/wp-content\/uploads\/2023\/06\/AN_36124_1.webp\" \/>\n\t<meta property=\"og:image:width\" content=\"262\" \/>\n\t<meta property=\"og:image:height\" content=\"360\" \/>\n\t<meta property=\"og:image:type\" content=\"image\/webp\" \/>\n<meta name=\"twitter:card\" content=\"summary_large_image\" \/>\n<meta name=\"twitter:label1\" content=\"Gesch\u00e4tzte Lesezeit\" \/>\n\t<meta name=\"twitter:data1\" content=\"2\u00a0Minuten\" \/>\n<script type=\"application\/ld+json\" class=\"yoast-schema-graph\">{\"@context\":\"https:\/\/schema.org\",\"@graph\":[{\"@type\":\"WebPage\",\"@id\":\"https:\/\/der-schulbedarf.shop\/produkt-des-monats\/produkt\/leseabe-sonderausgaben-die-schoensten-geschichten-fuer-erstleser-von-manfred-mai\/\",\"url\":\"https:\/\/der-schulbedarf.shop\/produkt-des-monats\/produkt\/leseabe-sonderausgaben-die-schoensten-geschichten-fuer-erstleser-von-manfred-mai\/\",\"name\":\"Leserabe - Sonderausgaben: Die sch\u00f6nsten Geschichten f\u00fcr Erstleser von Manfred Mai - der-Schulbedarf.shop\",\"isPartOf\":{\"@id\":\"https:\/\/der-schulbedarf.shop\/produkt-des-monats\/#website\"},\"primaryImageOfPage\":{\"@id\":\"https:\/\/der-schulbedarf.shop\/produkt-des-monats\/produkt\/leseabe-sonderausgaben-die-schoensten-geschichten-fuer-erstleser-von-manfred-mai\/#primaryimage\"},\"image\":{\"@id\":\"https:\/\/der-schulbedarf.shop\/produkt-des-monats\/produkt\/leseabe-sonderausgaben-die-schoensten-geschichten-fuer-erstleser-von-manfred-mai\/#primaryimage\"},\"thumbnailUrl\":\"https:\/\/der-schulbedarf.shop\/wp-content\/uploads\/2023\/06\/AN_36124_1.webp\",\"datePublished\":\"2023-06-14T05:19:29+00:00\",\"dateModified\":\"2025-08-22T10:16:09+00:00\",\"description\":\"Von P\u00e4dagogen entwickelt. F\u00fcr Kinder im Vorschulalter. Kurze Texte in Fibelschrift weckt die Lesemotivation. Auch geeignet als Geschenk zur Einschulung.\",\"breadcrumb\":{\"@id\":\"https:\/\/der-schulbedarf.shop\/produkt-des-monats\/produkt\/leseabe-sonderausgaben-die-schoensten-geschichten-fuer-erstleser-von-manfred-mai\/#breadcrumb\"},\"inLanguage\":\"de\",\"potentialAction\":[{\"@type\":\"ReadAction\",\"target\":[\"https:\/\/der-schulbedarf.shop\/produkt-des-monats\/produkt\/leseabe-sonderausgaben-die-schoensten-geschichten-fuer-erstleser-von-manfred-mai\/\"]}]},{\"@type\":\"ImageObject\",\"inLanguage\":\"de\",\"@id\":\"https:\/\/der-schulbedarf.shop\/produkt-des-monats\/produkt\/leseabe-sonderausgaben-die-schoensten-geschichten-fuer-erstleser-von-manfred-mai\/#primaryimage\",\"url\":\"https:\/\/der-schulbedarf.shop\/wp-content\/uploads\/2023\/06\/AN_36124_1.webp\",\"contentUrl\":\"https:\/\/der-schulbedarf.shop\/wp-content\/uploads\/2023\/06\/AN_36124_1.webp\",\"width\":262,\"height\":360},{\"@type\":\"BreadcrumbList\",\"@id\":\"https:\/\/der-schulbedarf.shop\/produkt-des-monats\/produkt\/leseabe-sonderausgaben-die-schoensten-geschichten-fuer-erstleser-von-manfred-mai\/#breadcrumb\",\"itemListElement\":[{\"@type\":\"ListItem\",\"position\":1,\"name\":\"Shop\",\"item\":\"https:\/\/der-schulbedarf.shop\/produkt-des-monats\/shop\/\"},{\"@type\":\"ListItem\",\"position\":2,\"name\":\"Leserabe &#8211; Sonderausgaben: Die sch\u00f6nsten Geschichten f\u00fcr Erstleser von Manfred Mai\"}]},{\"@type\":\"WebSite\",\"@id\":\"https:\/\/der-schulbedarf.shop\/produkt-des-monats\/#website\",\"url\":\"https:\/\/der-schulbedarf.shop\/produkt-des-monats\/\",\"name\":\"der-Schulbedarf.shop\",\"description\":\"\",\"publisher\":{\"@id\":\"https:\/\/der-schulbedarf.shop\/produkt-des-monats\/#organization\"},\"potentialAction\":[{\"@type\":\"SearchAction\",\"target\":{\"@type\":\"EntryPoint\",\"urlTemplate\":\"https:\/\/der-schulbedarf.shop\/produkt-des-monats\/?s={search_term_string}\"},\"query-input\":{\"@type\":\"PropertyValueSpecification\",\"valueRequired\":true,\"valueName\":\"search_term_string\"}}],\"inLanguage\":\"de\"},{\"@type\":\"Organization\",\"@id\":\"https:\/\/der-schulbedarf.shop\/produkt-des-monats\/#organization\",\"name\":\"der-Schulbedarf.shop\",\"url\":\"https:\/\/der-schulbedarf.shop\/produkt-des-monats\/\",\"logo\":{\"@type\":\"ImageObject\",\"inLanguage\":\"de\",\"@id\":\"https:\/\/der-schulbedarf.shop\/produkt-des-monats\/#\/schema\/logo\/image\/\",\"url\":\"https:\/\/der-schulbedarf.shop\/wp-content\/uploads\/2024\/02\/grafik-e1709551115899.png\",\"contentUrl\":\"https:\/\/der-schulbedarf.shop\/wp-content\/uploads\/2024\/02\/grafik-e1709551115899.png\",\"width\":80,\"height\":80,\"caption\":\"der-Schulbedarf.shop\"},\"image\":{\"@id\":\"https:\/\/der-schulbedarf.shop\/produkt-des-monats\/#\/schema\/logo\/image\/\"}}]}<\/script>\n<!-- \/ Yoast SEO plugin. -->","yoast_head_json":{"title":"Leserabe - Sonderausgaben: Die sch\u00f6nsten Geschichten f\u00fcr Erstleser von Manfred Mai - der-Schulbedarf.shop","description":"Von P\u00e4dagogen entwickelt. F\u00fcr Kinder im Vorschulalter. Kurze Texte in Fibelschrift weckt die Lesemotivation. Auch geeignet als Geschenk zur Einschulung.","robots":{"index":"index","follow":"follow","max-snippet":"max-snippet:-1","max-image-preview":"max-image-preview:large","max-video-preview":"max-video-preview:-1"},"canonical":"https:\/\/der-schulbedarf.shop\/produkt-des-monats\/produkt\/leseabe-sonderausgaben-die-schoensten-geschichten-fuer-erstleser-von-manfred-mai\/","og_locale":"de_DE","og_type":"article","og_title":"Leserabe - Sonderausgaben: Die sch\u00f6nsten Geschichten f\u00fcr Erstleser von Manfred Mai - der-Schulbedarf.shop","og_description":"Von P\u00e4dagogen entwickelt. F\u00fcr Kinder im Vorschulalter. Kurze Texte in Fibelschrift weckt die Lesemotivation. Auch geeignet als Geschenk zur Einschulung.","og_url":"https:\/\/der-schulbedarf.shop\/produkt-des-monats\/produkt\/leseabe-sonderausgaben-die-schoensten-geschichten-fuer-erstleser-von-manfred-mai\/","og_site_name":"der-Schulbedarf.shop","article_modified_time":"2025-08-22T10:16:09+00:00","og_image":[{"width":262,"height":360,"url":"https:\/\/der-schulbedarf.shop\/wp-content\/uploads\/2023\/06\/AN_36124_1.webp","type":"image\/webp"}],"twitter_card":"summary_large_image","twitter_misc":{"Gesch\u00e4tzte Lesezeit":"2\u00a0Minuten"},"schema":{"@context":"https:\/\/schema.org","@graph":[{"@type":"WebPage","@id":"https:\/\/der-schulbedarf.shop\/produkt-des-monats\/produkt\/leseabe-sonderausgaben-die-schoensten-geschichten-fuer-erstleser-von-manfred-mai\/","url":"https:\/\/der-schulbedarf.shop\/produkt-des-monats\/produkt\/leseabe-sonderausgaben-die-schoensten-geschichten-fuer-erstleser-von-manfred-mai\/","name":"Leserabe - Sonderausgaben: Die sch\u00f6nsten Geschichten f\u00fcr Erstleser von Manfred Mai - der-Schulbedarf.shop","isPartOf":{"@id":"https:\/\/der-schulbedarf.shop\/produkt-des-monats\/#website"},"primaryImageOfPage":{"@id":"https:\/\/der-schulbedarf.shop\/produkt-des-monats\/produkt\/leseabe-sonderausgaben-die-schoensten-geschichten-fuer-erstleser-von-manfred-mai\/#primaryimage"},"image":{"@id":"https:\/\/der-schulbedarf.shop\/produkt-des-monats\/produkt\/leseabe-sonderausgaben-die-schoensten-geschichten-fuer-erstleser-von-manfred-mai\/#primaryimage"},"thumbnailUrl":"https:\/\/der-schulbedarf.shop\/wp-content\/uploads\/2023\/06\/AN_36124_1.webp","datePublished":"2023-06-14T05:19:29+00:00","dateModified":"2025-08-22T10:16:09+00:00","description":"Von P\u00e4dagogen entwickelt. F\u00fcr Kinder im Vorschulalter. Kurze Texte in Fibelschrift weckt die Lesemotivation. Auch geeignet als Geschenk zur Einschulung.","breadcrumb":{"@id":"https:\/\/der-schulbedarf.shop\/produkt-des-monats\/produkt\/leseabe-sonderausgaben-die-schoensten-geschichten-fuer-erstleser-von-manfred-mai\/#breadcrumb"},"inLanguage":"de","potentialAction":[{"@type":"ReadAction","target":["https:\/\/der-schulbedarf.shop\/produkt-des-monats\/produkt\/leseabe-sonderausgaben-die-schoensten-geschichten-fuer-erstleser-von-manfred-mai\/"]}]},{"@type":"ImageObject","inLanguage":"de","@id":"https:\/\/der-schulbedarf.shop\/produkt-des-monats\/produkt\/leseabe-sonderausgaben-die-schoensten-geschichten-fuer-erstleser-von-manfred-mai\/#primaryimage","url":"https:\/\/der-schulbedarf.shop\/wp-content\/uploads\/2023\/06\/AN_36124_1.webp","contentUrl":"https:\/\/der-schulbedarf.shop\/wp-content\/uploads\/2023\/06\/AN_36124_1.webp","width":262,"height":360},{"@type":"BreadcrumbList","@id":"https:\/\/der-schulbedarf.shop\/produkt-des-monats\/produkt\/leseabe-sonderausgaben-die-schoensten-geschichten-fuer-erstleser-von-manfred-mai\/#breadcrumb","itemListElement":[{"@type":"ListItem","position":1,"name":"Shop","item":"https:\/\/der-schulbedarf.shop\/produkt-des-monats\/shop\/"},{"@type":"ListItem","position":2,"name":"Leserabe &#8211; Sonderausgaben: Die sch\u00f6nsten Geschichten f\u00fcr Erstleser von Manfred Mai"}]},{"@type":"WebSite","@id":"https:\/\/der-schulbedarf.shop\/produkt-des-monats\/#website","url":"https:\/\/der-schulbedarf.shop\/produkt-des-monats\/","name":"der-Schulbedarf.shop","description":"","publisher":{"@id":"https:\/\/der-schulbedarf.shop\/produkt-des-monats\/#organization"},"potentialAction":[{"@type":"SearchAction","target":{"@type":"EntryPoint","urlTemplate":"https:\/\/der-schulbedarf.shop\/produkt-des-monats\/?s={search_term_string}"},"query-input":{"@type":"PropertyValueSpecification","valueRequired":true,"valueName":"search_term_string"}}],"inLanguage":"de"},{"@type":"Organization","@id":"https:\/\/der-schulbedarf.shop\/produkt-des-monats\/#organization","name":"der-Schulbedarf.shop","url":"https:\/\/der-schulbedarf.shop\/produkt-des-monats\/","logo":{"@type":"ImageObject","inLanguage":"de","@id":"https:\/\/der-schulbedarf.shop\/produkt-des-monats\/#\/schema\/logo\/image\/","url":"https:\/\/der-schulbedarf.shop\/wp-content\/uploads\/2024\/02\/grafik-e1709551115899.png","contentUrl":"https:\/\/der-schulbedarf.shop\/wp-content\/uploads\/2024\/02\/grafik-e1709551115899.png","width":80,"height":80,"caption":"der-Schulbedarf.shop"},"image":{"@id":"https:\/\/der-schulbedarf.shop\/produkt-des-monats\/#\/schema\/logo\/image\/"}}]}},"_links":{"self":[{"href":"https:\/\/der-schulbedarf.shop\/produkt-des-monats\/wp-json\/wp\/v2\/product\/705","targetHints":{"allow":["GET"]}}],"collection":[{"href":"https:\/\/der-schulbedarf.shop\/produkt-des-monats\/wp-json\/wp\/v2\/product"}],"about":[{"href":"https:\/\/der-schulbedarf.shop\/produkt-des-monats\/wp-json\/wp\/v2\/types\/product"}],"replies":[{"embeddable":true,"href":"https:\/\/der-schulbedarf.shop\/produkt-des-monats\/wp-json\/wp\/v2\/comments?post=705"}],"wp:featuredmedia":[{"embeddable":true,"href":"https:\/\/der-schulbedarf.shop\/produkt-des-monats\/wp-json\/wp\/v2\/media\/711"}],"wp:attachment":[{"href":"https:\/\/der-schulbedarf.shop\/produkt-des-monats\/wp-json\/wp\/v2\/media?parent=705"}],"wp:term":[{"taxonomy":"product_cat","embeddable":true,"href":"https:\/\/der-schulbedarf.shop\/produkt-des-monats\/wp-json\/wp\/v2\/product_cat?post=705"},{"taxonomy":"product_tag","embeddable":true,"href":"https:\/\/der-schulbedarf.shop\/produkt-des-monats\/wp-json\/wp\/v2\/product_tag?post=705"}],"curies":[{"name":"wp","href":"https:\/\/api.w.org\/{rel}","templated":true}]}}