{"id":712,"date":"2023-06-14T05:35:34","date_gmt":"2023-06-14T05:35:34","guid":{"rendered":"https:\/\/der-schulbedarf.Shop\/?post_type=product&#038;p=712"},"modified":"2025-08-22T10:12:49","modified_gmt":"2025-08-22T10:12:49","slug":"der-magische-blumenladen-fuer-erstleser-band-1-die-verschwundenen-katzen","status":"publish","type":"product","link":"https:\/\/der-schulbedarf.shop\/produkt-des-monats\/produkt\/der-magische-blumenladen-fuer-erstleser-band-1-die-verschwundenen-katzen\/","title":{"rendered":"Der magische Blumenladen f\u00fcr Erstleser, Band 1: Die verschwundenen Katzen"},"content":{"rendered":"<p>Violets Kater Lord Nelson ist verschwunden. Doch damit nicht genug, auch andere Katzen sind wie vom Erdboden verschluckt. Schon bald hat Violet einen Verdacht! Jetzt fehlt nur noch die richtige Zauberblume.<br \/>\nDie beliebte Kinderbuchreihe jetzt auch f\u00fcr Erstleser! Mit vierfarbigen Illustrationen und Fibelschrift f\u00fcr Leseanf\u00e4nger ab 6 Jahren geeignet.<\/p>\n<p>Hinter jeder Blume steckt ein Zauber!<br \/>\nViolet lebt bei ihrer Tante Abigail, die einen Blumenladen besitzt. Was kaum jemand wei\u00df: Abigail ist eine Blumenzauberin und auch Violet besitzt die magische Gabe. Mithilfe der richtigen Zauberblume kann Violet Geheimnisse l\u00fcften und ihren Freunden zur Seite stehen. Unterst\u00fctzung bekommt Violet dabei von Tante Abigails Haustieren: dem Wellensittich Lady Madonna und dem Kater Lord Nelson.<br \/>\nDie\u00a0beliebte Kinderbuch-Reihe\u00a0von Gina Mayer jetzt auch zum Vorlesen und ersten Selberlesen.\u00a0Mit\u00a0vierfarbigen Illustrationen und\u00a0Fibelschrift\u00a0f\u00fcr Leseanf\u00e4nger ab 6 Jahren\u00a0geeignet.<br \/>\nBand 1: Der magische Blumenladen f\u00fcr Erstleser \u2013 Die verschwundenen Katzen\u200b<br \/>\nBand 2:\u00a0Der magische Blumenladen f\u00fcr Erstleser \u2013 Das geheimnisvolle M\u00e4dchen<br \/>\n\u200bBand 3:\u00a0Der magische Blumenladen f\u00fcr Erstleser \u2013 Der verzauberte Esel<br \/>\nBand 4:\u00a0Der magische Blumenladen f\u00fcr Erstleser \u2013 Die gestohlene Freundin\u200b<br \/>\nBand 5:\u00a0Der magische Blumenladen f\u00fcr Erstleser \u2013 Ein magischer Tag im Freibad\u200b<\/p>\n<p>&nbsp;<\/p>\n<p>&nbsp;<\/p>\n","protected":false},"excerpt":{"rendered":"<p>Violets Kater Lord Nelson ist verschwunden. Doch damit nicht genug, auch andere Katzen sind wie vom Erdboden verschluckt. Schon bald hat Violet einen Verdacht! Jetzt fehlt nur noch die richtige Zauberblume. Die beliebte Kinderbuchreihe jetzt auch f\u00fcr Erstleser! Mit vierfarbigen Illustrationen und Fibelschrift f\u00fcr Leseanf\u00e4nger ab 6 Jahren geeignet. Hinter jeder Blume steckt ein Zauber! [&hellip;]<\/p>\n","protected":false},"featured_media":717,"comment_status":"open","ping_status":"closed","template":"","meta":[],"product_cat":[224,915,944,37,225],"product_tag":[192,111,200,201,196,197,195,183,190,115,199,114,113,112,184,203,198,181,185,202,179,194,191,189,188,182,193,180,187,177,178],"class_list":{"0":"post-712","1":"product","2":"type-product","3":"status-publish","4":"has-post-thumbnail","6":"product_cat-kinderbuecher","7":"product_cat-produkt-feeds","8":"product_cat-produktzufuehrung-geizhal","9":"product_cat-ravensburger","10":"product_cat-ravensburger-kinderbuecher","11":"product_tag-antolin","12":"product_tag-beschaeftigung","13":"product_tag-buch","14":"product_tag-buecher","15":"product_tag-erstlesebuch","16":"product_tag-erstlesebuecher","17":"product_tag-erstleser","18":"product_tag-fantasie","19":"product_tag-freundschaft","20":"product_tag-fuer-jungen","21":"product_tag-fuer-kinder-ab-6-jahre","22":"product_tag-fuer-maedchen","23":"product_tag-geschenk","24":"product_tag-geschenkidee","25":"product_tag-junior","26":"product_tag-kater","27":"product_tag-kinderbuch","28":"product_tag-kinderbuecher","29":"product_tag-leseanfaenger","30":"product_tag-lesen","31":"product_tag-lesen-lernen","32":"product_tag-leserabe","33":"product_tag-lord-nelson","34":"product_tag-maedchen","35":"product_tag-magie","36":"product_tag-magischer-blumenladen","37":"product_tag-ravensburger","38":"product_tag-ravensburger-erstes-lernen","39":"product_tag-zauber","40":"product_tag-zuhause-lernen","41":"product_tag-zuhause-unterrichten","42":"post","43":"post-with-thumbnail","44":"post-with-thumbnail-large","46":"first","47":"outofstock","48":"taxable","49":"shipping-taxable","50":"purchasable","51":"product-type-simple"},"yoast_head":"<!-- This site is optimized with the Yoast SEO plugin v26.6 - https:\/\/yoast.com\/wordpress\/plugins\/seo\/ -->\n<title>Der magische Blumenladen f\u00fcr Erstleser, Band 1: Die verschwundenen Katzen - der-Schulbedarf.shop<\/title>\n<meta name=\"robots\" content=\"index, follow, max-snippet:-1, max-image-preview:large, max-video-preview:-1\" \/>\n<link rel=\"canonical\" href=\"https:\/\/der-schulbedarf.shop\/produkt-des-monats\/produkt\/der-magische-blumenladen-fuer-erstleser-band-1-die-verschwundenen-katzen\/\" \/>\n<meta property=\"og:locale\" content=\"de_DE\" \/>\n<meta property=\"og:type\" content=\"article\" \/>\n<meta property=\"og:title\" content=\"Der magische Blumenladen f\u00fcr Erstleser, Band 1: Die verschwundenen Katzen - der-Schulbedarf.shop\" \/>\n<meta property=\"og:description\" content=\"Violets Kater Lord Nelson ist verschwunden. Doch damit nicht genug, auch andere Katzen sind wie vom Erdboden verschluckt. Schon bald hat Violet einen Verdacht! Jetzt fehlt nur noch die richtige Zauberblume. Die beliebte Kinderbuchreihe jetzt auch f\u00fcr Erstleser! Mit vierfarbigen Illustrationen und Fibelschrift f\u00fcr Leseanf\u00e4nger ab 6 Jahren geeignet. Hinter jeder Blume steckt ein Zauber! [&hellip;]\" \/>\n<meta property=\"og:url\" content=\"https:\/\/der-schulbedarf.shop\/produkt-des-monats\/produkt\/der-magische-blumenladen-fuer-erstleser-band-1-die-verschwundenen-katzen\/\" \/>\n<meta property=\"og:site_name\" content=\"der-Schulbedarf.shop\" \/>\n<meta property=\"article:modified_time\" content=\"2025-08-22T10:12:49+00:00\" \/>\n<meta property=\"og:image\" content=\"https:\/\/der-schulbedarf.shop\/wp-content\/uploads\/2023\/06\/AN_36125_1.webp\" \/>\n\t<meta property=\"og:image:width\" content=\"255\" \/>\n\t<meta property=\"og:image:height\" content=\"360\" \/>\n\t<meta property=\"og:image:type\" content=\"image\/webp\" \/>\n<meta name=\"twitter:card\" content=\"summary_large_image\" \/>\n<meta name=\"twitter:label1\" content=\"Gesch\u00e4tzte Lesezeit\" \/>\n\t<meta name=\"twitter:data1\" content=\"2\u00a0Minuten\" \/>\n<script type=\"application\/ld+json\" class=\"yoast-schema-graph\">{\"@context\":\"https:\/\/schema.org\",\"@graph\":[{\"@type\":\"WebPage\",\"@id\":\"https:\/\/der-schulbedarf.shop\/produkt-des-monats\/produkt\/der-magische-blumenladen-fuer-erstleser-band-1-die-verschwundenen-katzen\/\",\"url\":\"https:\/\/der-schulbedarf.shop\/produkt-des-monats\/produkt\/der-magische-blumenladen-fuer-erstleser-band-1-die-verschwundenen-katzen\/\",\"name\":\"Der magische Blumenladen f\u00fcr Erstleser, Band 1: Die verschwundenen Katzen - der-Schulbedarf.shop\",\"isPartOf\":{\"@id\":\"https:\/\/der-schulbedarf.shop\/produkt-des-monats\/#website\"},\"primaryImageOfPage\":{\"@id\":\"https:\/\/der-schulbedarf.shop\/produkt-des-monats\/produkt\/der-magische-blumenladen-fuer-erstleser-band-1-die-verschwundenen-katzen\/#primaryimage\"},\"image\":{\"@id\":\"https:\/\/der-schulbedarf.shop\/produkt-des-monats\/produkt\/der-magische-blumenladen-fuer-erstleser-band-1-die-verschwundenen-katzen\/#primaryimage\"},\"thumbnailUrl\":\"https:\/\/der-schulbedarf.shop\/wp-content\/uploads\/2023\/06\/AN_36125_1.webp\",\"datePublished\":\"2023-06-14T05:35:34+00:00\",\"dateModified\":\"2025-08-22T10:12:49+00:00\",\"breadcrumb\":{\"@id\":\"https:\/\/der-schulbedarf.shop\/produkt-des-monats\/produkt\/der-magische-blumenladen-fuer-erstleser-band-1-die-verschwundenen-katzen\/#breadcrumb\"},\"inLanguage\":\"de\",\"potentialAction\":[{\"@type\":\"ReadAction\",\"target\":[\"https:\/\/der-schulbedarf.shop\/produkt-des-monats\/produkt\/der-magische-blumenladen-fuer-erstleser-band-1-die-verschwundenen-katzen\/\"]}]},{\"@type\":\"ImageObject\",\"inLanguage\":\"de\",\"@id\":\"https:\/\/der-schulbedarf.shop\/produkt-des-monats\/produkt\/der-magische-blumenladen-fuer-erstleser-band-1-die-verschwundenen-katzen\/#primaryimage\",\"url\":\"https:\/\/der-schulbedarf.shop\/wp-content\/uploads\/2023\/06\/AN_36125_1.webp\",\"contentUrl\":\"https:\/\/der-schulbedarf.shop\/wp-content\/uploads\/2023\/06\/AN_36125_1.webp\",\"width\":255,\"height\":360},{\"@type\":\"BreadcrumbList\",\"@id\":\"https:\/\/der-schulbedarf.shop\/produkt-des-monats\/produkt\/der-magische-blumenladen-fuer-erstleser-band-1-die-verschwundenen-katzen\/#breadcrumb\",\"itemListElement\":[{\"@type\":\"ListItem\",\"position\":1,\"name\":\"Shop\",\"item\":\"https:\/\/der-schulbedarf.shop\/produkt-des-monats\/shop\/\"},{\"@type\":\"ListItem\",\"position\":2,\"name\":\"Der magische Blumenladen f\u00fcr Erstleser, Band 1: Die verschwundenen Katzen\"}]},{\"@type\":\"WebSite\",\"@id\":\"https:\/\/der-schulbedarf.shop\/produkt-des-monats\/#website\",\"url\":\"https:\/\/der-schulbedarf.shop\/produkt-des-monats\/\",\"name\":\"der-Schulbedarf.shop\",\"description\":\"\",\"publisher\":{\"@id\":\"https:\/\/der-schulbedarf.shop\/produkt-des-monats\/#organization\"},\"potentialAction\":[{\"@type\":\"SearchAction\",\"target\":{\"@type\":\"EntryPoint\",\"urlTemplate\":\"https:\/\/der-schulbedarf.shop\/produkt-des-monats\/?s={search_term_string}\"},\"query-input\":{\"@type\":\"PropertyValueSpecification\",\"valueRequired\":true,\"valueName\":\"search_term_string\"}}],\"inLanguage\":\"de\"},{\"@type\":\"Organization\",\"@id\":\"https:\/\/der-schulbedarf.shop\/produkt-des-monats\/#organization\",\"name\":\"der-Schulbedarf.shop\",\"url\":\"https:\/\/der-schulbedarf.shop\/produkt-des-monats\/\",\"logo\":{\"@type\":\"ImageObject\",\"inLanguage\":\"de\",\"@id\":\"https:\/\/der-schulbedarf.shop\/produkt-des-monats\/#\/schema\/logo\/image\/\",\"url\":\"https:\/\/der-schulbedarf.shop\/wp-content\/uploads\/2024\/02\/grafik-e1709551115899.png\",\"contentUrl\":\"https:\/\/der-schulbedarf.shop\/wp-content\/uploads\/2024\/02\/grafik-e1709551115899.png\",\"width\":80,\"height\":80,\"caption\":\"der-Schulbedarf.shop\"},\"image\":{\"@id\":\"https:\/\/der-schulbedarf.shop\/produkt-des-monats\/#\/schema\/logo\/image\/\"}}]}<\/script>\n<!-- \/ Yoast SEO plugin. -->","yoast_head_json":{"title":"Der magische Blumenladen f\u00fcr Erstleser, Band 1: Die verschwundenen Katzen - der-Schulbedarf.shop","robots":{"index":"index","follow":"follow","max-snippet":"max-snippet:-1","max-image-preview":"max-image-preview:large","max-video-preview":"max-video-preview:-1"},"canonical":"https:\/\/der-schulbedarf.shop\/produkt-des-monats\/produkt\/der-magische-blumenladen-fuer-erstleser-band-1-die-verschwundenen-katzen\/","og_locale":"de_DE","og_type":"article","og_title":"Der magische Blumenladen f\u00fcr Erstleser, Band 1: Die verschwundenen Katzen - der-Schulbedarf.shop","og_description":"Violets Kater Lord Nelson ist verschwunden. Doch damit nicht genug, auch andere Katzen sind wie vom Erdboden verschluckt. Schon bald hat Violet einen Verdacht! Jetzt fehlt nur noch die richtige Zauberblume. Die beliebte Kinderbuchreihe jetzt auch f\u00fcr Erstleser! Mit vierfarbigen Illustrationen und Fibelschrift f\u00fcr Leseanf\u00e4nger ab 6 Jahren geeignet. Hinter jeder Blume steckt ein Zauber! [&hellip;]","og_url":"https:\/\/der-schulbedarf.shop\/produkt-des-monats\/produkt\/der-magische-blumenladen-fuer-erstleser-band-1-die-verschwundenen-katzen\/","og_site_name":"der-Schulbedarf.shop","article_modified_time":"2025-08-22T10:12:49+00:00","og_image":[{"width":255,"height":360,"url":"https:\/\/der-schulbedarf.shop\/wp-content\/uploads\/2023\/06\/AN_36125_1.webp","type":"image\/webp"}],"twitter_card":"summary_large_image","twitter_misc":{"Gesch\u00e4tzte Lesezeit":"2\u00a0Minuten"},"schema":{"@context":"https:\/\/schema.org","@graph":[{"@type":"WebPage","@id":"https:\/\/der-schulbedarf.shop\/produkt-des-monats\/produkt\/der-magische-blumenladen-fuer-erstleser-band-1-die-verschwundenen-katzen\/","url":"https:\/\/der-schulbedarf.shop\/produkt-des-monats\/produkt\/der-magische-blumenladen-fuer-erstleser-band-1-die-verschwundenen-katzen\/","name":"Der magische Blumenladen f\u00fcr Erstleser, Band 1: Die verschwundenen Katzen - der-Schulbedarf.shop","isPartOf":{"@id":"https:\/\/der-schulbedarf.shop\/produkt-des-monats\/#website"},"primaryImageOfPage":{"@id":"https:\/\/der-schulbedarf.shop\/produkt-des-monats\/produkt\/der-magische-blumenladen-fuer-erstleser-band-1-die-verschwundenen-katzen\/#primaryimage"},"image":{"@id":"https:\/\/der-schulbedarf.shop\/produkt-des-monats\/produkt\/der-magische-blumenladen-fuer-erstleser-band-1-die-verschwundenen-katzen\/#primaryimage"},"thumbnailUrl":"https:\/\/der-schulbedarf.shop\/wp-content\/uploads\/2023\/06\/AN_36125_1.webp","datePublished":"2023-06-14T05:35:34+00:00","dateModified":"2025-08-22T10:12:49+00:00","breadcrumb":{"@id":"https:\/\/der-schulbedarf.shop\/produkt-des-monats\/produkt\/der-magische-blumenladen-fuer-erstleser-band-1-die-verschwundenen-katzen\/#breadcrumb"},"inLanguage":"de","potentialAction":[{"@type":"ReadAction","target":["https:\/\/der-schulbedarf.shop\/produkt-des-monats\/produkt\/der-magische-blumenladen-fuer-erstleser-band-1-die-verschwundenen-katzen\/"]}]},{"@type":"ImageObject","inLanguage":"de","@id":"https:\/\/der-schulbedarf.shop\/produkt-des-monats\/produkt\/der-magische-blumenladen-fuer-erstleser-band-1-die-verschwundenen-katzen\/#primaryimage","url":"https:\/\/der-schulbedarf.shop\/wp-content\/uploads\/2023\/06\/AN_36125_1.webp","contentUrl":"https:\/\/der-schulbedarf.shop\/wp-content\/uploads\/2023\/06\/AN_36125_1.webp","width":255,"height":360},{"@type":"BreadcrumbList","@id":"https:\/\/der-schulbedarf.shop\/produkt-des-monats\/produkt\/der-magische-blumenladen-fuer-erstleser-band-1-die-verschwundenen-katzen\/#breadcrumb","itemListElement":[{"@type":"ListItem","position":1,"name":"Shop","item":"https:\/\/der-schulbedarf.shop\/produkt-des-monats\/shop\/"},{"@type":"ListItem","position":2,"name":"Der magische Blumenladen f\u00fcr Erstleser, Band 1: Die verschwundenen Katzen"}]},{"@type":"WebSite","@id":"https:\/\/der-schulbedarf.shop\/produkt-des-monats\/#website","url":"https:\/\/der-schulbedarf.shop\/produkt-des-monats\/","name":"der-Schulbedarf.shop","description":"","publisher":{"@id":"https:\/\/der-schulbedarf.shop\/produkt-des-monats\/#organization"},"potentialAction":[{"@type":"SearchAction","target":{"@type":"EntryPoint","urlTemplate":"https:\/\/der-schulbedarf.shop\/produkt-des-monats\/?s={search_term_string}"},"query-input":{"@type":"PropertyValueSpecification","valueRequired":true,"valueName":"search_term_string"}}],"inLanguage":"de"},{"@type":"Organization","@id":"https:\/\/der-schulbedarf.shop\/produkt-des-monats\/#organization","name":"der-Schulbedarf.shop","url":"https:\/\/der-schulbedarf.shop\/produkt-des-monats\/","logo":{"@type":"ImageObject","inLanguage":"de","@id":"https:\/\/der-schulbedarf.shop\/produkt-des-monats\/#\/schema\/logo\/image\/","url":"https:\/\/der-schulbedarf.shop\/wp-content\/uploads\/2024\/02\/grafik-e1709551115899.png","contentUrl":"https:\/\/der-schulbedarf.shop\/wp-content\/uploads\/2024\/02\/grafik-e1709551115899.png","width":80,"height":80,"caption":"der-Schulbedarf.shop"},"image":{"@id":"https:\/\/der-schulbedarf.shop\/produkt-des-monats\/#\/schema\/logo\/image\/"}}]}},"_links":{"self":[{"href":"https:\/\/der-schulbedarf.shop\/produkt-des-monats\/wp-json\/wp\/v2\/product\/712","targetHints":{"allow":["GET"]}}],"collection":[{"href":"https:\/\/der-schulbedarf.shop\/produkt-des-monats\/wp-json\/wp\/v2\/product"}],"about":[{"href":"https:\/\/der-schulbedarf.shop\/produkt-des-monats\/wp-json\/wp\/v2\/types\/product"}],"replies":[{"embeddable":true,"href":"https:\/\/der-schulbedarf.shop\/produkt-des-monats\/wp-json\/wp\/v2\/comments?post=712"}],"wp:featuredmedia":[{"embeddable":true,"href":"https:\/\/der-schulbedarf.shop\/produkt-des-monats\/wp-json\/wp\/v2\/media\/717"}],"wp:attachment":[{"href":"https:\/\/der-schulbedarf.shop\/produkt-des-monats\/wp-json\/wp\/v2\/media?parent=712"}],"wp:term":[{"taxonomy":"product_cat","embeddable":true,"href":"https:\/\/der-schulbedarf.shop\/produkt-des-monats\/wp-json\/wp\/v2\/product_cat?post=712"},{"taxonomy":"product_tag","embeddable":true,"href":"https:\/\/der-schulbedarf.shop\/produkt-des-monats\/wp-json\/wp\/v2\/product_tag?post=712"}],"curies":[{"name":"wp","href":"https:\/\/api.w.org\/{rel}","templated":true}]}}