{"id":731,"date":"2023-06-14T06:18:14","date_gmt":"2023-06-14T06:18:14","guid":{"rendered":"https:\/\/der-schulbedarf.Shop\/?post_type=product&#038;p=731"},"modified":"2025-08-18T13:08:46","modified_gmt":"2025-08-18T13:08:46","slug":"leserabe-1-lesestufe-der-magische-frisoer","status":"publish","type":"product","link":"https:\/\/der-schulbedarf.shop\/produkt-des-monats\/produkt\/leserabe-1-lesestufe-der-magische-frisoer\/","title":{"rendered":"Leserabe &#8211; 1. Lesestufe: Der magische Fris\u00f6r"},"content":{"rendered":"<p>Endlich Haare schneiden! Mit einem Besuch in Dannys magischem Fris\u00f6rsalon beginnt f\u00fcr Lila und Erik eine abenteuerliche Reise zu Drachen, Rittern und Einh\u00f6rnern. Denn Danny ist ein ganz besonderer Fris\u00f6r: Er beginnt erst mit seiner Arbeit, wenn ihm seine kleinen Kunden vorlesen. Dabei tauchen Danny, Lila und Erik immer tiefer in die Welt ihrer Lieblingsb\u00fccher ein&#8230; Ab 6 Jahren.<\/p>\n<p>Lesen lernen wie im Flug! Die Kinderb\u00fccher der Reihe Leserabe \u2013 1. Lesestufe wurden mit P\u00e4dagogen entwickelt und richten sich an Leseanf\u00e4nger ab der 1. Klasse. Kurze Texte in gro\u00dfer Fibelschrift sichern erste Leseerfolge und steigern die Lesekompetenz von M\u00e4dchen und Jungen ab 6 Jahren. Mit Belohnungsstickern.<\/p>\n<p>Empfohlen von Stiftung Lesen, gelistet bei Antolin. Weitere Informationen auf leserabe.de.<\/p>\n<p>Waschen, schneiden, lesen: W\u00e4hrend Danny Beuerbach seinen kleinen Kunden die Haare schneidet, lesen sie ihm aus ihren Lieblingsb\u00fcchern vor. Daf\u00fcr gibt es einen Rabatt auf den Haarschnitt. Mittlerweile ist der gelernte Fris\u00f6r und Allrounder mit seiner Kampagne &#8222;Book a look and read my book&#8220; in ganz Deutschland unterwegs und setzt sich dabei unerm\u00fcdlich f\u00fcr Lesef\u00f6rderung ein. Nun gibt es das Buch zu &#8222;Book a look and read my book&#8220; von und mit Danny Beuerbach. Erz\u00e4hlt wird die Geschichte der Geschwister Lila und Erik, die in Begleitung des magischen Fris\u00f6rs Danny durch Phantasiewelten reisen und dabei auf Ritter, Drachen und Einh\u00f6rner sto\u00dfen. Nat\u00fcrlich gibt es dabei auch etliche &#8222;haarige&#8220; Probleme zu l\u00f6sen. Das Buch richtet sich an Leseanf\u00e4nger ab 6 Jahren und erscheint in der Ravensburger Erstlesereihe Leserabe. Mit Belohnungsstickern und Leser\u00e4tsel.<\/p>\n<p>&nbsp;<\/p>\n<p>&nbsp;<\/p>\n","protected":false},"excerpt":{"rendered":"<p>Endlich Haare schneiden! Mit einem Besuch in Dannys magischem Fris\u00f6rsalon beginnt f\u00fcr Lila und Erik eine abenteuerliche Reise zu Drachen, Rittern und Einh\u00f6rnern. Denn Danny ist ein ganz besonderer Fris\u00f6r: Er beginnt erst mit seiner Arbeit, wenn ihm seine kleinen Kunden vorlesen. Dabei tauchen Danny, Lila und Erik immer tiefer in die Welt ihrer Lieblingsb\u00fccher [&hellip;]<\/p>\n","protected":false},"featured_media":2745,"comment_status":"open","ping_status":"closed","template":"","meta":[],"product_cat":[15,899,224,915,944,37,225],"product_tag":[192,111,246,200,201,243,247,244,196,197,195,242,241,115,199,114,113,210,112,198,181,202,179,194,248,193,180,245,240,239,177,178],"class_list":{"0":"post-731","1":"product","2":"type-product","3":"status-publish","4":"has-post-thumbnail","6":"product_cat-unkategorisiert","7":"product_cat-1-klasse","8":"product_cat-kinderbuecher","9":"product_cat-produkt-feeds","10":"product_cat-produktzufuehrung-geizhal","11":"product_cat-ravensburger","12":"product_cat-ravensburger-kinderbuecher","13":"product_tag-antolin","14":"product_tag-beschaeftigung","15":"product_tag-book-a-look","16":"product_tag-buch","17":"product_tag-buecher","18":"product_tag-danny-beuerbach","19":"product_tag-drache","20":"product_tag-einhorn","21":"product_tag-erstlesebuch","22":"product_tag-erstlesebuecher","23":"product_tag-erstleser","24":"product_tag-friseur","25":"product_tag-frisoer","26":"product_tag-fuer-jungen","27":"product_tag-fuer-kinder-ab-6-jahre","28":"product_tag-fuer-maedchen","29":"product_tag-geschenk","30":"product_tag-geschenk-kinder","31":"product_tag-geschenkidee","32":"product_tag-kinderbuch","33":"product_tag-kinderbuecher","34":"product_tag-lesen","35":"product_tag-lesen-lernen","36":"product_tag-leserabe","37":"product_tag-maedchen-und-jungen","38":"product_tag-ravensburger","39":"product_tag-ravensburger-erstes-lernen","40":"product_tag-ritter","41":"product_tag-vorlesefriseur","42":"product_tag-vorlesefrisoer","43":"product_tag-zuhause-lernen","44":"product_tag-zuhause-unterrichten","45":"post","46":"post-with-thumbnail","47":"post-with-thumbnail-large","49":"first","50":"outofstock","51":"taxable","52":"shipping-taxable","53":"purchasable","54":"product-type-simple"},"yoast_head":"<!-- This site is optimized with the Yoast SEO plugin v26.6 - https:\/\/yoast.com\/wordpress\/plugins\/seo\/ -->\n<title>Leserabe - 1. Lesestufe: Der magische Fris\u00f6r - der-Schulbedarf.shop<\/title>\n<meta name=\"description\" content=\"Von P\u00e4dagogen f\u00fcr Kinder ab der 1 Klasse entwickelt. Kurze Texte in gro\u00dfer Fibelschrift sichern erste Leseerfolge und steigern die Lesekompetenz. Ab 6 Jahre\" \/>\n<meta name=\"robots\" content=\"index, follow, max-snippet:-1, max-image-preview:large, max-video-preview:-1\" \/>\n<link rel=\"canonical\" href=\"https:\/\/der-schulbedarf.shop\/produkt-des-monats\/produkt\/leserabe-1-lesestufe-der-magische-frisoer\/\" \/>\n<meta property=\"og:locale\" content=\"de_DE\" \/>\n<meta property=\"og:type\" content=\"article\" \/>\n<meta property=\"og:title\" content=\"Leserabe - 1. Lesestufe: Der magische Fris\u00f6r - der-Schulbedarf.shop\" \/>\n<meta property=\"og:description\" content=\"Von P\u00e4dagogen f\u00fcr Kinder ab der 1 Klasse entwickelt. Kurze Texte in gro\u00dfer Fibelschrift sichern erste Leseerfolge und steigern die Lesekompetenz. Ab 6 Jahre\" \/>\n<meta property=\"og:url\" content=\"https:\/\/der-schulbedarf.shop\/produkt-des-monats\/produkt\/leserabe-1-lesestufe-der-magische-frisoer\/\" \/>\n<meta property=\"og:site_name\" content=\"der-Schulbedarf.shop\" \/>\n<meta property=\"article:modified_time\" content=\"2025-08-18T13:08:46+00:00\" \/>\n<meta property=\"og:image\" content=\"https:\/\/der-schulbedarf.shop\/wp-content\/uploads\/2023\/06\/AN_36130_1-720x380-1.webp\" \/>\n\t<meta property=\"og:image:width\" content=\"720\" \/>\n\t<meta property=\"og:image:height\" content=\"380\" \/>\n\t<meta property=\"og:image:type\" content=\"image\/webp\" \/>\n<meta name=\"twitter:card\" content=\"summary_large_image\" \/>\n<meta name=\"twitter:label1\" content=\"Gesch\u00e4tzte Lesezeit\" \/>\n\t<meta name=\"twitter:data1\" content=\"2\u00a0Minuten\" \/>\n<script type=\"application\/ld+json\" class=\"yoast-schema-graph\">{\"@context\":\"https:\/\/schema.org\",\"@graph\":[{\"@type\":\"WebPage\",\"@id\":\"https:\/\/der-schulbedarf.shop\/produkt-des-monats\/produkt\/leserabe-1-lesestufe-der-magische-frisoer\/\",\"url\":\"https:\/\/der-schulbedarf.shop\/produkt-des-monats\/produkt\/leserabe-1-lesestufe-der-magische-frisoer\/\",\"name\":\"Leserabe - 1. Lesestufe: Der magische Fris\u00f6r - der-Schulbedarf.shop\",\"isPartOf\":{\"@id\":\"https:\/\/der-schulbedarf.shop\/produkt-des-monats\/#website\"},\"primaryImageOfPage\":{\"@id\":\"https:\/\/der-schulbedarf.shop\/produkt-des-monats\/produkt\/leserabe-1-lesestufe-der-magische-frisoer\/#primaryimage\"},\"image\":{\"@id\":\"https:\/\/der-schulbedarf.shop\/produkt-des-monats\/produkt\/leserabe-1-lesestufe-der-magische-frisoer\/#primaryimage\"},\"thumbnailUrl\":\"https:\/\/der-schulbedarf.shop\/wp-content\/uploads\/2023\/06\/AN_36130_1-720x380-1.webp\",\"datePublished\":\"2023-06-14T06:18:14+00:00\",\"dateModified\":\"2025-08-18T13:08:46+00:00\",\"description\":\"Von P\u00e4dagogen f\u00fcr Kinder ab der 1 Klasse entwickelt. Kurze Texte in gro\u00dfer Fibelschrift sichern erste Leseerfolge und steigern die Lesekompetenz. Ab 6 Jahre\",\"breadcrumb\":{\"@id\":\"https:\/\/der-schulbedarf.shop\/produkt-des-monats\/produkt\/leserabe-1-lesestufe-der-magische-frisoer\/#breadcrumb\"},\"inLanguage\":\"de\",\"potentialAction\":[{\"@type\":\"ReadAction\",\"target\":[\"https:\/\/der-schulbedarf.shop\/produkt-des-monats\/produkt\/leserabe-1-lesestufe-der-magische-frisoer\/\"]}]},{\"@type\":\"ImageObject\",\"inLanguage\":\"de\",\"@id\":\"https:\/\/der-schulbedarf.shop\/produkt-des-monats\/produkt\/leserabe-1-lesestufe-der-magische-frisoer\/#primaryimage\",\"url\":\"https:\/\/der-schulbedarf.shop\/wp-content\/uploads\/2023\/06\/AN_36130_1-720x380-1.webp\",\"contentUrl\":\"https:\/\/der-schulbedarf.shop\/wp-content\/uploads\/2023\/06\/AN_36130_1-720x380-1.webp\",\"width\":720,\"height\":380},{\"@type\":\"BreadcrumbList\",\"@id\":\"https:\/\/der-schulbedarf.shop\/produkt-des-monats\/produkt\/leserabe-1-lesestufe-der-magische-frisoer\/#breadcrumb\",\"itemListElement\":[{\"@type\":\"ListItem\",\"position\":1,\"name\":\"Shop\",\"item\":\"https:\/\/der-schulbedarf.shop\/produkt-des-monats\/shop\/\"},{\"@type\":\"ListItem\",\"position\":2,\"name\":\"Leserabe &#8211; 1. Lesestufe: Der magische Fris\u00f6r\"}]},{\"@type\":\"WebSite\",\"@id\":\"https:\/\/der-schulbedarf.shop\/produkt-des-monats\/#website\",\"url\":\"https:\/\/der-schulbedarf.shop\/produkt-des-monats\/\",\"name\":\"der-Schulbedarf.shop\",\"description\":\"\",\"publisher\":{\"@id\":\"https:\/\/der-schulbedarf.shop\/produkt-des-monats\/#organization\"},\"potentialAction\":[{\"@type\":\"SearchAction\",\"target\":{\"@type\":\"EntryPoint\",\"urlTemplate\":\"https:\/\/der-schulbedarf.shop\/produkt-des-monats\/?s={search_term_string}\"},\"query-input\":{\"@type\":\"PropertyValueSpecification\",\"valueRequired\":true,\"valueName\":\"search_term_string\"}}],\"inLanguage\":\"de\"},{\"@type\":\"Organization\",\"@id\":\"https:\/\/der-schulbedarf.shop\/produkt-des-monats\/#organization\",\"name\":\"der-Schulbedarf.shop\",\"url\":\"https:\/\/der-schulbedarf.shop\/produkt-des-monats\/\",\"logo\":{\"@type\":\"ImageObject\",\"inLanguage\":\"de\",\"@id\":\"https:\/\/der-schulbedarf.shop\/produkt-des-monats\/#\/schema\/logo\/image\/\",\"url\":\"https:\/\/der-schulbedarf.shop\/wp-content\/uploads\/2024\/02\/grafik-e1709551115899.png\",\"contentUrl\":\"https:\/\/der-schulbedarf.shop\/wp-content\/uploads\/2024\/02\/grafik-e1709551115899.png\",\"width\":80,\"height\":80,\"caption\":\"der-Schulbedarf.shop\"},\"image\":{\"@id\":\"https:\/\/der-schulbedarf.shop\/produkt-des-monats\/#\/schema\/logo\/image\/\"}}]}<\/script>\n<!-- \/ Yoast SEO plugin. -->","yoast_head_json":{"title":"Leserabe - 1. Lesestufe: Der magische Fris\u00f6r - der-Schulbedarf.shop","description":"Von P\u00e4dagogen f\u00fcr Kinder ab der 1 Klasse entwickelt. Kurze Texte in gro\u00dfer Fibelschrift sichern erste Leseerfolge und steigern die Lesekompetenz. Ab 6 Jahre","robots":{"index":"index","follow":"follow","max-snippet":"max-snippet:-1","max-image-preview":"max-image-preview:large","max-video-preview":"max-video-preview:-1"},"canonical":"https:\/\/der-schulbedarf.shop\/produkt-des-monats\/produkt\/leserabe-1-lesestufe-der-magische-frisoer\/","og_locale":"de_DE","og_type":"article","og_title":"Leserabe - 1. Lesestufe: Der magische Fris\u00f6r - der-Schulbedarf.shop","og_description":"Von P\u00e4dagogen f\u00fcr Kinder ab der 1 Klasse entwickelt. Kurze Texte in gro\u00dfer Fibelschrift sichern erste Leseerfolge und steigern die Lesekompetenz. Ab 6 Jahre","og_url":"https:\/\/der-schulbedarf.shop\/produkt-des-monats\/produkt\/leserabe-1-lesestufe-der-magische-frisoer\/","og_site_name":"der-Schulbedarf.shop","article_modified_time":"2025-08-18T13:08:46+00:00","og_image":[{"width":720,"height":380,"url":"https:\/\/der-schulbedarf.shop\/wp-content\/uploads\/2023\/06\/AN_36130_1-720x380-1.webp","type":"image\/webp"}],"twitter_card":"summary_large_image","twitter_misc":{"Gesch\u00e4tzte Lesezeit":"2\u00a0Minuten"},"schema":{"@context":"https:\/\/schema.org","@graph":[{"@type":"WebPage","@id":"https:\/\/der-schulbedarf.shop\/produkt-des-monats\/produkt\/leserabe-1-lesestufe-der-magische-frisoer\/","url":"https:\/\/der-schulbedarf.shop\/produkt-des-monats\/produkt\/leserabe-1-lesestufe-der-magische-frisoer\/","name":"Leserabe - 1. Lesestufe: Der magische Fris\u00f6r - der-Schulbedarf.shop","isPartOf":{"@id":"https:\/\/der-schulbedarf.shop\/produkt-des-monats\/#website"},"primaryImageOfPage":{"@id":"https:\/\/der-schulbedarf.shop\/produkt-des-monats\/produkt\/leserabe-1-lesestufe-der-magische-frisoer\/#primaryimage"},"image":{"@id":"https:\/\/der-schulbedarf.shop\/produkt-des-monats\/produkt\/leserabe-1-lesestufe-der-magische-frisoer\/#primaryimage"},"thumbnailUrl":"https:\/\/der-schulbedarf.shop\/wp-content\/uploads\/2023\/06\/AN_36130_1-720x380-1.webp","datePublished":"2023-06-14T06:18:14+00:00","dateModified":"2025-08-18T13:08:46+00:00","description":"Von P\u00e4dagogen f\u00fcr Kinder ab der 1 Klasse entwickelt. Kurze Texte in gro\u00dfer Fibelschrift sichern erste Leseerfolge und steigern die Lesekompetenz. Ab 6 Jahre","breadcrumb":{"@id":"https:\/\/der-schulbedarf.shop\/produkt-des-monats\/produkt\/leserabe-1-lesestufe-der-magische-frisoer\/#breadcrumb"},"inLanguage":"de","potentialAction":[{"@type":"ReadAction","target":["https:\/\/der-schulbedarf.shop\/produkt-des-monats\/produkt\/leserabe-1-lesestufe-der-magische-frisoer\/"]}]},{"@type":"ImageObject","inLanguage":"de","@id":"https:\/\/der-schulbedarf.shop\/produkt-des-monats\/produkt\/leserabe-1-lesestufe-der-magische-frisoer\/#primaryimage","url":"https:\/\/der-schulbedarf.shop\/wp-content\/uploads\/2023\/06\/AN_36130_1-720x380-1.webp","contentUrl":"https:\/\/der-schulbedarf.shop\/wp-content\/uploads\/2023\/06\/AN_36130_1-720x380-1.webp","width":720,"height":380},{"@type":"BreadcrumbList","@id":"https:\/\/der-schulbedarf.shop\/produkt-des-monats\/produkt\/leserabe-1-lesestufe-der-magische-frisoer\/#breadcrumb","itemListElement":[{"@type":"ListItem","position":1,"name":"Shop","item":"https:\/\/der-schulbedarf.shop\/produkt-des-monats\/shop\/"},{"@type":"ListItem","position":2,"name":"Leserabe &#8211; 1. Lesestufe: Der magische Fris\u00f6r"}]},{"@type":"WebSite","@id":"https:\/\/der-schulbedarf.shop\/produkt-des-monats\/#website","url":"https:\/\/der-schulbedarf.shop\/produkt-des-monats\/","name":"der-Schulbedarf.shop","description":"","publisher":{"@id":"https:\/\/der-schulbedarf.shop\/produkt-des-monats\/#organization"},"potentialAction":[{"@type":"SearchAction","target":{"@type":"EntryPoint","urlTemplate":"https:\/\/der-schulbedarf.shop\/produkt-des-monats\/?s={search_term_string}"},"query-input":{"@type":"PropertyValueSpecification","valueRequired":true,"valueName":"search_term_string"}}],"inLanguage":"de"},{"@type":"Organization","@id":"https:\/\/der-schulbedarf.shop\/produkt-des-monats\/#organization","name":"der-Schulbedarf.shop","url":"https:\/\/der-schulbedarf.shop\/produkt-des-monats\/","logo":{"@type":"ImageObject","inLanguage":"de","@id":"https:\/\/der-schulbedarf.shop\/produkt-des-monats\/#\/schema\/logo\/image\/","url":"https:\/\/der-schulbedarf.shop\/wp-content\/uploads\/2024\/02\/grafik-e1709551115899.png","contentUrl":"https:\/\/der-schulbedarf.shop\/wp-content\/uploads\/2024\/02\/grafik-e1709551115899.png","width":80,"height":80,"caption":"der-Schulbedarf.shop"},"image":{"@id":"https:\/\/der-schulbedarf.shop\/produkt-des-monats\/#\/schema\/logo\/image\/"}}]}},"_links":{"self":[{"href":"https:\/\/der-schulbedarf.shop\/produkt-des-monats\/wp-json\/wp\/v2\/product\/731","targetHints":{"allow":["GET"]}}],"collection":[{"href":"https:\/\/der-schulbedarf.shop\/produkt-des-monats\/wp-json\/wp\/v2\/product"}],"about":[{"href":"https:\/\/der-schulbedarf.shop\/produkt-des-monats\/wp-json\/wp\/v2\/types\/product"}],"replies":[{"embeddable":true,"href":"https:\/\/der-schulbedarf.shop\/produkt-des-monats\/wp-json\/wp\/v2\/comments?post=731"}],"wp:featuredmedia":[{"embeddable":true,"href":"https:\/\/der-schulbedarf.shop\/produkt-des-monats\/wp-json\/wp\/v2\/media\/2745"}],"wp:attachment":[{"href":"https:\/\/der-schulbedarf.shop\/produkt-des-monats\/wp-json\/wp\/v2\/media?parent=731"}],"wp:term":[{"taxonomy":"product_cat","embeddable":true,"href":"https:\/\/der-schulbedarf.shop\/produkt-des-monats\/wp-json\/wp\/v2\/product_cat?post=731"},{"taxonomy":"product_tag","embeddable":true,"href":"https:\/\/der-schulbedarf.shop\/produkt-des-monats\/wp-json\/wp\/v2\/product_tag?post=731"}],"curies":[{"name":"wp","href":"https:\/\/api.w.org\/{rel}","templated":true}]}}