{"id":732,"date":"2023-06-09T08:37:57","date_gmt":"2023-06-09T08:37:57","guid":{"rendered":"https:\/\/der-schulbedarf.Shop\/?post_type=product&#038;p=732"},"modified":"2024-11-28T08:20:48","modified_gmt":"2024-11-28T08:20:48","slug":"ravensburger-leonie-looping-band-6-ein-elfenstarker-winter","status":"publish","type":"product","link":"https:\/\/der-schulbedarf.shop\/produkt-des-monats\/produkt\/ravensburger-leonie-looping-band-6-ein-elfenstarker-winter\/","title":{"rendered":"Leonie Looping, Band 6: Ein elfenstarker Winter"},"content":{"rendered":"<p>Leonie verbringt die Winterferien bei ihrer Oma Anni. Es ist ungew\u00f6hnlich sonnig und warm, die Tiere im Wald feiern ausgelassen und futtern leichtsinnig ihre Wintervorr\u00e4te auf. Doch dann beginnt es \u00fcber Nacht zu schneien und schon bald liegt der Wald unter einer dicken Schneedecke begraben. Die Tiere haben pl\u00f6tzlich nichts mehr zu essen! Doch es kommt noch schlimmer: Zwei Tierkinder sind spurlos verschwunden. Werden Leo, Flo und die Elfen sie finden?<\/p>\n","protected":false},"excerpt":{"rendered":"<p>Your adventure &#8211; just a flap of wings away! Leonie spends the winter holidays with her grandmother Anni. It is unusually sunny and warm, the animals in the forest celebrate exuberantly and carelessly eat up their winter supplies. But then it starts snowing overnight and soon the forest is buried under a thick blanket of snow. All of a sudden, the animals have nothing left to eat! But it gets worse: two baby animals have disappeared without a trace. Will Leo, Flo and the elves find them?<\/p>\n","protected":false},"featured_media":1541,"comment_status":"open","ping_status":"closed","template":"","meta":[],"product_cat":[224,915,944,225],"product_tag":[192,111,200,201,230,196,197,195,238,115,223,114,113,210,237,112,198,181,232,229,202,179,189,231,193,180,236,233,234,235,177,178],"class_list":{"0":"post-732","1":"product","2":"type-product","3":"status-publish","4":"has-post-thumbnail","6":"product_cat-kinderbuecher","7":"product_cat-produkt-feeds","8":"product_cat-produktzufuehrung-geizhal","9":"product_cat-ravensburger-kinderbuecher","10":"product_tag-antolin","11":"product_tag-beschaeftigung","12":"product_tag-buch","13":"product_tag-buecher","14":"product_tag-elfen","15":"product_tag-erstlesebuch","16":"product_tag-erstlesebuecher","17":"product_tag-erstleser","18":"product_tag-feen","19":"product_tag-fuer-jungen","20":"product_tag-fuer-kinder-ab-7-jahre","21":"product_tag-fuer-maedchen","22":"product_tag-geschenk","23":"product_tag-geschenk-kinder","24":"product_tag-geschenk-kindergeburtstag","25":"product_tag-geschenkidee","26":"product_tag-kinderbuch","27":"product_tag-kinderbuecher","28":"product_tag-klimawandel","29":"product_tag-leonie-looping","30":"product_tag-lesen","31":"product_tag-lesen-lernen","32":"product_tag-maedchen","33":"product_tag-nachhaltigkeit","34":"product_tag-ravensburger","35":"product_tag-ravensburger-erstes-lernen","36":"product_tag-schnee","37":"product_tag-umwelt","38":"product_tag-umweltschutz","39":"product_tag-winter","40":"product_tag-zuhause-lernen","41":"product_tag-zuhause-unterrichten","42":"post","43":"post-with-thumbnail","44":"post-with-thumbnail-large","46":"first","47":"instock","48":"taxable","49":"shipping-taxable","50":"purchasable","51":"product-type-simple"},"yoast_head":"<!-- This site is optimized with the Yoast SEO plugin v26.6 - https:\/\/yoast.com\/wordpress\/plugins\/seo\/ -->\n<title>Leonie Looping, Band 6: Ein elfenstarker Winter - der-Schulbedarf.shop<\/title>\n<meta name=\"description\" content=\"Your adventure - just a flap of wings away! Leonie spends the winter holidays with her grandmother Anni. It is unusually sunny and warm, the animals in the forest celebrate exuberantly and carelessly eat up their winter supplies. But then it starts snowing overnight and soon the forest is buried under a thick blanket of snow. All of a sudden, the animals have nothing left to eat! But it gets worse: two baby animals have disappeared without a trace. Will Leo, Flo and the elves find them?\" \/>\n<meta name=\"robots\" content=\"index, follow, max-snippet:-1, max-image-preview:large, max-video-preview:-1\" \/>\n<link rel=\"canonical\" href=\"https:\/\/der-schulbedarf.shop\/produkt-des-monats\/produkt\/ravensburger-leonie-looping-band-6-ein-elfenstarker-winter\/\" \/>\n<meta property=\"og:locale\" content=\"de_DE\" \/>\n<meta property=\"og:type\" content=\"article\" \/>\n<meta property=\"og:title\" content=\"Leonie Looping, Band 6: Ein elfenstarker Winter - der-Schulbedarf.shop\" \/>\n<meta property=\"og:description\" content=\"Your adventure - just a flap of wings away! Leonie spends the winter holidays with her grandmother Anni. It is unusually sunny and warm, the animals in the forest celebrate exuberantly and carelessly eat up their winter supplies. But then it starts snowing overnight and soon the forest is buried under a thick blanket of snow. All of a sudden, the animals have nothing left to eat! But it gets worse: two baby animals have disappeared without a trace. Will Leo, Flo and the elves find them?\" \/>\n<meta property=\"og:url\" content=\"https:\/\/der-schulbedarf.shop\/produkt-des-monats\/produkt\/ravensburger-leonie-looping-band-6-ein-elfenstarker-winter\/\" \/>\n<meta property=\"og:site_name\" content=\"der-Schulbedarf.shop\" \/>\n<meta property=\"article:modified_time\" content=\"2024-11-28T08:20:48+00:00\" \/>\n<meta property=\"og:image\" content=\"https:\/\/der-schulbedarf.shop\/wp-content\/uploads\/2023\/06\/Ein-elfenstarker-Winter.webp\" \/>\n\t<meta property=\"og:image:width\" content=\"700\" \/>\n\t<meta property=\"og:image:height\" content=\"380\" \/>\n\t<meta property=\"og:image:type\" content=\"image\/webp\" \/>\n<meta name=\"twitter:card\" content=\"summary_large_image\" \/>\n<meta name=\"twitter:label1\" content=\"Gesch\u00e4tzte Lesezeit\" \/>\n\t<meta name=\"twitter:data1\" content=\"1\u00a0Minute\" \/>\n<script type=\"application\/ld+json\" class=\"yoast-schema-graph\">{\"@context\":\"https:\/\/schema.org\",\"@graph\":[{\"@type\":\"WebPage\",\"@id\":\"https:\/\/der-schulbedarf.shop\/produkt-des-monats\/produkt\/ravensburger-leonie-looping-band-6-ein-elfenstarker-winter\/\",\"url\":\"https:\/\/der-schulbedarf.shop\/produkt-des-monats\/produkt\/ravensburger-leonie-looping-band-6-ein-elfenstarker-winter\/\",\"name\":\"Leonie Looping, Band 6: Ein elfenstarker Winter - der-Schulbedarf.shop\",\"isPartOf\":{\"@id\":\"https:\/\/der-schulbedarf.shop\/produkt-des-monats\/#website\"},\"primaryImageOfPage\":{\"@id\":\"https:\/\/der-schulbedarf.shop\/produkt-des-monats\/produkt\/ravensburger-leonie-looping-band-6-ein-elfenstarker-winter\/#primaryimage\"},\"image\":{\"@id\":\"https:\/\/der-schulbedarf.shop\/produkt-des-monats\/produkt\/ravensburger-leonie-looping-band-6-ein-elfenstarker-winter\/#primaryimage\"},\"thumbnailUrl\":\"https:\/\/der-schulbedarf.shop\/wp-content\/uploads\/2023\/06\/Ein-elfenstarker-Winter.webp\",\"datePublished\":\"2023-06-09T08:37:57+00:00\",\"dateModified\":\"2024-11-28T08:20:48+00:00\",\"description\":\"Your adventure - just a flap of wings away! Leonie spends the winter holidays with her grandmother Anni. It is unusually sunny and warm, the animals in the forest celebrate exuberantly and carelessly eat up their winter supplies. But then it starts snowing overnight and soon the forest is buried under a thick blanket of snow. All of a sudden, the animals have nothing left to eat! But it gets worse: two baby animals have disappeared without a trace. Will Leo, Flo and the elves find them?\",\"breadcrumb\":{\"@id\":\"https:\/\/der-schulbedarf.shop\/produkt-des-monats\/produkt\/ravensburger-leonie-looping-band-6-ein-elfenstarker-winter\/#breadcrumb\"},\"inLanguage\":\"de\",\"potentialAction\":[{\"@type\":\"ReadAction\",\"target\":[\"https:\/\/der-schulbedarf.shop\/produkt-des-monats\/produkt\/ravensburger-leonie-looping-band-6-ein-elfenstarker-winter\/\"]}]},{\"@type\":\"ImageObject\",\"inLanguage\":\"de\",\"@id\":\"https:\/\/der-schulbedarf.shop\/produkt-des-monats\/produkt\/ravensburger-leonie-looping-band-6-ein-elfenstarker-winter\/#primaryimage\",\"url\":\"https:\/\/der-schulbedarf.shop\/wp-content\/uploads\/2023\/06\/Ein-elfenstarker-Winter.webp\",\"contentUrl\":\"https:\/\/der-schulbedarf.shop\/wp-content\/uploads\/2023\/06\/Ein-elfenstarker-Winter.webp\",\"width\":700,\"height\":380,\"caption\":\"Ein elfenstarker winter\"},{\"@type\":\"BreadcrumbList\",\"@id\":\"https:\/\/der-schulbedarf.shop\/produkt-des-monats\/produkt\/ravensburger-leonie-looping-band-6-ein-elfenstarker-winter\/#breadcrumb\",\"itemListElement\":[{\"@type\":\"ListItem\",\"position\":1,\"name\":\"Shop\",\"item\":\"https:\/\/der-schulbedarf.shop\/produkt-des-monats\/shop\/\"},{\"@type\":\"ListItem\",\"position\":2,\"name\":\"Leonie Looping, Band 6: Ein elfenstarker Winter\"}]},{\"@type\":\"WebSite\",\"@id\":\"https:\/\/der-schulbedarf.shop\/produkt-des-monats\/#website\",\"url\":\"https:\/\/der-schulbedarf.shop\/produkt-des-monats\/\",\"name\":\"der-Schulbedarf.shop\",\"description\":\"\",\"publisher\":{\"@id\":\"https:\/\/der-schulbedarf.shop\/produkt-des-monats\/#organization\"},\"potentialAction\":[{\"@type\":\"SearchAction\",\"target\":{\"@type\":\"EntryPoint\",\"urlTemplate\":\"https:\/\/der-schulbedarf.shop\/produkt-des-monats\/?s={search_term_string}\"},\"query-input\":{\"@type\":\"PropertyValueSpecification\",\"valueRequired\":true,\"valueName\":\"search_term_string\"}}],\"inLanguage\":\"de\"},{\"@type\":\"Organization\",\"@id\":\"https:\/\/der-schulbedarf.shop\/produkt-des-monats\/#organization\",\"name\":\"der-Schulbedarf.shop\",\"url\":\"https:\/\/der-schulbedarf.shop\/produkt-des-monats\/\",\"logo\":{\"@type\":\"ImageObject\",\"inLanguage\":\"de\",\"@id\":\"https:\/\/der-schulbedarf.shop\/produkt-des-monats\/#\/schema\/logo\/image\/\",\"url\":\"https:\/\/der-schulbedarf.shop\/wp-content\/uploads\/2024\/02\/grafik-e1709551115899.png\",\"contentUrl\":\"https:\/\/der-schulbedarf.shop\/wp-content\/uploads\/2024\/02\/grafik-e1709551115899.png\",\"width\":80,\"height\":80,\"caption\":\"der-Schulbedarf.shop\"},\"image\":{\"@id\":\"https:\/\/der-schulbedarf.shop\/produkt-des-monats\/#\/schema\/logo\/image\/\"}}]}<\/script>\n<!-- \/ Yoast SEO plugin. -->","yoast_head_json":{"title":"Leonie Looping, Band 6: Ein elfenstarker Winter - der-Schulbedarf.shop","description":"Your adventure - just a flap of wings away! Leonie spends the winter holidays with her grandmother Anni. It is unusually sunny and warm, the animals in the forest celebrate exuberantly and carelessly eat up their winter supplies. But then it starts snowing overnight and soon the forest is buried under a thick blanket of snow. All of a sudden, the animals have nothing left to eat! But it gets worse: two baby animals have disappeared without a trace. Will Leo, Flo and the elves find them?","robots":{"index":"index","follow":"follow","max-snippet":"max-snippet:-1","max-image-preview":"max-image-preview:large","max-video-preview":"max-video-preview:-1"},"canonical":"https:\/\/der-schulbedarf.shop\/produkt-des-monats\/produkt\/ravensburger-leonie-looping-band-6-ein-elfenstarker-winter\/","og_locale":"de_DE","og_type":"article","og_title":"Leonie Looping, Band 6: Ein elfenstarker Winter - der-Schulbedarf.shop","og_description":"Your adventure - just a flap of wings away! Leonie spends the winter holidays with her grandmother Anni. It is unusually sunny and warm, the animals in the forest celebrate exuberantly and carelessly eat up their winter supplies. But then it starts snowing overnight and soon the forest is buried under a thick blanket of snow. All of a sudden, the animals have nothing left to eat! But it gets worse: two baby animals have disappeared without a trace. Will Leo, Flo and the elves find them?","og_url":"https:\/\/der-schulbedarf.shop\/produkt-des-monats\/produkt\/ravensburger-leonie-looping-band-6-ein-elfenstarker-winter\/","og_site_name":"der-Schulbedarf.shop","article_modified_time":"2024-11-28T08:20:48+00:00","og_image":[{"width":700,"height":380,"url":"https:\/\/der-schulbedarf.shop\/wp-content\/uploads\/2023\/06\/Ein-elfenstarker-Winter.webp","type":"image\/webp"}],"twitter_card":"summary_large_image","twitter_misc":{"Gesch\u00e4tzte Lesezeit":"1\u00a0Minute"},"schema":{"@context":"https:\/\/schema.org","@graph":[{"@type":"WebPage","@id":"https:\/\/der-schulbedarf.shop\/produkt-des-monats\/produkt\/ravensburger-leonie-looping-band-6-ein-elfenstarker-winter\/","url":"https:\/\/der-schulbedarf.shop\/produkt-des-monats\/produkt\/ravensburger-leonie-looping-band-6-ein-elfenstarker-winter\/","name":"Leonie Looping, Band 6: Ein elfenstarker Winter - der-Schulbedarf.shop","isPartOf":{"@id":"https:\/\/der-schulbedarf.shop\/produkt-des-monats\/#website"},"primaryImageOfPage":{"@id":"https:\/\/der-schulbedarf.shop\/produkt-des-monats\/produkt\/ravensburger-leonie-looping-band-6-ein-elfenstarker-winter\/#primaryimage"},"image":{"@id":"https:\/\/der-schulbedarf.shop\/produkt-des-monats\/produkt\/ravensburger-leonie-looping-band-6-ein-elfenstarker-winter\/#primaryimage"},"thumbnailUrl":"https:\/\/der-schulbedarf.shop\/wp-content\/uploads\/2023\/06\/Ein-elfenstarker-Winter.webp","datePublished":"2023-06-09T08:37:57+00:00","dateModified":"2024-11-28T08:20:48+00:00","description":"Your adventure - just a flap of wings away! Leonie spends the winter holidays with her grandmother Anni. It is unusually sunny and warm, the animals in the forest celebrate exuberantly and carelessly eat up their winter supplies. But then it starts snowing overnight and soon the forest is buried under a thick blanket of snow. All of a sudden, the animals have nothing left to eat! But it gets worse: two baby animals have disappeared without a trace. Will Leo, Flo and the elves find them?","breadcrumb":{"@id":"https:\/\/der-schulbedarf.shop\/produkt-des-monats\/produkt\/ravensburger-leonie-looping-band-6-ein-elfenstarker-winter\/#breadcrumb"},"inLanguage":"de","potentialAction":[{"@type":"ReadAction","target":["https:\/\/der-schulbedarf.shop\/produkt-des-monats\/produkt\/ravensburger-leonie-looping-band-6-ein-elfenstarker-winter\/"]}]},{"@type":"ImageObject","inLanguage":"de","@id":"https:\/\/der-schulbedarf.shop\/produkt-des-monats\/produkt\/ravensburger-leonie-looping-band-6-ein-elfenstarker-winter\/#primaryimage","url":"https:\/\/der-schulbedarf.shop\/wp-content\/uploads\/2023\/06\/Ein-elfenstarker-Winter.webp","contentUrl":"https:\/\/der-schulbedarf.shop\/wp-content\/uploads\/2023\/06\/Ein-elfenstarker-Winter.webp","width":700,"height":380,"caption":"Ein elfenstarker winter"},{"@type":"BreadcrumbList","@id":"https:\/\/der-schulbedarf.shop\/produkt-des-monats\/produkt\/ravensburger-leonie-looping-band-6-ein-elfenstarker-winter\/#breadcrumb","itemListElement":[{"@type":"ListItem","position":1,"name":"Shop","item":"https:\/\/der-schulbedarf.shop\/produkt-des-monats\/shop\/"},{"@type":"ListItem","position":2,"name":"Leonie Looping, Band 6: Ein elfenstarker Winter"}]},{"@type":"WebSite","@id":"https:\/\/der-schulbedarf.shop\/produkt-des-monats\/#website","url":"https:\/\/der-schulbedarf.shop\/produkt-des-monats\/","name":"der-Schulbedarf.shop","description":"","publisher":{"@id":"https:\/\/der-schulbedarf.shop\/produkt-des-monats\/#organization"},"potentialAction":[{"@type":"SearchAction","target":{"@type":"EntryPoint","urlTemplate":"https:\/\/der-schulbedarf.shop\/produkt-des-monats\/?s={search_term_string}"},"query-input":{"@type":"PropertyValueSpecification","valueRequired":true,"valueName":"search_term_string"}}],"inLanguage":"de"},{"@type":"Organization","@id":"https:\/\/der-schulbedarf.shop\/produkt-des-monats\/#organization","name":"der-Schulbedarf.shop","url":"https:\/\/der-schulbedarf.shop\/produkt-des-monats\/","logo":{"@type":"ImageObject","inLanguage":"de","@id":"https:\/\/der-schulbedarf.shop\/produkt-des-monats\/#\/schema\/logo\/image\/","url":"https:\/\/der-schulbedarf.shop\/wp-content\/uploads\/2024\/02\/grafik-e1709551115899.png","contentUrl":"https:\/\/der-schulbedarf.shop\/wp-content\/uploads\/2024\/02\/grafik-e1709551115899.png","width":80,"height":80,"caption":"der-Schulbedarf.shop"},"image":{"@id":"https:\/\/der-schulbedarf.shop\/produkt-des-monats\/#\/schema\/logo\/image\/"}}]}},"_links":{"self":[{"href":"https:\/\/der-schulbedarf.shop\/produkt-des-monats\/wp-json\/wp\/v2\/product\/732","targetHints":{"allow":["GET"]}}],"collection":[{"href":"https:\/\/der-schulbedarf.shop\/produkt-des-monats\/wp-json\/wp\/v2\/product"}],"about":[{"href":"https:\/\/der-schulbedarf.shop\/produkt-des-monats\/wp-json\/wp\/v2\/types\/product"}],"replies":[{"embeddable":true,"href":"https:\/\/der-schulbedarf.shop\/produkt-des-monats\/wp-json\/wp\/v2\/comments?post=732"}],"wp:featuredmedia":[{"embeddable":true,"href":"https:\/\/der-schulbedarf.shop\/produkt-des-monats\/wp-json\/wp\/v2\/media\/1541"}],"wp:attachment":[{"href":"https:\/\/der-schulbedarf.shop\/produkt-des-monats\/wp-json\/wp\/v2\/media?parent=732"}],"wp:term":[{"taxonomy":"product_cat","embeddable":true,"href":"https:\/\/der-schulbedarf.shop\/produkt-des-monats\/wp-json\/wp\/v2\/product_cat?post=732"},{"taxonomy":"product_tag","embeddable":true,"href":"https:\/\/der-schulbedarf.shop\/produkt-des-monats\/wp-json\/wp\/v2\/product_tag?post=732"}],"curies":[{"name":"wp","href":"https:\/\/api.w.org\/{rel}","templated":true}]}}