{"id":759,"date":"2023-06-07T10:08:10","date_gmt":"2023-06-07T10:08:10","guid":{"rendered":"https:\/\/der-schulbedarf.Shop\/?post_type=product&#038;p=759"},"modified":"2024-11-26T13:18:40","modified_gmt":"2024-11-26T13:18:40","slug":"die-waschbaeren-bande","status":"publish","type":"product","link":"https:\/\/der-schulbedarf.shop\/produkt-des-monats\/produkt\/die-waschbaeren-bande\/","title":{"rendered":"Die Waschb\u00e4ren-Bande"},"content":{"rendered":"<p>Bruno und Lotte m\u00f6gen Paul, den Neuen, nicht. Der findet n\u00e4mlich ihren Bauwagen bl\u00f6d, und Lottes Hund Schnuck auch. Aber dann erleben sie gemeinsam ein Abenteuer &#8230;Eine Bandengeschichte f\u00fcr Erstleser ab Klasse 2.<\/p>\n<p>Lesen lernen wie im Flug! Die Kinderb\u00fccher der Reihe Leserabe \u2013 2. Lesestufe wurden mit P\u00e4dagogen entwickelt und richten sich an fortgeschrittene Erstleser ab der 2. Klasse. Spannende Geschichten in Fibel Schrift wecken die Lesemotivation von M\u00e4dchen und Jungen ab 7 Jahren. Durch Verst\u00e4ndnis Fragen zum Text wird das Gelesene spielerisch \u00fcberpr\u00fcft.<\/p>\n<p>Empfohlen von Stiftung Lesen, gelistet bei Antolin. Weitere Informationen auf leserabe.de.<\/p>\n<p>Lotte und Bruno spielen bei ihrem Lieblingsplatz, einem alten Bauwagen. Da kommt Paul vorbei. Er ist gerade aus der Stadt hergezogen und findet hier alles uncool. Den Bauwagen bezeichnet er als Schrott. Und Lottes Hund Schnuck findet er bl\u00f6d. Das wollen Lotte und Bruno sich nicht gefallen lassen. Sie schleichen sich abends zu Pauls Haus und sehen, wie er sich gerade selbst aus dem Haus schleicht. Sie verfolgen ihn \u2013 bis zu ihrem Bauwagen. Als er dort einfach hineingeht, wollen sie ihn erschrecken und heulen wie die Geister. Aber Paul durchschaut das sofort. Da wird pl\u00f6tzlich Schnuck unruhig, verschwindet im Geb\u00fcsch und kommt kurz darauf zur\u00fcck &#8211; mit einem Waschb\u00e4ren im Schlepptau. Der ist ganz zahm und versteht sich bestens mit Schnuck. Die Kinder sind begeistert &#8211; und kommen pl\u00f6tzlich miteinander ins Gespr\u00e4ch. Es stellt sich heraus, dass Paul den Bauwagen reparieren wollte, um wieder gutzumachen, dass er vorher so unfreundlich war. Lotte und Bruno zeigen Verst\u00e4ndnis, dass man es als \u201eder Neue\u201c nicht leicht hat. Sie verabreden sich f\u00fcr den n\u00e4chsten Tag am Bauwagen \u2013 und da ist auch der Waschb\u00e4r wieder da. Alle zusammen haben einen tollen Tag \u2013 klare Sache: Jetzt sind sie die Waschb\u00e4ren-Bande!<\/p>\n<p>&nbsp;<\/p>\n<p>&nbsp;<\/p>\n","protected":false},"excerpt":{"rendered":"<p>Bruno und Lotte m\u00f6gen Paul, den Neuen, nicht. Der findet n\u00e4mlich ihren Bauwagen bl\u00f6d, und Lottes Hund Schnuck auch. Aber dann erleben sie gemeinsam ein Abenteuer &#8230;Eine Bandengeschichte f\u00fcr Erstleser ab Klasse 2. Lesen lernen wie im Flug! Die Kinderb\u00fccher der Reihe Leserabe \u2013 2. Lesestufe wurden mit P\u00e4dagogen entwickelt und richten sich an fortgeschrittene [&hellip;]<\/p>\n","protected":false},"featured_media":2673,"comment_status":"open","ping_status":"closed","template":"","meta":[],"product_cat":[900,224,915,944,225,37],"product_tag":[268,192,281,286,111,200,201,196,197,195,190,115,223,114,186,113,210,112,283,198,181,202,179,194,193,180,284,280,282,285,177,178],"class_list":{"0":"post-759","1":"product","2":"type-product","3":"status-publish","4":"has-post-thumbnail","6":"product_cat-2-klasse","7":"product_cat-kinderbuecher","8":"product_cat-produkt-feeds","9":"product_cat-produktzufuehrung-geizhal","10":"product_cat-ravensburger-kinderbuecher","11":"product_cat-ravensburger","12":"product_tag-abenteuer","13":"product_tag-antolin","14":"product_tag-bande","15":"product_tag-bandenquartier","16":"product_tag-beschaeftigung","17":"product_tag-buch","18":"product_tag-buecher","19":"product_tag-erstlesebuch","20":"product_tag-erstlesebuecher","21":"product_tag-erstleser","22":"product_tag-freundschaft","23":"product_tag-fuer-jungen","24":"product_tag-fuer-kinder-ab-7-jahre","25":"product_tag-fuer-maedchen","26":"product_tag-geheimnis","27":"product_tag-geschenk","28":"product_tag-geschenk-kinder","29":"product_tag-geschenkidee","30":"product_tag-hund","31":"product_tag-kinderbuch","32":"product_tag-kinderbuecher","33":"product_tag-lesen","34":"product_tag-lesen-lernen","35":"product_tag-leserabe","36":"product_tag-ravensburger","37":"product_tag-ravensburger-erstes-lernen","38":"product_tag-sommer","39":"product_tag-waschbaer","40":"product_tag-waschbaeren-bande","41":"product_tag-wohnwagen","42":"product_tag-zuhause-lernen","43":"product_tag-zuhause-unterrichten","44":"post","45":"post-with-thumbnail","46":"post-with-thumbnail-large","48":"first","49":"instock","50":"taxable","51":"shipping-taxable","52":"purchasable","53":"product-type-simple"},"yoast_head":"<!-- This site is optimized with the Yoast SEO plugin v26.6 - https:\/\/yoast.com\/wordpress\/plugins\/seo\/ -->\n<title>Die Waschb\u00e4ren-Bande - der-Schulbedarf.shop<\/title>\n<meta name=\"description\" content=\"Die Waschb\u00e4ren-Bande. Spannendes Abenteuer um Bruno, Lotte, Paul und Hund Schnuck. F\u00fcr Kinder ab 7 Jahren. Von P\u00e4dagogen entwickelt. In Fibel Schrift !!!\" \/>\n<meta name=\"robots\" content=\"index, follow, max-snippet:-1, max-image-preview:large, max-video-preview:-1\" \/>\n<link rel=\"canonical\" href=\"https:\/\/der-schulbedarf.shop\/produkt-des-monats\/produkt\/die-waschbaeren-bande\/\" \/>\n<meta property=\"og:locale\" content=\"de_DE\" \/>\n<meta property=\"og:type\" content=\"article\" \/>\n<meta property=\"og:title\" content=\"Die Waschb\u00e4ren-Bande - der-Schulbedarf.shop\" \/>\n<meta property=\"og:description\" content=\"Die Waschb\u00e4ren-Bande. Spannendes Abenteuer um Bruno, Lotte, Paul und Hund Schnuck. F\u00fcr Kinder ab 7 Jahren. Von P\u00e4dagogen entwickelt. In Fibel Schrift !!!\" \/>\n<meta property=\"og:url\" content=\"https:\/\/der-schulbedarf.shop\/produkt-des-monats\/produkt\/die-waschbaeren-bande\/\" \/>\n<meta property=\"og:site_name\" content=\"der-Schulbedarf.shop\" \/>\n<meta property=\"article:modified_time\" content=\"2024-11-26T13:18:40+00:00\" \/>\n<meta property=\"og:image\" content=\"https:\/\/der-schulbedarf.shop\/wp-content\/uploads\/2023\/06\/AN_36133_1-720x380-1.webp\" \/>\n\t<meta property=\"og:image:width\" content=\"720\" \/>\n\t<meta property=\"og:image:height\" content=\"380\" \/>\n\t<meta property=\"og:image:type\" content=\"image\/webp\" \/>\n<meta name=\"twitter:card\" content=\"summary_large_image\" \/>\n<meta name=\"twitter:label1\" content=\"Gesch\u00e4tzte Lesezeit\" \/>\n\t<meta name=\"twitter:data1\" content=\"2\u00a0Minuten\" \/>\n<script type=\"application\/ld+json\" class=\"yoast-schema-graph\">{\"@context\":\"https:\/\/schema.org\",\"@graph\":[{\"@type\":\"WebPage\",\"@id\":\"https:\/\/der-schulbedarf.shop\/produkt-des-monats\/produkt\/die-waschbaeren-bande\/\",\"url\":\"https:\/\/der-schulbedarf.shop\/produkt-des-monats\/produkt\/die-waschbaeren-bande\/\",\"name\":\"Die Waschb\u00e4ren-Bande - der-Schulbedarf.shop\",\"isPartOf\":{\"@id\":\"https:\/\/der-schulbedarf.shop\/produkt-des-monats\/#website\"},\"primaryImageOfPage\":{\"@id\":\"https:\/\/der-schulbedarf.shop\/produkt-des-monats\/produkt\/die-waschbaeren-bande\/#primaryimage\"},\"image\":{\"@id\":\"https:\/\/der-schulbedarf.shop\/produkt-des-monats\/produkt\/die-waschbaeren-bande\/#primaryimage\"},\"thumbnailUrl\":\"https:\/\/der-schulbedarf.shop\/wp-content\/uploads\/2023\/06\/AN_36133_1-720x380-1.webp\",\"datePublished\":\"2023-06-07T10:08:10+00:00\",\"dateModified\":\"2024-11-26T13:18:40+00:00\",\"description\":\"Die Waschb\u00e4ren-Bande. Spannendes Abenteuer um Bruno, Lotte, Paul und Hund Schnuck. F\u00fcr Kinder ab 7 Jahren. Von P\u00e4dagogen entwickelt. In Fibel Schrift !!!\",\"breadcrumb\":{\"@id\":\"https:\/\/der-schulbedarf.shop\/produkt-des-monats\/produkt\/die-waschbaeren-bande\/#breadcrumb\"},\"inLanguage\":\"de\",\"potentialAction\":[{\"@type\":\"ReadAction\",\"target\":[\"https:\/\/der-schulbedarf.shop\/produkt-des-monats\/produkt\/die-waschbaeren-bande\/\"]}]},{\"@type\":\"ImageObject\",\"inLanguage\":\"de\",\"@id\":\"https:\/\/der-schulbedarf.shop\/produkt-des-monats\/produkt\/die-waschbaeren-bande\/#primaryimage\",\"url\":\"https:\/\/der-schulbedarf.shop\/wp-content\/uploads\/2023\/06\/AN_36133_1-720x380-1.webp\",\"contentUrl\":\"https:\/\/der-schulbedarf.shop\/wp-content\/uploads\/2023\/06\/AN_36133_1-720x380-1.webp\",\"width\":720,\"height\":380},{\"@type\":\"BreadcrumbList\",\"@id\":\"https:\/\/der-schulbedarf.shop\/produkt-des-monats\/produkt\/die-waschbaeren-bande\/#breadcrumb\",\"itemListElement\":[{\"@type\":\"ListItem\",\"position\":1,\"name\":\"Shop\",\"item\":\"https:\/\/der-schulbedarf.shop\/produkt-des-monats\/shop\/\"},{\"@type\":\"ListItem\",\"position\":2,\"name\":\"Die Waschb\u00e4ren-Bande\"}]},{\"@type\":\"WebSite\",\"@id\":\"https:\/\/der-schulbedarf.shop\/produkt-des-monats\/#website\",\"url\":\"https:\/\/der-schulbedarf.shop\/produkt-des-monats\/\",\"name\":\"der-Schulbedarf.shop\",\"description\":\"\",\"publisher\":{\"@id\":\"https:\/\/der-schulbedarf.shop\/produkt-des-monats\/#organization\"},\"potentialAction\":[{\"@type\":\"SearchAction\",\"target\":{\"@type\":\"EntryPoint\",\"urlTemplate\":\"https:\/\/der-schulbedarf.shop\/produkt-des-monats\/?s={search_term_string}\"},\"query-input\":{\"@type\":\"PropertyValueSpecification\",\"valueRequired\":true,\"valueName\":\"search_term_string\"}}],\"inLanguage\":\"de\"},{\"@type\":\"Organization\",\"@id\":\"https:\/\/der-schulbedarf.shop\/produkt-des-monats\/#organization\",\"name\":\"der-Schulbedarf.shop\",\"url\":\"https:\/\/der-schulbedarf.shop\/produkt-des-monats\/\",\"logo\":{\"@type\":\"ImageObject\",\"inLanguage\":\"de\",\"@id\":\"https:\/\/der-schulbedarf.shop\/produkt-des-monats\/#\/schema\/logo\/image\/\",\"url\":\"https:\/\/der-schulbedarf.shop\/wp-content\/uploads\/2024\/02\/grafik-e1709551115899.png\",\"contentUrl\":\"https:\/\/der-schulbedarf.shop\/wp-content\/uploads\/2024\/02\/grafik-e1709551115899.png\",\"width\":80,\"height\":80,\"caption\":\"der-Schulbedarf.shop\"},\"image\":{\"@id\":\"https:\/\/der-schulbedarf.shop\/produkt-des-monats\/#\/schema\/logo\/image\/\"}}]}<\/script>\n<!-- \/ Yoast SEO plugin. -->","yoast_head_json":{"title":"Die Waschb\u00e4ren-Bande - der-Schulbedarf.shop","description":"Die Waschb\u00e4ren-Bande. Spannendes Abenteuer um Bruno, Lotte, Paul und Hund Schnuck. F\u00fcr Kinder ab 7 Jahren. Von P\u00e4dagogen entwickelt. In Fibel Schrift !!!","robots":{"index":"index","follow":"follow","max-snippet":"max-snippet:-1","max-image-preview":"max-image-preview:large","max-video-preview":"max-video-preview:-1"},"canonical":"https:\/\/der-schulbedarf.shop\/produkt-des-monats\/produkt\/die-waschbaeren-bande\/","og_locale":"de_DE","og_type":"article","og_title":"Die Waschb\u00e4ren-Bande - der-Schulbedarf.shop","og_description":"Die Waschb\u00e4ren-Bande. Spannendes Abenteuer um Bruno, Lotte, Paul und Hund Schnuck. F\u00fcr Kinder ab 7 Jahren. Von P\u00e4dagogen entwickelt. In Fibel Schrift !!!","og_url":"https:\/\/der-schulbedarf.shop\/produkt-des-monats\/produkt\/die-waschbaeren-bande\/","og_site_name":"der-Schulbedarf.shop","article_modified_time":"2024-11-26T13:18:40+00:00","og_image":[{"width":720,"height":380,"url":"https:\/\/der-schulbedarf.shop\/wp-content\/uploads\/2023\/06\/AN_36133_1-720x380-1.webp","type":"image\/webp"}],"twitter_card":"summary_large_image","twitter_misc":{"Gesch\u00e4tzte Lesezeit":"2\u00a0Minuten"},"schema":{"@context":"https:\/\/schema.org","@graph":[{"@type":"WebPage","@id":"https:\/\/der-schulbedarf.shop\/produkt-des-monats\/produkt\/die-waschbaeren-bande\/","url":"https:\/\/der-schulbedarf.shop\/produkt-des-monats\/produkt\/die-waschbaeren-bande\/","name":"Die Waschb\u00e4ren-Bande - der-Schulbedarf.shop","isPartOf":{"@id":"https:\/\/der-schulbedarf.shop\/produkt-des-monats\/#website"},"primaryImageOfPage":{"@id":"https:\/\/der-schulbedarf.shop\/produkt-des-monats\/produkt\/die-waschbaeren-bande\/#primaryimage"},"image":{"@id":"https:\/\/der-schulbedarf.shop\/produkt-des-monats\/produkt\/die-waschbaeren-bande\/#primaryimage"},"thumbnailUrl":"https:\/\/der-schulbedarf.shop\/wp-content\/uploads\/2023\/06\/AN_36133_1-720x380-1.webp","datePublished":"2023-06-07T10:08:10+00:00","dateModified":"2024-11-26T13:18:40+00:00","description":"Die Waschb\u00e4ren-Bande. Spannendes Abenteuer um Bruno, Lotte, Paul und Hund Schnuck. F\u00fcr Kinder ab 7 Jahren. Von P\u00e4dagogen entwickelt. In Fibel Schrift !!!","breadcrumb":{"@id":"https:\/\/der-schulbedarf.shop\/produkt-des-monats\/produkt\/die-waschbaeren-bande\/#breadcrumb"},"inLanguage":"de","potentialAction":[{"@type":"ReadAction","target":["https:\/\/der-schulbedarf.shop\/produkt-des-monats\/produkt\/die-waschbaeren-bande\/"]}]},{"@type":"ImageObject","inLanguage":"de","@id":"https:\/\/der-schulbedarf.shop\/produkt-des-monats\/produkt\/die-waschbaeren-bande\/#primaryimage","url":"https:\/\/der-schulbedarf.shop\/wp-content\/uploads\/2023\/06\/AN_36133_1-720x380-1.webp","contentUrl":"https:\/\/der-schulbedarf.shop\/wp-content\/uploads\/2023\/06\/AN_36133_1-720x380-1.webp","width":720,"height":380},{"@type":"BreadcrumbList","@id":"https:\/\/der-schulbedarf.shop\/produkt-des-monats\/produkt\/die-waschbaeren-bande\/#breadcrumb","itemListElement":[{"@type":"ListItem","position":1,"name":"Shop","item":"https:\/\/der-schulbedarf.shop\/produkt-des-monats\/shop\/"},{"@type":"ListItem","position":2,"name":"Die Waschb\u00e4ren-Bande"}]},{"@type":"WebSite","@id":"https:\/\/der-schulbedarf.shop\/produkt-des-monats\/#website","url":"https:\/\/der-schulbedarf.shop\/produkt-des-monats\/","name":"der-Schulbedarf.shop","description":"","publisher":{"@id":"https:\/\/der-schulbedarf.shop\/produkt-des-monats\/#organization"},"potentialAction":[{"@type":"SearchAction","target":{"@type":"EntryPoint","urlTemplate":"https:\/\/der-schulbedarf.shop\/produkt-des-monats\/?s={search_term_string}"},"query-input":{"@type":"PropertyValueSpecification","valueRequired":true,"valueName":"search_term_string"}}],"inLanguage":"de"},{"@type":"Organization","@id":"https:\/\/der-schulbedarf.shop\/produkt-des-monats\/#organization","name":"der-Schulbedarf.shop","url":"https:\/\/der-schulbedarf.shop\/produkt-des-monats\/","logo":{"@type":"ImageObject","inLanguage":"de","@id":"https:\/\/der-schulbedarf.shop\/produkt-des-monats\/#\/schema\/logo\/image\/","url":"https:\/\/der-schulbedarf.shop\/wp-content\/uploads\/2024\/02\/grafik-e1709551115899.png","contentUrl":"https:\/\/der-schulbedarf.shop\/wp-content\/uploads\/2024\/02\/grafik-e1709551115899.png","width":80,"height":80,"caption":"der-Schulbedarf.shop"},"image":{"@id":"https:\/\/der-schulbedarf.shop\/produkt-des-monats\/#\/schema\/logo\/image\/"}}]}},"_links":{"self":[{"href":"https:\/\/der-schulbedarf.shop\/produkt-des-monats\/wp-json\/wp\/v2\/product\/759","targetHints":{"allow":["GET"]}}],"collection":[{"href":"https:\/\/der-schulbedarf.shop\/produkt-des-monats\/wp-json\/wp\/v2\/product"}],"about":[{"href":"https:\/\/der-schulbedarf.shop\/produkt-des-monats\/wp-json\/wp\/v2\/types\/product"}],"replies":[{"embeddable":true,"href":"https:\/\/der-schulbedarf.shop\/produkt-des-monats\/wp-json\/wp\/v2\/comments?post=759"}],"wp:featuredmedia":[{"embeddable":true,"href":"https:\/\/der-schulbedarf.shop\/produkt-des-monats\/wp-json\/wp\/v2\/media\/2673"}],"wp:attachment":[{"href":"https:\/\/der-schulbedarf.shop\/produkt-des-monats\/wp-json\/wp\/v2\/media?parent=759"}],"wp:term":[{"taxonomy":"product_cat","embeddable":true,"href":"https:\/\/der-schulbedarf.shop\/produkt-des-monats\/wp-json\/wp\/v2\/product_cat?post=759"},{"taxonomy":"product_tag","embeddable":true,"href":"https:\/\/der-schulbedarf.shop\/produkt-des-monats\/wp-json\/wp\/v2\/product_tag?post=759"}],"curies":[{"name":"wp","href":"https:\/\/api.w.org\/{rel}","templated":true}]}}