{"id":778,"date":"2023-06-14T06:17:03","date_gmt":"2023-06-14T06:17:03","guid":{"rendered":"https:\/\/der-schulbedarf.Shop\/?post_type=product&#038;p=778"},"modified":"2025-08-21T04:38:19","modified_gmt":"2025-08-21T04:38:19","slug":"hilfe-ein-drache","status":"publish","type":"product","link":"https:\/\/der-schulbedarf.shop\/produkt-des-monats\/produkt\/hilfe-ein-drache\/","title":{"rendered":"Hilfe, ein Drache!"},"content":{"rendered":"<p>Mila und Jonas bekommen von ihrem Gro\u00dfonkel ein geheimnisvolles Ei. Kurz darauf schl\u00fcpft daraus ein Drache namens Kraaagh, der am liebsten Schulb\u00fccher frisst. Damit ihn zuhause niemand findet, nehmen Mila und Jonas Kraaagh mit zur Schule. Dort erteilt der Drache dem fiesen Kevin eine solche Lektion, dass der von da an keine Kinder mehr \u00e4rgert. Leider wird Kraaagh immer gr\u00f6\u00dfer und schlie\u00dflich muss der Gro\u00dfonkel ihn abholen.<\/p>\n<p>Die Kinderb\u00fccher der Reihe Leserabe \u2013 2. Lesestufe wurden mit P\u00e4dagogen entwickelt und richten sich an fortgeschrittene Erstleser ab der 2. Klasse. Spannende Geschichten in Fibelschrift wecken die Lesemotivation von M\u00e4dchen und Jungen ab 7 Jahren. Durch Verst\u00e4ndnis fragen zum Text wird das Gelesene spielerisch \u00fcberpr\u00fcft.<\/p>\n<p>Empfohlen von Stiftung Lesen, gelistet bei Antolin.<\/p>\n","protected":false},"excerpt":{"rendered":"<p>Mila und Jonas bekommen von ihrem Gro\u00dfonkel ein geheimnisvolles Ei. Kurz darauf schl\u00fcpft daraus ein Drache namens Kraaagh, der am liebsten Schulb\u00fccher frisst. Damit ihn zuhause niemand findet, nehmen Mila und Jonas Kraaagh mit zur Schule. Dort erteilt der Drache dem fiesen Kevin eine solche Lektion, dass der von da an keine Kinder mehr \u00e4rgert. [&hellip;]<\/p>\n","protected":false},"featured_media":2749,"comment_status":"open","ping_status":"closed","template":"","meta":[],"product_cat":[900,224,915,944,225],"product_tag":[192,111,200,201,247,303,196,197,195,214,297,115,223,114,186,113,112,207,198,181,185,202,179,302,189,298,290,193,180,304,177,178],"class_list":{"0":"post-778","1":"product","2":"type-product","3":"status-publish","4":"has-post-thumbnail","6":"product_cat-2-klasse","7":"product_cat-kinderbuecher","8":"product_cat-produkt-feeds","9":"product_cat-produktzufuehrung-geizhal","10":"product_cat-ravensburger-kinderbuecher","11":"product_tag-antolin","12":"product_tag-beschaeftigung","13":"product_tag-buch","14":"product_tag-buecher","15":"product_tag-drache","16":"product_tag-drachenei","17":"product_tag-erstlesebuch","18":"product_tag-erstlesebuecher","19":"product_tag-erstleser","20":"product_tag-familie","21":"product_tag-fantasy","22":"product_tag-fuer-jungen","23":"product_tag-fuer-kinder-ab-7-jahre","24":"product_tag-fuer-maedchen","25":"product_tag-geheimnis","26":"product_tag-geschenk","27":"product_tag-geschenkidee","28":"product_tag-junge","29":"product_tag-kinderbuch","30":"product_tag-kinderbuecher","31":"product_tag-leseanfaenger","32":"product_tag-lesen","33":"product_tag-lesen-lernen","34":"product_tag-leseraetsel","35":"product_tag-maedchen","36":"product_tag-phantasie","37":"product_tag-raetsel","38":"product_tag-ravensburger","39":"product_tag-ravensburger-erstes-lernen","40":"product_tag-spass","41":"product_tag-zuhause-lernen","42":"product_tag-zuhause-unterrichten","43":"post","44":"post-with-thumbnail","45":"post-with-thumbnail-large","47":"first","48":"outofstock","49":"taxable","50":"shipping-taxable","51":"purchasable","52":"product-type-simple"},"yoast_head":"<!-- This site is optimized with the Yoast SEO plugin v26.6 - https:\/\/yoast.com\/wordpress\/plugins\/seo\/ -->\n<title>Hilfe, ein Drache! - der-Schulbedarf.shop<\/title>\n<meta name=\"description\" content=\"Hilfe, ein Drache! Spannende Geschichten in Fibelschrift wecken die Lesemotivation von M\u00e4dchen und Jungen ab 7 Jahren. Von P\u00e4dagogen entwickelt. Ab Klasse 2\" \/>\n<meta name=\"robots\" content=\"index, follow, max-snippet:-1, max-image-preview:large, max-video-preview:-1\" \/>\n<link rel=\"canonical\" href=\"https:\/\/der-schulbedarf.shop\/produkt-des-monats\/produkt\/hilfe-ein-drache\/\" \/>\n<meta property=\"og:locale\" content=\"de_DE\" \/>\n<meta property=\"og:type\" content=\"article\" \/>\n<meta property=\"og:title\" content=\"Hilfe, ein Drache! - der-Schulbedarf.shop\" \/>\n<meta property=\"og:description\" content=\"Hilfe, ein Drache! Spannende Geschichten in Fibelschrift wecken die Lesemotivation von M\u00e4dchen und Jungen ab 7 Jahren. Von P\u00e4dagogen entwickelt. Ab Klasse 2\" \/>\n<meta property=\"og:url\" content=\"https:\/\/der-schulbedarf.shop\/produkt-des-monats\/produkt\/hilfe-ein-drache\/\" \/>\n<meta property=\"og:site_name\" content=\"der-Schulbedarf.shop\" \/>\n<meta property=\"article:modified_time\" content=\"2025-08-21T04:38:19+00:00\" \/>\n<meta property=\"og:image\" content=\"https:\/\/der-schulbedarf.shop\/wp-content\/uploads\/2023\/06\/AN-36570_1-720x380-1.webp\" \/>\n\t<meta property=\"og:image:width\" content=\"720\" \/>\n\t<meta property=\"og:image:height\" content=\"380\" \/>\n\t<meta property=\"og:image:type\" content=\"image\/webp\" \/>\n<meta name=\"twitter:card\" content=\"summary_large_image\" \/>\n<meta name=\"twitter:label1\" content=\"Gesch\u00e4tzte Lesezeit\" \/>\n\t<meta name=\"twitter:data1\" content=\"1\u00a0Minute\" \/>\n<script type=\"application\/ld+json\" class=\"yoast-schema-graph\">{\"@context\":\"https:\/\/schema.org\",\"@graph\":[{\"@type\":\"WebPage\",\"@id\":\"https:\/\/der-schulbedarf.shop\/produkt-des-monats\/produkt\/hilfe-ein-drache\/\",\"url\":\"https:\/\/der-schulbedarf.shop\/produkt-des-monats\/produkt\/hilfe-ein-drache\/\",\"name\":\"Hilfe, ein Drache! - der-Schulbedarf.shop\",\"isPartOf\":{\"@id\":\"https:\/\/der-schulbedarf.shop\/produkt-des-monats\/#website\"},\"primaryImageOfPage\":{\"@id\":\"https:\/\/der-schulbedarf.shop\/produkt-des-monats\/produkt\/hilfe-ein-drache\/#primaryimage\"},\"image\":{\"@id\":\"https:\/\/der-schulbedarf.shop\/produkt-des-monats\/produkt\/hilfe-ein-drache\/#primaryimage\"},\"thumbnailUrl\":\"https:\/\/der-schulbedarf.shop\/wp-content\/uploads\/2023\/06\/AN-36570_1-720x380-1.webp\",\"datePublished\":\"2023-06-14T06:17:03+00:00\",\"dateModified\":\"2025-08-21T04:38:19+00:00\",\"description\":\"Hilfe, ein Drache! Spannende Geschichten in Fibelschrift wecken die Lesemotivation von M\u00e4dchen und Jungen ab 7 Jahren. Von P\u00e4dagogen entwickelt. Ab Klasse 2\",\"breadcrumb\":{\"@id\":\"https:\/\/der-schulbedarf.shop\/produkt-des-monats\/produkt\/hilfe-ein-drache\/#breadcrumb\"},\"inLanguage\":\"de\",\"potentialAction\":[{\"@type\":\"ReadAction\",\"target\":[\"https:\/\/der-schulbedarf.shop\/produkt-des-monats\/produkt\/hilfe-ein-drache\/\"]}]},{\"@type\":\"ImageObject\",\"inLanguage\":\"de\",\"@id\":\"https:\/\/der-schulbedarf.shop\/produkt-des-monats\/produkt\/hilfe-ein-drache\/#primaryimage\",\"url\":\"https:\/\/der-schulbedarf.shop\/wp-content\/uploads\/2023\/06\/AN-36570_1-720x380-1.webp\",\"contentUrl\":\"https:\/\/der-schulbedarf.shop\/wp-content\/uploads\/2023\/06\/AN-36570_1-720x380-1.webp\",\"width\":720,\"height\":380},{\"@type\":\"BreadcrumbList\",\"@id\":\"https:\/\/der-schulbedarf.shop\/produkt-des-monats\/produkt\/hilfe-ein-drache\/#breadcrumb\",\"itemListElement\":[{\"@type\":\"ListItem\",\"position\":1,\"name\":\"Shop\",\"item\":\"https:\/\/der-schulbedarf.shop\/produkt-des-monats\/shop\/\"},{\"@type\":\"ListItem\",\"position\":2,\"name\":\"Hilfe, ein Drache!\"}]},{\"@type\":\"WebSite\",\"@id\":\"https:\/\/der-schulbedarf.shop\/produkt-des-monats\/#website\",\"url\":\"https:\/\/der-schulbedarf.shop\/produkt-des-monats\/\",\"name\":\"der-Schulbedarf.shop\",\"description\":\"\",\"publisher\":{\"@id\":\"https:\/\/der-schulbedarf.shop\/produkt-des-monats\/#organization\"},\"potentialAction\":[{\"@type\":\"SearchAction\",\"target\":{\"@type\":\"EntryPoint\",\"urlTemplate\":\"https:\/\/der-schulbedarf.shop\/produkt-des-monats\/?s={search_term_string}\"},\"query-input\":{\"@type\":\"PropertyValueSpecification\",\"valueRequired\":true,\"valueName\":\"search_term_string\"}}],\"inLanguage\":\"de\"},{\"@type\":\"Organization\",\"@id\":\"https:\/\/der-schulbedarf.shop\/produkt-des-monats\/#organization\",\"name\":\"der-Schulbedarf.shop\",\"url\":\"https:\/\/der-schulbedarf.shop\/produkt-des-monats\/\",\"logo\":{\"@type\":\"ImageObject\",\"inLanguage\":\"de\",\"@id\":\"https:\/\/der-schulbedarf.shop\/produkt-des-monats\/#\/schema\/logo\/image\/\",\"url\":\"https:\/\/der-schulbedarf.shop\/wp-content\/uploads\/2024\/02\/grafik-e1709551115899.png\",\"contentUrl\":\"https:\/\/der-schulbedarf.shop\/wp-content\/uploads\/2024\/02\/grafik-e1709551115899.png\",\"width\":80,\"height\":80,\"caption\":\"der-Schulbedarf.shop\"},\"image\":{\"@id\":\"https:\/\/der-schulbedarf.shop\/produkt-des-monats\/#\/schema\/logo\/image\/\"}}]}<\/script>\n<!-- \/ Yoast SEO plugin. -->","yoast_head_json":{"title":"Hilfe, ein Drache! - der-Schulbedarf.shop","description":"Hilfe, ein Drache! Spannende Geschichten in Fibelschrift wecken die Lesemotivation von M\u00e4dchen und Jungen ab 7 Jahren. Von P\u00e4dagogen entwickelt. Ab Klasse 2","robots":{"index":"index","follow":"follow","max-snippet":"max-snippet:-1","max-image-preview":"max-image-preview:large","max-video-preview":"max-video-preview:-1"},"canonical":"https:\/\/der-schulbedarf.shop\/produkt-des-monats\/produkt\/hilfe-ein-drache\/","og_locale":"de_DE","og_type":"article","og_title":"Hilfe, ein Drache! - der-Schulbedarf.shop","og_description":"Hilfe, ein Drache! Spannende Geschichten in Fibelschrift wecken die Lesemotivation von M\u00e4dchen und Jungen ab 7 Jahren. Von P\u00e4dagogen entwickelt. Ab Klasse 2","og_url":"https:\/\/der-schulbedarf.shop\/produkt-des-monats\/produkt\/hilfe-ein-drache\/","og_site_name":"der-Schulbedarf.shop","article_modified_time":"2025-08-21T04:38:19+00:00","og_image":[{"width":720,"height":380,"url":"https:\/\/der-schulbedarf.shop\/wp-content\/uploads\/2023\/06\/AN-36570_1-720x380-1.webp","type":"image\/webp"}],"twitter_card":"summary_large_image","twitter_misc":{"Gesch\u00e4tzte Lesezeit":"1\u00a0Minute"},"schema":{"@context":"https:\/\/schema.org","@graph":[{"@type":"WebPage","@id":"https:\/\/der-schulbedarf.shop\/produkt-des-monats\/produkt\/hilfe-ein-drache\/","url":"https:\/\/der-schulbedarf.shop\/produkt-des-monats\/produkt\/hilfe-ein-drache\/","name":"Hilfe, ein Drache! - der-Schulbedarf.shop","isPartOf":{"@id":"https:\/\/der-schulbedarf.shop\/produkt-des-monats\/#website"},"primaryImageOfPage":{"@id":"https:\/\/der-schulbedarf.shop\/produkt-des-monats\/produkt\/hilfe-ein-drache\/#primaryimage"},"image":{"@id":"https:\/\/der-schulbedarf.shop\/produkt-des-monats\/produkt\/hilfe-ein-drache\/#primaryimage"},"thumbnailUrl":"https:\/\/der-schulbedarf.shop\/wp-content\/uploads\/2023\/06\/AN-36570_1-720x380-1.webp","datePublished":"2023-06-14T06:17:03+00:00","dateModified":"2025-08-21T04:38:19+00:00","description":"Hilfe, ein Drache! Spannende Geschichten in Fibelschrift wecken die Lesemotivation von M\u00e4dchen und Jungen ab 7 Jahren. Von P\u00e4dagogen entwickelt. Ab Klasse 2","breadcrumb":{"@id":"https:\/\/der-schulbedarf.shop\/produkt-des-monats\/produkt\/hilfe-ein-drache\/#breadcrumb"},"inLanguage":"de","potentialAction":[{"@type":"ReadAction","target":["https:\/\/der-schulbedarf.shop\/produkt-des-monats\/produkt\/hilfe-ein-drache\/"]}]},{"@type":"ImageObject","inLanguage":"de","@id":"https:\/\/der-schulbedarf.shop\/produkt-des-monats\/produkt\/hilfe-ein-drache\/#primaryimage","url":"https:\/\/der-schulbedarf.shop\/wp-content\/uploads\/2023\/06\/AN-36570_1-720x380-1.webp","contentUrl":"https:\/\/der-schulbedarf.shop\/wp-content\/uploads\/2023\/06\/AN-36570_1-720x380-1.webp","width":720,"height":380},{"@type":"BreadcrumbList","@id":"https:\/\/der-schulbedarf.shop\/produkt-des-monats\/produkt\/hilfe-ein-drache\/#breadcrumb","itemListElement":[{"@type":"ListItem","position":1,"name":"Shop","item":"https:\/\/der-schulbedarf.shop\/produkt-des-monats\/shop\/"},{"@type":"ListItem","position":2,"name":"Hilfe, ein Drache!"}]},{"@type":"WebSite","@id":"https:\/\/der-schulbedarf.shop\/produkt-des-monats\/#website","url":"https:\/\/der-schulbedarf.shop\/produkt-des-monats\/","name":"der-Schulbedarf.shop","description":"","publisher":{"@id":"https:\/\/der-schulbedarf.shop\/produkt-des-monats\/#organization"},"potentialAction":[{"@type":"SearchAction","target":{"@type":"EntryPoint","urlTemplate":"https:\/\/der-schulbedarf.shop\/produkt-des-monats\/?s={search_term_string}"},"query-input":{"@type":"PropertyValueSpecification","valueRequired":true,"valueName":"search_term_string"}}],"inLanguage":"de"},{"@type":"Organization","@id":"https:\/\/der-schulbedarf.shop\/produkt-des-monats\/#organization","name":"der-Schulbedarf.shop","url":"https:\/\/der-schulbedarf.shop\/produkt-des-monats\/","logo":{"@type":"ImageObject","inLanguage":"de","@id":"https:\/\/der-schulbedarf.shop\/produkt-des-monats\/#\/schema\/logo\/image\/","url":"https:\/\/der-schulbedarf.shop\/wp-content\/uploads\/2024\/02\/grafik-e1709551115899.png","contentUrl":"https:\/\/der-schulbedarf.shop\/wp-content\/uploads\/2024\/02\/grafik-e1709551115899.png","width":80,"height":80,"caption":"der-Schulbedarf.shop"},"image":{"@id":"https:\/\/der-schulbedarf.shop\/produkt-des-monats\/#\/schema\/logo\/image\/"}}]}},"_links":{"self":[{"href":"https:\/\/der-schulbedarf.shop\/produkt-des-monats\/wp-json\/wp\/v2\/product\/778","targetHints":{"allow":["GET"]}}],"collection":[{"href":"https:\/\/der-schulbedarf.shop\/produkt-des-monats\/wp-json\/wp\/v2\/product"}],"about":[{"href":"https:\/\/der-schulbedarf.shop\/produkt-des-monats\/wp-json\/wp\/v2\/types\/product"}],"replies":[{"embeddable":true,"href":"https:\/\/der-schulbedarf.shop\/produkt-des-monats\/wp-json\/wp\/v2\/comments?post=778"}],"wp:featuredmedia":[{"embeddable":true,"href":"https:\/\/der-schulbedarf.shop\/produkt-des-monats\/wp-json\/wp\/v2\/media\/2749"}],"wp:attachment":[{"href":"https:\/\/der-schulbedarf.shop\/produkt-des-monats\/wp-json\/wp\/v2\/media?parent=778"}],"wp:term":[{"taxonomy":"product_cat","embeddable":true,"href":"https:\/\/der-schulbedarf.shop\/produkt-des-monats\/wp-json\/wp\/v2\/product_cat?post=778"},{"taxonomy":"product_tag","embeddable":true,"href":"https:\/\/der-schulbedarf.shop\/produkt-des-monats\/wp-json\/wp\/v2\/product_tag?post=778"}],"curies":[{"name":"wp","href":"https:\/\/api.w.org\/{rel}","templated":true}]}}