{"id":779,"date":"2023-06-07T10:28:14","date_gmt":"2023-06-07T10:28:14","guid":{"rendered":"https:\/\/der-schulbedarf.Shop\/?post_type=product&#038;p=779"},"modified":"2024-11-26T13:15:44","modified_gmt":"2024-11-26T13:15:44","slug":"leserabe-2-lesestufe-fantastische-meermaedchengeschichten","status":"publish","type":"product","link":"https:\/\/der-schulbedarf.shop\/produkt-des-monats\/produkt\/leserabe-2-lesestufe-fantastische-meermaedchengeschichten\/","title":{"rendered":"Leserabe &#8211; 2. Lesestufe: Fantastische Meerm\u00e4dchengeschichten"},"content":{"rendered":"<p>Leserabe &#8211; 2. Lesestufe: Fantastische Meerm\u00e4dchengeschichten<\/p>\n<p>Meerm\u00e4dchen Enya m\u00f6chte unbedingt einen Freund aus der Menschen Welt. Maila und Undine wehren sich gegen Umweltverschmutzer. Und Nixe Yara zieht es in die gro\u00dfe weite Welt! Unterwasserspa\u00df f\u00fcr Leseanf\u00e4nger ab Klasse 2.<\/p>\n<p>Lesen lernen wie im Flug! Die Kinderb\u00fccher der Reihe Leserabe \u2013 2. Lesestufe wurden mit P\u00e4dagogen entwickelt und richten sich an fortgeschrittene Erstleser ab der 2. Klasse. Spannende Geschichten in Fibel Schrift wecken die Lesemotivation von M\u00e4dchen und Jungen ab 7 Jahren. Durch Verst\u00e4ndnis Fragen zum Text wird das Gelesene spielerisch \u00fcberpr\u00fcft.<\/p>\n<p>Empfohlen von Stiftung Lesen, gelistet bei Antolin. Weitere Informationen auf leserabe.de.<\/p>\n<p>&nbsp;<\/p>\n<p>&nbsp;<\/p>\n","protected":false},"excerpt":{"rendered":"<p>Leserabe &#8211; 2. Lesestufe: Fantastische Meerm\u00e4dchengeschichten Meerm\u00e4dchen Enya m\u00f6chte unbedingt einen Freund aus der Menschen Welt. Maila und Undine wehren sich gegen Umweltverschmutzer. Und Nixe Yara zieht es in die gro\u00dfe weite Welt! Unterwasserspa\u00df f\u00fcr Leseanf\u00e4nger ab Klasse 2. Lesen lernen wie im Flug! Die Kinderb\u00fccher der Reihe Leserabe \u2013 2. Lesestufe wurden mit P\u00e4dagogen [&hellip;]<\/p>\n","protected":false},"featured_media":2669,"comment_status":"open","ping_status":"closed","template":"","meta":[],"product_cat":[900,224,915,944,225,37],"product_tag":[192,111,200,201,196,197,195,309,190,115,223,114,113,210,112,207,198,181,202,179,194,189,307,305,306,193,180,215,308,233,177,178],"class_list":{"0":"post-779","1":"product","2":"type-product","3":"status-publish","4":"has-post-thumbnail","6":"product_cat-2-klasse","7":"product_cat-kinderbuecher","8":"product_cat-produkt-feeds","9":"product_cat-produktzufuehrung-geizhal","10":"product_cat-ravensburger-kinderbuecher","11":"product_cat-ravensburger","12":"product_tag-antolin","13":"product_tag-beschaeftigung","14":"product_tag-buch","15":"product_tag-buecher","16":"product_tag-erstlesebuch","17":"product_tag-erstlesebuecher","18":"product_tag-erstleser","19":"product_tag-flaschenpost","20":"product_tag-freundschaft","21":"product_tag-fuer-jungen","22":"product_tag-fuer-kinder-ab-7-jahre","23":"product_tag-fuer-maedchen","24":"product_tag-geschenk","25":"product_tag-geschenk-kinder","26":"product_tag-geschenkidee","27":"product_tag-junge","28":"product_tag-kinderbuch","29":"product_tag-kinderbuecher","30":"product_tag-lesen","31":"product_tag-lesen-lernen","32":"product_tag-leserabe","33":"product_tag-maedchen","34":"product_tag-meerjungfrau","35":"product_tag-meermaedchen","36":"product_tag-nixe","37":"product_tag-ravensburger","38":"product_tag-ravensburger-erstes-lernen","39":"product_tag-schwimmen","40":"product_tag-tauchen","41":"product_tag-umwelt","42":"product_tag-zuhause-lernen","43":"product_tag-zuhause-unterrichten","44":"post","45":"post-with-thumbnail","46":"post-with-thumbnail-large","48":"first","49":"instock","50":"taxable","51":"shipping-taxable","52":"purchasable","53":"product-type-simple"},"yoast_head":"<!-- This site is optimized with the Yoast SEO plugin v26.6 - https:\/\/yoast.com\/wordpress\/plugins\/seo\/ -->\n<title>Leserabe - 2. Lesestufe: Fantastische Meerm\u00e4dchengeschichten - der-Schulbedarf.shop<\/title>\n<meta name=\"description\" content=\"Leserabe - Fantastische Meerm\u00e4dchengeschichten. Spannende Geschichten um die Meerm\u00e4dchen Enya und Nixe Yara. F\u00fcr Kinder ab 7 Jahren. In Fibelschrift !!!\" \/>\n<meta name=\"robots\" content=\"index, follow, max-snippet:-1, max-image-preview:large, max-video-preview:-1\" \/>\n<link rel=\"canonical\" href=\"https:\/\/der-schulbedarf.shop\/produkt-des-monats\/produkt\/leserabe-2-lesestufe-fantastische-meermaedchengeschichten\/\" \/>\n<meta property=\"og:locale\" content=\"de_DE\" \/>\n<meta property=\"og:type\" content=\"article\" \/>\n<meta property=\"og:title\" content=\"Leserabe - 2. Lesestufe: Fantastische Meerm\u00e4dchengeschichten - der-Schulbedarf.shop\" \/>\n<meta property=\"og:description\" content=\"Leserabe - Fantastische Meerm\u00e4dchengeschichten. Spannende Geschichten um die Meerm\u00e4dchen Enya und Nixe Yara. F\u00fcr Kinder ab 7 Jahren. In Fibelschrift !!!\" \/>\n<meta property=\"og:url\" content=\"https:\/\/der-schulbedarf.shop\/produkt-des-monats\/produkt\/leserabe-2-lesestufe-fantastische-meermaedchengeschichten\/\" \/>\n<meta property=\"og:site_name\" content=\"der-Schulbedarf.shop\" \/>\n<meta property=\"article:modified_time\" content=\"2024-11-26T13:15:44+00:00\" \/>\n<meta property=\"og:image\" content=\"https:\/\/der-schulbedarf.shop\/wp-content\/uploads\/2023\/06\/AN_36134_1-720x380-1.webp\" \/>\n\t<meta property=\"og:image:width\" content=\"720\" \/>\n\t<meta property=\"og:image:height\" content=\"380\" \/>\n\t<meta property=\"og:image:type\" content=\"image\/webp\" \/>\n<meta name=\"twitter:card\" content=\"summary_large_image\" \/>\n<meta name=\"twitter:label1\" content=\"Gesch\u00e4tzte Lesezeit\" \/>\n\t<meta name=\"twitter:data1\" content=\"1\u00a0Minute\" \/>\n<script type=\"application\/ld+json\" class=\"yoast-schema-graph\">{\"@context\":\"https:\/\/schema.org\",\"@graph\":[{\"@type\":\"WebPage\",\"@id\":\"https:\/\/der-schulbedarf.shop\/produkt-des-monats\/produkt\/leserabe-2-lesestufe-fantastische-meermaedchengeschichten\/\",\"url\":\"https:\/\/der-schulbedarf.shop\/produkt-des-monats\/produkt\/leserabe-2-lesestufe-fantastische-meermaedchengeschichten\/\",\"name\":\"Leserabe - 2. Lesestufe: Fantastische Meerm\u00e4dchengeschichten - der-Schulbedarf.shop\",\"isPartOf\":{\"@id\":\"https:\/\/der-schulbedarf.shop\/produkt-des-monats\/#website\"},\"primaryImageOfPage\":{\"@id\":\"https:\/\/der-schulbedarf.shop\/produkt-des-monats\/produkt\/leserabe-2-lesestufe-fantastische-meermaedchengeschichten\/#primaryimage\"},\"image\":{\"@id\":\"https:\/\/der-schulbedarf.shop\/produkt-des-monats\/produkt\/leserabe-2-lesestufe-fantastische-meermaedchengeschichten\/#primaryimage\"},\"thumbnailUrl\":\"https:\/\/der-schulbedarf.shop\/wp-content\/uploads\/2023\/06\/AN_36134_1-720x380-1.webp\",\"datePublished\":\"2023-06-07T10:28:14+00:00\",\"dateModified\":\"2024-11-26T13:15:44+00:00\",\"description\":\"Leserabe - Fantastische Meerm\u00e4dchengeschichten. Spannende Geschichten um die Meerm\u00e4dchen Enya und Nixe Yara. F\u00fcr Kinder ab 7 Jahren. In Fibelschrift !!!\",\"breadcrumb\":{\"@id\":\"https:\/\/der-schulbedarf.shop\/produkt-des-monats\/produkt\/leserabe-2-lesestufe-fantastische-meermaedchengeschichten\/#breadcrumb\"},\"inLanguage\":\"de\",\"potentialAction\":[{\"@type\":\"ReadAction\",\"target\":[\"https:\/\/der-schulbedarf.shop\/produkt-des-monats\/produkt\/leserabe-2-lesestufe-fantastische-meermaedchengeschichten\/\"]}]},{\"@type\":\"ImageObject\",\"inLanguage\":\"de\",\"@id\":\"https:\/\/der-schulbedarf.shop\/produkt-des-monats\/produkt\/leserabe-2-lesestufe-fantastische-meermaedchengeschichten\/#primaryimage\",\"url\":\"https:\/\/der-schulbedarf.shop\/wp-content\/uploads\/2023\/06\/AN_36134_1-720x380-1.webp\",\"contentUrl\":\"https:\/\/der-schulbedarf.shop\/wp-content\/uploads\/2023\/06\/AN_36134_1-720x380-1.webp\",\"width\":720,\"height\":380},{\"@type\":\"BreadcrumbList\",\"@id\":\"https:\/\/der-schulbedarf.shop\/produkt-des-monats\/produkt\/leserabe-2-lesestufe-fantastische-meermaedchengeschichten\/#breadcrumb\",\"itemListElement\":[{\"@type\":\"ListItem\",\"position\":1,\"name\":\"Shop\",\"item\":\"https:\/\/der-schulbedarf.shop\/produkt-des-monats\/shop\/\"},{\"@type\":\"ListItem\",\"position\":2,\"name\":\"Leserabe &#8211; 2. Lesestufe: Fantastische Meerm\u00e4dchengeschichten\"}]},{\"@type\":\"WebSite\",\"@id\":\"https:\/\/der-schulbedarf.shop\/produkt-des-monats\/#website\",\"url\":\"https:\/\/der-schulbedarf.shop\/produkt-des-monats\/\",\"name\":\"der-Schulbedarf.shop\",\"description\":\"\",\"publisher\":{\"@id\":\"https:\/\/der-schulbedarf.shop\/produkt-des-monats\/#organization\"},\"potentialAction\":[{\"@type\":\"SearchAction\",\"target\":{\"@type\":\"EntryPoint\",\"urlTemplate\":\"https:\/\/der-schulbedarf.shop\/produkt-des-monats\/?s={search_term_string}\"},\"query-input\":{\"@type\":\"PropertyValueSpecification\",\"valueRequired\":true,\"valueName\":\"search_term_string\"}}],\"inLanguage\":\"de\"},{\"@type\":\"Organization\",\"@id\":\"https:\/\/der-schulbedarf.shop\/produkt-des-monats\/#organization\",\"name\":\"der-Schulbedarf.shop\",\"url\":\"https:\/\/der-schulbedarf.shop\/produkt-des-monats\/\",\"logo\":{\"@type\":\"ImageObject\",\"inLanguage\":\"de\",\"@id\":\"https:\/\/der-schulbedarf.shop\/produkt-des-monats\/#\/schema\/logo\/image\/\",\"url\":\"https:\/\/der-schulbedarf.shop\/wp-content\/uploads\/2024\/02\/grafik-e1709551115899.png\",\"contentUrl\":\"https:\/\/der-schulbedarf.shop\/wp-content\/uploads\/2024\/02\/grafik-e1709551115899.png\",\"width\":80,\"height\":80,\"caption\":\"der-Schulbedarf.shop\"},\"image\":{\"@id\":\"https:\/\/der-schulbedarf.shop\/produkt-des-monats\/#\/schema\/logo\/image\/\"}}]}<\/script>\n<!-- \/ Yoast SEO plugin. -->","yoast_head_json":{"title":"Leserabe - 2. Lesestufe: Fantastische Meerm\u00e4dchengeschichten - der-Schulbedarf.shop","description":"Leserabe - Fantastische Meerm\u00e4dchengeschichten. Spannende Geschichten um die Meerm\u00e4dchen Enya und Nixe Yara. F\u00fcr Kinder ab 7 Jahren. In Fibelschrift !!!","robots":{"index":"index","follow":"follow","max-snippet":"max-snippet:-1","max-image-preview":"max-image-preview:large","max-video-preview":"max-video-preview:-1"},"canonical":"https:\/\/der-schulbedarf.shop\/produkt-des-monats\/produkt\/leserabe-2-lesestufe-fantastische-meermaedchengeschichten\/","og_locale":"de_DE","og_type":"article","og_title":"Leserabe - 2. Lesestufe: Fantastische Meerm\u00e4dchengeschichten - der-Schulbedarf.shop","og_description":"Leserabe - Fantastische Meerm\u00e4dchengeschichten. Spannende Geschichten um die Meerm\u00e4dchen Enya und Nixe Yara. F\u00fcr Kinder ab 7 Jahren. In Fibelschrift !!!","og_url":"https:\/\/der-schulbedarf.shop\/produkt-des-monats\/produkt\/leserabe-2-lesestufe-fantastische-meermaedchengeschichten\/","og_site_name":"der-Schulbedarf.shop","article_modified_time":"2024-11-26T13:15:44+00:00","og_image":[{"width":720,"height":380,"url":"https:\/\/der-schulbedarf.shop\/wp-content\/uploads\/2023\/06\/AN_36134_1-720x380-1.webp","type":"image\/webp"}],"twitter_card":"summary_large_image","twitter_misc":{"Gesch\u00e4tzte Lesezeit":"1\u00a0Minute"},"schema":{"@context":"https:\/\/schema.org","@graph":[{"@type":"WebPage","@id":"https:\/\/der-schulbedarf.shop\/produkt-des-monats\/produkt\/leserabe-2-lesestufe-fantastische-meermaedchengeschichten\/","url":"https:\/\/der-schulbedarf.shop\/produkt-des-monats\/produkt\/leserabe-2-lesestufe-fantastische-meermaedchengeschichten\/","name":"Leserabe - 2. Lesestufe: Fantastische Meerm\u00e4dchengeschichten - der-Schulbedarf.shop","isPartOf":{"@id":"https:\/\/der-schulbedarf.shop\/produkt-des-monats\/#website"},"primaryImageOfPage":{"@id":"https:\/\/der-schulbedarf.shop\/produkt-des-monats\/produkt\/leserabe-2-lesestufe-fantastische-meermaedchengeschichten\/#primaryimage"},"image":{"@id":"https:\/\/der-schulbedarf.shop\/produkt-des-monats\/produkt\/leserabe-2-lesestufe-fantastische-meermaedchengeschichten\/#primaryimage"},"thumbnailUrl":"https:\/\/der-schulbedarf.shop\/wp-content\/uploads\/2023\/06\/AN_36134_1-720x380-1.webp","datePublished":"2023-06-07T10:28:14+00:00","dateModified":"2024-11-26T13:15:44+00:00","description":"Leserabe - Fantastische Meerm\u00e4dchengeschichten. Spannende Geschichten um die Meerm\u00e4dchen Enya und Nixe Yara. F\u00fcr Kinder ab 7 Jahren. In Fibelschrift !!!","breadcrumb":{"@id":"https:\/\/der-schulbedarf.shop\/produkt-des-monats\/produkt\/leserabe-2-lesestufe-fantastische-meermaedchengeschichten\/#breadcrumb"},"inLanguage":"de","potentialAction":[{"@type":"ReadAction","target":["https:\/\/der-schulbedarf.shop\/produkt-des-monats\/produkt\/leserabe-2-lesestufe-fantastische-meermaedchengeschichten\/"]}]},{"@type":"ImageObject","inLanguage":"de","@id":"https:\/\/der-schulbedarf.shop\/produkt-des-monats\/produkt\/leserabe-2-lesestufe-fantastische-meermaedchengeschichten\/#primaryimage","url":"https:\/\/der-schulbedarf.shop\/wp-content\/uploads\/2023\/06\/AN_36134_1-720x380-1.webp","contentUrl":"https:\/\/der-schulbedarf.shop\/wp-content\/uploads\/2023\/06\/AN_36134_1-720x380-1.webp","width":720,"height":380},{"@type":"BreadcrumbList","@id":"https:\/\/der-schulbedarf.shop\/produkt-des-monats\/produkt\/leserabe-2-lesestufe-fantastische-meermaedchengeschichten\/#breadcrumb","itemListElement":[{"@type":"ListItem","position":1,"name":"Shop","item":"https:\/\/der-schulbedarf.shop\/produkt-des-monats\/shop\/"},{"@type":"ListItem","position":2,"name":"Leserabe &#8211; 2. Lesestufe: Fantastische Meerm\u00e4dchengeschichten"}]},{"@type":"WebSite","@id":"https:\/\/der-schulbedarf.shop\/produkt-des-monats\/#website","url":"https:\/\/der-schulbedarf.shop\/produkt-des-monats\/","name":"der-Schulbedarf.shop","description":"","publisher":{"@id":"https:\/\/der-schulbedarf.shop\/produkt-des-monats\/#organization"},"potentialAction":[{"@type":"SearchAction","target":{"@type":"EntryPoint","urlTemplate":"https:\/\/der-schulbedarf.shop\/produkt-des-monats\/?s={search_term_string}"},"query-input":{"@type":"PropertyValueSpecification","valueRequired":true,"valueName":"search_term_string"}}],"inLanguage":"de"},{"@type":"Organization","@id":"https:\/\/der-schulbedarf.shop\/produkt-des-monats\/#organization","name":"der-Schulbedarf.shop","url":"https:\/\/der-schulbedarf.shop\/produkt-des-monats\/","logo":{"@type":"ImageObject","inLanguage":"de","@id":"https:\/\/der-schulbedarf.shop\/produkt-des-monats\/#\/schema\/logo\/image\/","url":"https:\/\/der-schulbedarf.shop\/wp-content\/uploads\/2024\/02\/grafik-e1709551115899.png","contentUrl":"https:\/\/der-schulbedarf.shop\/wp-content\/uploads\/2024\/02\/grafik-e1709551115899.png","width":80,"height":80,"caption":"der-Schulbedarf.shop"},"image":{"@id":"https:\/\/der-schulbedarf.shop\/produkt-des-monats\/#\/schema\/logo\/image\/"}}]}},"_links":{"self":[{"href":"https:\/\/der-schulbedarf.shop\/produkt-des-monats\/wp-json\/wp\/v2\/product\/779","targetHints":{"allow":["GET"]}}],"collection":[{"href":"https:\/\/der-schulbedarf.shop\/produkt-des-monats\/wp-json\/wp\/v2\/product"}],"about":[{"href":"https:\/\/der-schulbedarf.shop\/produkt-des-monats\/wp-json\/wp\/v2\/types\/product"}],"replies":[{"embeddable":true,"href":"https:\/\/der-schulbedarf.shop\/produkt-des-monats\/wp-json\/wp\/v2\/comments?post=779"}],"wp:featuredmedia":[{"embeddable":true,"href":"https:\/\/der-schulbedarf.shop\/produkt-des-monats\/wp-json\/wp\/v2\/media\/2669"}],"wp:attachment":[{"href":"https:\/\/der-schulbedarf.shop\/produkt-des-monats\/wp-json\/wp\/v2\/media?parent=779"}],"wp:term":[{"taxonomy":"product_cat","embeddable":true,"href":"https:\/\/der-schulbedarf.shop\/produkt-des-monats\/wp-json\/wp\/v2\/product_cat?post=779"},{"taxonomy":"product_tag","embeddable":true,"href":"https:\/\/der-schulbedarf.shop\/produkt-des-monats\/wp-json\/wp\/v2\/product_tag?post=779"}],"curies":[{"name":"wp","href":"https:\/\/api.w.org\/{rel}","templated":true}]}}