{"id":788,"date":"2023-06-07T10:32:38","date_gmt":"2023-06-07T10:32:38","guid":{"rendered":"https:\/\/der-schulbedarf.Shop\/?post_type=product&#038;p=788"},"modified":"2024-11-26T13:12:54","modified_gmt":"2024-11-26T13:12:54","slug":"leserabe-hoer-rein-lies-los-mias-pferde-abenteuer","status":"publish","type":"product","link":"https:\/\/der-schulbedarf.shop\/produkt-des-monats\/produkt\/leserabe-hoer-rein-lies-los-mias-pferde-abenteuer\/","title":{"rendered":"Leserabe &#8211; H\u00f6r rein, lies los! Mias Pferde-Abenteuer"},"content":{"rendered":"<p>Mia und ihre Eltern verbringen ihren Urlaub in den Bergen. &#8222;Stinklangweilig!&#8220;, findet Mia. Doch dann trifft sie Kr\u00fcmel und macht mit ihm einen abenteuerlichen Ausritt.<br \/>\nH\u00f6ren, lesen, verstehen: Das neue Leseraben-Konzept verbindet H\u00f6rbuch und Erstlesebuch zu einem einzigartigen Leseerlebnis. Mit Audio-CD und Datei zum Download.<\/p>\n<p>So wird Lesenlernen zum Kinderspiel! Die kurzen H\u00f6rspiele am Kapitelanfang f\u00fchren in die Geschichte ein. Durch das Geh\u00f6rte f\u00e4llt das Lesen leichter und die Lesemotivation von M\u00e4dchen und Jungen wird gef\u00f6rdert. Die lustigen Audio-R\u00e4tsel vertiefen das Gelesene. Die Leser sind hautnah bei einem spannenden Pferde-Abenteuer dabei. Mit Audio-CD. Ab 6 Jahren.<\/p>\n","protected":false},"excerpt":{"rendered":"<p>Mia und ihre Eltern verbringen ihren Urlaub in den Bergen. &#8222;Stinklangweilig!&#8220;, findet Mia. Doch dann trifft sie Kr\u00fcmel und macht mit ihm einen abenteuerlichen Ausritt. H\u00f6ren, lesen, verstehen: Das neue Leseraben-Konzept verbindet H\u00f6rbuch und Erstlesebuch zu einem einzigartigen Leseerlebnis. Mit Audio-CD und Datei zum Download. So wird Lesenlernen zum Kinderspiel! Die kurzen H\u00f6rspiele am Kapitelanfang [&hellip;]<\/p>\n","protected":false},"featured_media":2665,"comment_status":"open","ping_status":"closed","template":"","meta":[],"product_cat":[224,915,944,225],"product_tag":[268,192,310,111,200,201,196,197,195,214,115,199,114,113,112,314,312,198,181,185,202,179,315,189,313,258,257,193,180,261,311,177,178],"class_list":{"0":"post-788","1":"product","2":"type-product","3":"status-publish","4":"has-post-thumbnail","6":"product_cat-kinderbuecher","7":"product_cat-produkt-feeds","8":"product_cat-produktzufuehrung-geizhal","9":"product_cat-ravensburger-kinderbuecher","10":"product_tag-abenteuer","11":"product_tag-antolin","12":"product_tag-ausritt","13":"product_tag-beschaeftigung","14":"product_tag-buch","15":"product_tag-buecher","16":"product_tag-erstlesebuch","17":"product_tag-erstlesebuecher","18":"product_tag-erstleser","19":"product_tag-familie","20":"product_tag-fuer-jungen","21":"product_tag-fuer-kinder-ab-6-jahre","22":"product_tag-fuer-maedchen","23":"product_tag-geschenk","24":"product_tag-geschenkidee","25":"product_tag-hoer-rein","26":"product_tag-hoerbuch","27":"product_tag-kinderbuch","28":"product_tag-kinderbuecher","29":"product_tag-leseanfaenger","30":"product_tag-lesen","31":"product_tag-lesen-lernen","32":"product_tag-lies-los","33":"product_tag-maedchen","34":"product_tag-mit-cd","35":"product_tag-pferd","36":"product_tag-pony","37":"product_tag-ravensburger","38":"product_tag-ravensburger-erstes-lernen","39":"product_tag-reiten","40":"product_tag-urlaub","41":"product_tag-zuhause-lernen","42":"product_tag-zuhause-unterrichten","43":"post","44":"post-with-thumbnail","45":"post-with-thumbnail-large","47":"first","48":"instock","49":"taxable","50":"shipping-taxable","51":"purchasable","52":"product-type-simple"},"yoast_head":"<!-- This site is optimized with the Yoast SEO plugin v26.6 - https:\/\/yoast.com\/wordpress\/plugins\/seo\/ -->\n<title>Leserabe - H\u00f6r rein, lies los! Mias Pferde-Abenteuer - der-Schulbedarf.shop<\/title>\n<meta name=\"robots\" content=\"index, follow, max-snippet:-1, max-image-preview:large, max-video-preview:-1\" \/>\n<link rel=\"canonical\" href=\"https:\/\/der-schulbedarf.shop\/produkt-des-monats\/produkt\/leserabe-hoer-rein-lies-los-mias-pferde-abenteuer\/\" \/>\n<meta property=\"og:locale\" content=\"de_DE\" \/>\n<meta property=\"og:type\" content=\"article\" \/>\n<meta property=\"og:title\" content=\"Leserabe - H\u00f6r rein, lies los! Mias Pferde-Abenteuer - der-Schulbedarf.shop\" \/>\n<meta property=\"og:description\" content=\"Mia und ihre Eltern verbringen ihren Urlaub in den Bergen. &#8222;Stinklangweilig!&#8220;, findet Mia. Doch dann trifft sie Kr\u00fcmel und macht mit ihm einen abenteuerlichen Ausritt. H\u00f6ren, lesen, verstehen: Das neue Leseraben-Konzept verbindet H\u00f6rbuch und Erstlesebuch zu einem einzigartigen Leseerlebnis. Mit Audio-CD und Datei zum Download. So wird Lesenlernen zum Kinderspiel! Die kurzen H\u00f6rspiele am Kapitelanfang [&hellip;]\" \/>\n<meta property=\"og:url\" content=\"https:\/\/der-schulbedarf.shop\/produkt-des-monats\/produkt\/leserabe-hoer-rein-lies-los-mias-pferde-abenteuer\/\" \/>\n<meta property=\"og:site_name\" content=\"der-Schulbedarf.shop\" \/>\n<meta property=\"article:modified_time\" content=\"2024-11-26T13:12:54+00:00\" \/>\n<meta property=\"og:image\" content=\"https:\/\/der-schulbedarf.shop\/wp-content\/uploads\/2023\/06\/AN-36572_1-720x380-1.webp\" \/>\n\t<meta property=\"og:image:width\" content=\"720\" \/>\n\t<meta property=\"og:image:height\" content=\"380\" \/>\n\t<meta property=\"og:image:type\" content=\"image\/webp\" \/>\n<meta name=\"twitter:card\" content=\"summary_large_image\" \/>\n<meta name=\"twitter:label1\" content=\"Gesch\u00e4tzte Lesezeit\" \/>\n\t<meta name=\"twitter:data1\" content=\"1\u00a0Minute\" \/>\n<script type=\"application\/ld+json\" class=\"yoast-schema-graph\">{\"@context\":\"https:\/\/schema.org\",\"@graph\":[{\"@type\":\"WebPage\",\"@id\":\"https:\/\/der-schulbedarf.shop\/produkt-des-monats\/produkt\/leserabe-hoer-rein-lies-los-mias-pferde-abenteuer\/\",\"url\":\"https:\/\/der-schulbedarf.shop\/produkt-des-monats\/produkt\/leserabe-hoer-rein-lies-los-mias-pferde-abenteuer\/\",\"name\":\"Leserabe - H\u00f6r rein, lies los! Mias Pferde-Abenteuer - der-Schulbedarf.shop\",\"isPartOf\":{\"@id\":\"https:\/\/der-schulbedarf.shop\/produkt-des-monats\/#website\"},\"primaryImageOfPage\":{\"@id\":\"https:\/\/der-schulbedarf.shop\/produkt-des-monats\/produkt\/leserabe-hoer-rein-lies-los-mias-pferde-abenteuer\/#primaryimage\"},\"image\":{\"@id\":\"https:\/\/der-schulbedarf.shop\/produkt-des-monats\/produkt\/leserabe-hoer-rein-lies-los-mias-pferde-abenteuer\/#primaryimage\"},\"thumbnailUrl\":\"https:\/\/der-schulbedarf.shop\/wp-content\/uploads\/2023\/06\/AN-36572_1-720x380-1.webp\",\"datePublished\":\"2023-06-07T10:32:38+00:00\",\"dateModified\":\"2024-11-26T13:12:54+00:00\",\"breadcrumb\":{\"@id\":\"https:\/\/der-schulbedarf.shop\/produkt-des-monats\/produkt\/leserabe-hoer-rein-lies-los-mias-pferde-abenteuer\/#breadcrumb\"},\"inLanguage\":\"de\",\"potentialAction\":[{\"@type\":\"ReadAction\",\"target\":[\"https:\/\/der-schulbedarf.shop\/produkt-des-monats\/produkt\/leserabe-hoer-rein-lies-los-mias-pferde-abenteuer\/\"]}]},{\"@type\":\"ImageObject\",\"inLanguage\":\"de\",\"@id\":\"https:\/\/der-schulbedarf.shop\/produkt-des-monats\/produkt\/leserabe-hoer-rein-lies-los-mias-pferde-abenteuer\/#primaryimage\",\"url\":\"https:\/\/der-schulbedarf.shop\/wp-content\/uploads\/2023\/06\/AN-36572_1-720x380-1.webp\",\"contentUrl\":\"https:\/\/der-schulbedarf.shop\/wp-content\/uploads\/2023\/06\/AN-36572_1-720x380-1.webp\",\"width\":720,\"height\":380},{\"@type\":\"BreadcrumbList\",\"@id\":\"https:\/\/der-schulbedarf.shop\/produkt-des-monats\/produkt\/leserabe-hoer-rein-lies-los-mias-pferde-abenteuer\/#breadcrumb\",\"itemListElement\":[{\"@type\":\"ListItem\",\"position\":1,\"name\":\"Shop\",\"item\":\"https:\/\/der-schulbedarf.shop\/produkt-des-monats\/shop\/\"},{\"@type\":\"ListItem\",\"position\":2,\"name\":\"Leserabe &#8211; H\u00f6r rein, lies los! Mias Pferde-Abenteuer\"}]},{\"@type\":\"WebSite\",\"@id\":\"https:\/\/der-schulbedarf.shop\/produkt-des-monats\/#website\",\"url\":\"https:\/\/der-schulbedarf.shop\/produkt-des-monats\/\",\"name\":\"der-Schulbedarf.shop\",\"description\":\"\",\"publisher\":{\"@id\":\"https:\/\/der-schulbedarf.shop\/produkt-des-monats\/#organization\"},\"potentialAction\":[{\"@type\":\"SearchAction\",\"target\":{\"@type\":\"EntryPoint\",\"urlTemplate\":\"https:\/\/der-schulbedarf.shop\/produkt-des-monats\/?s={search_term_string}\"},\"query-input\":{\"@type\":\"PropertyValueSpecification\",\"valueRequired\":true,\"valueName\":\"search_term_string\"}}],\"inLanguage\":\"de\"},{\"@type\":\"Organization\",\"@id\":\"https:\/\/der-schulbedarf.shop\/produkt-des-monats\/#organization\",\"name\":\"der-Schulbedarf.shop\",\"url\":\"https:\/\/der-schulbedarf.shop\/produkt-des-monats\/\",\"logo\":{\"@type\":\"ImageObject\",\"inLanguage\":\"de\",\"@id\":\"https:\/\/der-schulbedarf.shop\/produkt-des-monats\/#\/schema\/logo\/image\/\",\"url\":\"https:\/\/der-schulbedarf.shop\/wp-content\/uploads\/2024\/02\/grafik-e1709551115899.png\",\"contentUrl\":\"https:\/\/der-schulbedarf.shop\/wp-content\/uploads\/2024\/02\/grafik-e1709551115899.png\",\"width\":80,\"height\":80,\"caption\":\"der-Schulbedarf.shop\"},\"image\":{\"@id\":\"https:\/\/der-schulbedarf.shop\/produkt-des-monats\/#\/schema\/logo\/image\/\"}}]}<\/script>\n<!-- \/ Yoast SEO plugin. -->","yoast_head_json":{"title":"Leserabe - H\u00f6r rein, lies los! Mias Pferde-Abenteuer - der-Schulbedarf.shop","robots":{"index":"index","follow":"follow","max-snippet":"max-snippet:-1","max-image-preview":"max-image-preview:large","max-video-preview":"max-video-preview:-1"},"canonical":"https:\/\/der-schulbedarf.shop\/produkt-des-monats\/produkt\/leserabe-hoer-rein-lies-los-mias-pferde-abenteuer\/","og_locale":"de_DE","og_type":"article","og_title":"Leserabe - H\u00f6r rein, lies los! Mias Pferde-Abenteuer - der-Schulbedarf.shop","og_description":"Mia und ihre Eltern verbringen ihren Urlaub in den Bergen. &#8222;Stinklangweilig!&#8220;, findet Mia. Doch dann trifft sie Kr\u00fcmel und macht mit ihm einen abenteuerlichen Ausritt. H\u00f6ren, lesen, verstehen: Das neue Leseraben-Konzept verbindet H\u00f6rbuch und Erstlesebuch zu einem einzigartigen Leseerlebnis. Mit Audio-CD und Datei zum Download. So wird Lesenlernen zum Kinderspiel! Die kurzen H\u00f6rspiele am Kapitelanfang [&hellip;]","og_url":"https:\/\/der-schulbedarf.shop\/produkt-des-monats\/produkt\/leserabe-hoer-rein-lies-los-mias-pferde-abenteuer\/","og_site_name":"der-Schulbedarf.shop","article_modified_time":"2024-11-26T13:12:54+00:00","og_image":[{"width":720,"height":380,"url":"https:\/\/der-schulbedarf.shop\/wp-content\/uploads\/2023\/06\/AN-36572_1-720x380-1.webp","type":"image\/webp"}],"twitter_card":"summary_large_image","twitter_misc":{"Gesch\u00e4tzte Lesezeit":"1\u00a0Minute"},"schema":{"@context":"https:\/\/schema.org","@graph":[{"@type":"WebPage","@id":"https:\/\/der-schulbedarf.shop\/produkt-des-monats\/produkt\/leserabe-hoer-rein-lies-los-mias-pferde-abenteuer\/","url":"https:\/\/der-schulbedarf.shop\/produkt-des-monats\/produkt\/leserabe-hoer-rein-lies-los-mias-pferde-abenteuer\/","name":"Leserabe - H\u00f6r rein, lies los! Mias Pferde-Abenteuer - der-Schulbedarf.shop","isPartOf":{"@id":"https:\/\/der-schulbedarf.shop\/produkt-des-monats\/#website"},"primaryImageOfPage":{"@id":"https:\/\/der-schulbedarf.shop\/produkt-des-monats\/produkt\/leserabe-hoer-rein-lies-los-mias-pferde-abenteuer\/#primaryimage"},"image":{"@id":"https:\/\/der-schulbedarf.shop\/produkt-des-monats\/produkt\/leserabe-hoer-rein-lies-los-mias-pferde-abenteuer\/#primaryimage"},"thumbnailUrl":"https:\/\/der-schulbedarf.shop\/wp-content\/uploads\/2023\/06\/AN-36572_1-720x380-1.webp","datePublished":"2023-06-07T10:32:38+00:00","dateModified":"2024-11-26T13:12:54+00:00","breadcrumb":{"@id":"https:\/\/der-schulbedarf.shop\/produkt-des-monats\/produkt\/leserabe-hoer-rein-lies-los-mias-pferde-abenteuer\/#breadcrumb"},"inLanguage":"de","potentialAction":[{"@type":"ReadAction","target":["https:\/\/der-schulbedarf.shop\/produkt-des-monats\/produkt\/leserabe-hoer-rein-lies-los-mias-pferde-abenteuer\/"]}]},{"@type":"ImageObject","inLanguage":"de","@id":"https:\/\/der-schulbedarf.shop\/produkt-des-monats\/produkt\/leserabe-hoer-rein-lies-los-mias-pferde-abenteuer\/#primaryimage","url":"https:\/\/der-schulbedarf.shop\/wp-content\/uploads\/2023\/06\/AN-36572_1-720x380-1.webp","contentUrl":"https:\/\/der-schulbedarf.shop\/wp-content\/uploads\/2023\/06\/AN-36572_1-720x380-1.webp","width":720,"height":380},{"@type":"BreadcrumbList","@id":"https:\/\/der-schulbedarf.shop\/produkt-des-monats\/produkt\/leserabe-hoer-rein-lies-los-mias-pferde-abenteuer\/#breadcrumb","itemListElement":[{"@type":"ListItem","position":1,"name":"Shop","item":"https:\/\/der-schulbedarf.shop\/produkt-des-monats\/shop\/"},{"@type":"ListItem","position":2,"name":"Leserabe &#8211; H\u00f6r rein, lies los! Mias Pferde-Abenteuer"}]},{"@type":"WebSite","@id":"https:\/\/der-schulbedarf.shop\/produkt-des-monats\/#website","url":"https:\/\/der-schulbedarf.shop\/produkt-des-monats\/","name":"der-Schulbedarf.shop","description":"","publisher":{"@id":"https:\/\/der-schulbedarf.shop\/produkt-des-monats\/#organization"},"potentialAction":[{"@type":"SearchAction","target":{"@type":"EntryPoint","urlTemplate":"https:\/\/der-schulbedarf.shop\/produkt-des-monats\/?s={search_term_string}"},"query-input":{"@type":"PropertyValueSpecification","valueRequired":true,"valueName":"search_term_string"}}],"inLanguage":"de"},{"@type":"Organization","@id":"https:\/\/der-schulbedarf.shop\/produkt-des-monats\/#organization","name":"der-Schulbedarf.shop","url":"https:\/\/der-schulbedarf.shop\/produkt-des-monats\/","logo":{"@type":"ImageObject","inLanguage":"de","@id":"https:\/\/der-schulbedarf.shop\/produkt-des-monats\/#\/schema\/logo\/image\/","url":"https:\/\/der-schulbedarf.shop\/wp-content\/uploads\/2024\/02\/grafik-e1709551115899.png","contentUrl":"https:\/\/der-schulbedarf.shop\/wp-content\/uploads\/2024\/02\/grafik-e1709551115899.png","width":80,"height":80,"caption":"der-Schulbedarf.shop"},"image":{"@id":"https:\/\/der-schulbedarf.shop\/produkt-des-monats\/#\/schema\/logo\/image\/"}}]}},"_links":{"self":[{"href":"https:\/\/der-schulbedarf.shop\/produkt-des-monats\/wp-json\/wp\/v2\/product\/788","targetHints":{"allow":["GET"]}}],"collection":[{"href":"https:\/\/der-schulbedarf.shop\/produkt-des-monats\/wp-json\/wp\/v2\/product"}],"about":[{"href":"https:\/\/der-schulbedarf.shop\/produkt-des-monats\/wp-json\/wp\/v2\/types\/product"}],"replies":[{"embeddable":true,"href":"https:\/\/der-schulbedarf.shop\/produkt-des-monats\/wp-json\/wp\/v2\/comments?post=788"}],"wp:featuredmedia":[{"embeddable":true,"href":"https:\/\/der-schulbedarf.shop\/produkt-des-monats\/wp-json\/wp\/v2\/media\/2665"}],"wp:attachment":[{"href":"https:\/\/der-schulbedarf.shop\/produkt-des-monats\/wp-json\/wp\/v2\/media?parent=788"}],"wp:term":[{"taxonomy":"product_cat","embeddable":true,"href":"https:\/\/der-schulbedarf.shop\/produkt-des-monats\/wp-json\/wp\/v2\/product_cat?post=788"},{"taxonomy":"product_tag","embeddable":true,"href":"https:\/\/der-schulbedarf.shop\/produkt-des-monats\/wp-json\/wp\/v2\/product_tag?post=788"}],"curies":[{"name":"wp","href":"https:\/\/api.w.org\/{rel}","templated":true}]}}