{"id":790,"date":"2023-06-07T10:39:35","date_gmt":"2023-06-07T10:39:35","guid":{"rendered":"https:\/\/der-schulbedarf.Shop\/?post_type=product&#038;p=790"},"modified":"2024-11-26T13:08:54","modified_gmt":"2024-11-26T13:08:54","slug":"leserabe-sonderausgaben-die-schoensten-leseraben-fussballgeschichten","status":"publish","type":"product","link":"https:\/\/der-schulbedarf.shop\/produkt-des-monats\/produkt\/leserabe-sonderausgaben-die-schoensten-leseraben-fussballgeschichten\/","title":{"rendered":"Leserabe &#8211; Sonderausgaben: Die sch\u00f6nsten Leseraben-Fu\u00dfballgeschichten"},"content":{"rendered":"<p>Leserabe &#8211; Sonderausgaben: Die sch\u00f6nsten Leseraben-Fu\u00dfballgeschichten<\/p>\n<p>Felix ist schon ein Fu\u00dfballprofi und Johanna die beste Torh\u00fcterin. David schie\u00dft auch mal daneben. Trotzdem hat er Spa\u00df! Jakob und seine Mannschaft freuen sich wie verr\u00fcckt: Die Zebrakicker kommen ins Finale! Doch als ihr Trainer ausf\u00e4llt, gibt es auf einmal nur noch Streit. Zum Gl\u00fcck hat Jakob eine z\u00fcndende Idee.<\/p>\n<p>Lesen lernen wie im Flug! Die Kinderb\u00fccher der Reihe Leserabe \u2013 2. Lesestufe wurden mit P\u00e4dagogen entwickelt und richten sich an fortgeschrittene Erstleser ab der 2. Klasse. Spannende Geschichten in Fibelschrift wecken die Lesemotivation von M\u00e4dchen und Jungen ab 7 Jahren. Durch Verst\u00e4ndnisfragen zum Text wird das Gelesene spielerisch \u00fcberpr\u00fcft.<\/p>\n<p>Empfohlen von Stiftung Lesen, gelistet bei Antolin. Weitere Informationen auf leserabe.de.<\/p>\n<p>William, der Neue im Verein, erweist sich trotz anf\u00e4nglicher Verst\u00e4ndigungsproblemen als gro\u00dfer Ballk\u00fcnstler. Die doofe Frau Keller hingegen entpuppt sie sich als echter Profi. Kein Wunder, schlie\u00dflich handelt es sich bei ihr um die ehemalige Trainerin der Damen-Nationalmannschaft! Felix kann sich nicht entscheiden, ob er lieber Torwart oder St\u00fcrmer sein will \u2013 auf beiden Positionen spielt er sehr gut. Doch als der Trainer ihn bei einem wichtigen Spiel ins Tor verdonnert, wird ihm ganz schnell klar: Es gibt nichts Sch\u00f6neres f\u00fcr einen Fu\u00dfballer, als Tore zu schie\u00dfen. Und das macht er dann auch, indem er sich kurzerhand selbst als Spieler einwechselt. David hat zwei linke F\u00fc\u00dfe, trotzdem spielt er gerne Fu\u00dfball. Weil ihn aber die Jungs aus dem Verein nicht mitspielen lassen wollen, gr\u00fcndet er die Spa\u00dfkicker. Jeder darf mitmachen. In der bunt gemischten Truppe macht Fu\u00dfball noch mehr Spa\u00df! Von wegen M\u00e4dchen k\u00f6nnen nicht Fu\u00dfball spielen! Johanna zeigt Alexander was eine echte Torfrau ausmacht. Und statt auf Johanna verzichtet das Team am Ende lieber auf Alexander.<\/p>\n<p>&nbsp;<\/p>\n<p>&nbsp;<\/p>\n","protected":false},"excerpt":{"rendered":"<p>Leserabe &#8211; Sonderausgaben: Die sch\u00f6nsten Leseraben-Fu\u00dfballgeschichten Felix ist schon ein Fu\u00dfballprofi und Johanna die beste Torh\u00fcterin. David schie\u00dft auch mal daneben. Trotzdem hat er Spa\u00df! Jakob und seine Mannschaft freuen sich wie verr\u00fcckt: Die Zebrakicker kommen ins Finale! Doch als ihr Trainer ausf\u00e4llt, gibt es auf einmal nur noch Streit. Zum Gl\u00fcck hat Jakob eine [&hellip;]<\/p>\n","protected":false},"featured_media":2657,"comment_status":"open","ping_status":"closed","template":"","meta":[],"product_cat":[900,224,915,944,37,225],"product_tag":[192,111,200,201,320,196,197,195,324,115,223,114,206,113,210,112,207,323,198,181,202,179,194,189,267,193,180,325,321,322,177,178],"class_list":{"0":"post-790","1":"product","2":"type-product","3":"status-publish","4":"has-post-thumbnail","6":"product_cat-2-klasse","7":"product_cat-kinderbuecher","8":"product_cat-produkt-feeds","9":"product_cat-produktzufuehrung-geizhal","10":"product_cat-ravensburger","11":"product_cat-ravensburger-kinderbuecher","12":"product_tag-antolin","13":"product_tag-beschaeftigung","14":"product_tag-buch","15":"product_tag-buecher","16":"product_tag-em","17":"product_tag-erstlesebuch","18":"product_tag-erstlesebuecher","19":"product_tag-erstleser","20":"product_tag-finale","21":"product_tag-fuer-jungen","22":"product_tag-fuer-kinder-ab-7-jahre","23":"product_tag-fuer-maedchen","24":"product_tag-fussball","25":"product_tag-geschenk","26":"product_tag-geschenk-kinder","27":"product_tag-geschenkidee","28":"product_tag-junge","29":"product_tag-kicken","30":"product_tag-kinderbuch","31":"product_tag-kinderbuecher","32":"product_tag-lesen","33":"product_tag-lesen-lernen","34":"product_tag-leserabe","35":"product_tag-maedchen","36":"product_tag-mannschaft","37":"product_tag-ravensburger","38":"product_tag-ravensburger-erstes-lernen","39":"product_tag-sportfest","40":"product_tag-tor","41":"product_tag-turnier","42":"product_tag-zuhause-lernen","43":"product_tag-zuhause-unterrichten","44":"post","45":"post-with-thumbnail","46":"post-with-thumbnail-large","48":"first","49":"instock","50":"taxable","51":"shipping-taxable","52":"purchasable","53":"product-type-simple"},"yoast_head":"<!-- This site is optimized with the Yoast SEO plugin v26.6 - https:\/\/yoast.com\/wordpress\/plugins\/seo\/ -->\n<title>Leserabe - Die sch\u00f6nsten Leseraben-Fu\u00dfballgeschichten.<\/title>\n<meta name=\"description\" content=\"Leserabe - Die sch\u00f6nsten Leseraben-Fu\u00dfballgeschichten. Lustige Fu\u00dfballgeschichten rund um Felix, Johanna und die Zebrakicker. F\u00fcr KInder ab 7 Jahren.\" \/>\n<meta name=\"robots\" content=\"index, follow, max-snippet:-1, max-image-preview:large, max-video-preview:-1\" \/>\n<link rel=\"canonical\" href=\"https:\/\/der-schulbedarf.shop\/produkt-des-monats\/produkt\/leserabe-sonderausgaben-die-schoensten-leseraben-fussballgeschichten\/\" \/>\n<meta property=\"og:locale\" content=\"de_DE\" \/>\n<meta property=\"og:type\" content=\"article\" \/>\n<meta property=\"og:title\" content=\"Leserabe - Die sch\u00f6nsten Leseraben-Fu\u00dfballgeschichten.\" \/>\n<meta property=\"og:description\" content=\"Leserabe - Die sch\u00f6nsten Leseraben-Fu\u00dfballgeschichten. Lustige Fu\u00dfballgeschichten rund um Felix, Johanna und die Zebrakicker. F\u00fcr KInder ab 7 Jahren.\" \/>\n<meta property=\"og:url\" content=\"https:\/\/der-schulbedarf.shop\/produkt-des-monats\/produkt\/leserabe-sonderausgaben-die-schoensten-leseraben-fussballgeschichten\/\" \/>\n<meta property=\"og:site_name\" content=\"der-Schulbedarf.shop\" \/>\n<meta property=\"article:modified_time\" content=\"2024-11-26T13:08:54+00:00\" \/>\n<meta property=\"og:image\" content=\"https:\/\/der-schulbedarf.shop\/wp-content\/uploads\/2023\/06\/AN_36135_1-720x380-1.webp\" \/>\n\t<meta property=\"og:image:width\" content=\"720\" \/>\n\t<meta property=\"og:image:height\" content=\"380\" \/>\n\t<meta property=\"og:image:type\" content=\"image\/webp\" \/>\n<meta name=\"twitter:card\" content=\"summary_large_image\" \/>\n<meta name=\"twitter:label1\" content=\"Gesch\u00e4tzte Lesezeit\" \/>\n\t<meta name=\"twitter:data1\" content=\"2\u00a0Minuten\" \/>\n<script type=\"application\/ld+json\" class=\"yoast-schema-graph\">{\"@context\":\"https:\/\/schema.org\",\"@graph\":[{\"@type\":\"WebPage\",\"@id\":\"https:\/\/der-schulbedarf.shop\/produkt-des-monats\/produkt\/leserabe-sonderausgaben-die-schoensten-leseraben-fussballgeschichten\/\",\"url\":\"https:\/\/der-schulbedarf.shop\/produkt-des-monats\/produkt\/leserabe-sonderausgaben-die-schoensten-leseraben-fussballgeschichten\/\",\"name\":\"Leserabe - Die sch\u00f6nsten Leseraben-Fu\u00dfballgeschichten.\",\"isPartOf\":{\"@id\":\"https:\/\/der-schulbedarf.shop\/produkt-des-monats\/#website\"},\"primaryImageOfPage\":{\"@id\":\"https:\/\/der-schulbedarf.shop\/produkt-des-monats\/produkt\/leserabe-sonderausgaben-die-schoensten-leseraben-fussballgeschichten\/#primaryimage\"},\"image\":{\"@id\":\"https:\/\/der-schulbedarf.shop\/produkt-des-monats\/produkt\/leserabe-sonderausgaben-die-schoensten-leseraben-fussballgeschichten\/#primaryimage\"},\"thumbnailUrl\":\"https:\/\/der-schulbedarf.shop\/wp-content\/uploads\/2023\/06\/AN_36135_1-720x380-1.webp\",\"datePublished\":\"2023-06-07T10:39:35+00:00\",\"dateModified\":\"2024-11-26T13:08:54+00:00\",\"description\":\"Leserabe - Die sch\u00f6nsten Leseraben-Fu\u00dfballgeschichten. Lustige Fu\u00dfballgeschichten rund um Felix, Johanna und die Zebrakicker. F\u00fcr KInder ab 7 Jahren.\",\"breadcrumb\":{\"@id\":\"https:\/\/der-schulbedarf.shop\/produkt-des-monats\/produkt\/leserabe-sonderausgaben-die-schoensten-leseraben-fussballgeschichten\/#breadcrumb\"},\"inLanguage\":\"de\",\"potentialAction\":[{\"@type\":\"ReadAction\",\"target\":[\"https:\/\/der-schulbedarf.shop\/produkt-des-monats\/produkt\/leserabe-sonderausgaben-die-schoensten-leseraben-fussballgeschichten\/\"]}]},{\"@type\":\"ImageObject\",\"inLanguage\":\"de\",\"@id\":\"https:\/\/der-schulbedarf.shop\/produkt-des-monats\/produkt\/leserabe-sonderausgaben-die-schoensten-leseraben-fussballgeschichten\/#primaryimage\",\"url\":\"https:\/\/der-schulbedarf.shop\/wp-content\/uploads\/2023\/06\/AN_36135_1-720x380-1.webp\",\"contentUrl\":\"https:\/\/der-schulbedarf.shop\/wp-content\/uploads\/2023\/06\/AN_36135_1-720x380-1.webp\",\"width\":720,\"height\":380},{\"@type\":\"BreadcrumbList\",\"@id\":\"https:\/\/der-schulbedarf.shop\/produkt-des-monats\/produkt\/leserabe-sonderausgaben-die-schoensten-leseraben-fussballgeschichten\/#breadcrumb\",\"itemListElement\":[{\"@type\":\"ListItem\",\"position\":1,\"name\":\"Shop\",\"item\":\"https:\/\/der-schulbedarf.shop\/produkt-des-monats\/shop\/\"},{\"@type\":\"ListItem\",\"position\":2,\"name\":\"Leserabe &#8211; Sonderausgaben: Die sch\u00f6nsten Leseraben-Fu\u00dfballgeschichten\"}]},{\"@type\":\"WebSite\",\"@id\":\"https:\/\/der-schulbedarf.shop\/produkt-des-monats\/#website\",\"url\":\"https:\/\/der-schulbedarf.shop\/produkt-des-monats\/\",\"name\":\"der-Schulbedarf.shop\",\"description\":\"\",\"publisher\":{\"@id\":\"https:\/\/der-schulbedarf.shop\/produkt-des-monats\/#organization\"},\"potentialAction\":[{\"@type\":\"SearchAction\",\"target\":{\"@type\":\"EntryPoint\",\"urlTemplate\":\"https:\/\/der-schulbedarf.shop\/produkt-des-monats\/?s={search_term_string}\"},\"query-input\":{\"@type\":\"PropertyValueSpecification\",\"valueRequired\":true,\"valueName\":\"search_term_string\"}}],\"inLanguage\":\"de\"},{\"@type\":\"Organization\",\"@id\":\"https:\/\/der-schulbedarf.shop\/produkt-des-monats\/#organization\",\"name\":\"der-Schulbedarf.shop\",\"url\":\"https:\/\/der-schulbedarf.shop\/produkt-des-monats\/\",\"logo\":{\"@type\":\"ImageObject\",\"inLanguage\":\"de\",\"@id\":\"https:\/\/der-schulbedarf.shop\/produkt-des-monats\/#\/schema\/logo\/image\/\",\"url\":\"https:\/\/der-schulbedarf.shop\/wp-content\/uploads\/2024\/02\/grafik-e1709551115899.png\",\"contentUrl\":\"https:\/\/der-schulbedarf.shop\/wp-content\/uploads\/2024\/02\/grafik-e1709551115899.png\",\"width\":80,\"height\":80,\"caption\":\"der-Schulbedarf.shop\"},\"image\":{\"@id\":\"https:\/\/der-schulbedarf.shop\/produkt-des-monats\/#\/schema\/logo\/image\/\"}}]}<\/script>\n<!-- \/ Yoast SEO plugin. -->","yoast_head_json":{"title":"Leserabe - Die sch\u00f6nsten Leseraben-Fu\u00dfballgeschichten.","description":"Leserabe - Die sch\u00f6nsten Leseraben-Fu\u00dfballgeschichten. Lustige Fu\u00dfballgeschichten rund um Felix, Johanna und die Zebrakicker. F\u00fcr KInder ab 7 Jahren.","robots":{"index":"index","follow":"follow","max-snippet":"max-snippet:-1","max-image-preview":"max-image-preview:large","max-video-preview":"max-video-preview:-1"},"canonical":"https:\/\/der-schulbedarf.shop\/produkt-des-monats\/produkt\/leserabe-sonderausgaben-die-schoensten-leseraben-fussballgeschichten\/","og_locale":"de_DE","og_type":"article","og_title":"Leserabe - Die sch\u00f6nsten Leseraben-Fu\u00dfballgeschichten.","og_description":"Leserabe - Die sch\u00f6nsten Leseraben-Fu\u00dfballgeschichten. Lustige Fu\u00dfballgeschichten rund um Felix, Johanna und die Zebrakicker. F\u00fcr KInder ab 7 Jahren.","og_url":"https:\/\/der-schulbedarf.shop\/produkt-des-monats\/produkt\/leserabe-sonderausgaben-die-schoensten-leseraben-fussballgeschichten\/","og_site_name":"der-Schulbedarf.shop","article_modified_time":"2024-11-26T13:08:54+00:00","og_image":[{"width":720,"height":380,"url":"https:\/\/der-schulbedarf.shop\/wp-content\/uploads\/2023\/06\/AN_36135_1-720x380-1.webp","type":"image\/webp"}],"twitter_card":"summary_large_image","twitter_misc":{"Gesch\u00e4tzte Lesezeit":"2\u00a0Minuten"},"schema":{"@context":"https:\/\/schema.org","@graph":[{"@type":"WebPage","@id":"https:\/\/der-schulbedarf.shop\/produkt-des-monats\/produkt\/leserabe-sonderausgaben-die-schoensten-leseraben-fussballgeschichten\/","url":"https:\/\/der-schulbedarf.shop\/produkt-des-monats\/produkt\/leserabe-sonderausgaben-die-schoensten-leseraben-fussballgeschichten\/","name":"Leserabe - Die sch\u00f6nsten Leseraben-Fu\u00dfballgeschichten.","isPartOf":{"@id":"https:\/\/der-schulbedarf.shop\/produkt-des-monats\/#website"},"primaryImageOfPage":{"@id":"https:\/\/der-schulbedarf.shop\/produkt-des-monats\/produkt\/leserabe-sonderausgaben-die-schoensten-leseraben-fussballgeschichten\/#primaryimage"},"image":{"@id":"https:\/\/der-schulbedarf.shop\/produkt-des-monats\/produkt\/leserabe-sonderausgaben-die-schoensten-leseraben-fussballgeschichten\/#primaryimage"},"thumbnailUrl":"https:\/\/der-schulbedarf.shop\/wp-content\/uploads\/2023\/06\/AN_36135_1-720x380-1.webp","datePublished":"2023-06-07T10:39:35+00:00","dateModified":"2024-11-26T13:08:54+00:00","description":"Leserabe - Die sch\u00f6nsten Leseraben-Fu\u00dfballgeschichten. Lustige Fu\u00dfballgeschichten rund um Felix, Johanna und die Zebrakicker. F\u00fcr KInder ab 7 Jahren.","breadcrumb":{"@id":"https:\/\/der-schulbedarf.shop\/produkt-des-monats\/produkt\/leserabe-sonderausgaben-die-schoensten-leseraben-fussballgeschichten\/#breadcrumb"},"inLanguage":"de","potentialAction":[{"@type":"ReadAction","target":["https:\/\/der-schulbedarf.shop\/produkt-des-monats\/produkt\/leserabe-sonderausgaben-die-schoensten-leseraben-fussballgeschichten\/"]}]},{"@type":"ImageObject","inLanguage":"de","@id":"https:\/\/der-schulbedarf.shop\/produkt-des-monats\/produkt\/leserabe-sonderausgaben-die-schoensten-leseraben-fussballgeschichten\/#primaryimage","url":"https:\/\/der-schulbedarf.shop\/wp-content\/uploads\/2023\/06\/AN_36135_1-720x380-1.webp","contentUrl":"https:\/\/der-schulbedarf.shop\/wp-content\/uploads\/2023\/06\/AN_36135_1-720x380-1.webp","width":720,"height":380},{"@type":"BreadcrumbList","@id":"https:\/\/der-schulbedarf.shop\/produkt-des-monats\/produkt\/leserabe-sonderausgaben-die-schoensten-leseraben-fussballgeschichten\/#breadcrumb","itemListElement":[{"@type":"ListItem","position":1,"name":"Shop","item":"https:\/\/der-schulbedarf.shop\/produkt-des-monats\/shop\/"},{"@type":"ListItem","position":2,"name":"Leserabe &#8211; Sonderausgaben: Die sch\u00f6nsten Leseraben-Fu\u00dfballgeschichten"}]},{"@type":"WebSite","@id":"https:\/\/der-schulbedarf.shop\/produkt-des-monats\/#website","url":"https:\/\/der-schulbedarf.shop\/produkt-des-monats\/","name":"der-Schulbedarf.shop","description":"","publisher":{"@id":"https:\/\/der-schulbedarf.shop\/produkt-des-monats\/#organization"},"potentialAction":[{"@type":"SearchAction","target":{"@type":"EntryPoint","urlTemplate":"https:\/\/der-schulbedarf.shop\/produkt-des-monats\/?s={search_term_string}"},"query-input":{"@type":"PropertyValueSpecification","valueRequired":true,"valueName":"search_term_string"}}],"inLanguage":"de"},{"@type":"Organization","@id":"https:\/\/der-schulbedarf.shop\/produkt-des-monats\/#organization","name":"der-Schulbedarf.shop","url":"https:\/\/der-schulbedarf.shop\/produkt-des-monats\/","logo":{"@type":"ImageObject","inLanguage":"de","@id":"https:\/\/der-schulbedarf.shop\/produkt-des-monats\/#\/schema\/logo\/image\/","url":"https:\/\/der-schulbedarf.shop\/wp-content\/uploads\/2024\/02\/grafik-e1709551115899.png","contentUrl":"https:\/\/der-schulbedarf.shop\/wp-content\/uploads\/2024\/02\/grafik-e1709551115899.png","width":80,"height":80,"caption":"der-Schulbedarf.shop"},"image":{"@id":"https:\/\/der-schulbedarf.shop\/produkt-des-monats\/#\/schema\/logo\/image\/"}}]}},"_links":{"self":[{"href":"https:\/\/der-schulbedarf.shop\/produkt-des-monats\/wp-json\/wp\/v2\/product\/790","targetHints":{"allow":["GET"]}}],"collection":[{"href":"https:\/\/der-schulbedarf.shop\/produkt-des-monats\/wp-json\/wp\/v2\/product"}],"about":[{"href":"https:\/\/der-schulbedarf.shop\/produkt-des-monats\/wp-json\/wp\/v2\/types\/product"}],"replies":[{"embeddable":true,"href":"https:\/\/der-schulbedarf.shop\/produkt-des-monats\/wp-json\/wp\/v2\/comments?post=790"}],"wp:featuredmedia":[{"embeddable":true,"href":"https:\/\/der-schulbedarf.shop\/produkt-des-monats\/wp-json\/wp\/v2\/media\/2657"}],"wp:attachment":[{"href":"https:\/\/der-schulbedarf.shop\/produkt-des-monats\/wp-json\/wp\/v2\/media?parent=790"}],"wp:term":[{"taxonomy":"product_cat","embeddable":true,"href":"https:\/\/der-schulbedarf.shop\/produkt-des-monats\/wp-json\/wp\/v2\/product_cat?post=790"},{"taxonomy":"product_tag","embeddable":true,"href":"https:\/\/der-schulbedarf.shop\/produkt-des-monats\/wp-json\/wp\/v2\/product_tag?post=790"}],"curies":[{"name":"wp","href":"https:\/\/api.w.org\/{rel}","templated":true}]}}