{"id":795,"date":"2023-06-07T10:37:40","date_gmt":"2023-06-07T10:37:40","guid":{"rendered":"https:\/\/der-schulbedarf.Shop\/?post_type=product&#038;p=795"},"modified":"2024-11-26T13:10:27","modified_gmt":"2024-11-26T13:10:27","slug":"leserabe-hoer-rein-lies-los-yuki-der-kleine-ninja","status":"publish","type":"product","link":"https:\/\/der-schulbedarf.shop\/produkt-des-monats\/produkt\/leserabe-hoer-rein-lies-los-yuki-der-kleine-ninja\/","title":{"rendered":"Leserabe &#8211; H\u00f6r rein, lies los! Yuki, der kleine Ninja"},"content":{"rendered":"<p>Yuki ist ein Junge mit magischen Kr\u00e4ften. Nach einer Ausbildung zum Ninja wartet der erste gef\u00e4hrliche Auftrag auf Yuki: Er soll einen Feuerdrachen aus einem Kloster vertreiben!<br \/>\nH\u00f6ren, lesen, verstehen: Das neue Leseraben-Konzept verbindet H\u00f6rbuch und Erstlesebuch zu einem einzigartigen Leseerlebnis. Mit Audio-CD und Datei zum Download.<\/p>\n<p>So wird Lesenlernen zum Kinderspiel! Die kurzen H\u00f6rspiele am Kapitelanfang f\u00fchren in die Geschichte ein. Durch das Geh\u00f6rte f\u00e4llt das Lesen leichter und die Lesemotivation von M\u00e4dchen und Jungen wird gef\u00f6rdert. Die lustigen Audio-R\u00e4tsel vertiefen das Gelesene. Die Leser sind hautnah bei einem spannenden Pferde-Abenteuer dabei. Mit Audio-CD. Ab 6 Jahren.<\/p>\n","protected":false},"excerpt":{"rendered":"<p>Yuki ist ein Junge mit magischen Kr\u00e4ften. Nach einer Ausbildung zum Ninja wartet der erste gef\u00e4hrliche Auftrag auf Yuki: Er soll einen Feuerdrachen aus einem Kloster vertreiben! H\u00f6ren, lesen, verstehen: Das neue Leseraben-Konzept verbindet H\u00f6rbuch und Erstlesebuch zu einem einzigartigen Leseerlebnis. Mit Audio-CD und Datei zum Download. So wird Lesenlernen zum Kinderspiel! Die kurzen H\u00f6rspiele [&hellip;]<\/p>\n","protected":false},"featured_media":2661,"comment_status":"open","ping_status":"closed","template":"","meta":[],"product_cat":[224,915,944,225],"product_tag":[268,318,192,111,200,201,247,196,197,195,190,115,199,114,113,112,314,312,317,207,319,198,181,185,202,179,315,313,316,193,180,177,178],"class_list":{"0":"post-795","1":"product","2":"type-product","3":"status-publish","4":"has-post-thumbnail","6":"product_cat-kinderbuecher","7":"product_cat-produkt-feeds","8":"product_cat-produktzufuehrung-geizhal","9":"product_cat-ravensburger-kinderbuecher","10":"product_tag-abenteuer","11":"product_tag-action","12":"product_tag-antolin","13":"product_tag-beschaeftigung","14":"product_tag-buch","15":"product_tag-buecher","16":"product_tag-drache","17":"product_tag-erstlesebuch","18":"product_tag-erstlesebuecher","19":"product_tag-erstleser","20":"product_tag-freundschaft","21":"product_tag-fuer-jungen","22":"product_tag-fuer-kinder-ab-6-jahre","23":"product_tag-fuer-maedchen","24":"product_tag-geschenk","25":"product_tag-geschenkidee","26":"product_tag-hoer-rein","27":"product_tag-hoerbuch","28":"product_tag-japan","29":"product_tag-junge","30":"product_tag-kaempfen","31":"product_tag-kinderbuch","32":"product_tag-kinderbuecher","33":"product_tag-leseanfaenger","34":"product_tag-lesen","35":"product_tag-lesen-lernen","36":"product_tag-lies-los","37":"product_tag-mit-cd","38":"product_tag-ninja","39":"product_tag-ravensburger","40":"product_tag-ravensburger-erstes-lernen","41":"product_tag-zuhause-lernen","42":"product_tag-zuhause-unterrichten","43":"post","44":"post-with-thumbnail","45":"post-with-thumbnail-large","47":"first","48":"instock","49":"taxable","50":"shipping-taxable","51":"purchasable","52":"product-type-simple"},"yoast_head":"<!-- This site is optimized with the Yoast SEO plugin v26.6 - https:\/\/yoast.com\/wordpress\/plugins\/seo\/ -->\n<title>Leserabe - H\u00f6r rein, lies los! Yuki, der kleine Ninja - der-Schulbedarf.shop<\/title>\n<meta name=\"robots\" content=\"index, follow, max-snippet:-1, max-image-preview:large, max-video-preview:-1\" \/>\n<link rel=\"canonical\" href=\"https:\/\/der-schulbedarf.shop\/produkt-des-monats\/produkt\/leserabe-hoer-rein-lies-los-yuki-der-kleine-ninja\/\" \/>\n<meta property=\"og:locale\" content=\"de_DE\" \/>\n<meta property=\"og:type\" content=\"article\" \/>\n<meta property=\"og:title\" content=\"Leserabe - H\u00f6r rein, lies los! Yuki, der kleine Ninja - der-Schulbedarf.shop\" \/>\n<meta property=\"og:description\" content=\"Yuki ist ein Junge mit magischen Kr\u00e4ften. Nach einer Ausbildung zum Ninja wartet der erste gef\u00e4hrliche Auftrag auf Yuki: Er soll einen Feuerdrachen aus einem Kloster vertreiben! H\u00f6ren, lesen, verstehen: Das neue Leseraben-Konzept verbindet H\u00f6rbuch und Erstlesebuch zu einem einzigartigen Leseerlebnis. Mit Audio-CD und Datei zum Download. So wird Lesenlernen zum Kinderspiel! Die kurzen H\u00f6rspiele [&hellip;]\" \/>\n<meta property=\"og:url\" content=\"https:\/\/der-schulbedarf.shop\/produkt-des-monats\/produkt\/leserabe-hoer-rein-lies-los-yuki-der-kleine-ninja\/\" \/>\n<meta property=\"og:site_name\" content=\"der-Schulbedarf.shop\" \/>\n<meta property=\"article:modified_time\" content=\"2024-11-26T13:10:27+00:00\" \/>\n<meta property=\"og:image\" content=\"https:\/\/der-schulbedarf.shop\/wp-content\/uploads\/2023\/06\/AN-36573_1-720x380-1.webp\" \/>\n\t<meta property=\"og:image:width\" content=\"720\" \/>\n\t<meta property=\"og:image:height\" content=\"380\" \/>\n\t<meta property=\"og:image:type\" content=\"image\/webp\" \/>\n<meta name=\"twitter:card\" content=\"summary_large_image\" \/>\n<meta name=\"twitter:label1\" content=\"Gesch\u00e4tzte Lesezeit\" \/>\n\t<meta name=\"twitter:data1\" content=\"1\u00a0Minute\" \/>\n<script type=\"application\/ld+json\" class=\"yoast-schema-graph\">{\"@context\":\"https:\/\/schema.org\",\"@graph\":[{\"@type\":\"WebPage\",\"@id\":\"https:\/\/der-schulbedarf.shop\/produkt-des-monats\/produkt\/leserabe-hoer-rein-lies-los-yuki-der-kleine-ninja\/\",\"url\":\"https:\/\/der-schulbedarf.shop\/produkt-des-monats\/produkt\/leserabe-hoer-rein-lies-los-yuki-der-kleine-ninja\/\",\"name\":\"Leserabe - H\u00f6r rein, lies los! Yuki, der kleine Ninja - der-Schulbedarf.shop\",\"isPartOf\":{\"@id\":\"https:\/\/der-schulbedarf.shop\/produkt-des-monats\/#website\"},\"primaryImageOfPage\":{\"@id\":\"https:\/\/der-schulbedarf.shop\/produkt-des-monats\/produkt\/leserabe-hoer-rein-lies-los-yuki-der-kleine-ninja\/#primaryimage\"},\"image\":{\"@id\":\"https:\/\/der-schulbedarf.shop\/produkt-des-monats\/produkt\/leserabe-hoer-rein-lies-los-yuki-der-kleine-ninja\/#primaryimage\"},\"thumbnailUrl\":\"https:\/\/der-schulbedarf.shop\/wp-content\/uploads\/2023\/06\/AN-36573_1-720x380-1.webp\",\"datePublished\":\"2023-06-07T10:37:40+00:00\",\"dateModified\":\"2024-11-26T13:10:27+00:00\",\"breadcrumb\":{\"@id\":\"https:\/\/der-schulbedarf.shop\/produkt-des-monats\/produkt\/leserabe-hoer-rein-lies-los-yuki-der-kleine-ninja\/#breadcrumb\"},\"inLanguage\":\"de\",\"potentialAction\":[{\"@type\":\"ReadAction\",\"target\":[\"https:\/\/der-schulbedarf.shop\/produkt-des-monats\/produkt\/leserabe-hoer-rein-lies-los-yuki-der-kleine-ninja\/\"]}]},{\"@type\":\"ImageObject\",\"inLanguage\":\"de\",\"@id\":\"https:\/\/der-schulbedarf.shop\/produkt-des-monats\/produkt\/leserabe-hoer-rein-lies-los-yuki-der-kleine-ninja\/#primaryimage\",\"url\":\"https:\/\/der-schulbedarf.shop\/wp-content\/uploads\/2023\/06\/AN-36573_1-720x380-1.webp\",\"contentUrl\":\"https:\/\/der-schulbedarf.shop\/wp-content\/uploads\/2023\/06\/AN-36573_1-720x380-1.webp\",\"width\":720,\"height\":380},{\"@type\":\"BreadcrumbList\",\"@id\":\"https:\/\/der-schulbedarf.shop\/produkt-des-monats\/produkt\/leserabe-hoer-rein-lies-los-yuki-der-kleine-ninja\/#breadcrumb\",\"itemListElement\":[{\"@type\":\"ListItem\",\"position\":1,\"name\":\"Shop\",\"item\":\"https:\/\/der-schulbedarf.shop\/produkt-des-monats\/shop\/\"},{\"@type\":\"ListItem\",\"position\":2,\"name\":\"Leserabe &#8211; H\u00f6r rein, lies los! Yuki, der kleine Ninja\"}]},{\"@type\":\"WebSite\",\"@id\":\"https:\/\/der-schulbedarf.shop\/produkt-des-monats\/#website\",\"url\":\"https:\/\/der-schulbedarf.shop\/produkt-des-monats\/\",\"name\":\"der-Schulbedarf.shop\",\"description\":\"\",\"publisher\":{\"@id\":\"https:\/\/der-schulbedarf.shop\/produkt-des-monats\/#organization\"},\"potentialAction\":[{\"@type\":\"SearchAction\",\"target\":{\"@type\":\"EntryPoint\",\"urlTemplate\":\"https:\/\/der-schulbedarf.shop\/produkt-des-monats\/?s={search_term_string}\"},\"query-input\":{\"@type\":\"PropertyValueSpecification\",\"valueRequired\":true,\"valueName\":\"search_term_string\"}}],\"inLanguage\":\"de\"},{\"@type\":\"Organization\",\"@id\":\"https:\/\/der-schulbedarf.shop\/produkt-des-monats\/#organization\",\"name\":\"der-Schulbedarf.shop\",\"url\":\"https:\/\/der-schulbedarf.shop\/produkt-des-monats\/\",\"logo\":{\"@type\":\"ImageObject\",\"inLanguage\":\"de\",\"@id\":\"https:\/\/der-schulbedarf.shop\/produkt-des-monats\/#\/schema\/logo\/image\/\",\"url\":\"https:\/\/der-schulbedarf.shop\/wp-content\/uploads\/2024\/02\/grafik-e1709551115899.png\",\"contentUrl\":\"https:\/\/der-schulbedarf.shop\/wp-content\/uploads\/2024\/02\/grafik-e1709551115899.png\",\"width\":80,\"height\":80,\"caption\":\"der-Schulbedarf.shop\"},\"image\":{\"@id\":\"https:\/\/der-schulbedarf.shop\/produkt-des-monats\/#\/schema\/logo\/image\/\"}}]}<\/script>\n<!-- \/ Yoast SEO plugin. -->","yoast_head_json":{"title":"Leserabe - H\u00f6r rein, lies los! Yuki, der kleine Ninja - der-Schulbedarf.shop","robots":{"index":"index","follow":"follow","max-snippet":"max-snippet:-1","max-image-preview":"max-image-preview:large","max-video-preview":"max-video-preview:-1"},"canonical":"https:\/\/der-schulbedarf.shop\/produkt-des-monats\/produkt\/leserabe-hoer-rein-lies-los-yuki-der-kleine-ninja\/","og_locale":"de_DE","og_type":"article","og_title":"Leserabe - H\u00f6r rein, lies los! Yuki, der kleine Ninja - der-Schulbedarf.shop","og_description":"Yuki ist ein Junge mit magischen Kr\u00e4ften. Nach einer Ausbildung zum Ninja wartet der erste gef\u00e4hrliche Auftrag auf Yuki: Er soll einen Feuerdrachen aus einem Kloster vertreiben! H\u00f6ren, lesen, verstehen: Das neue Leseraben-Konzept verbindet H\u00f6rbuch und Erstlesebuch zu einem einzigartigen Leseerlebnis. Mit Audio-CD und Datei zum Download. So wird Lesenlernen zum Kinderspiel! Die kurzen H\u00f6rspiele [&hellip;]","og_url":"https:\/\/der-schulbedarf.shop\/produkt-des-monats\/produkt\/leserabe-hoer-rein-lies-los-yuki-der-kleine-ninja\/","og_site_name":"der-Schulbedarf.shop","article_modified_time":"2024-11-26T13:10:27+00:00","og_image":[{"width":720,"height":380,"url":"https:\/\/der-schulbedarf.shop\/wp-content\/uploads\/2023\/06\/AN-36573_1-720x380-1.webp","type":"image\/webp"}],"twitter_card":"summary_large_image","twitter_misc":{"Gesch\u00e4tzte Lesezeit":"1\u00a0Minute"},"schema":{"@context":"https:\/\/schema.org","@graph":[{"@type":"WebPage","@id":"https:\/\/der-schulbedarf.shop\/produkt-des-monats\/produkt\/leserabe-hoer-rein-lies-los-yuki-der-kleine-ninja\/","url":"https:\/\/der-schulbedarf.shop\/produkt-des-monats\/produkt\/leserabe-hoer-rein-lies-los-yuki-der-kleine-ninja\/","name":"Leserabe - H\u00f6r rein, lies los! Yuki, der kleine Ninja - der-Schulbedarf.shop","isPartOf":{"@id":"https:\/\/der-schulbedarf.shop\/produkt-des-monats\/#website"},"primaryImageOfPage":{"@id":"https:\/\/der-schulbedarf.shop\/produkt-des-monats\/produkt\/leserabe-hoer-rein-lies-los-yuki-der-kleine-ninja\/#primaryimage"},"image":{"@id":"https:\/\/der-schulbedarf.shop\/produkt-des-monats\/produkt\/leserabe-hoer-rein-lies-los-yuki-der-kleine-ninja\/#primaryimage"},"thumbnailUrl":"https:\/\/der-schulbedarf.shop\/wp-content\/uploads\/2023\/06\/AN-36573_1-720x380-1.webp","datePublished":"2023-06-07T10:37:40+00:00","dateModified":"2024-11-26T13:10:27+00:00","breadcrumb":{"@id":"https:\/\/der-schulbedarf.shop\/produkt-des-monats\/produkt\/leserabe-hoer-rein-lies-los-yuki-der-kleine-ninja\/#breadcrumb"},"inLanguage":"de","potentialAction":[{"@type":"ReadAction","target":["https:\/\/der-schulbedarf.shop\/produkt-des-monats\/produkt\/leserabe-hoer-rein-lies-los-yuki-der-kleine-ninja\/"]}]},{"@type":"ImageObject","inLanguage":"de","@id":"https:\/\/der-schulbedarf.shop\/produkt-des-monats\/produkt\/leserabe-hoer-rein-lies-los-yuki-der-kleine-ninja\/#primaryimage","url":"https:\/\/der-schulbedarf.shop\/wp-content\/uploads\/2023\/06\/AN-36573_1-720x380-1.webp","contentUrl":"https:\/\/der-schulbedarf.shop\/wp-content\/uploads\/2023\/06\/AN-36573_1-720x380-1.webp","width":720,"height":380},{"@type":"BreadcrumbList","@id":"https:\/\/der-schulbedarf.shop\/produkt-des-monats\/produkt\/leserabe-hoer-rein-lies-los-yuki-der-kleine-ninja\/#breadcrumb","itemListElement":[{"@type":"ListItem","position":1,"name":"Shop","item":"https:\/\/der-schulbedarf.shop\/produkt-des-monats\/shop\/"},{"@type":"ListItem","position":2,"name":"Leserabe &#8211; H\u00f6r rein, lies los! Yuki, der kleine Ninja"}]},{"@type":"WebSite","@id":"https:\/\/der-schulbedarf.shop\/produkt-des-monats\/#website","url":"https:\/\/der-schulbedarf.shop\/produkt-des-monats\/","name":"der-Schulbedarf.shop","description":"","publisher":{"@id":"https:\/\/der-schulbedarf.shop\/produkt-des-monats\/#organization"},"potentialAction":[{"@type":"SearchAction","target":{"@type":"EntryPoint","urlTemplate":"https:\/\/der-schulbedarf.shop\/produkt-des-monats\/?s={search_term_string}"},"query-input":{"@type":"PropertyValueSpecification","valueRequired":true,"valueName":"search_term_string"}}],"inLanguage":"de"},{"@type":"Organization","@id":"https:\/\/der-schulbedarf.shop\/produkt-des-monats\/#organization","name":"der-Schulbedarf.shop","url":"https:\/\/der-schulbedarf.shop\/produkt-des-monats\/","logo":{"@type":"ImageObject","inLanguage":"de","@id":"https:\/\/der-schulbedarf.shop\/produkt-des-monats\/#\/schema\/logo\/image\/","url":"https:\/\/der-schulbedarf.shop\/wp-content\/uploads\/2024\/02\/grafik-e1709551115899.png","contentUrl":"https:\/\/der-schulbedarf.shop\/wp-content\/uploads\/2024\/02\/grafik-e1709551115899.png","width":80,"height":80,"caption":"der-Schulbedarf.shop"},"image":{"@id":"https:\/\/der-schulbedarf.shop\/produkt-des-monats\/#\/schema\/logo\/image\/"}}]}},"_links":{"self":[{"href":"https:\/\/der-schulbedarf.shop\/produkt-des-monats\/wp-json\/wp\/v2\/product\/795","targetHints":{"allow":["GET"]}}],"collection":[{"href":"https:\/\/der-schulbedarf.shop\/produkt-des-monats\/wp-json\/wp\/v2\/product"}],"about":[{"href":"https:\/\/der-schulbedarf.shop\/produkt-des-monats\/wp-json\/wp\/v2\/types\/product"}],"replies":[{"embeddable":true,"href":"https:\/\/der-schulbedarf.shop\/produkt-des-monats\/wp-json\/wp\/v2\/comments?post=795"}],"wp:featuredmedia":[{"embeddable":true,"href":"https:\/\/der-schulbedarf.shop\/produkt-des-monats\/wp-json\/wp\/v2\/media\/2661"}],"wp:attachment":[{"href":"https:\/\/der-schulbedarf.shop\/produkt-des-monats\/wp-json\/wp\/v2\/media?parent=795"}],"wp:term":[{"taxonomy":"product_cat","embeddable":true,"href":"https:\/\/der-schulbedarf.shop\/produkt-des-monats\/wp-json\/wp\/v2\/product_cat?post=795"},{"taxonomy":"product_tag","embeddable":true,"href":"https:\/\/der-schulbedarf.shop\/produkt-des-monats\/wp-json\/wp\/v2\/product_tag?post=795"}],"curies":[{"name":"wp","href":"https:\/\/api.w.org\/{rel}","templated":true}]}}