{"id":803,"date":"2023-06-07T10:48:57","date_gmt":"2023-06-07T10:48:57","guid":{"rendered":"https:\/\/der-schulbedarf.Shop\/?post_type=product&#038;p=803"},"modified":"2024-11-26T13:07:16","modified_gmt":"2024-11-26T13:07:16","slug":"leserabe-hoer-rein-lies-los-hugo-das-freche-schulgespenst","status":"publish","type":"product","link":"https:\/\/der-schulbedarf.shop\/produkt-des-monats\/produkt\/leserabe-hoer-rein-lies-los-hugo-das-freche-schulgespenst\/","title":{"rendered":"Leserabe &#8211; H\u00f6r rein, lies los! Hugo, das freche Schulgespenst"},"content":{"rendered":"<p>Hugo lebt in einer Schule. Als Kinder im Schulhaus \u00fcbernachten, kann Hugo gemeinsam mit Freund Willi endlich mal wieder so richtig spuken! Eine ganz besondere Lesenacht beginnt &#8230;<br \/>\nH\u00f6ren, lesen, verstehen: Das neue Leseraben-Konzept verbindet H\u00f6rbuch und Erstlesebuch zu einem einzigartigen Leseerlebnis. Mit Audio-CD und Datei zum Download.<\/p>\n<p>So wird Lesenlernen zum Kinderspiel! Die kurzen H\u00f6rspiele am Kapitelanfang f\u00fchren in die Geschichte ein. Durch das Geh\u00f6rte f\u00e4llt das Lesen leichter und die Lesemotivation von M\u00e4dchen und Jungen wird gef\u00f6rdert. Die lustigen Audio-R\u00e4tsel vertiefen das Gelesene. Die Leser sind hautnah bei einem spannenden Pferde-Abenteuer dabei. Mit Audio-CD. Ab 6 Jahren.<\/p>\n","protected":false},"excerpt":{"rendered":"<p>Hugo lebt in einer Schule. Als Kinder im Schulhaus \u00fcbernachten, kann Hugo gemeinsam mit Freund Willi endlich mal wieder so richtig spuken! Eine ganz besondere Lesenacht beginnt &#8230; H\u00f6ren, lesen, verstehen: Das neue Leseraben-Konzept verbindet H\u00f6rbuch und Erstlesebuch zu einem einzigartigen Leseerlebnis. Mit Audio-CD und Datei zum Download. So wird Lesenlernen zum Kinderspiel! Die kurzen [&hellip;]<\/p>\n","protected":false},"featured_media":2654,"comment_status":"open","ping_status":"closed","template":"","meta":[],"product_cat":[224,915,944,225],"product_tag":[192,111,200,201,196,197,195,115,199,114,327,113,112,326,314,312,207,198,181,185,202,179,329,315,189,313,193,180,249,304,328,177,178],"class_list":{"0":"post-803","1":"product","2":"type-product","3":"status-publish","4":"has-post-thumbnail","6":"product_cat-kinderbuecher","7":"product_cat-produkt-feeds","8":"product_cat-produktzufuehrung-geizhal","9":"product_cat-ravensburger-kinderbuecher","10":"product_tag-antolin","11":"product_tag-beschaeftigung","12":"product_tag-buch","13":"product_tag-buecher","14":"product_tag-erstlesebuch","15":"product_tag-erstlesebuecher","16":"product_tag-erstleser","17":"product_tag-fuer-jungen","18":"product_tag-fuer-kinder-ab-6-jahre","19":"product_tag-fuer-maedchen","20":"product_tag-geist","21":"product_tag-geschenk","22":"product_tag-geschenkidee","23":"product_tag-gespenst","24":"product_tag-hoer-rein","25":"product_tag-hoerbuch","26":"product_tag-junge","27":"product_tag-kinderbuch","28":"product_tag-kinderbuecher","29":"product_tag-leseanfaenger","30":"product_tag-lesen","31":"product_tag-lesen-lernen","32":"product_tag-lesenacht","33":"product_tag-lies-los","34":"product_tag-maedchen","35":"product_tag-mit-cd","36":"product_tag-ravensburger","37":"product_tag-ravensburger-erstes-lernen","38":"product_tag-schule","39":"product_tag-spass","40":"product_tag-spuk","41":"product_tag-zuhause-lernen","42":"product_tag-zuhause-unterrichten","43":"post","44":"post-with-thumbnail","45":"post-with-thumbnail-large","47":"first","48":"instock","49":"taxable","50":"shipping-taxable","51":"purchasable","52":"product-type-simple"},"yoast_head":"<!-- This site is optimized with the Yoast SEO plugin v26.6 - https:\/\/yoast.com\/wordpress\/plugins\/seo\/ -->\n<title>Leserabe - H\u00f6r rein, lies los! Hugo, das freche Schulgespenst - der-Schulbedarf.shop<\/title>\n<meta name=\"robots\" content=\"index, follow, max-snippet:-1, max-image-preview:large, max-video-preview:-1\" \/>\n<link rel=\"canonical\" href=\"https:\/\/der-schulbedarf.shop\/produkt-des-monats\/produkt\/leserabe-hoer-rein-lies-los-hugo-das-freche-schulgespenst\/\" \/>\n<meta property=\"og:locale\" content=\"de_DE\" \/>\n<meta property=\"og:type\" content=\"article\" \/>\n<meta property=\"og:title\" content=\"Leserabe - H\u00f6r rein, lies los! Hugo, das freche Schulgespenst - der-Schulbedarf.shop\" \/>\n<meta property=\"og:description\" content=\"Hugo lebt in einer Schule. Als Kinder im Schulhaus \u00fcbernachten, kann Hugo gemeinsam mit Freund Willi endlich mal wieder so richtig spuken! Eine ganz besondere Lesenacht beginnt &#8230; H\u00f6ren, lesen, verstehen: Das neue Leseraben-Konzept verbindet H\u00f6rbuch und Erstlesebuch zu einem einzigartigen Leseerlebnis. Mit Audio-CD und Datei zum Download. So wird Lesenlernen zum Kinderspiel! Die kurzen [&hellip;]\" \/>\n<meta property=\"og:url\" content=\"https:\/\/der-schulbedarf.shop\/produkt-des-monats\/produkt\/leserabe-hoer-rein-lies-los-hugo-das-freche-schulgespenst\/\" \/>\n<meta property=\"og:site_name\" content=\"der-Schulbedarf.shop\" \/>\n<meta property=\"article:modified_time\" content=\"2024-11-26T13:07:16+00:00\" \/>\n<meta property=\"og:image\" content=\"https:\/\/der-schulbedarf.shop\/wp-content\/uploads\/2023\/06\/AN-36574_1-720x380-1.webp\" \/>\n\t<meta property=\"og:image:width\" content=\"720\" \/>\n\t<meta property=\"og:image:height\" content=\"380\" \/>\n\t<meta property=\"og:image:type\" content=\"image\/webp\" \/>\n<meta name=\"twitter:card\" content=\"summary_large_image\" \/>\n<meta name=\"twitter:label1\" content=\"Gesch\u00e4tzte Lesezeit\" \/>\n\t<meta name=\"twitter:data1\" content=\"1\u00a0Minute\" \/>\n<script type=\"application\/ld+json\" class=\"yoast-schema-graph\">{\"@context\":\"https:\/\/schema.org\",\"@graph\":[{\"@type\":\"WebPage\",\"@id\":\"https:\/\/der-schulbedarf.shop\/produkt-des-monats\/produkt\/leserabe-hoer-rein-lies-los-hugo-das-freche-schulgespenst\/\",\"url\":\"https:\/\/der-schulbedarf.shop\/produkt-des-monats\/produkt\/leserabe-hoer-rein-lies-los-hugo-das-freche-schulgespenst\/\",\"name\":\"Leserabe - H\u00f6r rein, lies los! Hugo, das freche Schulgespenst - der-Schulbedarf.shop\",\"isPartOf\":{\"@id\":\"https:\/\/der-schulbedarf.shop\/produkt-des-monats\/#website\"},\"primaryImageOfPage\":{\"@id\":\"https:\/\/der-schulbedarf.shop\/produkt-des-monats\/produkt\/leserabe-hoer-rein-lies-los-hugo-das-freche-schulgespenst\/#primaryimage\"},\"image\":{\"@id\":\"https:\/\/der-schulbedarf.shop\/produkt-des-monats\/produkt\/leserabe-hoer-rein-lies-los-hugo-das-freche-schulgespenst\/#primaryimage\"},\"thumbnailUrl\":\"https:\/\/der-schulbedarf.shop\/wp-content\/uploads\/2023\/06\/AN-36574_1-720x380-1.webp\",\"datePublished\":\"2023-06-07T10:48:57+00:00\",\"dateModified\":\"2024-11-26T13:07:16+00:00\",\"breadcrumb\":{\"@id\":\"https:\/\/der-schulbedarf.shop\/produkt-des-monats\/produkt\/leserabe-hoer-rein-lies-los-hugo-das-freche-schulgespenst\/#breadcrumb\"},\"inLanguage\":\"de\",\"potentialAction\":[{\"@type\":\"ReadAction\",\"target\":[\"https:\/\/der-schulbedarf.shop\/produkt-des-monats\/produkt\/leserabe-hoer-rein-lies-los-hugo-das-freche-schulgespenst\/\"]}]},{\"@type\":\"ImageObject\",\"inLanguage\":\"de\",\"@id\":\"https:\/\/der-schulbedarf.shop\/produkt-des-monats\/produkt\/leserabe-hoer-rein-lies-los-hugo-das-freche-schulgespenst\/#primaryimage\",\"url\":\"https:\/\/der-schulbedarf.shop\/wp-content\/uploads\/2023\/06\/AN-36574_1-720x380-1.webp\",\"contentUrl\":\"https:\/\/der-schulbedarf.shop\/wp-content\/uploads\/2023\/06\/AN-36574_1-720x380-1.webp\",\"width\":720,\"height\":380},{\"@type\":\"BreadcrumbList\",\"@id\":\"https:\/\/der-schulbedarf.shop\/produkt-des-monats\/produkt\/leserabe-hoer-rein-lies-los-hugo-das-freche-schulgespenst\/#breadcrumb\",\"itemListElement\":[{\"@type\":\"ListItem\",\"position\":1,\"name\":\"Shop\",\"item\":\"https:\/\/der-schulbedarf.shop\/produkt-des-monats\/shop\/\"},{\"@type\":\"ListItem\",\"position\":2,\"name\":\"Leserabe &#8211; H\u00f6r rein, lies los! Hugo, das freche Schulgespenst\"}]},{\"@type\":\"WebSite\",\"@id\":\"https:\/\/der-schulbedarf.shop\/produkt-des-monats\/#website\",\"url\":\"https:\/\/der-schulbedarf.shop\/produkt-des-monats\/\",\"name\":\"der-Schulbedarf.shop\",\"description\":\"\",\"publisher\":{\"@id\":\"https:\/\/der-schulbedarf.shop\/produkt-des-monats\/#organization\"},\"potentialAction\":[{\"@type\":\"SearchAction\",\"target\":{\"@type\":\"EntryPoint\",\"urlTemplate\":\"https:\/\/der-schulbedarf.shop\/produkt-des-monats\/?s={search_term_string}\"},\"query-input\":{\"@type\":\"PropertyValueSpecification\",\"valueRequired\":true,\"valueName\":\"search_term_string\"}}],\"inLanguage\":\"de\"},{\"@type\":\"Organization\",\"@id\":\"https:\/\/der-schulbedarf.shop\/produkt-des-monats\/#organization\",\"name\":\"der-Schulbedarf.shop\",\"url\":\"https:\/\/der-schulbedarf.shop\/produkt-des-monats\/\",\"logo\":{\"@type\":\"ImageObject\",\"inLanguage\":\"de\",\"@id\":\"https:\/\/der-schulbedarf.shop\/produkt-des-monats\/#\/schema\/logo\/image\/\",\"url\":\"https:\/\/der-schulbedarf.shop\/wp-content\/uploads\/2024\/02\/grafik-e1709551115899.png\",\"contentUrl\":\"https:\/\/der-schulbedarf.shop\/wp-content\/uploads\/2024\/02\/grafik-e1709551115899.png\",\"width\":80,\"height\":80,\"caption\":\"der-Schulbedarf.shop\"},\"image\":{\"@id\":\"https:\/\/der-schulbedarf.shop\/produkt-des-monats\/#\/schema\/logo\/image\/\"}}]}<\/script>\n<!-- \/ Yoast SEO plugin. -->","yoast_head_json":{"title":"Leserabe - H\u00f6r rein, lies los! Hugo, das freche Schulgespenst - der-Schulbedarf.shop","robots":{"index":"index","follow":"follow","max-snippet":"max-snippet:-1","max-image-preview":"max-image-preview:large","max-video-preview":"max-video-preview:-1"},"canonical":"https:\/\/der-schulbedarf.shop\/produkt-des-monats\/produkt\/leserabe-hoer-rein-lies-los-hugo-das-freche-schulgespenst\/","og_locale":"de_DE","og_type":"article","og_title":"Leserabe - H\u00f6r rein, lies los! Hugo, das freche Schulgespenst - der-Schulbedarf.shop","og_description":"Hugo lebt in einer Schule. Als Kinder im Schulhaus \u00fcbernachten, kann Hugo gemeinsam mit Freund Willi endlich mal wieder so richtig spuken! Eine ganz besondere Lesenacht beginnt &#8230; H\u00f6ren, lesen, verstehen: Das neue Leseraben-Konzept verbindet H\u00f6rbuch und Erstlesebuch zu einem einzigartigen Leseerlebnis. Mit Audio-CD und Datei zum Download. So wird Lesenlernen zum Kinderspiel! Die kurzen [&hellip;]","og_url":"https:\/\/der-schulbedarf.shop\/produkt-des-monats\/produkt\/leserabe-hoer-rein-lies-los-hugo-das-freche-schulgespenst\/","og_site_name":"der-Schulbedarf.shop","article_modified_time":"2024-11-26T13:07:16+00:00","og_image":[{"width":720,"height":380,"url":"https:\/\/der-schulbedarf.shop\/wp-content\/uploads\/2023\/06\/AN-36574_1-720x380-1.webp","type":"image\/webp"}],"twitter_card":"summary_large_image","twitter_misc":{"Gesch\u00e4tzte Lesezeit":"1\u00a0Minute"},"schema":{"@context":"https:\/\/schema.org","@graph":[{"@type":"WebPage","@id":"https:\/\/der-schulbedarf.shop\/produkt-des-monats\/produkt\/leserabe-hoer-rein-lies-los-hugo-das-freche-schulgespenst\/","url":"https:\/\/der-schulbedarf.shop\/produkt-des-monats\/produkt\/leserabe-hoer-rein-lies-los-hugo-das-freche-schulgespenst\/","name":"Leserabe - H\u00f6r rein, lies los! Hugo, das freche Schulgespenst - der-Schulbedarf.shop","isPartOf":{"@id":"https:\/\/der-schulbedarf.shop\/produkt-des-monats\/#website"},"primaryImageOfPage":{"@id":"https:\/\/der-schulbedarf.shop\/produkt-des-monats\/produkt\/leserabe-hoer-rein-lies-los-hugo-das-freche-schulgespenst\/#primaryimage"},"image":{"@id":"https:\/\/der-schulbedarf.shop\/produkt-des-monats\/produkt\/leserabe-hoer-rein-lies-los-hugo-das-freche-schulgespenst\/#primaryimage"},"thumbnailUrl":"https:\/\/der-schulbedarf.shop\/wp-content\/uploads\/2023\/06\/AN-36574_1-720x380-1.webp","datePublished":"2023-06-07T10:48:57+00:00","dateModified":"2024-11-26T13:07:16+00:00","breadcrumb":{"@id":"https:\/\/der-schulbedarf.shop\/produkt-des-monats\/produkt\/leserabe-hoer-rein-lies-los-hugo-das-freche-schulgespenst\/#breadcrumb"},"inLanguage":"de","potentialAction":[{"@type":"ReadAction","target":["https:\/\/der-schulbedarf.shop\/produkt-des-monats\/produkt\/leserabe-hoer-rein-lies-los-hugo-das-freche-schulgespenst\/"]}]},{"@type":"ImageObject","inLanguage":"de","@id":"https:\/\/der-schulbedarf.shop\/produkt-des-monats\/produkt\/leserabe-hoer-rein-lies-los-hugo-das-freche-schulgespenst\/#primaryimage","url":"https:\/\/der-schulbedarf.shop\/wp-content\/uploads\/2023\/06\/AN-36574_1-720x380-1.webp","contentUrl":"https:\/\/der-schulbedarf.shop\/wp-content\/uploads\/2023\/06\/AN-36574_1-720x380-1.webp","width":720,"height":380},{"@type":"BreadcrumbList","@id":"https:\/\/der-schulbedarf.shop\/produkt-des-monats\/produkt\/leserabe-hoer-rein-lies-los-hugo-das-freche-schulgespenst\/#breadcrumb","itemListElement":[{"@type":"ListItem","position":1,"name":"Shop","item":"https:\/\/der-schulbedarf.shop\/produkt-des-monats\/shop\/"},{"@type":"ListItem","position":2,"name":"Leserabe &#8211; H\u00f6r rein, lies los! Hugo, das freche Schulgespenst"}]},{"@type":"WebSite","@id":"https:\/\/der-schulbedarf.shop\/produkt-des-monats\/#website","url":"https:\/\/der-schulbedarf.shop\/produkt-des-monats\/","name":"der-Schulbedarf.shop","description":"","publisher":{"@id":"https:\/\/der-schulbedarf.shop\/produkt-des-monats\/#organization"},"potentialAction":[{"@type":"SearchAction","target":{"@type":"EntryPoint","urlTemplate":"https:\/\/der-schulbedarf.shop\/produkt-des-monats\/?s={search_term_string}"},"query-input":{"@type":"PropertyValueSpecification","valueRequired":true,"valueName":"search_term_string"}}],"inLanguage":"de"},{"@type":"Organization","@id":"https:\/\/der-schulbedarf.shop\/produkt-des-monats\/#organization","name":"der-Schulbedarf.shop","url":"https:\/\/der-schulbedarf.shop\/produkt-des-monats\/","logo":{"@type":"ImageObject","inLanguage":"de","@id":"https:\/\/der-schulbedarf.shop\/produkt-des-monats\/#\/schema\/logo\/image\/","url":"https:\/\/der-schulbedarf.shop\/wp-content\/uploads\/2024\/02\/grafik-e1709551115899.png","contentUrl":"https:\/\/der-schulbedarf.shop\/wp-content\/uploads\/2024\/02\/grafik-e1709551115899.png","width":80,"height":80,"caption":"der-Schulbedarf.shop"},"image":{"@id":"https:\/\/der-schulbedarf.shop\/produkt-des-monats\/#\/schema\/logo\/image\/"}}]}},"_links":{"self":[{"href":"https:\/\/der-schulbedarf.shop\/produkt-des-monats\/wp-json\/wp\/v2\/product\/803","targetHints":{"allow":["GET"]}}],"collection":[{"href":"https:\/\/der-schulbedarf.shop\/produkt-des-monats\/wp-json\/wp\/v2\/product"}],"about":[{"href":"https:\/\/der-schulbedarf.shop\/produkt-des-monats\/wp-json\/wp\/v2\/types\/product"}],"replies":[{"embeddable":true,"href":"https:\/\/der-schulbedarf.shop\/produkt-des-monats\/wp-json\/wp\/v2\/comments?post=803"}],"wp:featuredmedia":[{"embeddable":true,"href":"https:\/\/der-schulbedarf.shop\/produkt-des-monats\/wp-json\/wp\/v2\/media\/2654"}],"wp:attachment":[{"href":"https:\/\/der-schulbedarf.shop\/produkt-des-monats\/wp-json\/wp\/v2\/media?parent=803"}],"wp:term":[{"taxonomy":"product_cat","embeddable":true,"href":"https:\/\/der-schulbedarf.shop\/produkt-des-monats\/wp-json\/wp\/v2\/product_cat?post=803"},{"taxonomy":"product_tag","embeddable":true,"href":"https:\/\/der-schulbedarf.shop\/produkt-des-monats\/wp-json\/wp\/v2\/product_tag?post=803"}],"curies":[{"name":"wp","href":"https:\/\/api.w.org\/{rel}","templated":true}]}}