{"id":808,"date":"2023-06-07T10:49:13","date_gmt":"2023-06-07T10:49:13","guid":{"rendered":"https:\/\/der-schulbedarf.Shop\/?post_type=product&#038;p=808"},"modified":"2024-11-26T13:05:48","modified_gmt":"2024-11-26T13:05:48","slug":"der-magische-blumenladen-fuer-erstleser-band-3-der-verzauberte-esel","status":"publish","type":"product","link":"https:\/\/der-schulbedarf.shop\/produkt-des-monats\/produkt\/der-magische-blumenladen-fuer-erstleser-band-3-der-verzauberte-esel\/","title":{"rendered":"Der magische Blumenladen f\u00fcr Erstleser, Band 3: Der verzauberte Esel"},"content":{"rendered":"<p>Hinter jeder Blume steckt ein Zauber!<\/p>\n<p>Band 3: Ein Esel zum Verlieben! Willy ist Adas Ein und Alles. Doch dann taucht Willys herzlose Besitzerin auf. Bald zieht sie nach Amerika \u2013 und Willy soll mit! Was tun? Violet befragt heimlich das magische Blumenbuch und st\u00f6\u00dft dabei auf das Verzieh-Dich-Kraut\u2026\u200b<\/p>\n<p>\u200bMit vierfarbigen Illustrationen und Fibelschrift f\u00fcr Leseanf\u00e4nger ab 6 Jahren geeignet.<\/p>\n<p>Hinter jeder Blume steckt ein Zauber!Violets Tante Abigail hat einen wundervollen Blumenladen &#8211; und kann mit magischen Blumen Menschen gl\u00fccklich machen. Violet hat diese Gabe geerbt, doch eigentlich ist sie noch zu klein f\u00fcr Blumenmagie. Das findet zumindest Tante Abigail&#8230;Eines Tages betritt\u00a0Ada den Blumenladen. Sie ist auf der Suche nach einem essbaren\u00a0Geburtstagsgeschenk f\u00fcr Esel Willy und bekommt einen bunten Strau\u00df aus Ringelblumen und Kr\u00e4utern von Tante Abigail. Da wird sich Willy aber freuen!Am n\u00e4chsten Tag begleitet Violet ihre neue Freundin zur Koppel und die beiden verbringen einen herrlichen Tag bei Willy.\u00a0Doch dann kreuzt Willys herzlose Besitzerin Elfi auf und will Ada Willy\u00a0wegnehmen. Was tun? Violet befragt heimlich das magische Blumenbuch und st\u00f6\u00dft auf das\u00a0 Verzieh-dich-Kraut. Das m\u00fcsste doch das geeignete Mittel sein, um Elfi auf Nimmerwiedersehen zu vertreiben. Doch dann kommt alles ganz anders&#8230;Band 1: Der magische Blumenladen f\u00fcr Erstleser \u2013 Die verschwundenen KatzenBand 2:\u00a0Der magische Blumenladen f\u00fcr Erstleser \u2013 Das geheimnisvolle M\u00e4dchenBand 3:\u00a0Der magische Blumenladen f\u00fcr Erstleser \u2013 Der verzauberte Esel<\/p>\n<p>&nbsp;<\/p>\n<p>&nbsp;<\/p>\n","protected":false},"excerpt":{"rendered":"<p>Hinter jeder Blume steckt ein Zauber! Band 3: Ein Esel zum Verlieben! Willy ist Adas Ein und Alles. Doch dann taucht Willys herzlose Besitzerin auf. Bald zieht sie nach Amerika \u2013 und Willy soll mit! Was tun? Violet befragt heimlich das magische Blumenbuch und st\u00f6\u00dft dabei auf das Verzieh-Dich-Kraut\u2026\u200b \u200bMit vierfarbigen Illustrationen und Fibelschrift f\u00fcr [&hellip;]<\/p>\n","protected":false},"featured_media":2650,"comment_status":"open","ping_status":"closed","template":"","meta":[],"product_cat":[224,915,944,37,225],"product_tag":[192,111,333,330,200,201,332,196,197,195,334,331,190,115,199,114,113,210,112,198,181,202,179,189,188,182,193,180,167,187,177,178],"class_list":{"0":"post-808","1":"product","2":"type-product","3":"status-publish","4":"has-post-thumbnail","6":"product_cat-kinderbuecher","7":"product_cat-produkt-feeds","8":"product_cat-produktzufuehrung-geizhal","9":"product_cat-ravensburger","10":"product_cat-ravensburger-kinderbuecher","11":"product_tag-antolin","12":"product_tag-beschaeftigung","13":"product_tag-blumen","14":"product_tag-blumenladen","15":"product_tag-buch","16":"product_tag-buecher","17":"product_tag-eifersucht","18":"product_tag-erstlesebuch","19":"product_tag-erstlesebuecher","20":"product_tag-erstleser","21":"product_tag-erstlesereihe","22":"product_tag-esel","23":"product_tag-freundschaft","24":"product_tag-fuer-jungen","25":"product_tag-fuer-kinder-ab-6-jahre","26":"product_tag-fuer-maedchen","27":"product_tag-geschenk","28":"product_tag-geschenk-kinder","29":"product_tag-geschenkidee","30":"product_tag-kinderbuch","31":"product_tag-kinderbuecher","32":"product_tag-lesen","33":"product_tag-lesen-lernen","34":"product_tag-maedchen","35":"product_tag-magie","36":"product_tag-magischer-blumenladen","37":"product_tag-ravensburger","38":"product_tag-ravensburger-erstes-lernen","39":"product_tag-tiere","40":"product_tag-zauber","41":"product_tag-zuhause-lernen","42":"product_tag-zuhause-unterrichten","43":"post","44":"post-with-thumbnail","45":"post-with-thumbnail-large","47":"first","48":"instock","49":"taxable","50":"shipping-taxable","51":"purchasable","52":"product-type-simple"},"yoast_head":"<!-- This site is optimized with the Yoast SEO plugin v26.6 - https:\/\/yoast.com\/wordpress\/plugins\/seo\/ -->\n<title>Der magische Blumenladen f\u00fcr Erstleser, Band 3: Der verzauberte Esel - der-Schulbedarf.shop<\/title>\n<meta name=\"robots\" content=\"index, follow, max-snippet:-1, max-image-preview:large, max-video-preview:-1\" \/>\n<link rel=\"canonical\" href=\"https:\/\/der-schulbedarf.shop\/produkt-des-monats\/produkt\/der-magische-blumenladen-fuer-erstleser-band-3-der-verzauberte-esel\/\" \/>\n<meta property=\"og:locale\" content=\"de_DE\" \/>\n<meta property=\"og:type\" content=\"article\" \/>\n<meta property=\"og:title\" content=\"Der magische Blumenladen f\u00fcr Erstleser, Band 3: Der verzauberte Esel - der-Schulbedarf.shop\" \/>\n<meta property=\"og:description\" content=\"Hinter jeder Blume steckt ein Zauber! Band 3: Ein Esel zum Verlieben! Willy ist Adas Ein und Alles. Doch dann taucht Willys herzlose Besitzerin auf. Bald zieht sie nach Amerika \u2013 und Willy soll mit! Was tun? Violet befragt heimlich das magische Blumenbuch und st\u00f6\u00dft dabei auf das Verzieh-Dich-Kraut\u2026\u200b \u200bMit vierfarbigen Illustrationen und Fibelschrift f\u00fcr [&hellip;]\" \/>\n<meta property=\"og:url\" content=\"https:\/\/der-schulbedarf.shop\/produkt-des-monats\/produkt\/der-magische-blumenladen-fuer-erstleser-band-3-der-verzauberte-esel\/\" \/>\n<meta property=\"og:site_name\" content=\"der-Schulbedarf.shop\" \/>\n<meta property=\"article:modified_time\" content=\"2024-11-26T13:05:48+00:00\" \/>\n<meta property=\"og:image\" content=\"https:\/\/der-schulbedarf.shop\/wp-content\/uploads\/2023\/06\/AN_36136_1-720x380-1.webp\" \/>\n\t<meta property=\"og:image:width\" content=\"720\" \/>\n\t<meta property=\"og:image:height\" content=\"380\" \/>\n\t<meta property=\"og:image:type\" content=\"image\/webp\" \/>\n<meta name=\"twitter:card\" content=\"summary_large_image\" \/>\n<meta name=\"twitter:label1\" content=\"Gesch\u00e4tzte Lesezeit\" \/>\n\t<meta name=\"twitter:data1\" content=\"2\u00a0Minuten\" \/>\n<script type=\"application\/ld+json\" class=\"yoast-schema-graph\">{\"@context\":\"https:\/\/schema.org\",\"@graph\":[{\"@type\":\"WebPage\",\"@id\":\"https:\/\/der-schulbedarf.shop\/produkt-des-monats\/produkt\/der-magische-blumenladen-fuer-erstleser-band-3-der-verzauberte-esel\/\",\"url\":\"https:\/\/der-schulbedarf.shop\/produkt-des-monats\/produkt\/der-magische-blumenladen-fuer-erstleser-band-3-der-verzauberte-esel\/\",\"name\":\"Der magische Blumenladen f\u00fcr Erstleser, Band 3: Der verzauberte Esel - der-Schulbedarf.shop\",\"isPartOf\":{\"@id\":\"https:\/\/der-schulbedarf.shop\/produkt-des-monats\/#website\"},\"primaryImageOfPage\":{\"@id\":\"https:\/\/der-schulbedarf.shop\/produkt-des-monats\/produkt\/der-magische-blumenladen-fuer-erstleser-band-3-der-verzauberte-esel\/#primaryimage\"},\"image\":{\"@id\":\"https:\/\/der-schulbedarf.shop\/produkt-des-monats\/produkt\/der-magische-blumenladen-fuer-erstleser-band-3-der-verzauberte-esel\/#primaryimage\"},\"thumbnailUrl\":\"https:\/\/der-schulbedarf.shop\/wp-content\/uploads\/2023\/06\/AN_36136_1-720x380-1.webp\",\"datePublished\":\"2023-06-07T10:49:13+00:00\",\"dateModified\":\"2024-11-26T13:05:48+00:00\",\"breadcrumb\":{\"@id\":\"https:\/\/der-schulbedarf.shop\/produkt-des-monats\/produkt\/der-magische-blumenladen-fuer-erstleser-band-3-der-verzauberte-esel\/#breadcrumb\"},\"inLanguage\":\"de\",\"potentialAction\":[{\"@type\":\"ReadAction\",\"target\":[\"https:\/\/der-schulbedarf.shop\/produkt-des-monats\/produkt\/der-magische-blumenladen-fuer-erstleser-band-3-der-verzauberte-esel\/\"]}]},{\"@type\":\"ImageObject\",\"inLanguage\":\"de\",\"@id\":\"https:\/\/der-schulbedarf.shop\/produkt-des-monats\/produkt\/der-magische-blumenladen-fuer-erstleser-band-3-der-verzauberte-esel\/#primaryimage\",\"url\":\"https:\/\/der-schulbedarf.shop\/wp-content\/uploads\/2023\/06\/AN_36136_1-720x380-1.webp\",\"contentUrl\":\"https:\/\/der-schulbedarf.shop\/wp-content\/uploads\/2023\/06\/AN_36136_1-720x380-1.webp\",\"width\":720,\"height\":380},{\"@type\":\"BreadcrumbList\",\"@id\":\"https:\/\/der-schulbedarf.shop\/produkt-des-monats\/produkt\/der-magische-blumenladen-fuer-erstleser-band-3-der-verzauberte-esel\/#breadcrumb\",\"itemListElement\":[{\"@type\":\"ListItem\",\"position\":1,\"name\":\"Shop\",\"item\":\"https:\/\/der-schulbedarf.shop\/produkt-des-monats\/shop\/\"},{\"@type\":\"ListItem\",\"position\":2,\"name\":\"Der magische Blumenladen f\u00fcr Erstleser, Band 3: Der verzauberte Esel\"}]},{\"@type\":\"WebSite\",\"@id\":\"https:\/\/der-schulbedarf.shop\/produkt-des-monats\/#website\",\"url\":\"https:\/\/der-schulbedarf.shop\/produkt-des-monats\/\",\"name\":\"der-Schulbedarf.shop\",\"description\":\"\",\"publisher\":{\"@id\":\"https:\/\/der-schulbedarf.shop\/produkt-des-monats\/#organization\"},\"potentialAction\":[{\"@type\":\"SearchAction\",\"target\":{\"@type\":\"EntryPoint\",\"urlTemplate\":\"https:\/\/der-schulbedarf.shop\/produkt-des-monats\/?s={search_term_string}\"},\"query-input\":{\"@type\":\"PropertyValueSpecification\",\"valueRequired\":true,\"valueName\":\"search_term_string\"}}],\"inLanguage\":\"de\"},{\"@type\":\"Organization\",\"@id\":\"https:\/\/der-schulbedarf.shop\/produkt-des-monats\/#organization\",\"name\":\"der-Schulbedarf.shop\",\"url\":\"https:\/\/der-schulbedarf.shop\/produkt-des-monats\/\",\"logo\":{\"@type\":\"ImageObject\",\"inLanguage\":\"de\",\"@id\":\"https:\/\/der-schulbedarf.shop\/produkt-des-monats\/#\/schema\/logo\/image\/\",\"url\":\"https:\/\/der-schulbedarf.shop\/wp-content\/uploads\/2024\/02\/grafik-e1709551115899.png\",\"contentUrl\":\"https:\/\/der-schulbedarf.shop\/wp-content\/uploads\/2024\/02\/grafik-e1709551115899.png\",\"width\":80,\"height\":80,\"caption\":\"der-Schulbedarf.shop\"},\"image\":{\"@id\":\"https:\/\/der-schulbedarf.shop\/produkt-des-monats\/#\/schema\/logo\/image\/\"}}]}<\/script>\n<!-- \/ Yoast SEO plugin. -->","yoast_head_json":{"title":"Der magische Blumenladen f\u00fcr Erstleser, Band 3: Der verzauberte Esel - der-Schulbedarf.shop","robots":{"index":"index","follow":"follow","max-snippet":"max-snippet:-1","max-image-preview":"max-image-preview:large","max-video-preview":"max-video-preview:-1"},"canonical":"https:\/\/der-schulbedarf.shop\/produkt-des-monats\/produkt\/der-magische-blumenladen-fuer-erstleser-band-3-der-verzauberte-esel\/","og_locale":"de_DE","og_type":"article","og_title":"Der magische Blumenladen f\u00fcr Erstleser, Band 3: Der verzauberte Esel - der-Schulbedarf.shop","og_description":"Hinter jeder Blume steckt ein Zauber! Band 3: Ein Esel zum Verlieben! Willy ist Adas Ein und Alles. Doch dann taucht Willys herzlose Besitzerin auf. Bald zieht sie nach Amerika \u2013 und Willy soll mit! Was tun? Violet befragt heimlich das magische Blumenbuch und st\u00f6\u00dft dabei auf das Verzieh-Dich-Kraut\u2026\u200b \u200bMit vierfarbigen Illustrationen und Fibelschrift f\u00fcr [&hellip;]","og_url":"https:\/\/der-schulbedarf.shop\/produkt-des-monats\/produkt\/der-magische-blumenladen-fuer-erstleser-band-3-der-verzauberte-esel\/","og_site_name":"der-Schulbedarf.shop","article_modified_time":"2024-11-26T13:05:48+00:00","og_image":[{"width":720,"height":380,"url":"https:\/\/der-schulbedarf.shop\/wp-content\/uploads\/2023\/06\/AN_36136_1-720x380-1.webp","type":"image\/webp"}],"twitter_card":"summary_large_image","twitter_misc":{"Gesch\u00e4tzte Lesezeit":"2\u00a0Minuten"},"schema":{"@context":"https:\/\/schema.org","@graph":[{"@type":"WebPage","@id":"https:\/\/der-schulbedarf.shop\/produkt-des-monats\/produkt\/der-magische-blumenladen-fuer-erstleser-band-3-der-verzauberte-esel\/","url":"https:\/\/der-schulbedarf.shop\/produkt-des-monats\/produkt\/der-magische-blumenladen-fuer-erstleser-band-3-der-verzauberte-esel\/","name":"Der magische Blumenladen f\u00fcr Erstleser, Band 3: Der verzauberte Esel - der-Schulbedarf.shop","isPartOf":{"@id":"https:\/\/der-schulbedarf.shop\/produkt-des-monats\/#website"},"primaryImageOfPage":{"@id":"https:\/\/der-schulbedarf.shop\/produkt-des-monats\/produkt\/der-magische-blumenladen-fuer-erstleser-band-3-der-verzauberte-esel\/#primaryimage"},"image":{"@id":"https:\/\/der-schulbedarf.shop\/produkt-des-monats\/produkt\/der-magische-blumenladen-fuer-erstleser-band-3-der-verzauberte-esel\/#primaryimage"},"thumbnailUrl":"https:\/\/der-schulbedarf.shop\/wp-content\/uploads\/2023\/06\/AN_36136_1-720x380-1.webp","datePublished":"2023-06-07T10:49:13+00:00","dateModified":"2024-11-26T13:05:48+00:00","breadcrumb":{"@id":"https:\/\/der-schulbedarf.shop\/produkt-des-monats\/produkt\/der-magische-blumenladen-fuer-erstleser-band-3-der-verzauberte-esel\/#breadcrumb"},"inLanguage":"de","potentialAction":[{"@type":"ReadAction","target":["https:\/\/der-schulbedarf.shop\/produkt-des-monats\/produkt\/der-magische-blumenladen-fuer-erstleser-band-3-der-verzauberte-esel\/"]}]},{"@type":"ImageObject","inLanguage":"de","@id":"https:\/\/der-schulbedarf.shop\/produkt-des-monats\/produkt\/der-magische-blumenladen-fuer-erstleser-band-3-der-verzauberte-esel\/#primaryimage","url":"https:\/\/der-schulbedarf.shop\/wp-content\/uploads\/2023\/06\/AN_36136_1-720x380-1.webp","contentUrl":"https:\/\/der-schulbedarf.shop\/wp-content\/uploads\/2023\/06\/AN_36136_1-720x380-1.webp","width":720,"height":380},{"@type":"BreadcrumbList","@id":"https:\/\/der-schulbedarf.shop\/produkt-des-monats\/produkt\/der-magische-blumenladen-fuer-erstleser-band-3-der-verzauberte-esel\/#breadcrumb","itemListElement":[{"@type":"ListItem","position":1,"name":"Shop","item":"https:\/\/der-schulbedarf.shop\/produkt-des-monats\/shop\/"},{"@type":"ListItem","position":2,"name":"Der magische Blumenladen f\u00fcr Erstleser, Band 3: Der verzauberte Esel"}]},{"@type":"WebSite","@id":"https:\/\/der-schulbedarf.shop\/produkt-des-monats\/#website","url":"https:\/\/der-schulbedarf.shop\/produkt-des-monats\/","name":"der-Schulbedarf.shop","description":"","publisher":{"@id":"https:\/\/der-schulbedarf.shop\/produkt-des-monats\/#organization"},"potentialAction":[{"@type":"SearchAction","target":{"@type":"EntryPoint","urlTemplate":"https:\/\/der-schulbedarf.shop\/produkt-des-monats\/?s={search_term_string}"},"query-input":{"@type":"PropertyValueSpecification","valueRequired":true,"valueName":"search_term_string"}}],"inLanguage":"de"},{"@type":"Organization","@id":"https:\/\/der-schulbedarf.shop\/produkt-des-monats\/#organization","name":"der-Schulbedarf.shop","url":"https:\/\/der-schulbedarf.shop\/produkt-des-monats\/","logo":{"@type":"ImageObject","inLanguage":"de","@id":"https:\/\/der-schulbedarf.shop\/produkt-des-monats\/#\/schema\/logo\/image\/","url":"https:\/\/der-schulbedarf.shop\/wp-content\/uploads\/2024\/02\/grafik-e1709551115899.png","contentUrl":"https:\/\/der-schulbedarf.shop\/wp-content\/uploads\/2024\/02\/grafik-e1709551115899.png","width":80,"height":80,"caption":"der-Schulbedarf.shop"},"image":{"@id":"https:\/\/der-schulbedarf.shop\/produkt-des-monats\/#\/schema\/logo\/image\/"}}]}},"_links":{"self":[{"href":"https:\/\/der-schulbedarf.shop\/produkt-des-monats\/wp-json\/wp\/v2\/product\/808","targetHints":{"allow":["GET"]}}],"collection":[{"href":"https:\/\/der-schulbedarf.shop\/produkt-des-monats\/wp-json\/wp\/v2\/product"}],"about":[{"href":"https:\/\/der-schulbedarf.shop\/produkt-des-monats\/wp-json\/wp\/v2\/types\/product"}],"replies":[{"embeddable":true,"href":"https:\/\/der-schulbedarf.shop\/produkt-des-monats\/wp-json\/wp\/v2\/comments?post=808"}],"wp:featuredmedia":[{"embeddable":true,"href":"https:\/\/der-schulbedarf.shop\/produkt-des-monats\/wp-json\/wp\/v2\/media\/2650"}],"wp:attachment":[{"href":"https:\/\/der-schulbedarf.shop\/produkt-des-monats\/wp-json\/wp\/v2\/media?parent=808"}],"wp:term":[{"taxonomy":"product_cat","embeddable":true,"href":"https:\/\/der-schulbedarf.shop\/produkt-des-monats\/wp-json\/wp\/v2\/product_cat?post=808"},{"taxonomy":"product_tag","embeddable":true,"href":"https:\/\/der-schulbedarf.shop\/produkt-des-monats\/wp-json\/wp\/v2\/product_tag?post=808"}],"curies":[{"name":"wp","href":"https:\/\/api.w.org\/{rel}","templated":true}]}}