{"id":815,"date":"2023-06-07T10:58:08","date_gmt":"2023-06-07T10:58:08","guid":{"rendered":"https:\/\/der-schulbedarf.Shop\/?post_type=product&#038;p=815"},"modified":"2024-11-26T13:04:01","modified_gmt":"2024-11-26T13:04:01","slug":"leserabe-sonderausgaben-rabenstarke-silbengeschichten-fuer-jungs","status":"publish","type":"product","link":"https:\/\/der-schulbedarf.shop\/produkt-des-monats\/produkt\/leserabe-sonderausgaben-rabenstarke-silbengeschichten-fuer-jungs\/","title":{"rendered":"Leserabe &#8211; Sonderausgaben: Rabenstarke Silbengeschichten f\u00fcr Jungs"},"content":{"rendered":"<p>Leserabe &#8211; Sonderausgaben: Rabenstarke Silbengeschichten f\u00fcr Jungs<\/p>\n<p>Ritter Milchbart wird von seinen Eltern wie ein kleines Kind behandelt. Doch als die Prinzessin entf\u00fchrt wird, kann er zeigen, was in ihm steckt. Die Bolzplatz-Bande steht vor der Entscheidung, ob sie beim gro\u00dfen Vereins-Turnier mitkickt.<\/p>\n<p>Lesen lernen wie im Flug! Die Kinderb\u00fccher der Reihe Leserabe \u2013 1. Lesestufe wurden mit P\u00e4dagogen entwickelt und richten sich an Leseanf\u00e4nger ab der 1. Klasse. Die original Mildenberger Silbenmethode f\u00f6rdert die Lesekompetenz: Silben in Rot und Blau helfen beim Lesenlernen und verbessern nachweislich die Rechtschreibung. Empfohlen von Stiftung Lesen, gelistet bei Antolin.<\/p>\n","protected":false},"excerpt":{"rendered":"<p>Leserabe &#8211; Sonderausgaben: Rabenstarke Silbengeschichten f\u00fcr Jungs Ritter Milchbart wird von seinen Eltern wie ein kleines Kind behandelt. Doch als die Prinzessin entf\u00fchrt wird, kann er zeigen, was in ihm steckt. Die Bolzplatz-Bande steht vor der Entscheidung, ob sie beim gro\u00dfen Vereins-Turnier mitkickt. Lesen lernen wie im Flug! Die Kinderb\u00fccher der Reihe Leserabe \u2013 1. [&hellip;]<\/p>\n","protected":false},"featured_media":2646,"comment_status":"open","ping_status":"closed","template":"","meta":[],"product_cat":[899,224,915,944,225],"product_tag":[192,111,338,200,201,247,196,197,195,190,115,199,114,206,113,112,207,198,181,185,202,179,302,336,335,193,180,245,322,337,177,178],"class_list":{"0":"post-815","1":"product","2":"type-product","3":"status-publish","4":"has-post-thumbnail","6":"product_cat-1-klasse","7":"product_cat-kinderbuecher","8":"product_cat-produkt-feeds","9":"product_cat-produktzufuehrung-geizhal","10":"product_cat-ravensburger-kinderbuecher","11":"product_tag-antolin","12":"product_tag-beschaeftigung","13":"product_tag-boltzplatz","14":"product_tag-buch","15":"product_tag-buecher","16":"product_tag-drache","17":"product_tag-erstlesebuch","18":"product_tag-erstlesebuecher","19":"product_tag-erstleser","20":"product_tag-freundschaft","21":"product_tag-fuer-jungen","22":"product_tag-fuer-kinder-ab-6-jahre","23":"product_tag-fuer-maedchen","24":"product_tag-fussball","25":"product_tag-geschenk","26":"product_tag-geschenkidee","27":"product_tag-junge","28":"product_tag-kinderbuch","29":"product_tag-kinderbuecher","30":"product_tag-leseanfaenger","31":"product_tag-lesen","32":"product_tag-lesen-lernen","33":"product_tag-leseraetsel","34":"product_tag-mut","35":"product_tag-prinzessin","36":"product_tag-ravensburger","37":"product_tag-ravensburger-erstes-lernen","38":"product_tag-ritter","39":"product_tag-turnier","40":"product_tag-verein","41":"product_tag-zuhause-lernen","42":"product_tag-zuhause-unterrichten","43":"post","44":"post-with-thumbnail","45":"post-with-thumbnail-large","47":"first","48":"instock","49":"taxable","50":"shipping-taxable","51":"purchasable","52":"product-type-simple"},"yoast_head":"<!-- This site is optimized with the Yoast SEO plugin v26.6 - https:\/\/yoast.com\/wordpress\/plugins\/seo\/ -->\n<title>Leserabe - Rabenstarke Silbengeschichten f\u00fcr Jungs.<\/title>\n<meta name=\"description\" content=\"Leserabe - Rabenstarke Silbengeschichten f\u00fcr Jungs. Lustige Geschichten um Ritter Milchbart und die Bolzplatz Bande. F\u00fcr Kinder ab 6 Jahren.\" \/>\n<meta name=\"robots\" content=\"index, follow, max-snippet:-1, max-image-preview:large, max-video-preview:-1\" \/>\n<link rel=\"canonical\" href=\"https:\/\/der-schulbedarf.shop\/produkt-des-monats\/produkt\/leserabe-sonderausgaben-rabenstarke-silbengeschichten-fuer-jungs\/\" \/>\n<meta property=\"og:locale\" content=\"de_DE\" \/>\n<meta property=\"og:type\" content=\"article\" \/>\n<meta property=\"og:title\" content=\"Leserabe - Rabenstarke Silbengeschichten f\u00fcr Jungs.\" \/>\n<meta property=\"og:description\" content=\"Leserabe - Rabenstarke Silbengeschichten f\u00fcr Jungs. Lustige Geschichten um Ritter Milchbart und die Bolzplatz Bande. F\u00fcr Kinder ab 6 Jahren.\" \/>\n<meta property=\"og:url\" content=\"https:\/\/der-schulbedarf.shop\/produkt-des-monats\/produkt\/leserabe-sonderausgaben-rabenstarke-silbengeschichten-fuer-jungs\/\" \/>\n<meta property=\"og:site_name\" content=\"der-Schulbedarf.shop\" \/>\n<meta property=\"article:modified_time\" content=\"2024-11-26T13:04:01+00:00\" \/>\n<meta property=\"og:image\" content=\"https:\/\/der-schulbedarf.shop\/wp-content\/uploads\/2023\/06\/AN-36576_1-720x380-1.webp\" \/>\n\t<meta property=\"og:image:width\" content=\"720\" \/>\n\t<meta property=\"og:image:height\" content=\"380\" \/>\n\t<meta property=\"og:image:type\" content=\"image\/webp\" \/>\n<meta name=\"twitter:card\" content=\"summary_large_image\" \/>\n<meta name=\"twitter:label1\" content=\"Gesch\u00e4tzte Lesezeit\" \/>\n\t<meta name=\"twitter:data1\" content=\"1\u00a0Minute\" \/>\n<script type=\"application\/ld+json\" class=\"yoast-schema-graph\">{\"@context\":\"https:\/\/schema.org\",\"@graph\":[{\"@type\":\"WebPage\",\"@id\":\"https:\/\/der-schulbedarf.shop\/produkt-des-monats\/produkt\/leserabe-sonderausgaben-rabenstarke-silbengeschichten-fuer-jungs\/\",\"url\":\"https:\/\/der-schulbedarf.shop\/produkt-des-monats\/produkt\/leserabe-sonderausgaben-rabenstarke-silbengeschichten-fuer-jungs\/\",\"name\":\"Leserabe - Rabenstarke Silbengeschichten f\u00fcr Jungs.\",\"isPartOf\":{\"@id\":\"https:\/\/der-schulbedarf.shop\/produkt-des-monats\/#website\"},\"primaryImageOfPage\":{\"@id\":\"https:\/\/der-schulbedarf.shop\/produkt-des-monats\/produkt\/leserabe-sonderausgaben-rabenstarke-silbengeschichten-fuer-jungs\/#primaryimage\"},\"image\":{\"@id\":\"https:\/\/der-schulbedarf.shop\/produkt-des-monats\/produkt\/leserabe-sonderausgaben-rabenstarke-silbengeschichten-fuer-jungs\/#primaryimage\"},\"thumbnailUrl\":\"https:\/\/der-schulbedarf.shop\/wp-content\/uploads\/2023\/06\/AN-36576_1-720x380-1.webp\",\"datePublished\":\"2023-06-07T10:58:08+00:00\",\"dateModified\":\"2024-11-26T13:04:01+00:00\",\"description\":\"Leserabe - Rabenstarke Silbengeschichten f\u00fcr Jungs. Lustige Geschichten um Ritter Milchbart und die Bolzplatz Bande. F\u00fcr Kinder ab 6 Jahren.\",\"breadcrumb\":{\"@id\":\"https:\/\/der-schulbedarf.shop\/produkt-des-monats\/produkt\/leserabe-sonderausgaben-rabenstarke-silbengeschichten-fuer-jungs\/#breadcrumb\"},\"inLanguage\":\"de\",\"potentialAction\":[{\"@type\":\"ReadAction\",\"target\":[\"https:\/\/der-schulbedarf.shop\/produkt-des-monats\/produkt\/leserabe-sonderausgaben-rabenstarke-silbengeschichten-fuer-jungs\/\"]}]},{\"@type\":\"ImageObject\",\"inLanguage\":\"de\",\"@id\":\"https:\/\/der-schulbedarf.shop\/produkt-des-monats\/produkt\/leserabe-sonderausgaben-rabenstarke-silbengeschichten-fuer-jungs\/#primaryimage\",\"url\":\"https:\/\/der-schulbedarf.shop\/wp-content\/uploads\/2023\/06\/AN-36576_1-720x380-1.webp\",\"contentUrl\":\"https:\/\/der-schulbedarf.shop\/wp-content\/uploads\/2023\/06\/AN-36576_1-720x380-1.webp\",\"width\":720,\"height\":380},{\"@type\":\"BreadcrumbList\",\"@id\":\"https:\/\/der-schulbedarf.shop\/produkt-des-monats\/produkt\/leserabe-sonderausgaben-rabenstarke-silbengeschichten-fuer-jungs\/#breadcrumb\",\"itemListElement\":[{\"@type\":\"ListItem\",\"position\":1,\"name\":\"Shop\",\"item\":\"https:\/\/der-schulbedarf.shop\/produkt-des-monats\/shop\/\"},{\"@type\":\"ListItem\",\"position\":2,\"name\":\"Leserabe &#8211; Sonderausgaben: Rabenstarke Silbengeschichten f\u00fcr Jungs\"}]},{\"@type\":\"WebSite\",\"@id\":\"https:\/\/der-schulbedarf.shop\/produkt-des-monats\/#website\",\"url\":\"https:\/\/der-schulbedarf.shop\/produkt-des-monats\/\",\"name\":\"der-Schulbedarf.shop\",\"description\":\"\",\"publisher\":{\"@id\":\"https:\/\/der-schulbedarf.shop\/produkt-des-monats\/#organization\"},\"potentialAction\":[{\"@type\":\"SearchAction\",\"target\":{\"@type\":\"EntryPoint\",\"urlTemplate\":\"https:\/\/der-schulbedarf.shop\/produkt-des-monats\/?s={search_term_string}\"},\"query-input\":{\"@type\":\"PropertyValueSpecification\",\"valueRequired\":true,\"valueName\":\"search_term_string\"}}],\"inLanguage\":\"de\"},{\"@type\":\"Organization\",\"@id\":\"https:\/\/der-schulbedarf.shop\/produkt-des-monats\/#organization\",\"name\":\"der-Schulbedarf.shop\",\"url\":\"https:\/\/der-schulbedarf.shop\/produkt-des-monats\/\",\"logo\":{\"@type\":\"ImageObject\",\"inLanguage\":\"de\",\"@id\":\"https:\/\/der-schulbedarf.shop\/produkt-des-monats\/#\/schema\/logo\/image\/\",\"url\":\"https:\/\/der-schulbedarf.shop\/wp-content\/uploads\/2024\/02\/grafik-e1709551115899.png\",\"contentUrl\":\"https:\/\/der-schulbedarf.shop\/wp-content\/uploads\/2024\/02\/grafik-e1709551115899.png\",\"width\":80,\"height\":80,\"caption\":\"der-Schulbedarf.shop\"},\"image\":{\"@id\":\"https:\/\/der-schulbedarf.shop\/produkt-des-monats\/#\/schema\/logo\/image\/\"}}]}<\/script>\n<!-- \/ Yoast SEO plugin. -->","yoast_head_json":{"title":"Leserabe - Rabenstarke Silbengeschichten f\u00fcr Jungs.","description":"Leserabe - Rabenstarke Silbengeschichten f\u00fcr Jungs. Lustige Geschichten um Ritter Milchbart und die Bolzplatz Bande. F\u00fcr Kinder ab 6 Jahren.","robots":{"index":"index","follow":"follow","max-snippet":"max-snippet:-1","max-image-preview":"max-image-preview:large","max-video-preview":"max-video-preview:-1"},"canonical":"https:\/\/der-schulbedarf.shop\/produkt-des-monats\/produkt\/leserabe-sonderausgaben-rabenstarke-silbengeschichten-fuer-jungs\/","og_locale":"de_DE","og_type":"article","og_title":"Leserabe - Rabenstarke Silbengeschichten f\u00fcr Jungs.","og_description":"Leserabe - Rabenstarke Silbengeschichten f\u00fcr Jungs. Lustige Geschichten um Ritter Milchbart und die Bolzplatz Bande. F\u00fcr Kinder ab 6 Jahren.","og_url":"https:\/\/der-schulbedarf.shop\/produkt-des-monats\/produkt\/leserabe-sonderausgaben-rabenstarke-silbengeschichten-fuer-jungs\/","og_site_name":"der-Schulbedarf.shop","article_modified_time":"2024-11-26T13:04:01+00:00","og_image":[{"width":720,"height":380,"url":"https:\/\/der-schulbedarf.shop\/wp-content\/uploads\/2023\/06\/AN-36576_1-720x380-1.webp","type":"image\/webp"}],"twitter_card":"summary_large_image","twitter_misc":{"Gesch\u00e4tzte Lesezeit":"1\u00a0Minute"},"schema":{"@context":"https:\/\/schema.org","@graph":[{"@type":"WebPage","@id":"https:\/\/der-schulbedarf.shop\/produkt-des-monats\/produkt\/leserabe-sonderausgaben-rabenstarke-silbengeschichten-fuer-jungs\/","url":"https:\/\/der-schulbedarf.shop\/produkt-des-monats\/produkt\/leserabe-sonderausgaben-rabenstarke-silbengeschichten-fuer-jungs\/","name":"Leserabe - Rabenstarke Silbengeschichten f\u00fcr Jungs.","isPartOf":{"@id":"https:\/\/der-schulbedarf.shop\/produkt-des-monats\/#website"},"primaryImageOfPage":{"@id":"https:\/\/der-schulbedarf.shop\/produkt-des-monats\/produkt\/leserabe-sonderausgaben-rabenstarke-silbengeschichten-fuer-jungs\/#primaryimage"},"image":{"@id":"https:\/\/der-schulbedarf.shop\/produkt-des-monats\/produkt\/leserabe-sonderausgaben-rabenstarke-silbengeschichten-fuer-jungs\/#primaryimage"},"thumbnailUrl":"https:\/\/der-schulbedarf.shop\/wp-content\/uploads\/2023\/06\/AN-36576_1-720x380-1.webp","datePublished":"2023-06-07T10:58:08+00:00","dateModified":"2024-11-26T13:04:01+00:00","description":"Leserabe - Rabenstarke Silbengeschichten f\u00fcr Jungs. Lustige Geschichten um Ritter Milchbart und die Bolzplatz Bande. F\u00fcr Kinder ab 6 Jahren.","breadcrumb":{"@id":"https:\/\/der-schulbedarf.shop\/produkt-des-monats\/produkt\/leserabe-sonderausgaben-rabenstarke-silbengeschichten-fuer-jungs\/#breadcrumb"},"inLanguage":"de","potentialAction":[{"@type":"ReadAction","target":["https:\/\/der-schulbedarf.shop\/produkt-des-monats\/produkt\/leserabe-sonderausgaben-rabenstarke-silbengeschichten-fuer-jungs\/"]}]},{"@type":"ImageObject","inLanguage":"de","@id":"https:\/\/der-schulbedarf.shop\/produkt-des-monats\/produkt\/leserabe-sonderausgaben-rabenstarke-silbengeschichten-fuer-jungs\/#primaryimage","url":"https:\/\/der-schulbedarf.shop\/wp-content\/uploads\/2023\/06\/AN-36576_1-720x380-1.webp","contentUrl":"https:\/\/der-schulbedarf.shop\/wp-content\/uploads\/2023\/06\/AN-36576_1-720x380-1.webp","width":720,"height":380},{"@type":"BreadcrumbList","@id":"https:\/\/der-schulbedarf.shop\/produkt-des-monats\/produkt\/leserabe-sonderausgaben-rabenstarke-silbengeschichten-fuer-jungs\/#breadcrumb","itemListElement":[{"@type":"ListItem","position":1,"name":"Shop","item":"https:\/\/der-schulbedarf.shop\/produkt-des-monats\/shop\/"},{"@type":"ListItem","position":2,"name":"Leserabe &#8211; Sonderausgaben: Rabenstarke Silbengeschichten f\u00fcr Jungs"}]},{"@type":"WebSite","@id":"https:\/\/der-schulbedarf.shop\/produkt-des-monats\/#website","url":"https:\/\/der-schulbedarf.shop\/produkt-des-monats\/","name":"der-Schulbedarf.shop","description":"","publisher":{"@id":"https:\/\/der-schulbedarf.shop\/produkt-des-monats\/#organization"},"potentialAction":[{"@type":"SearchAction","target":{"@type":"EntryPoint","urlTemplate":"https:\/\/der-schulbedarf.shop\/produkt-des-monats\/?s={search_term_string}"},"query-input":{"@type":"PropertyValueSpecification","valueRequired":true,"valueName":"search_term_string"}}],"inLanguage":"de"},{"@type":"Organization","@id":"https:\/\/der-schulbedarf.shop\/produkt-des-monats\/#organization","name":"der-Schulbedarf.shop","url":"https:\/\/der-schulbedarf.shop\/produkt-des-monats\/","logo":{"@type":"ImageObject","inLanguage":"de","@id":"https:\/\/der-schulbedarf.shop\/produkt-des-monats\/#\/schema\/logo\/image\/","url":"https:\/\/der-schulbedarf.shop\/wp-content\/uploads\/2024\/02\/grafik-e1709551115899.png","contentUrl":"https:\/\/der-schulbedarf.shop\/wp-content\/uploads\/2024\/02\/grafik-e1709551115899.png","width":80,"height":80,"caption":"der-Schulbedarf.shop"},"image":{"@id":"https:\/\/der-schulbedarf.shop\/produkt-des-monats\/#\/schema\/logo\/image\/"}}]}},"_links":{"self":[{"href":"https:\/\/der-schulbedarf.shop\/produkt-des-monats\/wp-json\/wp\/v2\/product\/815","targetHints":{"allow":["GET"]}}],"collection":[{"href":"https:\/\/der-schulbedarf.shop\/produkt-des-monats\/wp-json\/wp\/v2\/product"}],"about":[{"href":"https:\/\/der-schulbedarf.shop\/produkt-des-monats\/wp-json\/wp\/v2\/types\/product"}],"replies":[{"embeddable":true,"href":"https:\/\/der-schulbedarf.shop\/produkt-des-monats\/wp-json\/wp\/v2\/comments?post=815"}],"wp:featuredmedia":[{"embeddable":true,"href":"https:\/\/der-schulbedarf.shop\/produkt-des-monats\/wp-json\/wp\/v2\/media\/2646"}],"wp:attachment":[{"href":"https:\/\/der-schulbedarf.shop\/produkt-des-monats\/wp-json\/wp\/v2\/media?parent=815"}],"wp:term":[{"taxonomy":"product_cat","embeddable":true,"href":"https:\/\/der-schulbedarf.shop\/produkt-des-monats\/wp-json\/wp\/v2\/product_cat?post=815"},{"taxonomy":"product_tag","embeddable":true,"href":"https:\/\/der-schulbedarf.shop\/produkt-des-monats\/wp-json\/wp\/v2\/product_tag?post=815"}],"curies":[{"name":"wp","href":"https:\/\/api.w.org\/{rel}","templated":true}]}}