{"id":839,"date":"2023-06-14T05:45:03","date_gmt":"2023-06-14T05:45:03","guid":{"rendered":"https:\/\/der-schulbedarf.Shop\/?post_type=product&#038;p=839"},"modified":"2025-08-22T06:54:20","modified_gmt":"2025-08-22T06:54:20","slug":"leonie-looping-band-8-die-waldolympiade","status":"publish","type":"product","link":"https:\/\/der-schulbedarf.shop\/produkt-des-monats\/produkt\/leonie-looping-band-8-die-waldolympiade\/","title":{"rendered":"Leonie Looping, Band 8: Die Waldolympiade"},"content":{"rendered":"<p>Picasso, der Dackel des Hausmeisters, ist \u00fcber den Winter kugelrund geworden. Ein Fall f\u00fcr die Schmetterlingselfen! Mit vereinten Kr\u00e4ften gelingt es den Freunden, Picasso fit f\u00fcr die gro\u00dfe Waldolympiade zu machen. Band 8 der Erstlesereihe erscheint p\u00fcnktlich zur Sommerolympiade 2020. Mit vielen kindgerechten Tipps f\u00fcr mehr Bewegung.<\/p>\n<p>Dein Abenteuer \u2013 nur einen Fl\u00fcgelschlag entfernt!Im Mittelpunkt von Band 8\u00a0steht Picasso, der Dackel des Hausmeisters. \u00dcber den Winter hat er zu viel Speck angesetzt, jetzt ist er tr\u00e4ge und f\u00fchlt sich nicht mehr wohl in seiner Haut. Doch daran l\u00e4sst sich etwas \u00e4ndern! Leonie und die Schmetterlingselfen beschlie\u00dfen, Picasso zu trainieren. Das ist auch dringend notwendig, denn Picasso l\u00e4sst sich vom Fuchs zu einem ungleichen Wettkampf herausfordern. Mit Hilfe der weisen Eule Waldfuzius\u00a0und dank der vereinten Kr\u00e4fte der Schmetterlingselfen tritt\u00a0Picasso schlie\u00dflich\u00a0bei der gro\u00dfen Waldolympiade\u00a0gegen den Fuchs an. Doch dann kommt alles anders als geplant&#8230;Band 8 der Erstlesereihe\u00a0erscheint p\u00fcnktlich zur Sommerolympiade 2020. Mit kindgerechten\u00a0Tipps f\u00fcr mehr Bewegung und Fitness!Band 1: Leonie Looping \u2013 Das Geheimnis auf dem BalkonBand 2: Leonie Looping \u2013 Das Abenteuer am WaldseeBand 3: Leonie Looping \u2013 Der verr\u00fcckte Schrumpferbsen-UnfallBand 4: Leonie Looping \u2013 Das R\u00e4tsel um die BienenBand 5: Leonie Looping \u2013 Die verschwundenen DingeBand 6: Leonie Looping \u2013 Ein elfenstarker WinterBand 7:\u00a0Leonie Looping \u2013 Kleine Robbe in NotBand 8: Leonie Looping\u00a0\u2013 Die Waldolympiade<\/p>\n","protected":false},"excerpt":{"rendered":"<p>Picasso, der Dackel des Hausmeisters, ist \u00fcber den Winter kugelrund geworden. Ein Fall f\u00fcr die Schmetterlingselfen! Mit vereinten Kr\u00e4ften gelingt es den Freunden, Picasso fit f\u00fcr die gro\u00dfe Waldolympiade zu machen. Band 8 der Erstlesereihe erscheint p\u00fcnktlich zur Sommerolympiade 2020. Mit vielen kindgerechten Tipps f\u00fcr mehr Bewegung. Dein Abenteuer \u2013 nur einen Fl\u00fcgelschlag entfernt!Im Mittelpunkt [&hellip;]<\/p>\n","protected":false},"featured_media":2773,"comment_status":"open","ping_status":"closed","template":"","meta":[],"product_cat":[224,915,944,225],"product_tag":[192,111,200,201,230,196,197,195,334,352,353,115,223,114,113,210,112,198,181,229,202,179,231,354,193,180,357,356,233,355,177,178],"class_list":{"0":"post-839","1":"product","2":"type-product","3":"status-publish","4":"has-post-thumbnail","6":"product_cat-kinderbuecher","7":"product_cat-produkt-feeds","8":"product_cat-produktzufuehrung-geizhal","9":"product_cat-ravensburger-kinderbuecher","10":"product_tag-antolin","11":"product_tag-beschaeftigung","12":"product_tag-buch","13":"product_tag-buecher","14":"product_tag-elfen","15":"product_tag-erstlesebuch","16":"product_tag-erstlesebuecher","17":"product_tag-erstleser","18":"product_tag-erstlesereihe","19":"product_tag-fitness","20":"product_tag-fruehling","21":"product_tag-fuer-jungen","22":"product_tag-fuer-kinder-ab-7-jahre","23":"product_tag-fuer-maedchen","24":"product_tag-geschenk","25":"product_tag-geschenk-kinder","26":"product_tag-geschenkidee","27":"product_tag-kinderbuch","28":"product_tag-kinderbuecher","29":"product_tag-leonie-looping","30":"product_tag-lesen","31":"product_tag-lesen-lernen","32":"product_tag-nachhaltigkeit","33":"product_tag-olympiade","34":"product_tag-ravensburger","35":"product_tag-ravensburger-erstes-lernen","36":"product_tag-sport","37":"product_tag-training","38":"product_tag-umwelt","39":"product_tag-wettkampf","40":"product_tag-zuhause-lernen","41":"product_tag-zuhause-unterrichten","42":"post","43":"post-with-thumbnail","44":"post-with-thumbnail-large","46":"first","47":"outofstock","48":"taxable","49":"shipping-taxable","50":"purchasable","51":"product-type-simple"},"yoast_head":"<!-- This site is optimized with the Yoast SEO plugin v26.6 - https:\/\/yoast.com\/wordpress\/plugins\/seo\/ -->\n<title>Leonie Looping, Band 8: Die Waldolympiade - der-Schulbedarf.shop<\/title>\n<meta name=\"robots\" content=\"index, follow, max-snippet:-1, max-image-preview:large, max-video-preview:-1\" \/>\n<link rel=\"canonical\" href=\"https:\/\/der-schulbedarf.shop\/produkt-des-monats\/produkt\/leonie-looping-band-8-die-waldolympiade\/\" \/>\n<meta property=\"og:locale\" content=\"de_DE\" \/>\n<meta property=\"og:type\" content=\"article\" \/>\n<meta property=\"og:title\" content=\"Leonie Looping, Band 8: Die Waldolympiade - der-Schulbedarf.shop\" \/>\n<meta property=\"og:description\" content=\"Picasso, der Dackel des Hausmeisters, ist \u00fcber den Winter kugelrund geworden. Ein Fall f\u00fcr die Schmetterlingselfen! Mit vereinten Kr\u00e4ften gelingt es den Freunden, Picasso fit f\u00fcr die gro\u00dfe Waldolympiade zu machen. Band 8 der Erstlesereihe erscheint p\u00fcnktlich zur Sommerolympiade 2020. Mit vielen kindgerechten Tipps f\u00fcr mehr Bewegung. Dein Abenteuer \u2013 nur einen Fl\u00fcgelschlag entfernt!Im Mittelpunkt [&hellip;]\" \/>\n<meta property=\"og:url\" content=\"https:\/\/der-schulbedarf.shop\/produkt-des-monats\/produkt\/leonie-looping-band-8-die-waldolympiade\/\" \/>\n<meta property=\"og:site_name\" content=\"der-Schulbedarf.shop\" \/>\n<meta property=\"article:modified_time\" content=\"2025-08-22T06:54:20+00:00\" \/>\n<meta property=\"og:image\" content=\"https:\/\/der-schulbedarf.shop\/wp-content\/uploads\/2023\/06\/AN-36583_1-700x380-1.webp\" \/>\n\t<meta property=\"og:image:width\" content=\"700\" \/>\n\t<meta property=\"og:image:height\" content=\"380\" \/>\n\t<meta property=\"og:image:type\" content=\"image\/webp\" \/>\n<meta name=\"twitter:card\" content=\"summary_large_image\" \/>\n<meta name=\"twitter:label1\" content=\"Gesch\u00e4tzte Lesezeit\" \/>\n\t<meta name=\"twitter:data1\" content=\"2\u00a0Minuten\" \/>\n<script type=\"application\/ld+json\" class=\"yoast-schema-graph\">{\"@context\":\"https:\/\/schema.org\",\"@graph\":[{\"@type\":\"WebPage\",\"@id\":\"https:\/\/der-schulbedarf.shop\/produkt-des-monats\/produkt\/leonie-looping-band-8-die-waldolympiade\/\",\"url\":\"https:\/\/der-schulbedarf.shop\/produkt-des-monats\/produkt\/leonie-looping-band-8-die-waldolympiade\/\",\"name\":\"Leonie Looping, Band 8: Die Waldolympiade - der-Schulbedarf.shop\",\"isPartOf\":{\"@id\":\"https:\/\/der-schulbedarf.shop\/produkt-des-monats\/#website\"},\"primaryImageOfPage\":{\"@id\":\"https:\/\/der-schulbedarf.shop\/produkt-des-monats\/produkt\/leonie-looping-band-8-die-waldolympiade\/#primaryimage\"},\"image\":{\"@id\":\"https:\/\/der-schulbedarf.shop\/produkt-des-monats\/produkt\/leonie-looping-band-8-die-waldolympiade\/#primaryimage\"},\"thumbnailUrl\":\"https:\/\/der-schulbedarf.shop\/wp-content\/uploads\/2023\/06\/AN-36583_1-700x380-1.webp\",\"datePublished\":\"2023-06-14T05:45:03+00:00\",\"dateModified\":\"2025-08-22T06:54:20+00:00\",\"breadcrumb\":{\"@id\":\"https:\/\/der-schulbedarf.shop\/produkt-des-monats\/produkt\/leonie-looping-band-8-die-waldolympiade\/#breadcrumb\"},\"inLanguage\":\"de\",\"potentialAction\":[{\"@type\":\"ReadAction\",\"target\":[\"https:\/\/der-schulbedarf.shop\/produkt-des-monats\/produkt\/leonie-looping-band-8-die-waldolympiade\/\"]}]},{\"@type\":\"ImageObject\",\"inLanguage\":\"de\",\"@id\":\"https:\/\/der-schulbedarf.shop\/produkt-des-monats\/produkt\/leonie-looping-band-8-die-waldolympiade\/#primaryimage\",\"url\":\"https:\/\/der-schulbedarf.shop\/wp-content\/uploads\/2023\/06\/AN-36583_1-700x380-1.webp\",\"contentUrl\":\"https:\/\/der-schulbedarf.shop\/wp-content\/uploads\/2023\/06\/AN-36583_1-700x380-1.webp\",\"width\":700,\"height\":380},{\"@type\":\"BreadcrumbList\",\"@id\":\"https:\/\/der-schulbedarf.shop\/produkt-des-monats\/produkt\/leonie-looping-band-8-die-waldolympiade\/#breadcrumb\",\"itemListElement\":[{\"@type\":\"ListItem\",\"position\":1,\"name\":\"Shop\",\"item\":\"https:\/\/der-schulbedarf.shop\/produkt-des-monats\/shop\/\"},{\"@type\":\"ListItem\",\"position\":2,\"name\":\"Leonie Looping, Band 8: Die Waldolympiade\"}]},{\"@type\":\"WebSite\",\"@id\":\"https:\/\/der-schulbedarf.shop\/produkt-des-monats\/#website\",\"url\":\"https:\/\/der-schulbedarf.shop\/produkt-des-monats\/\",\"name\":\"der-Schulbedarf.shop\",\"description\":\"\",\"publisher\":{\"@id\":\"https:\/\/der-schulbedarf.shop\/produkt-des-monats\/#organization\"},\"potentialAction\":[{\"@type\":\"SearchAction\",\"target\":{\"@type\":\"EntryPoint\",\"urlTemplate\":\"https:\/\/der-schulbedarf.shop\/produkt-des-monats\/?s={search_term_string}\"},\"query-input\":{\"@type\":\"PropertyValueSpecification\",\"valueRequired\":true,\"valueName\":\"search_term_string\"}}],\"inLanguage\":\"de\"},{\"@type\":\"Organization\",\"@id\":\"https:\/\/der-schulbedarf.shop\/produkt-des-monats\/#organization\",\"name\":\"der-Schulbedarf.shop\",\"url\":\"https:\/\/der-schulbedarf.shop\/produkt-des-monats\/\",\"logo\":{\"@type\":\"ImageObject\",\"inLanguage\":\"de\",\"@id\":\"https:\/\/der-schulbedarf.shop\/produkt-des-monats\/#\/schema\/logo\/image\/\",\"url\":\"https:\/\/der-schulbedarf.shop\/wp-content\/uploads\/2024\/02\/grafik-e1709551115899.png\",\"contentUrl\":\"https:\/\/der-schulbedarf.shop\/wp-content\/uploads\/2024\/02\/grafik-e1709551115899.png\",\"width\":80,\"height\":80,\"caption\":\"der-Schulbedarf.shop\"},\"image\":{\"@id\":\"https:\/\/der-schulbedarf.shop\/produkt-des-monats\/#\/schema\/logo\/image\/\"}}]}<\/script>\n<!-- \/ Yoast SEO plugin. -->","yoast_head_json":{"title":"Leonie Looping, Band 8: Die Waldolympiade - der-Schulbedarf.shop","robots":{"index":"index","follow":"follow","max-snippet":"max-snippet:-1","max-image-preview":"max-image-preview:large","max-video-preview":"max-video-preview:-1"},"canonical":"https:\/\/der-schulbedarf.shop\/produkt-des-monats\/produkt\/leonie-looping-band-8-die-waldolympiade\/","og_locale":"de_DE","og_type":"article","og_title":"Leonie Looping, Band 8: Die Waldolympiade - der-Schulbedarf.shop","og_description":"Picasso, der Dackel des Hausmeisters, ist \u00fcber den Winter kugelrund geworden. Ein Fall f\u00fcr die Schmetterlingselfen! Mit vereinten Kr\u00e4ften gelingt es den Freunden, Picasso fit f\u00fcr die gro\u00dfe Waldolympiade zu machen. Band 8 der Erstlesereihe erscheint p\u00fcnktlich zur Sommerolympiade 2020. Mit vielen kindgerechten Tipps f\u00fcr mehr Bewegung. Dein Abenteuer \u2013 nur einen Fl\u00fcgelschlag entfernt!Im Mittelpunkt [&hellip;]","og_url":"https:\/\/der-schulbedarf.shop\/produkt-des-monats\/produkt\/leonie-looping-band-8-die-waldolympiade\/","og_site_name":"der-Schulbedarf.shop","article_modified_time":"2025-08-22T06:54:20+00:00","og_image":[{"width":700,"height":380,"url":"https:\/\/der-schulbedarf.shop\/wp-content\/uploads\/2023\/06\/AN-36583_1-700x380-1.webp","type":"image\/webp"}],"twitter_card":"summary_large_image","twitter_misc":{"Gesch\u00e4tzte Lesezeit":"2\u00a0Minuten"},"schema":{"@context":"https:\/\/schema.org","@graph":[{"@type":"WebPage","@id":"https:\/\/der-schulbedarf.shop\/produkt-des-monats\/produkt\/leonie-looping-band-8-die-waldolympiade\/","url":"https:\/\/der-schulbedarf.shop\/produkt-des-monats\/produkt\/leonie-looping-band-8-die-waldolympiade\/","name":"Leonie Looping, Band 8: Die Waldolympiade - der-Schulbedarf.shop","isPartOf":{"@id":"https:\/\/der-schulbedarf.shop\/produkt-des-monats\/#website"},"primaryImageOfPage":{"@id":"https:\/\/der-schulbedarf.shop\/produkt-des-monats\/produkt\/leonie-looping-band-8-die-waldolympiade\/#primaryimage"},"image":{"@id":"https:\/\/der-schulbedarf.shop\/produkt-des-monats\/produkt\/leonie-looping-band-8-die-waldolympiade\/#primaryimage"},"thumbnailUrl":"https:\/\/der-schulbedarf.shop\/wp-content\/uploads\/2023\/06\/AN-36583_1-700x380-1.webp","datePublished":"2023-06-14T05:45:03+00:00","dateModified":"2025-08-22T06:54:20+00:00","breadcrumb":{"@id":"https:\/\/der-schulbedarf.shop\/produkt-des-monats\/produkt\/leonie-looping-band-8-die-waldolympiade\/#breadcrumb"},"inLanguage":"de","potentialAction":[{"@type":"ReadAction","target":["https:\/\/der-schulbedarf.shop\/produkt-des-monats\/produkt\/leonie-looping-band-8-die-waldolympiade\/"]}]},{"@type":"ImageObject","inLanguage":"de","@id":"https:\/\/der-schulbedarf.shop\/produkt-des-monats\/produkt\/leonie-looping-band-8-die-waldolympiade\/#primaryimage","url":"https:\/\/der-schulbedarf.shop\/wp-content\/uploads\/2023\/06\/AN-36583_1-700x380-1.webp","contentUrl":"https:\/\/der-schulbedarf.shop\/wp-content\/uploads\/2023\/06\/AN-36583_1-700x380-1.webp","width":700,"height":380},{"@type":"BreadcrumbList","@id":"https:\/\/der-schulbedarf.shop\/produkt-des-monats\/produkt\/leonie-looping-band-8-die-waldolympiade\/#breadcrumb","itemListElement":[{"@type":"ListItem","position":1,"name":"Shop","item":"https:\/\/der-schulbedarf.shop\/produkt-des-monats\/shop\/"},{"@type":"ListItem","position":2,"name":"Leonie Looping, Band 8: Die Waldolympiade"}]},{"@type":"WebSite","@id":"https:\/\/der-schulbedarf.shop\/produkt-des-monats\/#website","url":"https:\/\/der-schulbedarf.shop\/produkt-des-monats\/","name":"der-Schulbedarf.shop","description":"","publisher":{"@id":"https:\/\/der-schulbedarf.shop\/produkt-des-monats\/#organization"},"potentialAction":[{"@type":"SearchAction","target":{"@type":"EntryPoint","urlTemplate":"https:\/\/der-schulbedarf.shop\/produkt-des-monats\/?s={search_term_string}"},"query-input":{"@type":"PropertyValueSpecification","valueRequired":true,"valueName":"search_term_string"}}],"inLanguage":"de"},{"@type":"Organization","@id":"https:\/\/der-schulbedarf.shop\/produkt-des-monats\/#organization","name":"der-Schulbedarf.shop","url":"https:\/\/der-schulbedarf.shop\/produkt-des-monats\/","logo":{"@type":"ImageObject","inLanguage":"de","@id":"https:\/\/der-schulbedarf.shop\/produkt-des-monats\/#\/schema\/logo\/image\/","url":"https:\/\/der-schulbedarf.shop\/wp-content\/uploads\/2024\/02\/grafik-e1709551115899.png","contentUrl":"https:\/\/der-schulbedarf.shop\/wp-content\/uploads\/2024\/02\/grafik-e1709551115899.png","width":80,"height":80,"caption":"der-Schulbedarf.shop"},"image":{"@id":"https:\/\/der-schulbedarf.shop\/produkt-des-monats\/#\/schema\/logo\/image\/"}}]}},"_links":{"self":[{"href":"https:\/\/der-schulbedarf.shop\/produkt-des-monats\/wp-json\/wp\/v2\/product\/839","targetHints":{"allow":["GET"]}}],"collection":[{"href":"https:\/\/der-schulbedarf.shop\/produkt-des-monats\/wp-json\/wp\/v2\/product"}],"about":[{"href":"https:\/\/der-schulbedarf.shop\/produkt-des-monats\/wp-json\/wp\/v2\/types\/product"}],"replies":[{"embeddable":true,"href":"https:\/\/der-schulbedarf.shop\/produkt-des-monats\/wp-json\/wp\/v2\/comments?post=839"}],"wp:featuredmedia":[{"embeddable":true,"href":"https:\/\/der-schulbedarf.shop\/produkt-des-monats\/wp-json\/wp\/v2\/media\/2773"}],"wp:attachment":[{"href":"https:\/\/der-schulbedarf.shop\/produkt-des-monats\/wp-json\/wp\/v2\/media?parent=839"}],"wp:term":[{"taxonomy":"product_cat","embeddable":true,"href":"https:\/\/der-schulbedarf.shop\/produkt-des-monats\/wp-json\/wp\/v2\/product_cat?post=839"},{"taxonomy":"product_tag","embeddable":true,"href":"https:\/\/der-schulbedarf.shop\/produkt-des-monats\/wp-json\/wp\/v2\/product_tag?post=839"}],"curies":[{"name":"wp","href":"https:\/\/api.w.org\/{rel}","templated":true}]}}