{"id":860,"date":"2023-06-14T06:47:51","date_gmt":"2023-06-14T06:47:51","guid":{"rendered":"https:\/\/der-schulbedarf.Shop\/?post_type=product&#038;p=860"},"modified":"2025-08-13T13:07:33","modified_gmt":"2025-08-13T13:07:33","slug":"leserabe-2-lesestufe-die-pinguin-piraten","status":"publish","type":"product","link":"https:\/\/der-schulbedarf.shop\/produkt-des-monats\/produkt\/leserabe-2-lesestufe-die-pinguin-piraten\/","title":{"rendered":"Leserabe &#8211; 2. Lesestufe: Die Pinguin-Piraten"},"content":{"rendered":"<p>Leserabe &#8211; 2. Lesestufe: Die Pinguin-Piraten<\/p>\n<p>Die drei Pinguinfreunde Alex, Frida und Pedro entdecken unter Wasser einen Schatz. Leider klauen fiese Raubm\u00f6wen ihre Goldm\u00fcnzen. Doch mit einem Trick holen sich die Pinguin-Piraten ihre Beute zur\u00fcck. Eine Abenteuergeschichte f\u00fcr Erstleser ab Klasse 2.<\/p>\n<p>Lesen lernen wie im Flug! Die Kinderb\u00fccher der Reihe Leserabe \u2013 2. Lesestufe wurden mit P\u00e4dagogen entwickelt und richten sich an fortgeschrittene Erstleser ab der 2. Klasse. Spannende Geschichten in Fibel Schrift wecken die Lesemotivation von M\u00e4dchen und Jungen ab 7 Jahren. Durch Verst\u00e4ndnis fragen zum Text wird das Gelesene spielerisch \u00fcberpr\u00fcft.<\/p>\n<p>Empfohlen von Stiftung Lesen, gelistet bei Antolin. Weitere Informationen auf leserabe.de.<\/p>\n<p>&nbsp;<\/p>\n<p>&nbsp;<\/p>\n","protected":false},"excerpt":{"rendered":"<p>Leserabe &#8211; 2. Lesestufe: Die Pinguin-Piraten Die drei Pinguinfreunde Alex, Frida und Pedro entdecken unter Wasser einen Schatz. Leider klauen fiese Raubm\u00f6wen ihre Goldm\u00fcnzen. Doch mit einem Trick holen sich die Pinguin-Piraten ihre Beute zur\u00fcck. Eine Abenteuergeschichte f\u00fcr Erstleser ab Klasse 2. Lesen lernen wie im Flug! Die Kinderb\u00fccher der Reihe Leserabe \u2013 2. Lesestufe [&hellip;]<\/p>\n","protected":false},"featured_media":2733,"comment_status":"open","ping_status":"closed","template":"","meta":[],"product_cat":[224,915,944,225,37],"product_tag":[192,111,200,201,383,384,196,197,195,190,115,223,114,113,210,112,198,181,202,179,194,336,382,264,193,180,362,266,386,385,177,178],"class_list":{"0":"post-860","1":"product","2":"type-product","3":"status-publish","4":"has-post-thumbnail","6":"product_cat-kinderbuecher","7":"product_cat-produkt-feeds","8":"product_cat-produktzufuehrung-geizhal","9":"product_cat-ravensburger-kinderbuecher","10":"product_cat-ravensburger","11":"product_tag-antolin","12":"product_tag-beschaeftigung","13":"product_tag-buch","14":"product_tag-buecher","15":"product_tag-diebstahl","16":"product_tag-einfall","17":"product_tag-erstlesebuch","18":"product_tag-erstlesebuecher","19":"product_tag-erstleser","20":"product_tag-freundschaft","21":"product_tag-fuer-jungen","22":"product_tag-fuer-kinder-ab-7-jahre","23":"product_tag-fuer-maedchen","24":"product_tag-geschenk","25":"product_tag-geschenk-kinder","26":"product_tag-geschenkidee","27":"product_tag-kinderbuch","28":"product_tag-kinderbuecher","29":"product_tag-lesen","30":"product_tag-lesen-lernen","31":"product_tag-leserabe","32":"product_tag-mut","33":"product_tag-pinguin","34":"product_tag-pirat","35":"product_tag-ravensburger","36":"product_tag-ravensburger-erstes-lernen","37":"product_tag-schatz","38":"product_tag-schiff","39":"product_tag-strand","40":"product_tag-trick","41":"product_tag-zuhause-lernen","42":"product_tag-zuhause-unterrichten","43":"post","44":"post-with-thumbnail","45":"post-with-thumbnail-large","47":"first","48":"outofstock","49":"taxable","50":"shipping-taxable","51":"purchasable","52":"product-type-simple"},"yoast_head":"<!-- This site is optimized with the Yoast SEO plugin v26.6 - https:\/\/yoast.com\/wordpress\/plugins\/seo\/ -->\n<title>Leserabe - 2. Lesestufe: Die Pinguin-Piraten - der-Schulbedarf.shop<\/title>\n<meta name=\"description\" content=\"F\u00fcr Kinder ab der Lesestufe 2 von P\u00e4dagogen entwickelt. Eine Pinguin Abenteuer Geschichte f\u00fcr Erstleser ab der 2. Klasse. St\u00e4rkt die Lesemotivation.\" \/>\n<meta name=\"robots\" content=\"index, follow, max-snippet:-1, max-image-preview:large, max-video-preview:-1\" \/>\n<link rel=\"canonical\" href=\"https:\/\/der-schulbedarf.shop\/produkt-des-monats\/produkt\/leserabe-2-lesestufe-die-pinguin-piraten\/\" \/>\n<meta property=\"og:locale\" content=\"de_DE\" \/>\n<meta property=\"og:type\" content=\"article\" \/>\n<meta property=\"og:title\" content=\"Leserabe - 2. Lesestufe: Die Pinguin-Piraten - der-Schulbedarf.shop\" \/>\n<meta property=\"og:description\" content=\"F\u00fcr Kinder ab der Lesestufe 2 von P\u00e4dagogen entwickelt. Eine Pinguin Abenteuer Geschichte f\u00fcr Erstleser ab der 2. Klasse. St\u00e4rkt die Lesemotivation.\" \/>\n<meta property=\"og:url\" content=\"https:\/\/der-schulbedarf.shop\/produkt-des-monats\/produkt\/leserabe-2-lesestufe-die-pinguin-piraten\/\" \/>\n<meta property=\"og:site_name\" content=\"der-Schulbedarf.shop\" \/>\n<meta property=\"article:modified_time\" content=\"2025-08-13T13:07:33+00:00\" \/>\n<meta property=\"og:image\" content=\"https:\/\/der-schulbedarf.shop\/wp-content\/uploads\/2023\/06\/AN_36147_1-720x380-1.webp\" \/>\n\t<meta property=\"og:image:width\" content=\"720\" \/>\n\t<meta property=\"og:image:height\" content=\"380\" \/>\n\t<meta property=\"og:image:type\" content=\"image\/webp\" \/>\n<meta name=\"twitter:card\" content=\"summary_large_image\" \/>\n<meta name=\"twitter:label1\" content=\"Gesch\u00e4tzte Lesezeit\" \/>\n\t<meta name=\"twitter:data1\" content=\"1\u00a0Minute\" \/>\n<script type=\"application\/ld+json\" class=\"yoast-schema-graph\">{\"@context\":\"https:\/\/schema.org\",\"@graph\":[{\"@type\":\"WebPage\",\"@id\":\"https:\/\/der-schulbedarf.shop\/produkt-des-monats\/produkt\/leserabe-2-lesestufe-die-pinguin-piraten\/\",\"url\":\"https:\/\/der-schulbedarf.shop\/produkt-des-monats\/produkt\/leserabe-2-lesestufe-die-pinguin-piraten\/\",\"name\":\"Leserabe - 2. Lesestufe: Die Pinguin-Piraten - der-Schulbedarf.shop\",\"isPartOf\":{\"@id\":\"https:\/\/der-schulbedarf.shop\/produkt-des-monats\/#website\"},\"primaryImageOfPage\":{\"@id\":\"https:\/\/der-schulbedarf.shop\/produkt-des-monats\/produkt\/leserabe-2-lesestufe-die-pinguin-piraten\/#primaryimage\"},\"image\":{\"@id\":\"https:\/\/der-schulbedarf.shop\/produkt-des-monats\/produkt\/leserabe-2-lesestufe-die-pinguin-piraten\/#primaryimage\"},\"thumbnailUrl\":\"https:\/\/der-schulbedarf.shop\/wp-content\/uploads\/2023\/06\/AN_36147_1-720x380-1.webp\",\"datePublished\":\"2023-06-14T06:47:51+00:00\",\"dateModified\":\"2025-08-13T13:07:33+00:00\",\"description\":\"F\u00fcr Kinder ab der Lesestufe 2 von P\u00e4dagogen entwickelt. Eine Pinguin Abenteuer Geschichte f\u00fcr Erstleser ab der 2. Klasse. St\u00e4rkt die Lesemotivation.\",\"breadcrumb\":{\"@id\":\"https:\/\/der-schulbedarf.shop\/produkt-des-monats\/produkt\/leserabe-2-lesestufe-die-pinguin-piraten\/#breadcrumb\"},\"inLanguage\":\"de\",\"potentialAction\":[{\"@type\":\"ReadAction\",\"target\":[\"https:\/\/der-schulbedarf.shop\/produkt-des-monats\/produkt\/leserabe-2-lesestufe-die-pinguin-piraten\/\"]}]},{\"@type\":\"ImageObject\",\"inLanguage\":\"de\",\"@id\":\"https:\/\/der-schulbedarf.shop\/produkt-des-monats\/produkt\/leserabe-2-lesestufe-die-pinguin-piraten\/#primaryimage\",\"url\":\"https:\/\/der-schulbedarf.shop\/wp-content\/uploads\/2023\/06\/AN_36147_1-720x380-1.webp\",\"contentUrl\":\"https:\/\/der-schulbedarf.shop\/wp-content\/uploads\/2023\/06\/AN_36147_1-720x380-1.webp\",\"width\":720,\"height\":380},{\"@type\":\"BreadcrumbList\",\"@id\":\"https:\/\/der-schulbedarf.shop\/produkt-des-monats\/produkt\/leserabe-2-lesestufe-die-pinguin-piraten\/#breadcrumb\",\"itemListElement\":[{\"@type\":\"ListItem\",\"position\":1,\"name\":\"Shop\",\"item\":\"https:\/\/der-schulbedarf.shop\/produkt-des-monats\/shop\/\"},{\"@type\":\"ListItem\",\"position\":2,\"name\":\"Leserabe &#8211; 2. Lesestufe: Die Pinguin-Piraten\"}]},{\"@type\":\"WebSite\",\"@id\":\"https:\/\/der-schulbedarf.shop\/produkt-des-monats\/#website\",\"url\":\"https:\/\/der-schulbedarf.shop\/produkt-des-monats\/\",\"name\":\"der-Schulbedarf.shop\",\"description\":\"\",\"publisher\":{\"@id\":\"https:\/\/der-schulbedarf.shop\/produkt-des-monats\/#organization\"},\"potentialAction\":[{\"@type\":\"SearchAction\",\"target\":{\"@type\":\"EntryPoint\",\"urlTemplate\":\"https:\/\/der-schulbedarf.shop\/produkt-des-monats\/?s={search_term_string}\"},\"query-input\":{\"@type\":\"PropertyValueSpecification\",\"valueRequired\":true,\"valueName\":\"search_term_string\"}}],\"inLanguage\":\"de\"},{\"@type\":\"Organization\",\"@id\":\"https:\/\/der-schulbedarf.shop\/produkt-des-monats\/#organization\",\"name\":\"der-Schulbedarf.shop\",\"url\":\"https:\/\/der-schulbedarf.shop\/produkt-des-monats\/\",\"logo\":{\"@type\":\"ImageObject\",\"inLanguage\":\"de\",\"@id\":\"https:\/\/der-schulbedarf.shop\/produkt-des-monats\/#\/schema\/logo\/image\/\",\"url\":\"https:\/\/der-schulbedarf.shop\/wp-content\/uploads\/2024\/02\/grafik-e1709551115899.png\",\"contentUrl\":\"https:\/\/der-schulbedarf.shop\/wp-content\/uploads\/2024\/02\/grafik-e1709551115899.png\",\"width\":80,\"height\":80,\"caption\":\"der-Schulbedarf.shop\"},\"image\":{\"@id\":\"https:\/\/der-schulbedarf.shop\/produkt-des-monats\/#\/schema\/logo\/image\/\"}}]}<\/script>\n<!-- \/ Yoast SEO plugin. -->","yoast_head_json":{"title":"Leserabe - 2. Lesestufe: Die Pinguin-Piraten - der-Schulbedarf.shop","description":"F\u00fcr Kinder ab der Lesestufe 2 von P\u00e4dagogen entwickelt. Eine Pinguin Abenteuer Geschichte f\u00fcr Erstleser ab der 2. Klasse. St\u00e4rkt die Lesemotivation.","robots":{"index":"index","follow":"follow","max-snippet":"max-snippet:-1","max-image-preview":"max-image-preview:large","max-video-preview":"max-video-preview:-1"},"canonical":"https:\/\/der-schulbedarf.shop\/produkt-des-monats\/produkt\/leserabe-2-lesestufe-die-pinguin-piraten\/","og_locale":"de_DE","og_type":"article","og_title":"Leserabe - 2. Lesestufe: Die Pinguin-Piraten - der-Schulbedarf.shop","og_description":"F\u00fcr Kinder ab der Lesestufe 2 von P\u00e4dagogen entwickelt. Eine Pinguin Abenteuer Geschichte f\u00fcr Erstleser ab der 2. Klasse. St\u00e4rkt die Lesemotivation.","og_url":"https:\/\/der-schulbedarf.shop\/produkt-des-monats\/produkt\/leserabe-2-lesestufe-die-pinguin-piraten\/","og_site_name":"der-Schulbedarf.shop","article_modified_time":"2025-08-13T13:07:33+00:00","og_image":[{"width":720,"height":380,"url":"https:\/\/der-schulbedarf.shop\/wp-content\/uploads\/2023\/06\/AN_36147_1-720x380-1.webp","type":"image\/webp"}],"twitter_card":"summary_large_image","twitter_misc":{"Gesch\u00e4tzte Lesezeit":"1\u00a0Minute"},"schema":{"@context":"https:\/\/schema.org","@graph":[{"@type":"WebPage","@id":"https:\/\/der-schulbedarf.shop\/produkt-des-monats\/produkt\/leserabe-2-lesestufe-die-pinguin-piraten\/","url":"https:\/\/der-schulbedarf.shop\/produkt-des-monats\/produkt\/leserabe-2-lesestufe-die-pinguin-piraten\/","name":"Leserabe - 2. Lesestufe: Die Pinguin-Piraten - der-Schulbedarf.shop","isPartOf":{"@id":"https:\/\/der-schulbedarf.shop\/produkt-des-monats\/#website"},"primaryImageOfPage":{"@id":"https:\/\/der-schulbedarf.shop\/produkt-des-monats\/produkt\/leserabe-2-lesestufe-die-pinguin-piraten\/#primaryimage"},"image":{"@id":"https:\/\/der-schulbedarf.shop\/produkt-des-monats\/produkt\/leserabe-2-lesestufe-die-pinguin-piraten\/#primaryimage"},"thumbnailUrl":"https:\/\/der-schulbedarf.shop\/wp-content\/uploads\/2023\/06\/AN_36147_1-720x380-1.webp","datePublished":"2023-06-14T06:47:51+00:00","dateModified":"2025-08-13T13:07:33+00:00","description":"F\u00fcr Kinder ab der Lesestufe 2 von P\u00e4dagogen entwickelt. Eine Pinguin Abenteuer Geschichte f\u00fcr Erstleser ab der 2. Klasse. St\u00e4rkt die Lesemotivation.","breadcrumb":{"@id":"https:\/\/der-schulbedarf.shop\/produkt-des-monats\/produkt\/leserabe-2-lesestufe-die-pinguin-piraten\/#breadcrumb"},"inLanguage":"de","potentialAction":[{"@type":"ReadAction","target":["https:\/\/der-schulbedarf.shop\/produkt-des-monats\/produkt\/leserabe-2-lesestufe-die-pinguin-piraten\/"]}]},{"@type":"ImageObject","inLanguage":"de","@id":"https:\/\/der-schulbedarf.shop\/produkt-des-monats\/produkt\/leserabe-2-lesestufe-die-pinguin-piraten\/#primaryimage","url":"https:\/\/der-schulbedarf.shop\/wp-content\/uploads\/2023\/06\/AN_36147_1-720x380-1.webp","contentUrl":"https:\/\/der-schulbedarf.shop\/wp-content\/uploads\/2023\/06\/AN_36147_1-720x380-1.webp","width":720,"height":380},{"@type":"BreadcrumbList","@id":"https:\/\/der-schulbedarf.shop\/produkt-des-monats\/produkt\/leserabe-2-lesestufe-die-pinguin-piraten\/#breadcrumb","itemListElement":[{"@type":"ListItem","position":1,"name":"Shop","item":"https:\/\/der-schulbedarf.shop\/produkt-des-monats\/shop\/"},{"@type":"ListItem","position":2,"name":"Leserabe &#8211; 2. Lesestufe: Die Pinguin-Piraten"}]},{"@type":"WebSite","@id":"https:\/\/der-schulbedarf.shop\/produkt-des-monats\/#website","url":"https:\/\/der-schulbedarf.shop\/produkt-des-monats\/","name":"der-Schulbedarf.shop","description":"","publisher":{"@id":"https:\/\/der-schulbedarf.shop\/produkt-des-monats\/#organization"},"potentialAction":[{"@type":"SearchAction","target":{"@type":"EntryPoint","urlTemplate":"https:\/\/der-schulbedarf.shop\/produkt-des-monats\/?s={search_term_string}"},"query-input":{"@type":"PropertyValueSpecification","valueRequired":true,"valueName":"search_term_string"}}],"inLanguage":"de"},{"@type":"Organization","@id":"https:\/\/der-schulbedarf.shop\/produkt-des-monats\/#organization","name":"der-Schulbedarf.shop","url":"https:\/\/der-schulbedarf.shop\/produkt-des-monats\/","logo":{"@type":"ImageObject","inLanguage":"de","@id":"https:\/\/der-schulbedarf.shop\/produkt-des-monats\/#\/schema\/logo\/image\/","url":"https:\/\/der-schulbedarf.shop\/wp-content\/uploads\/2024\/02\/grafik-e1709551115899.png","contentUrl":"https:\/\/der-schulbedarf.shop\/wp-content\/uploads\/2024\/02\/grafik-e1709551115899.png","width":80,"height":80,"caption":"der-Schulbedarf.shop"},"image":{"@id":"https:\/\/der-schulbedarf.shop\/produkt-des-monats\/#\/schema\/logo\/image\/"}}]}},"_links":{"self":[{"href":"https:\/\/der-schulbedarf.shop\/produkt-des-monats\/wp-json\/wp\/v2\/product\/860","targetHints":{"allow":["GET"]}}],"collection":[{"href":"https:\/\/der-schulbedarf.shop\/produkt-des-monats\/wp-json\/wp\/v2\/product"}],"about":[{"href":"https:\/\/der-schulbedarf.shop\/produkt-des-monats\/wp-json\/wp\/v2\/types\/product"}],"replies":[{"embeddable":true,"href":"https:\/\/der-schulbedarf.shop\/produkt-des-monats\/wp-json\/wp\/v2\/comments?post=860"}],"wp:featuredmedia":[{"embeddable":true,"href":"https:\/\/der-schulbedarf.shop\/produkt-des-monats\/wp-json\/wp\/v2\/media\/2733"}],"wp:attachment":[{"href":"https:\/\/der-schulbedarf.shop\/produkt-des-monats\/wp-json\/wp\/v2\/media?parent=860"}],"wp:term":[{"taxonomy":"product_cat","embeddable":true,"href":"https:\/\/der-schulbedarf.shop\/produkt-des-monats\/wp-json\/wp\/v2\/product_cat?post=860"},{"taxonomy":"product_tag","embeddable":true,"href":"https:\/\/der-schulbedarf.shop\/produkt-des-monats\/wp-json\/wp\/v2\/product_tag?post=860"}],"curies":[{"name":"wp","href":"https:\/\/api.w.org\/{rel}","templated":true}]}}