{"id":864,"date":"2023-06-07T12:03:50","date_gmt":"2023-06-07T12:03:50","guid":{"rendered":"https:\/\/der-schulbedarf.Shop\/?post_type=product&#038;p=864"},"modified":"2024-11-26T12:48:52","modified_gmt":"2024-11-26T12:48:52","slug":"leserabe-3-lesestufe-eine-klasse-im-fussballfieber","status":"publish","type":"product","link":"https:\/\/der-schulbedarf.shop\/produkt-des-monats\/produkt\/leserabe-3-lesestufe-eine-klasse-im-fussballfieber\/","title":{"rendered":"Leserabe &#8211; 3. Lesestufe: Eine Klasse im Fu\u00dfballfieber"},"content":{"rendered":"<p>Gro\u00dfe Aufregung in der 4b: Alle vierten Klassen der Stadt sollen an einem Fu\u00dfballturnier mitmachen. &#8222;Der Pokal geh\u00f6rt uns!&#8220;, meint Daniel. Doch zuerst ist einmal hartes Training angesagt &#8211; und auch die Mannschaft muss sich erst mal zusammenraufen.<\/p>\n<p>Lesen lernen wie im Flug! Die Kinderb\u00fccher der Reihe Leserabe &#8211; 3. Lesestufe wurden mit P\u00e4dagogen entwickelt und richten sich an Leseprofis ab der 3. Klasse. Durch spannende Geschichten mit l\u00e4ngeren Kapiteln und erweitertem Wortschatz wird die Lesef\u00e4higkeit von M\u00e4dchen und Jungen ab 8 Jahren gef\u00f6rdert. Empfohlen von Stiftung Lesen, gelistet bei Antolin.<\/p>\n","protected":false},"excerpt":{"rendered":"<p>Gro\u00dfe Aufregung in der 4b: Alle vierten Klassen der Stadt sollen an einem Fu\u00dfballturnier mitmachen. &#8222;Der Pokal geh\u00f6rt uns!&#8220;, meint Daniel. Doch zuerst ist einmal hartes Training angesagt &#8211; und auch die Mannschaft muss sich erst mal zusammenraufen. Lesen lernen wie im Flug! Die Kinderb\u00fccher der Reihe Leserabe &#8211; 3. Lesestufe wurden mit P\u00e4dagogen entwickelt [&hellip;]<\/p>\n","protected":false},"featured_media":2571,"comment_status":"open","ping_status":"closed","template":"","meta":[],"product_cat":[901,224,915,944,225],"product_tag":[192,111,200,201,196,197,195,115,381,114,206,113,210,112,207,198,181,202,179,194,189,389,368,387,193,180,249,388,390,322,177,178],"class_list":{"0":"post-864","1":"product","2":"type-product","3":"status-publish","4":"has-post-thumbnail","6":"product_cat-3-klasse","7":"product_cat-kinderbuecher","8":"product_cat-produkt-feeds","9":"product_cat-produktzufuehrung-geizhal","10":"product_cat-ravensburger-kinderbuecher","11":"product_tag-antolin","12":"product_tag-beschaeftigung","13":"product_tag-buch","14":"product_tag-buecher","15":"product_tag-erstlesebuch","16":"product_tag-erstlesebuecher","17":"product_tag-erstleser","18":"product_tag-fuer-jungen","19":"product_tag-fuer-kinder-ab-8-jahre","20":"product_tag-fuer-maedchen","21":"product_tag-fussball","22":"product_tag-geschenk","23":"product_tag-geschenk-kinder","24":"product_tag-geschenkidee","25":"product_tag-junge","26":"product_tag-kinderbuch","27":"product_tag-kinderbuecher","28":"product_tag-lesen","29":"product_tag-lesen-lernen","30":"product_tag-leserabe","31":"product_tag-maedchen","32":"product_tag-mario-goetze","33":"product_tag-materialien-fuer-unterrichtsges","34":"product_tag-pokal","35":"product_tag-ravensburger","36":"product_tag-ravensburger-erstes-lernen","37":"product_tag-schule","38":"product_tag-sieg","39":"product_tag-sportplatz","40":"product_tag-turnier","41":"product_tag-zuhause-lernen","42":"product_tag-zuhause-unterrichten","43":"post","44":"post-with-thumbnail","45":"post-with-thumbnail-large","47":"first","48":"instock","49":"taxable","50":"shipping-taxable","51":"purchasable","52":"product-type-simple"},"yoast_head":"<!-- This site is optimized with the Yoast SEO plugin v26.6 - https:\/\/yoast.com\/wordpress\/plugins\/seo\/ -->\n<title>Leserabe - 3. Lesestufe: Eine Klasse im Fu\u00dfballfieber<\/title>\n<meta name=\"description\" content=\"Leserabe - 3. Lesestufe: Eine Klasse im Fu\u00dfballfieber. Alle vierten Klassen der Stadt sollen an einem Fu\u00dfballturnier mitmachen. F\u00fcr Kinder ab 8 Jahren.\" \/>\n<meta name=\"robots\" content=\"index, follow, max-snippet:-1, max-image-preview:large, max-video-preview:-1\" \/>\n<link rel=\"canonical\" href=\"https:\/\/der-schulbedarf.shop\/produkt-des-monats\/produkt\/leserabe-3-lesestufe-eine-klasse-im-fussballfieber\/\" \/>\n<meta property=\"og:locale\" content=\"de_DE\" \/>\n<meta property=\"og:type\" content=\"article\" \/>\n<meta property=\"og:title\" content=\"Leserabe - 3. Lesestufe: Eine Klasse im Fu\u00dfballfieber\" \/>\n<meta property=\"og:description\" content=\"Leserabe - 3. Lesestufe: Eine Klasse im Fu\u00dfballfieber. Alle vierten Klassen der Stadt sollen an einem Fu\u00dfballturnier mitmachen. F\u00fcr Kinder ab 8 Jahren.\" \/>\n<meta property=\"og:url\" content=\"https:\/\/der-schulbedarf.shop\/produkt-des-monats\/produkt\/leserabe-3-lesestufe-eine-klasse-im-fussballfieber\/\" \/>\n<meta property=\"og:site_name\" content=\"der-Schulbedarf.shop\" \/>\n<meta property=\"article:modified_time\" content=\"2024-11-26T12:48:52+00:00\" \/>\n<meta property=\"og:image\" content=\"https:\/\/der-schulbedarf.shop\/wp-content\/uploads\/2023\/06\/AN-38061_1-710x380-1.webp\" \/>\n\t<meta property=\"og:image:width\" content=\"710\" \/>\n\t<meta property=\"og:image:height\" content=\"380\" \/>\n\t<meta property=\"og:image:type\" content=\"image\/webp\" \/>\n<meta name=\"twitter:card\" content=\"summary_large_image\" \/>\n<meta name=\"twitter:label1\" content=\"Gesch\u00e4tzte Lesezeit\" \/>\n\t<meta name=\"twitter:data1\" content=\"1\u00a0Minute\" \/>\n<script type=\"application\/ld+json\" class=\"yoast-schema-graph\">{\"@context\":\"https:\/\/schema.org\",\"@graph\":[{\"@type\":\"WebPage\",\"@id\":\"https:\/\/der-schulbedarf.shop\/produkt-des-monats\/produkt\/leserabe-3-lesestufe-eine-klasse-im-fussballfieber\/\",\"url\":\"https:\/\/der-schulbedarf.shop\/produkt-des-monats\/produkt\/leserabe-3-lesestufe-eine-klasse-im-fussballfieber\/\",\"name\":\"Leserabe - 3. Lesestufe: Eine Klasse im Fu\u00dfballfieber\",\"isPartOf\":{\"@id\":\"https:\/\/der-schulbedarf.shop\/produkt-des-monats\/#website\"},\"primaryImageOfPage\":{\"@id\":\"https:\/\/der-schulbedarf.shop\/produkt-des-monats\/produkt\/leserabe-3-lesestufe-eine-klasse-im-fussballfieber\/#primaryimage\"},\"image\":{\"@id\":\"https:\/\/der-schulbedarf.shop\/produkt-des-monats\/produkt\/leserabe-3-lesestufe-eine-klasse-im-fussballfieber\/#primaryimage\"},\"thumbnailUrl\":\"https:\/\/der-schulbedarf.shop\/wp-content\/uploads\/2023\/06\/AN-38061_1-710x380-1.webp\",\"datePublished\":\"2023-06-07T12:03:50+00:00\",\"dateModified\":\"2024-11-26T12:48:52+00:00\",\"description\":\"Leserabe - 3. Lesestufe: Eine Klasse im Fu\u00dfballfieber. Alle vierten Klassen der Stadt sollen an einem Fu\u00dfballturnier mitmachen. F\u00fcr Kinder ab 8 Jahren.\",\"breadcrumb\":{\"@id\":\"https:\/\/der-schulbedarf.shop\/produkt-des-monats\/produkt\/leserabe-3-lesestufe-eine-klasse-im-fussballfieber\/#breadcrumb\"},\"inLanguage\":\"de\",\"potentialAction\":[{\"@type\":\"ReadAction\",\"target\":[\"https:\/\/der-schulbedarf.shop\/produkt-des-monats\/produkt\/leserabe-3-lesestufe-eine-klasse-im-fussballfieber\/\"]}]},{\"@type\":\"ImageObject\",\"inLanguage\":\"de\",\"@id\":\"https:\/\/der-schulbedarf.shop\/produkt-des-monats\/produkt\/leserabe-3-lesestufe-eine-klasse-im-fussballfieber\/#primaryimage\",\"url\":\"https:\/\/der-schulbedarf.shop\/wp-content\/uploads\/2023\/06\/AN-38061_1-710x380-1.webp\",\"contentUrl\":\"https:\/\/der-schulbedarf.shop\/wp-content\/uploads\/2023\/06\/AN-38061_1-710x380-1.webp\",\"width\":710,\"height\":380,\"caption\":\"Eine Klasse im Fu\u00dfballfieber\"},{\"@type\":\"BreadcrumbList\",\"@id\":\"https:\/\/der-schulbedarf.shop\/produkt-des-monats\/produkt\/leserabe-3-lesestufe-eine-klasse-im-fussballfieber\/#breadcrumb\",\"itemListElement\":[{\"@type\":\"ListItem\",\"position\":1,\"name\":\"Shop\",\"item\":\"https:\/\/der-schulbedarf.shop\/produkt-des-monats\/shop\/\"},{\"@type\":\"ListItem\",\"position\":2,\"name\":\"Leserabe &#8211; 3. Lesestufe: Eine Klasse im Fu\u00dfballfieber\"}]},{\"@type\":\"WebSite\",\"@id\":\"https:\/\/der-schulbedarf.shop\/produkt-des-monats\/#website\",\"url\":\"https:\/\/der-schulbedarf.shop\/produkt-des-monats\/\",\"name\":\"der-Schulbedarf.shop\",\"description\":\"\",\"publisher\":{\"@id\":\"https:\/\/der-schulbedarf.shop\/produkt-des-monats\/#organization\"},\"potentialAction\":[{\"@type\":\"SearchAction\",\"target\":{\"@type\":\"EntryPoint\",\"urlTemplate\":\"https:\/\/der-schulbedarf.shop\/produkt-des-monats\/?s={search_term_string}\"},\"query-input\":{\"@type\":\"PropertyValueSpecification\",\"valueRequired\":true,\"valueName\":\"search_term_string\"}}],\"inLanguage\":\"de\"},{\"@type\":\"Organization\",\"@id\":\"https:\/\/der-schulbedarf.shop\/produkt-des-monats\/#organization\",\"name\":\"der-Schulbedarf.shop\",\"url\":\"https:\/\/der-schulbedarf.shop\/produkt-des-monats\/\",\"logo\":{\"@type\":\"ImageObject\",\"inLanguage\":\"de\",\"@id\":\"https:\/\/der-schulbedarf.shop\/produkt-des-monats\/#\/schema\/logo\/image\/\",\"url\":\"https:\/\/der-schulbedarf.shop\/wp-content\/uploads\/2024\/02\/grafik-e1709551115899.png\",\"contentUrl\":\"https:\/\/der-schulbedarf.shop\/wp-content\/uploads\/2024\/02\/grafik-e1709551115899.png\",\"width\":80,\"height\":80,\"caption\":\"der-Schulbedarf.shop\"},\"image\":{\"@id\":\"https:\/\/der-schulbedarf.shop\/produkt-des-monats\/#\/schema\/logo\/image\/\"}}]}<\/script>\n<!-- \/ Yoast SEO plugin. -->","yoast_head_json":{"title":"Leserabe - 3. Lesestufe: Eine Klasse im Fu\u00dfballfieber","description":"Leserabe - 3. Lesestufe: Eine Klasse im Fu\u00dfballfieber. Alle vierten Klassen der Stadt sollen an einem Fu\u00dfballturnier mitmachen. F\u00fcr Kinder ab 8 Jahren.","robots":{"index":"index","follow":"follow","max-snippet":"max-snippet:-1","max-image-preview":"max-image-preview:large","max-video-preview":"max-video-preview:-1"},"canonical":"https:\/\/der-schulbedarf.shop\/produkt-des-monats\/produkt\/leserabe-3-lesestufe-eine-klasse-im-fussballfieber\/","og_locale":"de_DE","og_type":"article","og_title":"Leserabe - 3. Lesestufe: Eine Klasse im Fu\u00dfballfieber","og_description":"Leserabe - 3. Lesestufe: Eine Klasse im Fu\u00dfballfieber. Alle vierten Klassen der Stadt sollen an einem Fu\u00dfballturnier mitmachen. F\u00fcr Kinder ab 8 Jahren.","og_url":"https:\/\/der-schulbedarf.shop\/produkt-des-monats\/produkt\/leserabe-3-lesestufe-eine-klasse-im-fussballfieber\/","og_site_name":"der-Schulbedarf.shop","article_modified_time":"2024-11-26T12:48:52+00:00","og_image":[{"width":710,"height":380,"url":"https:\/\/der-schulbedarf.shop\/wp-content\/uploads\/2023\/06\/AN-38061_1-710x380-1.webp","type":"image\/webp"}],"twitter_card":"summary_large_image","twitter_misc":{"Gesch\u00e4tzte Lesezeit":"1\u00a0Minute"},"schema":{"@context":"https:\/\/schema.org","@graph":[{"@type":"WebPage","@id":"https:\/\/der-schulbedarf.shop\/produkt-des-monats\/produkt\/leserabe-3-lesestufe-eine-klasse-im-fussballfieber\/","url":"https:\/\/der-schulbedarf.shop\/produkt-des-monats\/produkt\/leserabe-3-lesestufe-eine-klasse-im-fussballfieber\/","name":"Leserabe - 3. Lesestufe: Eine Klasse im Fu\u00dfballfieber","isPartOf":{"@id":"https:\/\/der-schulbedarf.shop\/produkt-des-monats\/#website"},"primaryImageOfPage":{"@id":"https:\/\/der-schulbedarf.shop\/produkt-des-monats\/produkt\/leserabe-3-lesestufe-eine-klasse-im-fussballfieber\/#primaryimage"},"image":{"@id":"https:\/\/der-schulbedarf.shop\/produkt-des-monats\/produkt\/leserabe-3-lesestufe-eine-klasse-im-fussballfieber\/#primaryimage"},"thumbnailUrl":"https:\/\/der-schulbedarf.shop\/wp-content\/uploads\/2023\/06\/AN-38061_1-710x380-1.webp","datePublished":"2023-06-07T12:03:50+00:00","dateModified":"2024-11-26T12:48:52+00:00","description":"Leserabe - 3. Lesestufe: Eine Klasse im Fu\u00dfballfieber. Alle vierten Klassen der Stadt sollen an einem Fu\u00dfballturnier mitmachen. F\u00fcr Kinder ab 8 Jahren.","breadcrumb":{"@id":"https:\/\/der-schulbedarf.shop\/produkt-des-monats\/produkt\/leserabe-3-lesestufe-eine-klasse-im-fussballfieber\/#breadcrumb"},"inLanguage":"de","potentialAction":[{"@type":"ReadAction","target":["https:\/\/der-schulbedarf.shop\/produkt-des-monats\/produkt\/leserabe-3-lesestufe-eine-klasse-im-fussballfieber\/"]}]},{"@type":"ImageObject","inLanguage":"de","@id":"https:\/\/der-schulbedarf.shop\/produkt-des-monats\/produkt\/leserabe-3-lesestufe-eine-klasse-im-fussballfieber\/#primaryimage","url":"https:\/\/der-schulbedarf.shop\/wp-content\/uploads\/2023\/06\/AN-38061_1-710x380-1.webp","contentUrl":"https:\/\/der-schulbedarf.shop\/wp-content\/uploads\/2023\/06\/AN-38061_1-710x380-1.webp","width":710,"height":380,"caption":"Eine Klasse im Fu\u00dfballfieber"},{"@type":"BreadcrumbList","@id":"https:\/\/der-schulbedarf.shop\/produkt-des-monats\/produkt\/leserabe-3-lesestufe-eine-klasse-im-fussballfieber\/#breadcrumb","itemListElement":[{"@type":"ListItem","position":1,"name":"Shop","item":"https:\/\/der-schulbedarf.shop\/produkt-des-monats\/shop\/"},{"@type":"ListItem","position":2,"name":"Leserabe &#8211; 3. Lesestufe: Eine Klasse im Fu\u00dfballfieber"}]},{"@type":"WebSite","@id":"https:\/\/der-schulbedarf.shop\/produkt-des-monats\/#website","url":"https:\/\/der-schulbedarf.shop\/produkt-des-monats\/","name":"der-Schulbedarf.shop","description":"","publisher":{"@id":"https:\/\/der-schulbedarf.shop\/produkt-des-monats\/#organization"},"potentialAction":[{"@type":"SearchAction","target":{"@type":"EntryPoint","urlTemplate":"https:\/\/der-schulbedarf.shop\/produkt-des-monats\/?s={search_term_string}"},"query-input":{"@type":"PropertyValueSpecification","valueRequired":true,"valueName":"search_term_string"}}],"inLanguage":"de"},{"@type":"Organization","@id":"https:\/\/der-schulbedarf.shop\/produkt-des-monats\/#organization","name":"der-Schulbedarf.shop","url":"https:\/\/der-schulbedarf.shop\/produkt-des-monats\/","logo":{"@type":"ImageObject","inLanguage":"de","@id":"https:\/\/der-schulbedarf.shop\/produkt-des-monats\/#\/schema\/logo\/image\/","url":"https:\/\/der-schulbedarf.shop\/wp-content\/uploads\/2024\/02\/grafik-e1709551115899.png","contentUrl":"https:\/\/der-schulbedarf.shop\/wp-content\/uploads\/2024\/02\/grafik-e1709551115899.png","width":80,"height":80,"caption":"der-Schulbedarf.shop"},"image":{"@id":"https:\/\/der-schulbedarf.shop\/produkt-des-monats\/#\/schema\/logo\/image\/"}}]}},"_links":{"self":[{"href":"https:\/\/der-schulbedarf.shop\/produkt-des-monats\/wp-json\/wp\/v2\/product\/864","targetHints":{"allow":["GET"]}}],"collection":[{"href":"https:\/\/der-schulbedarf.shop\/produkt-des-monats\/wp-json\/wp\/v2\/product"}],"about":[{"href":"https:\/\/der-schulbedarf.shop\/produkt-des-monats\/wp-json\/wp\/v2\/types\/product"}],"replies":[{"embeddable":true,"href":"https:\/\/der-schulbedarf.shop\/produkt-des-monats\/wp-json\/wp\/v2\/comments?post=864"}],"wp:featuredmedia":[{"embeddable":true,"href":"https:\/\/der-schulbedarf.shop\/produkt-des-monats\/wp-json\/wp\/v2\/media\/2571"}],"wp:attachment":[{"href":"https:\/\/der-schulbedarf.shop\/produkt-des-monats\/wp-json\/wp\/v2\/media?parent=864"}],"wp:term":[{"taxonomy":"product_cat","embeddable":true,"href":"https:\/\/der-schulbedarf.shop\/produkt-des-monats\/wp-json\/wp\/v2\/product_cat?post=864"},{"taxonomy":"product_tag","embeddable":true,"href":"https:\/\/der-schulbedarf.shop\/produkt-des-monats\/wp-json\/wp\/v2\/product_tag?post=864"}],"curies":[{"name":"wp","href":"https:\/\/api.w.org\/{rel}","templated":true}]}}