{"id":877,"date":"2023-06-07T12:15:55","date_gmt":"2023-06-07T12:15:55","guid":{"rendered":"https:\/\/der-schulbedarf.Shop\/?post_type=product&#038;p=877"},"modified":"2024-11-26T12:45:42","modified_gmt":"2024-11-26T12:45:42","slug":"leserabe-1-lesestufe-iglu-schnee-und-rodelspass-wintergeschichten","status":"publish","type":"product","link":"https:\/\/der-schulbedarf.shop\/produkt-des-monats\/produkt\/leserabe-1-lesestufe-iglu-schnee-und-rodelspass-wintergeschichten\/","title":{"rendered":"Leserabe &#8211; 1. Lesestufe: Iglu, Schnee und Rodelspa\u00df. Wintergeschichten"},"content":{"rendered":"<p>Sima geht zum ersten Mal rodeln. Max und Lea finden seltsame Spuren im Schnee. Die zweite Klasse baut ein Iglu auf dem Schulhof, und Anne trifft einen Schneemann, der friert!<\/p>\n<p>Sima und Esat aus Syrien erleben ihren ersten Schnee. Sie sehen Kinder, die am Berghang rodeln, und wollen das auch ausprobieren. Aber sie haben keinen Schlitten. Da l\u00e4sst ein M\u00e4dchen die Geschwister ihren Bob ausleihen, und Sima und Esat haben den Spa\u00df ihres Lebens.Max und Lea sehen auf einer verschneiten Wiese seltsame Spuren: Sie sind sehr gro\u00df \u2013 und es sind immer drei Abdr\u00fccke beieinander. Ein Ungeheuer? Max hat Angst. Da kommt der alte Sepp auf sie zu und l\u00f6st das Geheimnis. Er tr\u00e4gt Schneeschuhe und hat auch einen an seinen Gehstock montiert, damit der nicht im Schnee versinkt.In der Turnhalle ist die Heizung ausgefallen, deshalb baut die Klasse zwei heute im Sportunterricht ein Iglu auf dem Schulhof. Schwierig ist vor allem das Dach, aber schlie\u00dflich stehen die Kinder stolz in ihrem Schneehaus. Ganz still ist es hier drinnen, staunen sie. Und die Rektorin serviert warmen Tee.Anne baut vor ihrem Haus einen Schneemann. Als sie ihm Karotte, \u00c4pfel und Banane als Nase, Augen und Mund einsetzt, f\u00e4ngt er pl\u00f6tzlich an zu sprechen. Er sagt, dass er friert. Anne holt einen Mantel, aber das reicht nicht. Anne nimmt ihn mit in ihr Zimmer \u2013 und tats\u00e4chlich f\u00e4ngt der Schneemann nicht an zu schmelzen. Er f\u00fchlt sich sauwohl und hat \u201eden sch\u00f6nsten Tag seines Lebens\u201c!<\/p>\n<p>&nbsp;<\/p>\n<p>&nbsp;<\/p>\n","protected":false},"excerpt":{"rendered":"<p>Sima geht zum ersten Mal rodeln. Max und Lea finden seltsame Spuren im Schnee. Die zweite Klasse baut ein Iglu auf dem Schulhof, und Anne trifft einen Schneemann, der friert! Sima und Esat aus Syrien erleben ihren ersten Schnee. Sie sehen Kinder, die am Berghang rodeln, und wollen das auch ausprobieren. Aber sie haben keinen [&hellip;]<\/p>\n","protected":false},"featured_media":886,"comment_status":"open","ping_status":"closed","template":"","meta":[],"product_cat":[224,915,944,225,37],"product_tag":[192,111,200,201,196,197,195,115,199,114,113,210,112,405,406,207,198,181,202,179,194,189,193,180,403,404,236,407,363,235,177,178],"class_list":{"0":"post-877","1":"product","2":"type-product","3":"status-publish","4":"has-post-thumbnail","6":"product_cat-kinderbuecher","7":"product_cat-produkt-feeds","8":"product_cat-produktzufuehrung-geizhal","9":"product_cat-ravensburger-kinderbuecher","10":"product_cat-ravensburger","11":"product_tag-antolin","12":"product_tag-beschaeftigung","13":"product_tag-buch","14":"product_tag-buecher","15":"product_tag-erstlesebuch","16":"product_tag-erstlesebuecher","17":"product_tag-erstleser","18":"product_tag-fuer-jungen","19":"product_tag-fuer-kinder-ab-6-jahre","20":"product_tag-fuer-maedchen","21":"product_tag-geschenk","22":"product_tag-geschenk-kinder","23":"product_tag-geschenkidee","24":"product_tag-geschwister","25":"product_tag-iglu","26":"product_tag-junge","27":"product_tag-kinderbuch","28":"product_tag-kinderbuecher","29":"product_tag-lesen","30":"product_tag-lesen-lernen","31":"product_tag-leserabe","32":"product_tag-maedchen","33":"product_tag-ravensburger","34":"product_tag-ravensburger-erstes-lernen","35":"product_tag-rodeln","36":"product_tag-schlitten","37":"product_tag-schnee","38":"product_tag-schneemann","39":"product_tag-wald","40":"product_tag-winter","41":"product_tag-zuhause-lernen","42":"product_tag-zuhause-unterrichten","43":"post","44":"post-with-thumbnail","45":"post-with-thumbnail-large","47":"first","48":"instock","49":"taxable","50":"shipping-taxable","51":"purchasable","52":"product-type-simple"},"yoast_head":"<!-- This site is optimized with the Yoast SEO plugin v26.6 - https:\/\/yoast.com\/wordpress\/plugins\/seo\/ -->\n<title>Leserabe - 1. Lesestufe: Iglu, Schnee und Rodelspa\u00df. Wintergeschichten - der-Schulbedarf.shop<\/title>\n<meta name=\"robots\" content=\"index, follow, max-snippet:-1, max-image-preview:large, max-video-preview:-1\" \/>\n<link rel=\"canonical\" href=\"https:\/\/der-schulbedarf.shop\/produkt-des-monats\/produkt\/leserabe-1-lesestufe-iglu-schnee-und-rodelspass-wintergeschichten\/\" \/>\n<meta property=\"og:locale\" content=\"de_DE\" \/>\n<meta property=\"og:type\" content=\"article\" \/>\n<meta property=\"og:title\" content=\"Leserabe - 1. Lesestufe: Iglu, Schnee und Rodelspa\u00df. Wintergeschichten - der-Schulbedarf.shop\" \/>\n<meta property=\"og:description\" content=\"Sima geht zum ersten Mal rodeln. Max und Lea finden seltsame Spuren im Schnee. Die zweite Klasse baut ein Iglu auf dem Schulhof, und Anne trifft einen Schneemann, der friert! Sima und Esat aus Syrien erleben ihren ersten Schnee. Sie sehen Kinder, die am Berghang rodeln, und wollen das auch ausprobieren. Aber sie haben keinen [&hellip;]\" \/>\n<meta property=\"og:url\" content=\"https:\/\/der-schulbedarf.shop\/produkt-des-monats\/produkt\/leserabe-1-lesestufe-iglu-schnee-und-rodelspass-wintergeschichten\/\" \/>\n<meta property=\"og:site_name\" content=\"der-Schulbedarf.shop\" \/>\n<meta property=\"article:modified_time\" content=\"2024-11-26T12:45:42+00:00\" \/>\n<meta property=\"og:image\" content=\"https:\/\/der-schulbedarf.shop\/wp-content\/uploads\/2023\/06\/AN_36154_1.webp\" \/>\n\t<meta property=\"og:image:width\" content=\"266\" \/>\n\t<meta property=\"og:image:height\" content=\"360\" \/>\n\t<meta property=\"og:image:type\" content=\"image\/webp\" \/>\n<meta name=\"twitter:card\" content=\"summary_large_image\" \/>\n<meta name=\"twitter:label1\" content=\"Gesch\u00e4tzte Lesezeit\" \/>\n\t<meta name=\"twitter:data1\" content=\"2\u00a0Minuten\" \/>\n<script type=\"application\/ld+json\" class=\"yoast-schema-graph\">{\"@context\":\"https:\/\/schema.org\",\"@graph\":[{\"@type\":\"WebPage\",\"@id\":\"https:\/\/der-schulbedarf.shop\/produkt-des-monats\/produkt\/leserabe-1-lesestufe-iglu-schnee-und-rodelspass-wintergeschichten\/\",\"url\":\"https:\/\/der-schulbedarf.shop\/produkt-des-monats\/produkt\/leserabe-1-lesestufe-iglu-schnee-und-rodelspass-wintergeschichten\/\",\"name\":\"Leserabe - 1. Lesestufe: Iglu, Schnee und Rodelspa\u00df. Wintergeschichten - der-Schulbedarf.shop\",\"isPartOf\":{\"@id\":\"https:\/\/der-schulbedarf.shop\/produkt-des-monats\/#website\"},\"primaryImageOfPage\":{\"@id\":\"https:\/\/der-schulbedarf.shop\/produkt-des-monats\/produkt\/leserabe-1-lesestufe-iglu-schnee-und-rodelspass-wintergeschichten\/#primaryimage\"},\"image\":{\"@id\":\"https:\/\/der-schulbedarf.shop\/produkt-des-monats\/produkt\/leserabe-1-lesestufe-iglu-schnee-und-rodelspass-wintergeschichten\/#primaryimage\"},\"thumbnailUrl\":\"https:\/\/der-schulbedarf.shop\/wp-content\/uploads\/2023\/06\/AN_36154_1.webp\",\"datePublished\":\"2023-06-07T12:15:55+00:00\",\"dateModified\":\"2024-11-26T12:45:42+00:00\",\"breadcrumb\":{\"@id\":\"https:\/\/der-schulbedarf.shop\/produkt-des-monats\/produkt\/leserabe-1-lesestufe-iglu-schnee-und-rodelspass-wintergeschichten\/#breadcrumb\"},\"inLanguage\":\"de\",\"potentialAction\":[{\"@type\":\"ReadAction\",\"target\":[\"https:\/\/der-schulbedarf.shop\/produkt-des-monats\/produkt\/leserabe-1-lesestufe-iglu-schnee-und-rodelspass-wintergeschichten\/\"]}]},{\"@type\":\"ImageObject\",\"inLanguage\":\"de\",\"@id\":\"https:\/\/der-schulbedarf.shop\/produkt-des-monats\/produkt\/leserabe-1-lesestufe-iglu-schnee-und-rodelspass-wintergeschichten\/#primaryimage\",\"url\":\"https:\/\/der-schulbedarf.shop\/wp-content\/uploads\/2023\/06\/AN_36154_1.webp\",\"contentUrl\":\"https:\/\/der-schulbedarf.shop\/wp-content\/uploads\/2023\/06\/AN_36154_1.webp\",\"width\":266,\"height\":360,\"caption\":\"Iglu, Schnee und Rodelspa\u00df. Wintergeschichten\"},{\"@type\":\"BreadcrumbList\",\"@id\":\"https:\/\/der-schulbedarf.shop\/produkt-des-monats\/produkt\/leserabe-1-lesestufe-iglu-schnee-und-rodelspass-wintergeschichten\/#breadcrumb\",\"itemListElement\":[{\"@type\":\"ListItem\",\"position\":1,\"name\":\"Shop\",\"item\":\"https:\/\/der-schulbedarf.shop\/produkt-des-monats\/shop\/\"},{\"@type\":\"ListItem\",\"position\":2,\"name\":\"Leserabe &#8211; 1. Lesestufe: Iglu, Schnee und Rodelspa\u00df. Wintergeschichten\"}]},{\"@type\":\"WebSite\",\"@id\":\"https:\/\/der-schulbedarf.shop\/produkt-des-monats\/#website\",\"url\":\"https:\/\/der-schulbedarf.shop\/produkt-des-monats\/\",\"name\":\"der-Schulbedarf.shop\",\"description\":\"\",\"publisher\":{\"@id\":\"https:\/\/der-schulbedarf.shop\/produkt-des-monats\/#organization\"},\"potentialAction\":[{\"@type\":\"SearchAction\",\"target\":{\"@type\":\"EntryPoint\",\"urlTemplate\":\"https:\/\/der-schulbedarf.shop\/produkt-des-monats\/?s={search_term_string}\"},\"query-input\":{\"@type\":\"PropertyValueSpecification\",\"valueRequired\":true,\"valueName\":\"search_term_string\"}}],\"inLanguage\":\"de\"},{\"@type\":\"Organization\",\"@id\":\"https:\/\/der-schulbedarf.shop\/produkt-des-monats\/#organization\",\"name\":\"der-Schulbedarf.shop\",\"url\":\"https:\/\/der-schulbedarf.shop\/produkt-des-monats\/\",\"logo\":{\"@type\":\"ImageObject\",\"inLanguage\":\"de\",\"@id\":\"https:\/\/der-schulbedarf.shop\/produkt-des-monats\/#\/schema\/logo\/image\/\",\"url\":\"https:\/\/der-schulbedarf.shop\/wp-content\/uploads\/2024\/02\/grafik-e1709551115899.png\",\"contentUrl\":\"https:\/\/der-schulbedarf.shop\/wp-content\/uploads\/2024\/02\/grafik-e1709551115899.png\",\"width\":80,\"height\":80,\"caption\":\"der-Schulbedarf.shop\"},\"image\":{\"@id\":\"https:\/\/der-schulbedarf.shop\/produkt-des-monats\/#\/schema\/logo\/image\/\"}}]}<\/script>\n<!-- \/ Yoast SEO plugin. -->","yoast_head_json":{"title":"Leserabe - 1. Lesestufe: Iglu, Schnee und Rodelspa\u00df. Wintergeschichten - der-Schulbedarf.shop","robots":{"index":"index","follow":"follow","max-snippet":"max-snippet:-1","max-image-preview":"max-image-preview:large","max-video-preview":"max-video-preview:-1"},"canonical":"https:\/\/der-schulbedarf.shop\/produkt-des-monats\/produkt\/leserabe-1-lesestufe-iglu-schnee-und-rodelspass-wintergeschichten\/","og_locale":"de_DE","og_type":"article","og_title":"Leserabe - 1. Lesestufe: Iglu, Schnee und Rodelspa\u00df. Wintergeschichten - der-Schulbedarf.shop","og_description":"Sima geht zum ersten Mal rodeln. Max und Lea finden seltsame Spuren im Schnee. Die zweite Klasse baut ein Iglu auf dem Schulhof, und Anne trifft einen Schneemann, der friert! Sima und Esat aus Syrien erleben ihren ersten Schnee. Sie sehen Kinder, die am Berghang rodeln, und wollen das auch ausprobieren. Aber sie haben keinen [&hellip;]","og_url":"https:\/\/der-schulbedarf.shop\/produkt-des-monats\/produkt\/leserabe-1-lesestufe-iglu-schnee-und-rodelspass-wintergeschichten\/","og_site_name":"der-Schulbedarf.shop","article_modified_time":"2024-11-26T12:45:42+00:00","og_image":[{"width":266,"height":360,"url":"https:\/\/der-schulbedarf.shop\/wp-content\/uploads\/2023\/06\/AN_36154_1.webp","type":"image\/webp"}],"twitter_card":"summary_large_image","twitter_misc":{"Gesch\u00e4tzte Lesezeit":"2\u00a0Minuten"},"schema":{"@context":"https:\/\/schema.org","@graph":[{"@type":"WebPage","@id":"https:\/\/der-schulbedarf.shop\/produkt-des-monats\/produkt\/leserabe-1-lesestufe-iglu-schnee-und-rodelspass-wintergeschichten\/","url":"https:\/\/der-schulbedarf.shop\/produkt-des-monats\/produkt\/leserabe-1-lesestufe-iglu-schnee-und-rodelspass-wintergeschichten\/","name":"Leserabe - 1. Lesestufe: Iglu, Schnee und Rodelspa\u00df. Wintergeschichten - der-Schulbedarf.shop","isPartOf":{"@id":"https:\/\/der-schulbedarf.shop\/produkt-des-monats\/#website"},"primaryImageOfPage":{"@id":"https:\/\/der-schulbedarf.shop\/produkt-des-monats\/produkt\/leserabe-1-lesestufe-iglu-schnee-und-rodelspass-wintergeschichten\/#primaryimage"},"image":{"@id":"https:\/\/der-schulbedarf.shop\/produkt-des-monats\/produkt\/leserabe-1-lesestufe-iglu-schnee-und-rodelspass-wintergeschichten\/#primaryimage"},"thumbnailUrl":"https:\/\/der-schulbedarf.shop\/wp-content\/uploads\/2023\/06\/AN_36154_1.webp","datePublished":"2023-06-07T12:15:55+00:00","dateModified":"2024-11-26T12:45:42+00:00","breadcrumb":{"@id":"https:\/\/der-schulbedarf.shop\/produkt-des-monats\/produkt\/leserabe-1-lesestufe-iglu-schnee-und-rodelspass-wintergeschichten\/#breadcrumb"},"inLanguage":"de","potentialAction":[{"@type":"ReadAction","target":["https:\/\/der-schulbedarf.shop\/produkt-des-monats\/produkt\/leserabe-1-lesestufe-iglu-schnee-und-rodelspass-wintergeschichten\/"]}]},{"@type":"ImageObject","inLanguage":"de","@id":"https:\/\/der-schulbedarf.shop\/produkt-des-monats\/produkt\/leserabe-1-lesestufe-iglu-schnee-und-rodelspass-wintergeschichten\/#primaryimage","url":"https:\/\/der-schulbedarf.shop\/wp-content\/uploads\/2023\/06\/AN_36154_1.webp","contentUrl":"https:\/\/der-schulbedarf.shop\/wp-content\/uploads\/2023\/06\/AN_36154_1.webp","width":266,"height":360,"caption":"Iglu, Schnee und Rodelspa\u00df. Wintergeschichten"},{"@type":"BreadcrumbList","@id":"https:\/\/der-schulbedarf.shop\/produkt-des-monats\/produkt\/leserabe-1-lesestufe-iglu-schnee-und-rodelspass-wintergeschichten\/#breadcrumb","itemListElement":[{"@type":"ListItem","position":1,"name":"Shop","item":"https:\/\/der-schulbedarf.shop\/produkt-des-monats\/shop\/"},{"@type":"ListItem","position":2,"name":"Leserabe &#8211; 1. Lesestufe: Iglu, Schnee und Rodelspa\u00df. Wintergeschichten"}]},{"@type":"WebSite","@id":"https:\/\/der-schulbedarf.shop\/produkt-des-monats\/#website","url":"https:\/\/der-schulbedarf.shop\/produkt-des-monats\/","name":"der-Schulbedarf.shop","description":"","publisher":{"@id":"https:\/\/der-schulbedarf.shop\/produkt-des-monats\/#organization"},"potentialAction":[{"@type":"SearchAction","target":{"@type":"EntryPoint","urlTemplate":"https:\/\/der-schulbedarf.shop\/produkt-des-monats\/?s={search_term_string}"},"query-input":{"@type":"PropertyValueSpecification","valueRequired":true,"valueName":"search_term_string"}}],"inLanguage":"de"},{"@type":"Organization","@id":"https:\/\/der-schulbedarf.shop\/produkt-des-monats\/#organization","name":"der-Schulbedarf.shop","url":"https:\/\/der-schulbedarf.shop\/produkt-des-monats\/","logo":{"@type":"ImageObject","inLanguage":"de","@id":"https:\/\/der-schulbedarf.shop\/produkt-des-monats\/#\/schema\/logo\/image\/","url":"https:\/\/der-schulbedarf.shop\/wp-content\/uploads\/2024\/02\/grafik-e1709551115899.png","contentUrl":"https:\/\/der-schulbedarf.shop\/wp-content\/uploads\/2024\/02\/grafik-e1709551115899.png","width":80,"height":80,"caption":"der-Schulbedarf.shop"},"image":{"@id":"https:\/\/der-schulbedarf.shop\/produkt-des-monats\/#\/schema\/logo\/image\/"}}]}},"_links":{"self":[{"href":"https:\/\/der-schulbedarf.shop\/produkt-des-monats\/wp-json\/wp\/v2\/product\/877","targetHints":{"allow":["GET"]}}],"collection":[{"href":"https:\/\/der-schulbedarf.shop\/produkt-des-monats\/wp-json\/wp\/v2\/product"}],"about":[{"href":"https:\/\/der-schulbedarf.shop\/produkt-des-monats\/wp-json\/wp\/v2\/types\/product"}],"replies":[{"embeddable":true,"href":"https:\/\/der-schulbedarf.shop\/produkt-des-monats\/wp-json\/wp\/v2\/comments?post=877"}],"wp:featuredmedia":[{"embeddable":true,"href":"https:\/\/der-schulbedarf.shop\/produkt-des-monats\/wp-json\/wp\/v2\/media\/886"}],"wp:attachment":[{"href":"https:\/\/der-schulbedarf.shop\/produkt-des-monats\/wp-json\/wp\/v2\/media?parent=877"}],"wp:term":[{"taxonomy":"product_cat","embeddable":true,"href":"https:\/\/der-schulbedarf.shop\/produkt-des-monats\/wp-json\/wp\/v2\/product_cat?post=877"},{"taxonomy":"product_tag","embeddable":true,"href":"https:\/\/der-schulbedarf.shop\/produkt-des-monats\/wp-json\/wp\/v2\/product_tag?post=877"}],"curies":[{"name":"wp","href":"https:\/\/api.w.org\/{rel}","templated":true}]}}