{"id":891,"date":"2023-06-07T12:27:26","date_gmt":"2023-06-07T12:27:26","guid":{"rendered":"https:\/\/der-schulbedarf.Shop\/?post_type=product&#038;p=891"},"modified":"2024-11-26T12:40:59","modified_gmt":"2024-11-26T12:40:59","slug":"leserabe-1-lesestufe-max-und-biber-segeln-los","status":"publish","type":"product","link":"https:\/\/der-schulbedarf.shop\/produkt-des-monats\/produkt\/leserabe-1-lesestufe-max-und-biber-segeln-los\/","title":{"rendered":"Leserabe &#8211; 1. Lesestufe: Max und Biber segeln los!"},"content":{"rendered":"<p>Max soll sein Zimmer aufr\u00e4umen, doch er hat keine Zeit: Er muss verreisen! Zusammen mit seinem Freund Biber geht er auf gro\u00dfe Fahrt. Dabei begegnet er erst Flango, dem temperamentvollen Flamenko, dann dem eleganten Meerpferd Nile Kawallo und schlie\u00dflich dem umtriebigen Flei\u00dfigtier Fauli. Gemeinsam nehmen sie Kurs aufs Meer und erleben dabei fantastische Abenteuer.<\/p>\n<p>&#8222;Ein rundum gelungenes, spannendes Erstlesebuch, das in \u00e4sthetischer Hinsicht \u00fcberzeugt und viel Lesespa\u00df bei unseren j\u00fcngsten LeserInnen der Lesestufe 1 garantiert!&#8220; Jury Leseknirps<\/p>\n<p>Eine poetische und humorvolle Geschichte f\u00fcr Erstleser voller Wortwitz und Fantasie.<\/p>\n<p>Wie sieht das Meer aus? \u201cGro\u00df, blau und nass\u201d, meint Max. Gro\u00df, blau und nass ist auch das, was Fauli kurz darauf entdeckt. Doch sind die Freunde wirklich schon am Meer angelangt&#8230;?Der Autor Salah Naoura (\u201cMatti und Sami und die drei gr\u00f6\u00dften Fehler des Universums\u201d) und die Illustratorin SaBine B\u00fcchner (\u201cPetronella Apfelmus\u201d) sind ein kongeniales Team, Text und detailreiche Bilder erg\u00e4nzen sich in diesem wunderbaren Erstlesebuch aufs Trefflichste und erm\u00f6glichen so schon ganz jungen Lesern ein ganz besonderes Lesevergn\u00fcgen.<\/p>\n<p>&nbsp;<\/p>\n<p>&nbsp;<\/p>\n","protected":false},"excerpt":{"rendered":"<p>Max soll sein Zimmer aufr\u00e4umen, doch er hat keine Zeit: Er muss verreisen! Zusammen mit seinem Freund Biber geht er auf gro\u00dfe Fahrt. Dabei begegnet er erst Flango, dem temperamentvollen Flamenko, dann dem eleganten Meerpferd Nile Kawallo und schlie\u00dflich dem umtriebigen Flei\u00dfigtier Fauli. Gemeinsam nehmen sie Kurs aufs Meer und erleben dabei fantastische Abenteuer. &#8222;Ein [&hellip;]<\/p>\n","protected":false},"featured_media":2556,"comment_status":"open","ping_status":"closed","template":"","meta":[],"product_cat":[224,915,944,225,37],"product_tag":[192,111,417,200,201,196,197,195,183,213,418,416,115,199,114,113,210,112,198,181,202,179,194,419,298,193,180,415,304,167,177,178],"class_list":{"0":"post-891","1":"product","2":"type-product","3":"status-publish","4":"has-post-thumbnail","6":"product_cat-kinderbuecher","7":"product_cat-produkt-feeds","8":"product_cat-produktzufuehrung-geizhal","9":"product_cat-ravensburger-kinderbuecher","10":"product_cat-ravensburger","11":"product_tag-antolin","12":"product_tag-beschaeftigung","13":"product_tag-biber","14":"product_tag-buch","15":"product_tag-buecher","16":"product_tag-erstlesebuch","17":"product_tag-erstlesebuecher","18":"product_tag-erstleser","19":"product_tag-fantasie","20":"product_tag-faultier","21":"product_tag-flamingo","22":"product_tag-floss","23":"product_tag-fuer-jungen","24":"product_tag-fuer-kinder-ab-6-jahre","25":"product_tag-fuer-maedchen","26":"product_tag-geschenk","27":"product_tag-geschenk-kinder","28":"product_tag-geschenkidee","29":"product_tag-kinderbuch","30":"product_tag-kinderbuecher","31":"product_tag-lesen","32":"product_tag-lesen-lernen","33":"product_tag-leserabe","34":"product_tag-nilpferd","35":"product_tag-phantasie","36":"product_tag-ravensburger","37":"product_tag-ravensburger-erstes-lernen","38":"product_tag-reise","39":"product_tag-spass","40":"product_tag-tiere","41":"product_tag-zuhause-lernen","42":"product_tag-zuhause-unterrichten","43":"post","44":"post-with-thumbnail","45":"post-with-thumbnail-large","47":"first","48":"instock","49":"taxable","50":"shipping-taxable","51":"purchasable","52":"product-type-simple"},"yoast_head":"<!-- This site is optimized with the Yoast SEO plugin v26.6 - https:\/\/yoast.com\/wordpress\/plugins\/seo\/ -->\n<title>Leserabe - 1. Lesestufe: Max und Biber segeln los! - der-Schulbedarf.shop<\/title>\n<meta name=\"robots\" content=\"index, follow, max-snippet:-1, max-image-preview:large, max-video-preview:-1\" \/>\n<link rel=\"canonical\" href=\"https:\/\/der-schulbedarf.shop\/produkt-des-monats\/produkt\/leserabe-1-lesestufe-max-und-biber-segeln-los\/\" \/>\n<meta property=\"og:locale\" content=\"de_DE\" \/>\n<meta property=\"og:type\" content=\"article\" \/>\n<meta property=\"og:title\" content=\"Leserabe - 1. Lesestufe: Max und Biber segeln los! - der-Schulbedarf.shop\" \/>\n<meta property=\"og:description\" content=\"Max soll sein Zimmer aufr\u00e4umen, doch er hat keine Zeit: Er muss verreisen! Zusammen mit seinem Freund Biber geht er auf gro\u00dfe Fahrt. Dabei begegnet er erst Flango, dem temperamentvollen Flamenko, dann dem eleganten Meerpferd Nile Kawallo und schlie\u00dflich dem umtriebigen Flei\u00dfigtier Fauli. Gemeinsam nehmen sie Kurs aufs Meer und erleben dabei fantastische Abenteuer. &#8222;Ein [&hellip;]\" \/>\n<meta property=\"og:url\" content=\"https:\/\/der-schulbedarf.shop\/produkt-des-monats\/produkt\/leserabe-1-lesestufe-max-und-biber-segeln-los\/\" \/>\n<meta property=\"og:site_name\" content=\"der-Schulbedarf.shop\" \/>\n<meta property=\"article:modified_time\" content=\"2024-11-26T12:40:59+00:00\" \/>\n<meta property=\"og:image\" content=\"https:\/\/der-schulbedarf.shop\/wp-content\/uploads\/2023\/06\/AN_36155_1-720x380-1.webp\" \/>\n\t<meta property=\"og:image:width\" content=\"720\" \/>\n\t<meta property=\"og:image:height\" content=\"380\" \/>\n\t<meta property=\"og:image:type\" content=\"image\/webp\" \/>\n<meta name=\"twitter:card\" content=\"summary_large_image\" \/>\n<meta name=\"twitter:label1\" content=\"Gesch\u00e4tzte Lesezeit\" \/>\n\t<meta name=\"twitter:data1\" content=\"2\u00a0Minuten\" \/>\n<script type=\"application\/ld+json\" class=\"yoast-schema-graph\">{\"@context\":\"https:\/\/schema.org\",\"@graph\":[{\"@type\":\"WebPage\",\"@id\":\"https:\/\/der-schulbedarf.shop\/produkt-des-monats\/produkt\/leserabe-1-lesestufe-max-und-biber-segeln-los\/\",\"url\":\"https:\/\/der-schulbedarf.shop\/produkt-des-monats\/produkt\/leserabe-1-lesestufe-max-und-biber-segeln-los\/\",\"name\":\"Leserabe - 1. Lesestufe: Max und Biber segeln los! - der-Schulbedarf.shop\",\"isPartOf\":{\"@id\":\"https:\/\/der-schulbedarf.shop\/produkt-des-monats\/#website\"},\"primaryImageOfPage\":{\"@id\":\"https:\/\/der-schulbedarf.shop\/produkt-des-monats\/produkt\/leserabe-1-lesestufe-max-und-biber-segeln-los\/#primaryimage\"},\"image\":{\"@id\":\"https:\/\/der-schulbedarf.shop\/produkt-des-monats\/produkt\/leserabe-1-lesestufe-max-und-biber-segeln-los\/#primaryimage\"},\"thumbnailUrl\":\"https:\/\/der-schulbedarf.shop\/wp-content\/uploads\/2023\/06\/AN_36155_1-720x380-1.webp\",\"datePublished\":\"2023-06-07T12:27:26+00:00\",\"dateModified\":\"2024-11-26T12:40:59+00:00\",\"breadcrumb\":{\"@id\":\"https:\/\/der-schulbedarf.shop\/produkt-des-monats\/produkt\/leserabe-1-lesestufe-max-und-biber-segeln-los\/#breadcrumb\"},\"inLanguage\":\"de\",\"potentialAction\":[{\"@type\":\"ReadAction\",\"target\":[\"https:\/\/der-schulbedarf.shop\/produkt-des-monats\/produkt\/leserabe-1-lesestufe-max-und-biber-segeln-los\/\"]}]},{\"@type\":\"ImageObject\",\"inLanguage\":\"de\",\"@id\":\"https:\/\/der-schulbedarf.shop\/produkt-des-monats\/produkt\/leserabe-1-lesestufe-max-und-biber-segeln-los\/#primaryimage\",\"url\":\"https:\/\/der-schulbedarf.shop\/wp-content\/uploads\/2023\/06\/AN_36155_1-720x380-1.webp\",\"contentUrl\":\"https:\/\/der-schulbedarf.shop\/wp-content\/uploads\/2023\/06\/AN_36155_1-720x380-1.webp\",\"width\":720,\"height\":380,\"caption\":\"Max und Biber segeln los!\"},{\"@type\":\"BreadcrumbList\",\"@id\":\"https:\/\/der-schulbedarf.shop\/produkt-des-monats\/produkt\/leserabe-1-lesestufe-max-und-biber-segeln-los\/#breadcrumb\",\"itemListElement\":[{\"@type\":\"ListItem\",\"position\":1,\"name\":\"Shop\",\"item\":\"https:\/\/der-schulbedarf.shop\/produkt-des-monats\/shop\/\"},{\"@type\":\"ListItem\",\"position\":2,\"name\":\"Leserabe &#8211; 1. Lesestufe: Max und Biber segeln los!\"}]},{\"@type\":\"WebSite\",\"@id\":\"https:\/\/der-schulbedarf.shop\/produkt-des-monats\/#website\",\"url\":\"https:\/\/der-schulbedarf.shop\/produkt-des-monats\/\",\"name\":\"der-Schulbedarf.shop\",\"description\":\"\",\"publisher\":{\"@id\":\"https:\/\/der-schulbedarf.shop\/produkt-des-monats\/#organization\"},\"potentialAction\":[{\"@type\":\"SearchAction\",\"target\":{\"@type\":\"EntryPoint\",\"urlTemplate\":\"https:\/\/der-schulbedarf.shop\/produkt-des-monats\/?s={search_term_string}\"},\"query-input\":{\"@type\":\"PropertyValueSpecification\",\"valueRequired\":true,\"valueName\":\"search_term_string\"}}],\"inLanguage\":\"de\"},{\"@type\":\"Organization\",\"@id\":\"https:\/\/der-schulbedarf.shop\/produkt-des-monats\/#organization\",\"name\":\"der-Schulbedarf.shop\",\"url\":\"https:\/\/der-schulbedarf.shop\/produkt-des-monats\/\",\"logo\":{\"@type\":\"ImageObject\",\"inLanguage\":\"de\",\"@id\":\"https:\/\/der-schulbedarf.shop\/produkt-des-monats\/#\/schema\/logo\/image\/\",\"url\":\"https:\/\/der-schulbedarf.shop\/wp-content\/uploads\/2024\/02\/grafik-e1709551115899.png\",\"contentUrl\":\"https:\/\/der-schulbedarf.shop\/wp-content\/uploads\/2024\/02\/grafik-e1709551115899.png\",\"width\":80,\"height\":80,\"caption\":\"der-Schulbedarf.shop\"},\"image\":{\"@id\":\"https:\/\/der-schulbedarf.shop\/produkt-des-monats\/#\/schema\/logo\/image\/\"}}]}<\/script>\n<!-- \/ Yoast SEO plugin. -->","yoast_head_json":{"title":"Leserabe - 1. Lesestufe: Max und Biber segeln los! - der-Schulbedarf.shop","robots":{"index":"index","follow":"follow","max-snippet":"max-snippet:-1","max-image-preview":"max-image-preview:large","max-video-preview":"max-video-preview:-1"},"canonical":"https:\/\/der-schulbedarf.shop\/produkt-des-monats\/produkt\/leserabe-1-lesestufe-max-und-biber-segeln-los\/","og_locale":"de_DE","og_type":"article","og_title":"Leserabe - 1. Lesestufe: Max und Biber segeln los! - der-Schulbedarf.shop","og_description":"Max soll sein Zimmer aufr\u00e4umen, doch er hat keine Zeit: Er muss verreisen! Zusammen mit seinem Freund Biber geht er auf gro\u00dfe Fahrt. Dabei begegnet er erst Flango, dem temperamentvollen Flamenko, dann dem eleganten Meerpferd Nile Kawallo und schlie\u00dflich dem umtriebigen Flei\u00dfigtier Fauli. Gemeinsam nehmen sie Kurs aufs Meer und erleben dabei fantastische Abenteuer. &#8222;Ein [&hellip;]","og_url":"https:\/\/der-schulbedarf.shop\/produkt-des-monats\/produkt\/leserabe-1-lesestufe-max-und-biber-segeln-los\/","og_site_name":"der-Schulbedarf.shop","article_modified_time":"2024-11-26T12:40:59+00:00","og_image":[{"width":720,"height":380,"url":"https:\/\/der-schulbedarf.shop\/wp-content\/uploads\/2023\/06\/AN_36155_1-720x380-1.webp","type":"image\/webp"}],"twitter_card":"summary_large_image","twitter_misc":{"Gesch\u00e4tzte Lesezeit":"2\u00a0Minuten"},"schema":{"@context":"https:\/\/schema.org","@graph":[{"@type":"WebPage","@id":"https:\/\/der-schulbedarf.shop\/produkt-des-monats\/produkt\/leserabe-1-lesestufe-max-und-biber-segeln-los\/","url":"https:\/\/der-schulbedarf.shop\/produkt-des-monats\/produkt\/leserabe-1-lesestufe-max-und-biber-segeln-los\/","name":"Leserabe - 1. Lesestufe: Max und Biber segeln los! - der-Schulbedarf.shop","isPartOf":{"@id":"https:\/\/der-schulbedarf.shop\/produkt-des-monats\/#website"},"primaryImageOfPage":{"@id":"https:\/\/der-schulbedarf.shop\/produkt-des-monats\/produkt\/leserabe-1-lesestufe-max-und-biber-segeln-los\/#primaryimage"},"image":{"@id":"https:\/\/der-schulbedarf.shop\/produkt-des-monats\/produkt\/leserabe-1-lesestufe-max-und-biber-segeln-los\/#primaryimage"},"thumbnailUrl":"https:\/\/der-schulbedarf.shop\/wp-content\/uploads\/2023\/06\/AN_36155_1-720x380-1.webp","datePublished":"2023-06-07T12:27:26+00:00","dateModified":"2024-11-26T12:40:59+00:00","breadcrumb":{"@id":"https:\/\/der-schulbedarf.shop\/produkt-des-monats\/produkt\/leserabe-1-lesestufe-max-und-biber-segeln-los\/#breadcrumb"},"inLanguage":"de","potentialAction":[{"@type":"ReadAction","target":["https:\/\/der-schulbedarf.shop\/produkt-des-monats\/produkt\/leserabe-1-lesestufe-max-und-biber-segeln-los\/"]}]},{"@type":"ImageObject","inLanguage":"de","@id":"https:\/\/der-schulbedarf.shop\/produkt-des-monats\/produkt\/leserabe-1-lesestufe-max-und-biber-segeln-los\/#primaryimage","url":"https:\/\/der-schulbedarf.shop\/wp-content\/uploads\/2023\/06\/AN_36155_1-720x380-1.webp","contentUrl":"https:\/\/der-schulbedarf.shop\/wp-content\/uploads\/2023\/06\/AN_36155_1-720x380-1.webp","width":720,"height":380,"caption":"Max und Biber segeln los!"},{"@type":"BreadcrumbList","@id":"https:\/\/der-schulbedarf.shop\/produkt-des-monats\/produkt\/leserabe-1-lesestufe-max-und-biber-segeln-los\/#breadcrumb","itemListElement":[{"@type":"ListItem","position":1,"name":"Shop","item":"https:\/\/der-schulbedarf.shop\/produkt-des-monats\/shop\/"},{"@type":"ListItem","position":2,"name":"Leserabe &#8211; 1. Lesestufe: Max und Biber segeln los!"}]},{"@type":"WebSite","@id":"https:\/\/der-schulbedarf.shop\/produkt-des-monats\/#website","url":"https:\/\/der-schulbedarf.shop\/produkt-des-monats\/","name":"der-Schulbedarf.shop","description":"","publisher":{"@id":"https:\/\/der-schulbedarf.shop\/produkt-des-monats\/#organization"},"potentialAction":[{"@type":"SearchAction","target":{"@type":"EntryPoint","urlTemplate":"https:\/\/der-schulbedarf.shop\/produkt-des-monats\/?s={search_term_string}"},"query-input":{"@type":"PropertyValueSpecification","valueRequired":true,"valueName":"search_term_string"}}],"inLanguage":"de"},{"@type":"Organization","@id":"https:\/\/der-schulbedarf.shop\/produkt-des-monats\/#organization","name":"der-Schulbedarf.shop","url":"https:\/\/der-schulbedarf.shop\/produkt-des-monats\/","logo":{"@type":"ImageObject","inLanguage":"de","@id":"https:\/\/der-schulbedarf.shop\/produkt-des-monats\/#\/schema\/logo\/image\/","url":"https:\/\/der-schulbedarf.shop\/wp-content\/uploads\/2024\/02\/grafik-e1709551115899.png","contentUrl":"https:\/\/der-schulbedarf.shop\/wp-content\/uploads\/2024\/02\/grafik-e1709551115899.png","width":80,"height":80,"caption":"der-Schulbedarf.shop"},"image":{"@id":"https:\/\/der-schulbedarf.shop\/produkt-des-monats\/#\/schema\/logo\/image\/"}}]}},"_links":{"self":[{"href":"https:\/\/der-schulbedarf.shop\/produkt-des-monats\/wp-json\/wp\/v2\/product\/891","targetHints":{"allow":["GET"]}}],"collection":[{"href":"https:\/\/der-schulbedarf.shop\/produkt-des-monats\/wp-json\/wp\/v2\/product"}],"about":[{"href":"https:\/\/der-schulbedarf.shop\/produkt-des-monats\/wp-json\/wp\/v2\/types\/product"}],"replies":[{"embeddable":true,"href":"https:\/\/der-schulbedarf.shop\/produkt-des-monats\/wp-json\/wp\/v2\/comments?post=891"}],"wp:featuredmedia":[{"embeddable":true,"href":"https:\/\/der-schulbedarf.shop\/produkt-des-monats\/wp-json\/wp\/v2\/media\/2556"}],"wp:attachment":[{"href":"https:\/\/der-schulbedarf.shop\/produkt-des-monats\/wp-json\/wp\/v2\/media?parent=891"}],"wp:term":[{"taxonomy":"product_cat","embeddable":true,"href":"https:\/\/der-schulbedarf.shop\/produkt-des-monats\/wp-json\/wp\/v2\/product_cat?post=891"},{"taxonomy":"product_tag","embeddable":true,"href":"https:\/\/der-schulbedarf.shop\/produkt-des-monats\/wp-json\/wp\/v2\/product_tag?post=891"}],"curies":[{"name":"wp","href":"https:\/\/api.w.org\/{rel}","templated":true}]}}