{"id":929,"date":"2023-06-14T05:43:50","date_gmt":"2023-06-14T05:43:50","guid":{"rendered":"https:\/\/der-schulbedarf.Shop\/?post_type=product&#038;p=929"},"modified":"2024-12-08T20:32:40","modified_gmt":"2024-12-08T20:32:40","slug":"die-jagd-nach-dem-magischen-detektivkoffer-band-3-huehnerdieb-gesucht","status":"publish","type":"product","link":"https:\/\/der-schulbedarf.shop\/produkt-des-monats\/produkt\/die-jagd-nach-dem-magischen-detektivkoffer-band-3-huehnerdieb-gesucht\/","title":{"rendered":"Die Jagd nach dem magischen Detektivkoffer, Band 3: H\u00fchnerdieb gesucht!"},"content":{"rendered":"<p>Ein geheimnisvoller H\u00fchnerdieb treibt sein Unwesen. Ob die Zwillinge und Detektive Marie und Lukas den Fall l\u00f6sen k\u00f6nnen? Und was haben die Ganoven Topf und Deckel damit zu tun? Band 3 der turbulenten Detektivreihe f\u00fcr Erstleser.<\/p>\n<p>Ein magischer Koffer aus \u00dcbersee steht im Mittelpunkt der neuen Erstlesereihe von Cally Stronk. Die Zwillinge Marie und Lukas bekommen ihn an ihrem siebten Geburtstag von ihrer Tante aus \u00dcbersee geschickt. Was hat es mit dem Koffer auf sich? Und warum sollen die Zwillinge vor Gro\u00df und Klein auf der Hut sein?Schon bald stellt sich heraus, dass die Gegenst\u00e4nde im Koffer magische F\u00e4higkeiten haben! Doch auch ein tollpatschiges Ganovenp\u00e4rchen ist hinter dem Koffer her&#8230; Damit beginnt eine abenteuerliche Jagd nach dem magischen Detektivkoffer! Und das Beste: Die Leser k\u00f6nnen den Zwillingen bei der Jagd nach dem Koffer behilflich sein, indem sie die im Buch enthaltenen Bilderr\u00e4tsel l\u00f6sen. Ein gro\u00dfer Lesespa\u00df f\u00fcr alle Krimifans! Ideal f\u00fcr Erstleser ab 7 Jahren.<\/p>\n<p>&nbsp;<\/p>\n<p>&nbsp;<\/p>\n","protected":false},"excerpt":{"rendered":"<p>Ein geheimnisvoller H\u00fchnerdieb treibt sein Unwesen. Ob die Zwillinge und Detektive Marie und Lukas den Fall l\u00f6sen k\u00f6nnen? Und was haben die Ganoven Topf und Deckel damit zu tun? Band 3 der turbulenten Detektivreihe f\u00fcr Erstleser. Ein magischer Koffer aus \u00dcbersee steht im Mittelpunkt der neuen Erstlesereihe von Cally Stronk. Die Zwillinge Marie und Lukas [&hellip;]<\/p>\n","protected":false},"featured_media":2769,"comment_status":"open","ping_status":"closed","template":"","meta":[],"product_cat":[224,915,944,225],"product_tag":[221,220,192,111,200,201,459,454,455,196,197,195,334,115,223,114,113,210,112,198,181,460,394,457,202,179,269,188,456,290,458,193,360],"class_list":{"0":"post-929","1":"product","2":"type-product","3":"status-publish","4":"has-post-thumbnail","6":"product_cat-kinderbuecher","7":"product_cat-produkt-feeds","8":"product_cat-produktzufuehrung-geizhal","9":"product_cat-ravensburger-kinderbuecher","10":"product_tag-2-klasse","11":"product_tag-ab-7-jahren","12":"product_tag-antolin","13":"product_tag-beschaeftigung","14":"product_tag-buch","15":"product_tag-buecher","16":"product_tag-buecher-fuer-leseanfaenger","17":"product_tag-detektiv","18":"product_tag-detektivgeschichte","19":"product_tag-erstlesebuch","20":"product_tag-erstlesebuecher","21":"product_tag-erstleser","22":"product_tag-erstlesereihe","23":"product_tag-fuer-jungen","24":"product_tag-fuer-kinder-ab-7-jahre","25":"product_tag-fuer-maedchen","26":"product_tag-geschenk","27":"product_tag-geschenk-kinder","28":"product_tag-geschenkidee","29":"product_tag-kinderbuch","30":"product_tag-kinderbuecher","31":"product_tag-kinderkrimi","32":"product_tag-krimi","33":"product_tag-krimiraetsel","34":"product_tag-lesen","35":"product_tag-lesen-lernen","36":"product_tag-lustig","37":"product_tag-magie","38":"product_tag-mitraten","39":"product_tag-raetsel","40":"product_tag-raetselkrimi","41":"product_tag-ravensburger","42":"product_tag-spannend","43":"post","44":"post-with-thumbnail","45":"post-with-thumbnail-large","47":"first","48":"outofstock","49":"taxable","50":"shipping-taxable","51":"purchasable","52":"product-type-simple"},"yoast_head":"<!-- This site is optimized with the Yoast SEO plugin v26.6 - https:\/\/yoast.com\/wordpress\/plugins\/seo\/ -->\n<title>Die Jagd nach dem magischen Detektivkoffer, Band 3: H\u00fchnerdieb gesucht! - der-Schulbedarf.shop<\/title>\n<meta name=\"robots\" content=\"index, follow, max-snippet:-1, max-image-preview:large, max-video-preview:-1\" \/>\n<link rel=\"canonical\" href=\"https:\/\/der-schulbedarf.shop\/produkt-des-monats\/produkt\/die-jagd-nach-dem-magischen-detektivkoffer-band-3-huehnerdieb-gesucht\/\" \/>\n<meta property=\"og:locale\" content=\"de_DE\" \/>\n<meta property=\"og:type\" content=\"article\" \/>\n<meta property=\"og:title\" content=\"Die Jagd nach dem magischen Detektivkoffer, Band 3: H\u00fchnerdieb gesucht! - der-Schulbedarf.shop\" \/>\n<meta property=\"og:description\" content=\"Ein geheimnisvoller H\u00fchnerdieb treibt sein Unwesen. Ob die Zwillinge und Detektive Marie und Lukas den Fall l\u00f6sen k\u00f6nnen? Und was haben die Ganoven Topf und Deckel damit zu tun? Band 3 der turbulenten Detektivreihe f\u00fcr Erstleser. Ein magischer Koffer aus \u00dcbersee steht im Mittelpunkt der neuen Erstlesereihe von Cally Stronk. Die Zwillinge Marie und Lukas [&hellip;]\" \/>\n<meta property=\"og:url\" content=\"https:\/\/der-schulbedarf.shop\/produkt-des-monats\/produkt\/die-jagd-nach-dem-magischen-detektivkoffer-band-3-huehnerdieb-gesucht\/\" \/>\n<meta property=\"og:site_name\" content=\"der-Schulbedarf.shop\" \/>\n<meta property=\"article:modified_time\" content=\"2024-12-08T20:32:40+00:00\" \/>\n<meta property=\"og:image\" content=\"https:\/\/der-schulbedarf.shop\/wp-content\/uploads\/2023\/06\/46036-700x380-1.webp\" \/>\n\t<meta property=\"og:image:width\" content=\"700\" \/>\n\t<meta property=\"og:image:height\" content=\"380\" \/>\n\t<meta property=\"og:image:type\" content=\"image\/webp\" \/>\n<meta name=\"twitter:card\" content=\"summary_large_image\" \/>\n<meta name=\"twitter:label1\" content=\"Gesch\u00e4tzte Lesezeit\" \/>\n\t<meta name=\"twitter:data1\" content=\"1\u00a0Minute\" \/>\n<script type=\"application\/ld+json\" class=\"yoast-schema-graph\">{\"@context\":\"https:\/\/schema.org\",\"@graph\":[{\"@type\":\"WebPage\",\"@id\":\"https:\/\/der-schulbedarf.shop\/produkt-des-monats\/produkt\/die-jagd-nach-dem-magischen-detektivkoffer-band-3-huehnerdieb-gesucht\/\",\"url\":\"https:\/\/der-schulbedarf.shop\/produkt-des-monats\/produkt\/die-jagd-nach-dem-magischen-detektivkoffer-band-3-huehnerdieb-gesucht\/\",\"name\":\"Die Jagd nach dem magischen Detektivkoffer, Band 3: H\u00fchnerdieb gesucht! - der-Schulbedarf.shop\",\"isPartOf\":{\"@id\":\"https:\/\/der-schulbedarf.shop\/produkt-des-monats\/#website\"},\"primaryImageOfPage\":{\"@id\":\"https:\/\/der-schulbedarf.shop\/produkt-des-monats\/produkt\/die-jagd-nach-dem-magischen-detektivkoffer-band-3-huehnerdieb-gesucht\/#primaryimage\"},\"image\":{\"@id\":\"https:\/\/der-schulbedarf.shop\/produkt-des-monats\/produkt\/die-jagd-nach-dem-magischen-detektivkoffer-band-3-huehnerdieb-gesucht\/#primaryimage\"},\"thumbnailUrl\":\"https:\/\/der-schulbedarf.shop\/wp-content\/uploads\/2023\/06\/46036-700x380-1.webp\",\"datePublished\":\"2023-06-14T05:43:50+00:00\",\"dateModified\":\"2024-12-08T20:32:40+00:00\",\"breadcrumb\":{\"@id\":\"https:\/\/der-schulbedarf.shop\/produkt-des-monats\/produkt\/die-jagd-nach-dem-magischen-detektivkoffer-band-3-huehnerdieb-gesucht\/#breadcrumb\"},\"inLanguage\":\"de\",\"potentialAction\":[{\"@type\":\"ReadAction\",\"target\":[\"https:\/\/der-schulbedarf.shop\/produkt-des-monats\/produkt\/die-jagd-nach-dem-magischen-detektivkoffer-band-3-huehnerdieb-gesucht\/\"]}]},{\"@type\":\"ImageObject\",\"inLanguage\":\"de\",\"@id\":\"https:\/\/der-schulbedarf.shop\/produkt-des-monats\/produkt\/die-jagd-nach-dem-magischen-detektivkoffer-band-3-huehnerdieb-gesucht\/#primaryimage\",\"url\":\"https:\/\/der-schulbedarf.shop\/wp-content\/uploads\/2023\/06\/46036-700x380-1.webp\",\"contentUrl\":\"https:\/\/der-schulbedarf.shop\/wp-content\/uploads\/2023\/06\/46036-700x380-1.webp\",\"width\":700,\"height\":380},{\"@type\":\"BreadcrumbList\",\"@id\":\"https:\/\/der-schulbedarf.shop\/produkt-des-monats\/produkt\/die-jagd-nach-dem-magischen-detektivkoffer-band-3-huehnerdieb-gesucht\/#breadcrumb\",\"itemListElement\":[{\"@type\":\"ListItem\",\"position\":1,\"name\":\"Shop\",\"item\":\"https:\/\/der-schulbedarf.shop\/produkt-des-monats\/shop\/\"},{\"@type\":\"ListItem\",\"position\":2,\"name\":\"Die Jagd nach dem magischen Detektivkoffer, Band 3: H\u00fchnerdieb gesucht!\"}]},{\"@type\":\"WebSite\",\"@id\":\"https:\/\/der-schulbedarf.shop\/produkt-des-monats\/#website\",\"url\":\"https:\/\/der-schulbedarf.shop\/produkt-des-monats\/\",\"name\":\"der-Schulbedarf.shop\",\"description\":\"\",\"publisher\":{\"@id\":\"https:\/\/der-schulbedarf.shop\/produkt-des-monats\/#organization\"},\"potentialAction\":[{\"@type\":\"SearchAction\",\"target\":{\"@type\":\"EntryPoint\",\"urlTemplate\":\"https:\/\/der-schulbedarf.shop\/produkt-des-monats\/?s={search_term_string}\"},\"query-input\":{\"@type\":\"PropertyValueSpecification\",\"valueRequired\":true,\"valueName\":\"search_term_string\"}}],\"inLanguage\":\"de\"},{\"@type\":\"Organization\",\"@id\":\"https:\/\/der-schulbedarf.shop\/produkt-des-monats\/#organization\",\"name\":\"der-Schulbedarf.shop\",\"url\":\"https:\/\/der-schulbedarf.shop\/produkt-des-monats\/\",\"logo\":{\"@type\":\"ImageObject\",\"inLanguage\":\"de\",\"@id\":\"https:\/\/der-schulbedarf.shop\/produkt-des-monats\/#\/schema\/logo\/image\/\",\"url\":\"https:\/\/der-schulbedarf.shop\/wp-content\/uploads\/2024\/02\/grafik-e1709551115899.png\",\"contentUrl\":\"https:\/\/der-schulbedarf.shop\/wp-content\/uploads\/2024\/02\/grafik-e1709551115899.png\",\"width\":80,\"height\":80,\"caption\":\"der-Schulbedarf.shop\"},\"image\":{\"@id\":\"https:\/\/der-schulbedarf.shop\/produkt-des-monats\/#\/schema\/logo\/image\/\"}}]}<\/script>\n<!-- \/ Yoast SEO plugin. -->","yoast_head_json":{"title":"Die Jagd nach dem magischen Detektivkoffer, Band 3: H\u00fchnerdieb gesucht! - der-Schulbedarf.shop","robots":{"index":"index","follow":"follow","max-snippet":"max-snippet:-1","max-image-preview":"max-image-preview:large","max-video-preview":"max-video-preview:-1"},"canonical":"https:\/\/der-schulbedarf.shop\/produkt-des-monats\/produkt\/die-jagd-nach-dem-magischen-detektivkoffer-band-3-huehnerdieb-gesucht\/","og_locale":"de_DE","og_type":"article","og_title":"Die Jagd nach dem magischen Detektivkoffer, Band 3: H\u00fchnerdieb gesucht! - der-Schulbedarf.shop","og_description":"Ein geheimnisvoller H\u00fchnerdieb treibt sein Unwesen. Ob die Zwillinge und Detektive Marie und Lukas den Fall l\u00f6sen k\u00f6nnen? Und was haben die Ganoven Topf und Deckel damit zu tun? Band 3 der turbulenten Detektivreihe f\u00fcr Erstleser. Ein magischer Koffer aus \u00dcbersee steht im Mittelpunkt der neuen Erstlesereihe von Cally Stronk. Die Zwillinge Marie und Lukas [&hellip;]","og_url":"https:\/\/der-schulbedarf.shop\/produkt-des-monats\/produkt\/die-jagd-nach-dem-magischen-detektivkoffer-band-3-huehnerdieb-gesucht\/","og_site_name":"der-Schulbedarf.shop","article_modified_time":"2024-12-08T20:32:40+00:00","og_image":[{"width":700,"height":380,"url":"https:\/\/der-schulbedarf.shop\/wp-content\/uploads\/2023\/06\/46036-700x380-1.webp","type":"image\/webp"}],"twitter_card":"summary_large_image","twitter_misc":{"Gesch\u00e4tzte Lesezeit":"1\u00a0Minute"},"schema":{"@context":"https:\/\/schema.org","@graph":[{"@type":"WebPage","@id":"https:\/\/der-schulbedarf.shop\/produkt-des-monats\/produkt\/die-jagd-nach-dem-magischen-detektivkoffer-band-3-huehnerdieb-gesucht\/","url":"https:\/\/der-schulbedarf.shop\/produkt-des-monats\/produkt\/die-jagd-nach-dem-magischen-detektivkoffer-band-3-huehnerdieb-gesucht\/","name":"Die Jagd nach dem magischen Detektivkoffer, Band 3: H\u00fchnerdieb gesucht! - der-Schulbedarf.shop","isPartOf":{"@id":"https:\/\/der-schulbedarf.shop\/produkt-des-monats\/#website"},"primaryImageOfPage":{"@id":"https:\/\/der-schulbedarf.shop\/produkt-des-monats\/produkt\/die-jagd-nach-dem-magischen-detektivkoffer-band-3-huehnerdieb-gesucht\/#primaryimage"},"image":{"@id":"https:\/\/der-schulbedarf.shop\/produkt-des-monats\/produkt\/die-jagd-nach-dem-magischen-detektivkoffer-band-3-huehnerdieb-gesucht\/#primaryimage"},"thumbnailUrl":"https:\/\/der-schulbedarf.shop\/wp-content\/uploads\/2023\/06\/46036-700x380-1.webp","datePublished":"2023-06-14T05:43:50+00:00","dateModified":"2024-12-08T20:32:40+00:00","breadcrumb":{"@id":"https:\/\/der-schulbedarf.shop\/produkt-des-monats\/produkt\/die-jagd-nach-dem-magischen-detektivkoffer-band-3-huehnerdieb-gesucht\/#breadcrumb"},"inLanguage":"de","potentialAction":[{"@type":"ReadAction","target":["https:\/\/der-schulbedarf.shop\/produkt-des-monats\/produkt\/die-jagd-nach-dem-magischen-detektivkoffer-band-3-huehnerdieb-gesucht\/"]}]},{"@type":"ImageObject","inLanguage":"de","@id":"https:\/\/der-schulbedarf.shop\/produkt-des-monats\/produkt\/die-jagd-nach-dem-magischen-detektivkoffer-band-3-huehnerdieb-gesucht\/#primaryimage","url":"https:\/\/der-schulbedarf.shop\/wp-content\/uploads\/2023\/06\/46036-700x380-1.webp","contentUrl":"https:\/\/der-schulbedarf.shop\/wp-content\/uploads\/2023\/06\/46036-700x380-1.webp","width":700,"height":380},{"@type":"BreadcrumbList","@id":"https:\/\/der-schulbedarf.shop\/produkt-des-monats\/produkt\/die-jagd-nach-dem-magischen-detektivkoffer-band-3-huehnerdieb-gesucht\/#breadcrumb","itemListElement":[{"@type":"ListItem","position":1,"name":"Shop","item":"https:\/\/der-schulbedarf.shop\/produkt-des-monats\/shop\/"},{"@type":"ListItem","position":2,"name":"Die Jagd nach dem magischen Detektivkoffer, Band 3: H\u00fchnerdieb gesucht!"}]},{"@type":"WebSite","@id":"https:\/\/der-schulbedarf.shop\/produkt-des-monats\/#website","url":"https:\/\/der-schulbedarf.shop\/produkt-des-monats\/","name":"der-Schulbedarf.shop","description":"","publisher":{"@id":"https:\/\/der-schulbedarf.shop\/produkt-des-monats\/#organization"},"potentialAction":[{"@type":"SearchAction","target":{"@type":"EntryPoint","urlTemplate":"https:\/\/der-schulbedarf.shop\/produkt-des-monats\/?s={search_term_string}"},"query-input":{"@type":"PropertyValueSpecification","valueRequired":true,"valueName":"search_term_string"}}],"inLanguage":"de"},{"@type":"Organization","@id":"https:\/\/der-schulbedarf.shop\/produkt-des-monats\/#organization","name":"der-Schulbedarf.shop","url":"https:\/\/der-schulbedarf.shop\/produkt-des-monats\/","logo":{"@type":"ImageObject","inLanguage":"de","@id":"https:\/\/der-schulbedarf.shop\/produkt-des-monats\/#\/schema\/logo\/image\/","url":"https:\/\/der-schulbedarf.shop\/wp-content\/uploads\/2024\/02\/grafik-e1709551115899.png","contentUrl":"https:\/\/der-schulbedarf.shop\/wp-content\/uploads\/2024\/02\/grafik-e1709551115899.png","width":80,"height":80,"caption":"der-Schulbedarf.shop"},"image":{"@id":"https:\/\/der-schulbedarf.shop\/produkt-des-monats\/#\/schema\/logo\/image\/"}}]}},"_links":{"self":[{"href":"https:\/\/der-schulbedarf.shop\/produkt-des-monats\/wp-json\/wp\/v2\/product\/929","targetHints":{"allow":["GET"]}}],"collection":[{"href":"https:\/\/der-schulbedarf.shop\/produkt-des-monats\/wp-json\/wp\/v2\/product"}],"about":[{"href":"https:\/\/der-schulbedarf.shop\/produkt-des-monats\/wp-json\/wp\/v2\/types\/product"}],"replies":[{"embeddable":true,"href":"https:\/\/der-schulbedarf.shop\/produkt-des-monats\/wp-json\/wp\/v2\/comments?post=929"}],"wp:featuredmedia":[{"embeddable":true,"href":"https:\/\/der-schulbedarf.shop\/produkt-des-monats\/wp-json\/wp\/v2\/media\/2769"}],"wp:attachment":[{"href":"https:\/\/der-schulbedarf.shop\/produkt-des-monats\/wp-json\/wp\/v2\/media?parent=929"}],"wp:term":[{"taxonomy":"product_cat","embeddable":true,"href":"https:\/\/der-schulbedarf.shop\/produkt-des-monats\/wp-json\/wp\/v2\/product_cat?post=929"},{"taxonomy":"product_tag","embeddable":true,"href":"https:\/\/der-schulbedarf.shop\/produkt-des-monats\/wp-json\/wp\/v2\/product_tag?post=929"}],"curies":[{"name":"wp","href":"https:\/\/api.w.org\/{rel}","templated":true}]}}