{"id":933,"date":"2023-06-08T05:11:35","date_gmt":"2023-06-08T05:11:35","guid":{"rendered":"https:\/\/der-schulbedarf.Shop\/?post_type=product&#038;p=933"},"modified":"2024-11-26T12:33:42","modified_gmt":"2024-11-26T12:33:42","slug":"leserabe-sonderausgaben-zauberhafte-geschichten-fuer-erstleser-ponys-feen-und-prinzessinnen","status":"publish","type":"product","link":"https:\/\/der-schulbedarf.shop\/produkt-des-monats\/produkt\/leserabe-sonderausgaben-zauberhafte-geschichten-fuer-erstleser-ponys-feen-und-prinzessinnen\/","title":{"rendered":"Leserabe &#8211; Sonderausgaben: Zauberhafte Geschichten f\u00fcr Erstleser. Ponys, Feen und Prinzessinnen"},"content":{"rendered":"<p>Prinzessin Fabiola entdeckt geheimnisvolle Spuren, die kleine Fee zaubert ein Fahrrad herbei und Marie fiebert dem gro\u00dfen Reitturnier entgegen. Drei zauberhafte Geschichten in einem Band!<\/p>\n<p>Lesen lernen wie im Flug! Die Kinderb\u00fccher der Reihe Leserabe &#8211; 1. Lesestufe wurden mit P\u00e4dagogen entwickelt und richten sich an Leseanf\u00e4nger ab der 1. Klasse. Kurze Texte in gro\u00dfer Fibelschrift sichern erste Leseerfolge und steigern die Lesekompetenz von M\u00e4dchen und Jungen ab 6 Jahren.<br \/>\nEmpfohlen von Stiftung Lesen, gelistet bei Antolin. Weitere Informationen auf leserabe.de.<\/p>\n<p>&nbsp;<\/p>\n<p>&nbsp;<\/p>\n","protected":false},"excerpt":{"rendered":"<p>Prinzessin Fabiola entdeckt geheimnisvolle Spuren, die kleine Fee zaubert ein Fahrrad herbei und Marie fiebert dem gro\u00dfen Reitturnier entgegen. Drei zauberhafte Geschichten in einem Band! Lesen lernen wie im Flug! Die Kinderb\u00fccher der Reihe Leserabe &#8211; 1. Lesestufe wurden mit P\u00e4dagogen entwickelt und richten sich an Leseanf\u00e4nger ab der 1. Klasse. Kurze Texte in gro\u00dfer [&hellip;]<\/p>\n","protected":false},"featured_media":2867,"comment_status":"open","ping_status":"closed","template":"","meta":[],"product_cat":[899,224,915,944,37,225],"product_tag":[192,111,200,201,244,196,197,195,295,115,199,114,113,210,112,260,198,181,445,202,179,194,189,343,257,335,193,180,446,187,177,178],"class_list":{"0":"post-933","1":"product","2":"type-product","3":"status-publish","4":"has-post-thumbnail","6":"product_cat-1-klasse","7":"product_cat-kinderbuecher","8":"product_cat-produkt-feeds","9":"product_cat-produktzufuehrung-geizhal","10":"product_cat-ravensburger","11":"product_cat-ravensburger-kinderbuecher","12":"product_tag-antolin","13":"product_tag-beschaeftigung","14":"product_tag-buch","15":"product_tag-buecher","16":"product_tag-einhorn","17":"product_tag-erstlesebuch","18":"product_tag-erstlesebuecher","19":"product_tag-erstleser","20":"product_tag-fee","21":"product_tag-fuer-jungen","22":"product_tag-fuer-kinder-ab-6-jahre","23":"product_tag-fuer-maedchen","24":"product_tag-geschenk","25":"product_tag-geschenk-kinder","26":"product_tag-geschenkidee","27":"product_tag-haustier","28":"product_tag-kinderbuch","29":"product_tag-kinderbuecher","30":"product_tag-koenig","31":"product_tag-lesen","32":"product_tag-lesen-lernen","33":"product_tag-leserabe","34":"product_tag-maedchen","35":"product_tag-maerchen","36":"product_tag-pony","37":"product_tag-prinzessin","38":"product_tag-ravensburger","39":"product_tag-ravensburger-erstes-lernen","40":"product_tag-reitturnier","41":"product_tag-zauber","42":"product_tag-zuhause-lernen","43":"product_tag-zuhause-unterrichten","44":"post","45":"post-with-thumbnail","46":"post-with-thumbnail-large","48":"first","49":"instock","50":"taxable","51":"shipping-taxable","52":"purchasable","53":"product-type-simple"},"yoast_head":"<!-- This site is optimized with the Yoast SEO plugin v26.6 - https:\/\/yoast.com\/wordpress\/plugins\/seo\/ -->\n<title>Leserabe - Zauberhafte Geschichten f\u00fcr Erstleser<\/title>\n<meta name=\"description\" content=\"Leserabe - Zauberhafte Geschichten f\u00fcr Erstleser. Drei zauberhafte Geschichten in einem Band! F\u00fcr Kinder ab 6 Jahren. Von P\u00e4dagogen entwickelt.\" \/>\n<meta name=\"robots\" content=\"index, follow, max-snippet:-1, max-image-preview:large, max-video-preview:-1\" \/>\n<link rel=\"canonical\" href=\"https:\/\/der-schulbedarf.shop\/produkt-des-monats\/produkt\/leserabe-sonderausgaben-zauberhafte-geschichten-fuer-erstleser-ponys-feen-und-prinzessinnen\/\" \/>\n<meta property=\"og:locale\" content=\"de_DE\" \/>\n<meta property=\"og:type\" content=\"article\" \/>\n<meta property=\"og:title\" content=\"Leserabe - Zauberhafte Geschichten f\u00fcr Erstleser\" \/>\n<meta property=\"og:description\" content=\"Leserabe - Zauberhafte Geschichten f\u00fcr Erstleser. Drei zauberhafte Geschichten in einem Band! F\u00fcr Kinder ab 6 Jahren. Von P\u00e4dagogen entwickelt.\" \/>\n<meta property=\"og:url\" content=\"https:\/\/der-schulbedarf.shop\/produkt-des-monats\/produkt\/leserabe-sonderausgaben-zauberhafte-geschichten-fuer-erstleser-ponys-feen-und-prinzessinnen\/\" \/>\n<meta property=\"og:site_name\" content=\"der-Schulbedarf.shop\" \/>\n<meta property=\"article:modified_time\" content=\"2024-11-26T12:33:42+00:00\" \/>\n<meta property=\"og:image\" content=\"https:\/\/der-schulbedarf.shop\/wp-content\/uploads\/2023\/06\/AN_36292_1-1.webp\" \/>\n\t<meta property=\"og:image:width\" content=\"746\" \/>\n\t<meta property=\"og:image:height\" content=\"1024\" \/>\n\t<meta property=\"og:image:type\" content=\"image\/webp\" \/>\n<meta name=\"twitter:card\" content=\"summary_large_image\" \/>\n<meta name=\"twitter:label1\" content=\"Gesch\u00e4tzte Lesezeit\" \/>\n\t<meta name=\"twitter:data1\" content=\"1\u00a0Minute\" \/>\n<script type=\"application\/ld+json\" class=\"yoast-schema-graph\">{\"@context\":\"https:\/\/schema.org\",\"@graph\":[{\"@type\":\"WebPage\",\"@id\":\"https:\/\/der-schulbedarf.shop\/produkt-des-monats\/produkt\/leserabe-sonderausgaben-zauberhafte-geschichten-fuer-erstleser-ponys-feen-und-prinzessinnen\/\",\"url\":\"https:\/\/der-schulbedarf.shop\/produkt-des-monats\/produkt\/leserabe-sonderausgaben-zauberhafte-geschichten-fuer-erstleser-ponys-feen-und-prinzessinnen\/\",\"name\":\"Leserabe - Zauberhafte Geschichten f\u00fcr Erstleser\",\"isPartOf\":{\"@id\":\"https:\/\/der-schulbedarf.shop\/produkt-des-monats\/#website\"},\"primaryImageOfPage\":{\"@id\":\"https:\/\/der-schulbedarf.shop\/produkt-des-monats\/produkt\/leserabe-sonderausgaben-zauberhafte-geschichten-fuer-erstleser-ponys-feen-und-prinzessinnen\/#primaryimage\"},\"image\":{\"@id\":\"https:\/\/der-schulbedarf.shop\/produkt-des-monats\/produkt\/leserabe-sonderausgaben-zauberhafte-geschichten-fuer-erstleser-ponys-feen-und-prinzessinnen\/#primaryimage\"},\"thumbnailUrl\":\"https:\/\/der-schulbedarf.shop\/wp-content\/uploads\/2023\/06\/AN_36292_1-1.webp\",\"datePublished\":\"2023-06-08T05:11:35+00:00\",\"dateModified\":\"2024-11-26T12:33:42+00:00\",\"description\":\"Leserabe - Zauberhafte Geschichten f\u00fcr Erstleser. Drei zauberhafte Geschichten in einem Band! F\u00fcr Kinder ab 6 Jahren. Von P\u00e4dagogen entwickelt.\",\"breadcrumb\":{\"@id\":\"https:\/\/der-schulbedarf.shop\/produkt-des-monats\/produkt\/leserabe-sonderausgaben-zauberhafte-geschichten-fuer-erstleser-ponys-feen-und-prinzessinnen\/#breadcrumb\"},\"inLanguage\":\"de\",\"potentialAction\":[{\"@type\":\"ReadAction\",\"target\":[\"https:\/\/der-schulbedarf.shop\/produkt-des-monats\/produkt\/leserabe-sonderausgaben-zauberhafte-geschichten-fuer-erstleser-ponys-feen-und-prinzessinnen\/\"]}]},{\"@type\":\"ImageObject\",\"inLanguage\":\"de\",\"@id\":\"https:\/\/der-schulbedarf.shop\/produkt-des-monats\/produkt\/leserabe-sonderausgaben-zauberhafte-geschichten-fuer-erstleser-ponys-feen-und-prinzessinnen\/#primaryimage\",\"url\":\"https:\/\/der-schulbedarf.shop\/wp-content\/uploads\/2023\/06\/AN_36292_1-1.webp\",\"contentUrl\":\"https:\/\/der-schulbedarf.shop\/wp-content\/uploads\/2023\/06\/AN_36292_1-1.webp\",\"width\":746,\"height\":1024},{\"@type\":\"BreadcrumbList\",\"@id\":\"https:\/\/der-schulbedarf.shop\/produkt-des-monats\/produkt\/leserabe-sonderausgaben-zauberhafte-geschichten-fuer-erstleser-ponys-feen-und-prinzessinnen\/#breadcrumb\",\"itemListElement\":[{\"@type\":\"ListItem\",\"position\":1,\"name\":\"Shop\",\"item\":\"https:\/\/der-schulbedarf.shop\/produkt-des-monats\/shop\/\"},{\"@type\":\"ListItem\",\"position\":2,\"name\":\"Leserabe &#8211; Sonderausgaben: Zauberhafte Geschichten f\u00fcr Erstleser. Ponys, Feen und Prinzessinnen\"}]},{\"@type\":\"WebSite\",\"@id\":\"https:\/\/der-schulbedarf.shop\/produkt-des-monats\/#website\",\"url\":\"https:\/\/der-schulbedarf.shop\/produkt-des-monats\/\",\"name\":\"der-Schulbedarf.shop\",\"description\":\"\",\"publisher\":{\"@id\":\"https:\/\/der-schulbedarf.shop\/produkt-des-monats\/#organization\"},\"potentialAction\":[{\"@type\":\"SearchAction\",\"target\":{\"@type\":\"EntryPoint\",\"urlTemplate\":\"https:\/\/der-schulbedarf.shop\/produkt-des-monats\/?s={search_term_string}\"},\"query-input\":{\"@type\":\"PropertyValueSpecification\",\"valueRequired\":true,\"valueName\":\"search_term_string\"}}],\"inLanguage\":\"de\"},{\"@type\":\"Organization\",\"@id\":\"https:\/\/der-schulbedarf.shop\/produkt-des-monats\/#organization\",\"name\":\"der-Schulbedarf.shop\",\"url\":\"https:\/\/der-schulbedarf.shop\/produkt-des-monats\/\",\"logo\":{\"@type\":\"ImageObject\",\"inLanguage\":\"de\",\"@id\":\"https:\/\/der-schulbedarf.shop\/produkt-des-monats\/#\/schema\/logo\/image\/\",\"url\":\"https:\/\/der-schulbedarf.shop\/wp-content\/uploads\/2024\/02\/grafik-e1709551115899.png\",\"contentUrl\":\"https:\/\/der-schulbedarf.shop\/wp-content\/uploads\/2024\/02\/grafik-e1709551115899.png\",\"width\":80,\"height\":80,\"caption\":\"der-Schulbedarf.shop\"},\"image\":{\"@id\":\"https:\/\/der-schulbedarf.shop\/produkt-des-monats\/#\/schema\/logo\/image\/\"}}]}<\/script>\n<!-- \/ Yoast SEO plugin. -->","yoast_head_json":{"title":"Leserabe - Zauberhafte Geschichten f\u00fcr Erstleser","description":"Leserabe - Zauberhafte Geschichten f\u00fcr Erstleser. Drei zauberhafte Geschichten in einem Band! F\u00fcr Kinder ab 6 Jahren. Von P\u00e4dagogen entwickelt.","robots":{"index":"index","follow":"follow","max-snippet":"max-snippet:-1","max-image-preview":"max-image-preview:large","max-video-preview":"max-video-preview:-1"},"canonical":"https:\/\/der-schulbedarf.shop\/produkt-des-monats\/produkt\/leserabe-sonderausgaben-zauberhafte-geschichten-fuer-erstleser-ponys-feen-und-prinzessinnen\/","og_locale":"de_DE","og_type":"article","og_title":"Leserabe - Zauberhafte Geschichten f\u00fcr Erstleser","og_description":"Leserabe - Zauberhafte Geschichten f\u00fcr Erstleser. Drei zauberhafte Geschichten in einem Band! F\u00fcr Kinder ab 6 Jahren. Von P\u00e4dagogen entwickelt.","og_url":"https:\/\/der-schulbedarf.shop\/produkt-des-monats\/produkt\/leserabe-sonderausgaben-zauberhafte-geschichten-fuer-erstleser-ponys-feen-und-prinzessinnen\/","og_site_name":"der-Schulbedarf.shop","article_modified_time":"2024-11-26T12:33:42+00:00","og_image":[{"width":746,"height":1024,"url":"https:\/\/der-schulbedarf.shop\/wp-content\/uploads\/2023\/06\/AN_36292_1-1.webp","type":"image\/webp"}],"twitter_card":"summary_large_image","twitter_misc":{"Gesch\u00e4tzte Lesezeit":"1\u00a0Minute"},"schema":{"@context":"https:\/\/schema.org","@graph":[{"@type":"WebPage","@id":"https:\/\/der-schulbedarf.shop\/produkt-des-monats\/produkt\/leserabe-sonderausgaben-zauberhafte-geschichten-fuer-erstleser-ponys-feen-und-prinzessinnen\/","url":"https:\/\/der-schulbedarf.shop\/produkt-des-monats\/produkt\/leserabe-sonderausgaben-zauberhafte-geschichten-fuer-erstleser-ponys-feen-und-prinzessinnen\/","name":"Leserabe - Zauberhafte Geschichten f\u00fcr Erstleser","isPartOf":{"@id":"https:\/\/der-schulbedarf.shop\/produkt-des-monats\/#website"},"primaryImageOfPage":{"@id":"https:\/\/der-schulbedarf.shop\/produkt-des-monats\/produkt\/leserabe-sonderausgaben-zauberhafte-geschichten-fuer-erstleser-ponys-feen-und-prinzessinnen\/#primaryimage"},"image":{"@id":"https:\/\/der-schulbedarf.shop\/produkt-des-monats\/produkt\/leserabe-sonderausgaben-zauberhafte-geschichten-fuer-erstleser-ponys-feen-und-prinzessinnen\/#primaryimage"},"thumbnailUrl":"https:\/\/der-schulbedarf.shop\/wp-content\/uploads\/2023\/06\/AN_36292_1-1.webp","datePublished":"2023-06-08T05:11:35+00:00","dateModified":"2024-11-26T12:33:42+00:00","description":"Leserabe - Zauberhafte Geschichten f\u00fcr Erstleser. Drei zauberhafte Geschichten in einem Band! F\u00fcr Kinder ab 6 Jahren. Von P\u00e4dagogen entwickelt.","breadcrumb":{"@id":"https:\/\/der-schulbedarf.shop\/produkt-des-monats\/produkt\/leserabe-sonderausgaben-zauberhafte-geschichten-fuer-erstleser-ponys-feen-und-prinzessinnen\/#breadcrumb"},"inLanguage":"de","potentialAction":[{"@type":"ReadAction","target":["https:\/\/der-schulbedarf.shop\/produkt-des-monats\/produkt\/leserabe-sonderausgaben-zauberhafte-geschichten-fuer-erstleser-ponys-feen-und-prinzessinnen\/"]}]},{"@type":"ImageObject","inLanguage":"de","@id":"https:\/\/der-schulbedarf.shop\/produkt-des-monats\/produkt\/leserabe-sonderausgaben-zauberhafte-geschichten-fuer-erstleser-ponys-feen-und-prinzessinnen\/#primaryimage","url":"https:\/\/der-schulbedarf.shop\/wp-content\/uploads\/2023\/06\/AN_36292_1-1.webp","contentUrl":"https:\/\/der-schulbedarf.shop\/wp-content\/uploads\/2023\/06\/AN_36292_1-1.webp","width":746,"height":1024},{"@type":"BreadcrumbList","@id":"https:\/\/der-schulbedarf.shop\/produkt-des-monats\/produkt\/leserabe-sonderausgaben-zauberhafte-geschichten-fuer-erstleser-ponys-feen-und-prinzessinnen\/#breadcrumb","itemListElement":[{"@type":"ListItem","position":1,"name":"Shop","item":"https:\/\/der-schulbedarf.shop\/produkt-des-monats\/shop\/"},{"@type":"ListItem","position":2,"name":"Leserabe &#8211; Sonderausgaben: Zauberhafte Geschichten f\u00fcr Erstleser. Ponys, Feen und Prinzessinnen"}]},{"@type":"WebSite","@id":"https:\/\/der-schulbedarf.shop\/produkt-des-monats\/#website","url":"https:\/\/der-schulbedarf.shop\/produkt-des-monats\/","name":"der-Schulbedarf.shop","description":"","publisher":{"@id":"https:\/\/der-schulbedarf.shop\/produkt-des-monats\/#organization"},"potentialAction":[{"@type":"SearchAction","target":{"@type":"EntryPoint","urlTemplate":"https:\/\/der-schulbedarf.shop\/produkt-des-monats\/?s={search_term_string}"},"query-input":{"@type":"PropertyValueSpecification","valueRequired":true,"valueName":"search_term_string"}}],"inLanguage":"de"},{"@type":"Organization","@id":"https:\/\/der-schulbedarf.shop\/produkt-des-monats\/#organization","name":"der-Schulbedarf.shop","url":"https:\/\/der-schulbedarf.shop\/produkt-des-monats\/","logo":{"@type":"ImageObject","inLanguage":"de","@id":"https:\/\/der-schulbedarf.shop\/produkt-des-monats\/#\/schema\/logo\/image\/","url":"https:\/\/der-schulbedarf.shop\/wp-content\/uploads\/2024\/02\/grafik-e1709551115899.png","contentUrl":"https:\/\/der-schulbedarf.shop\/wp-content\/uploads\/2024\/02\/grafik-e1709551115899.png","width":80,"height":80,"caption":"der-Schulbedarf.shop"},"image":{"@id":"https:\/\/der-schulbedarf.shop\/produkt-des-monats\/#\/schema\/logo\/image\/"}}]}},"_links":{"self":[{"href":"https:\/\/der-schulbedarf.shop\/produkt-des-monats\/wp-json\/wp\/v2\/product\/933","targetHints":{"allow":["GET"]}}],"collection":[{"href":"https:\/\/der-schulbedarf.shop\/produkt-des-monats\/wp-json\/wp\/v2\/product"}],"about":[{"href":"https:\/\/der-schulbedarf.shop\/produkt-des-monats\/wp-json\/wp\/v2\/types\/product"}],"replies":[{"embeddable":true,"href":"https:\/\/der-schulbedarf.shop\/produkt-des-monats\/wp-json\/wp\/v2\/comments?post=933"}],"wp:featuredmedia":[{"embeddable":true,"href":"https:\/\/der-schulbedarf.shop\/produkt-des-monats\/wp-json\/wp\/v2\/media\/2867"}],"wp:attachment":[{"href":"https:\/\/der-schulbedarf.shop\/produkt-des-monats\/wp-json\/wp\/v2\/media?parent=933"}],"wp:term":[{"taxonomy":"product_cat","embeddable":true,"href":"https:\/\/der-schulbedarf.shop\/produkt-des-monats\/wp-json\/wp\/v2\/product_cat?post=933"},{"taxonomy":"product_tag","embeddable":true,"href":"https:\/\/der-schulbedarf.shop\/produkt-des-monats\/wp-json\/wp\/v2\/product_tag?post=933"}],"curies":[{"name":"wp","href":"https:\/\/api.w.org\/{rel}","templated":true}]}}