{"id":963,"date":"2023-06-08T06:27:00","date_gmt":"2023-06-08T06:27:00","guid":{"rendered":"https:\/\/der-schulbedarf.Shop\/?post_type=product&#038;p=963"},"modified":"2024-11-26T12:21:03","modified_gmt":"2024-11-26T12:21:03","slug":"die-jagd-nach-dem-magischen-detektivkoffer-band-1-die-jagd-beginnt","status":"publish","type":"product","link":"https:\/\/der-schulbedarf.shop\/produkt-des-monats\/produkt\/die-jagd-nach-dem-magischen-detektivkoffer-band-1-die-jagd-beginnt\/","title":{"rendered":"Die Jagd nach dem magischen Detektivkoffer, Band 1: Die Jagd beginnt!"},"content":{"rendered":"<p>\u00dcberraschung! Zu ihrem siebten Geburtstag bekommen die Zwillinge Lukas und Marie einen geheimnisvollen Koffer geschenkt. Darin enthalten ist alles, was richtige Detektive brauchen: Eine Lupe, ein Fernglas, ein Stadtplan und vieles mehr. Doch schon bald stellt sich heraus, dass die Gegenst\u00e4nde im Koffer magische F\u00e4higkeiten haben! Und auch ein tollpatschiges Ganovenp\u00e4rchen ist hinter dem Koffer her&#8230;<\/p>\n<p>Ein geheimnisvoller Koffer aus \u00dcbersee steht im Mittelpunkt der neuen Erstlesereihe von Cally Stronk. Die Zwillinge Marie und Lukas bekommen ihn an ihrem siebten Geburtstag von ihrer Tante aus \u00dcbersee geschickt. Was hat es mit dem Koffer auf sich? Und warum sollen die Zwillinge vor Gro\u00df und Klein auf der Hut sein?Schon bald stellt sich heraus, dass die Gegenst\u00e4nde im Koffer magische F\u00e4higkeiten haben! Doch auch ein tollpatschiges Ganovenp\u00e4rchen ist hinter dem Koffer her&#8230; Damit beginnt eine abenteuerliche Jagd nach dem magischen Detektivkoffer! Und das Beste: Die Leser k\u00f6nnen den Zwillingen bei der Jagd nach dem Koffer behilflich sein, indem sie die im Buch enthaltenen Bilderr\u00e4tsel l\u00f6sen. Ideal zum Lesenlernen f\u00fcr alle Krimifans und R\u00e4tselknacker!<\/p>\n<p>&nbsp;<\/p>\n<p>&nbsp;<\/p>\n","protected":false},"excerpt":{"rendered":"<p>\u00dcberraschung! Zu ihrem siebten Geburtstag bekommen die Zwillinge Lukas und Marie einen geheimnisvollen Koffer geschenkt. Darin enthalten ist alles, was richtige Detektive brauchen: Eine Lupe, ein Fernglas, ein Stadtplan und vieles mehr. Doch schon bald stellt sich heraus, dass die Gegenst\u00e4nde im Koffer magische F\u00e4higkeiten haben! Und auch ein tollpatschiges Ganovenp\u00e4rchen ist hinter dem Koffer [&hellip;]<\/p>\n","protected":false},"featured_media":2513,"comment_status":"open","ping_status":"closed","template":"","meta":[],"product_cat":[224,915,944,225,37],"product_tag":[268,111,200,201,454,196,197,195,115,223,114,113,210,112,207,198,181,460,394,202,179,269,189,188,498,290,458,180,360,401,177,178,499],"class_list":{"0":"post-963","1":"product","2":"type-product","3":"status-publish","4":"has-post-thumbnail","6":"product_cat-kinderbuecher","7":"product_cat-produkt-feeds","8":"product_cat-produktzufuehrung-geizhal","9":"product_cat-ravensburger-kinderbuecher","10":"product_cat-ravensburger","11":"product_tag-abenteuer","12":"product_tag-beschaeftigung","13":"product_tag-buch","14":"product_tag-buecher","15":"product_tag-detektiv","16":"product_tag-erstlesebuch","17":"product_tag-erstlesebuecher","18":"product_tag-erstleser","19":"product_tag-fuer-jungen","20":"product_tag-fuer-kinder-ab-7-jahre","21":"product_tag-fuer-maedchen","22":"product_tag-geschenk","23":"product_tag-geschenk-kinder","24":"product_tag-geschenkidee","25":"product_tag-junge","26":"product_tag-kinderbuch","27":"product_tag-kinderbuecher","28":"product_tag-kinderkrimi","29":"product_tag-krimi","30":"product_tag-lesen","31":"product_tag-lesen-lernen","32":"product_tag-lustig","33":"product_tag-maedchen","34":"product_tag-magie","35":"product_tag-mitratekrimi","36":"product_tag-raetsel","37":"product_tag-raetselkrimi","38":"product_tag-ravensburger-erstes-lernen","39":"product_tag-spannend","40":"product_tag-spannung","41":"product_tag-zuhause-lernen","42":"product_tag-zuhause-unterrichten","43":"product_tag-zwillinge","44":"post","45":"post-with-thumbnail","46":"post-with-thumbnail-large","48":"first","49":"instock","50":"taxable","51":"shipping-taxable","52":"purchasable","53":"product-type-simple"},"yoast_head":"<!-- This site is optimized with the Yoast SEO plugin v26.6 - https:\/\/yoast.com\/wordpress\/plugins\/seo\/ -->\n<title>Die Jagd nach dem magischen Detektivkoffer, Band 1: Die Jagd beginnt! - der-Schulbedarf.shop<\/title>\n<meta name=\"robots\" content=\"index, follow, max-snippet:-1, max-image-preview:large, max-video-preview:-1\" \/>\n<link rel=\"canonical\" href=\"https:\/\/der-schulbedarf.shop\/produkt-des-monats\/produkt\/die-jagd-nach-dem-magischen-detektivkoffer-band-1-die-jagd-beginnt\/\" \/>\n<meta property=\"og:locale\" content=\"de_DE\" \/>\n<meta property=\"og:type\" content=\"article\" \/>\n<meta property=\"og:title\" content=\"Die Jagd nach dem magischen Detektivkoffer, Band 1: Die Jagd beginnt! - der-Schulbedarf.shop\" \/>\n<meta property=\"og:description\" content=\"\u00dcberraschung! Zu ihrem siebten Geburtstag bekommen die Zwillinge Lukas und Marie einen geheimnisvollen Koffer geschenkt. Darin enthalten ist alles, was richtige Detektive brauchen: Eine Lupe, ein Fernglas, ein Stadtplan und vieles mehr. Doch schon bald stellt sich heraus, dass die Gegenst\u00e4nde im Koffer magische F\u00e4higkeiten haben! Und auch ein tollpatschiges Ganovenp\u00e4rchen ist hinter dem Koffer [&hellip;]\" \/>\n<meta property=\"og:url\" content=\"https:\/\/der-schulbedarf.shop\/produkt-des-monats\/produkt\/die-jagd-nach-dem-magischen-detektivkoffer-band-1-die-jagd-beginnt\/\" \/>\n<meta property=\"og:site_name\" content=\"der-Schulbedarf.shop\" \/>\n<meta property=\"article:modified_time\" content=\"2024-11-26T12:21:03+00:00\" \/>\n<meta property=\"og:image\" content=\"https:\/\/der-schulbedarf.shop\/wp-content\/uploads\/2023\/06\/AN_36386_1-700x380-1.webp\" \/>\n\t<meta property=\"og:image:width\" content=\"700\" \/>\n\t<meta property=\"og:image:height\" content=\"380\" \/>\n\t<meta property=\"og:image:type\" content=\"image\/webp\" \/>\n<meta name=\"twitter:card\" content=\"summary_large_image\" \/>\n<meta name=\"twitter:label1\" content=\"Gesch\u00e4tzte Lesezeit\" \/>\n\t<meta name=\"twitter:data1\" content=\"2\u00a0Minuten\" \/>\n<script type=\"application\/ld+json\" class=\"yoast-schema-graph\">{\"@context\":\"https:\/\/schema.org\",\"@graph\":[{\"@type\":\"WebPage\",\"@id\":\"https:\/\/der-schulbedarf.shop\/produkt-des-monats\/produkt\/die-jagd-nach-dem-magischen-detektivkoffer-band-1-die-jagd-beginnt\/\",\"url\":\"https:\/\/der-schulbedarf.shop\/produkt-des-monats\/produkt\/die-jagd-nach-dem-magischen-detektivkoffer-band-1-die-jagd-beginnt\/\",\"name\":\"Die Jagd nach dem magischen Detektivkoffer, Band 1: Die Jagd beginnt! - der-Schulbedarf.shop\",\"isPartOf\":{\"@id\":\"https:\/\/der-schulbedarf.shop\/produkt-des-monats\/#website\"},\"primaryImageOfPage\":{\"@id\":\"https:\/\/der-schulbedarf.shop\/produkt-des-monats\/produkt\/die-jagd-nach-dem-magischen-detektivkoffer-band-1-die-jagd-beginnt\/#primaryimage\"},\"image\":{\"@id\":\"https:\/\/der-schulbedarf.shop\/produkt-des-monats\/produkt\/die-jagd-nach-dem-magischen-detektivkoffer-band-1-die-jagd-beginnt\/#primaryimage\"},\"thumbnailUrl\":\"https:\/\/der-schulbedarf.shop\/wp-content\/uploads\/2023\/06\/AN_36386_1-700x380-1.webp\",\"datePublished\":\"2023-06-08T06:27:00+00:00\",\"dateModified\":\"2024-11-26T12:21:03+00:00\",\"breadcrumb\":{\"@id\":\"https:\/\/der-schulbedarf.shop\/produkt-des-monats\/produkt\/die-jagd-nach-dem-magischen-detektivkoffer-band-1-die-jagd-beginnt\/#breadcrumb\"},\"inLanguage\":\"de\",\"potentialAction\":[{\"@type\":\"ReadAction\",\"target\":[\"https:\/\/der-schulbedarf.shop\/produkt-des-monats\/produkt\/die-jagd-nach-dem-magischen-detektivkoffer-band-1-die-jagd-beginnt\/\"]}]},{\"@type\":\"ImageObject\",\"inLanguage\":\"de\",\"@id\":\"https:\/\/der-schulbedarf.shop\/produkt-des-monats\/produkt\/die-jagd-nach-dem-magischen-detektivkoffer-band-1-die-jagd-beginnt\/#primaryimage\",\"url\":\"https:\/\/der-schulbedarf.shop\/wp-content\/uploads\/2023\/06\/AN_36386_1-700x380-1.webp\",\"contentUrl\":\"https:\/\/der-schulbedarf.shop\/wp-content\/uploads\/2023\/06\/AN_36386_1-700x380-1.webp\",\"width\":700,\"height\":380,\"caption\":\"Die Jagd beginnt!\"},{\"@type\":\"BreadcrumbList\",\"@id\":\"https:\/\/der-schulbedarf.shop\/produkt-des-monats\/produkt\/die-jagd-nach-dem-magischen-detektivkoffer-band-1-die-jagd-beginnt\/#breadcrumb\",\"itemListElement\":[{\"@type\":\"ListItem\",\"position\":1,\"name\":\"Shop\",\"item\":\"https:\/\/der-schulbedarf.shop\/produkt-des-monats\/shop\/\"},{\"@type\":\"ListItem\",\"position\":2,\"name\":\"Die Jagd nach dem magischen Detektivkoffer, Band 1: Die Jagd beginnt!\"}]},{\"@type\":\"WebSite\",\"@id\":\"https:\/\/der-schulbedarf.shop\/produkt-des-monats\/#website\",\"url\":\"https:\/\/der-schulbedarf.shop\/produkt-des-monats\/\",\"name\":\"der-Schulbedarf.shop\",\"description\":\"\",\"publisher\":{\"@id\":\"https:\/\/der-schulbedarf.shop\/produkt-des-monats\/#organization\"},\"potentialAction\":[{\"@type\":\"SearchAction\",\"target\":{\"@type\":\"EntryPoint\",\"urlTemplate\":\"https:\/\/der-schulbedarf.shop\/produkt-des-monats\/?s={search_term_string}\"},\"query-input\":{\"@type\":\"PropertyValueSpecification\",\"valueRequired\":true,\"valueName\":\"search_term_string\"}}],\"inLanguage\":\"de\"},{\"@type\":\"Organization\",\"@id\":\"https:\/\/der-schulbedarf.shop\/produkt-des-monats\/#organization\",\"name\":\"der-Schulbedarf.shop\",\"url\":\"https:\/\/der-schulbedarf.shop\/produkt-des-monats\/\",\"logo\":{\"@type\":\"ImageObject\",\"inLanguage\":\"de\",\"@id\":\"https:\/\/der-schulbedarf.shop\/produkt-des-monats\/#\/schema\/logo\/image\/\",\"url\":\"https:\/\/der-schulbedarf.shop\/wp-content\/uploads\/2024\/02\/grafik-e1709551115899.png\",\"contentUrl\":\"https:\/\/der-schulbedarf.shop\/wp-content\/uploads\/2024\/02\/grafik-e1709551115899.png\",\"width\":80,\"height\":80,\"caption\":\"der-Schulbedarf.shop\"},\"image\":{\"@id\":\"https:\/\/der-schulbedarf.shop\/produkt-des-monats\/#\/schema\/logo\/image\/\"}}]}<\/script>\n<!-- \/ Yoast SEO plugin. -->","yoast_head_json":{"title":"Die Jagd nach dem magischen Detektivkoffer, Band 1: Die Jagd beginnt! - der-Schulbedarf.shop","robots":{"index":"index","follow":"follow","max-snippet":"max-snippet:-1","max-image-preview":"max-image-preview:large","max-video-preview":"max-video-preview:-1"},"canonical":"https:\/\/der-schulbedarf.shop\/produkt-des-monats\/produkt\/die-jagd-nach-dem-magischen-detektivkoffer-band-1-die-jagd-beginnt\/","og_locale":"de_DE","og_type":"article","og_title":"Die Jagd nach dem magischen Detektivkoffer, Band 1: Die Jagd beginnt! - der-Schulbedarf.shop","og_description":"\u00dcberraschung! Zu ihrem siebten Geburtstag bekommen die Zwillinge Lukas und Marie einen geheimnisvollen Koffer geschenkt. Darin enthalten ist alles, was richtige Detektive brauchen: Eine Lupe, ein Fernglas, ein Stadtplan und vieles mehr. Doch schon bald stellt sich heraus, dass die Gegenst\u00e4nde im Koffer magische F\u00e4higkeiten haben! Und auch ein tollpatschiges Ganovenp\u00e4rchen ist hinter dem Koffer [&hellip;]","og_url":"https:\/\/der-schulbedarf.shop\/produkt-des-monats\/produkt\/die-jagd-nach-dem-magischen-detektivkoffer-band-1-die-jagd-beginnt\/","og_site_name":"der-Schulbedarf.shop","article_modified_time":"2024-11-26T12:21:03+00:00","og_image":[{"width":700,"height":380,"url":"https:\/\/der-schulbedarf.shop\/wp-content\/uploads\/2023\/06\/AN_36386_1-700x380-1.webp","type":"image\/webp"}],"twitter_card":"summary_large_image","twitter_misc":{"Gesch\u00e4tzte Lesezeit":"2\u00a0Minuten"},"schema":{"@context":"https:\/\/schema.org","@graph":[{"@type":"WebPage","@id":"https:\/\/der-schulbedarf.shop\/produkt-des-monats\/produkt\/die-jagd-nach-dem-magischen-detektivkoffer-band-1-die-jagd-beginnt\/","url":"https:\/\/der-schulbedarf.shop\/produkt-des-monats\/produkt\/die-jagd-nach-dem-magischen-detektivkoffer-band-1-die-jagd-beginnt\/","name":"Die Jagd nach dem magischen Detektivkoffer, Band 1: Die Jagd beginnt! - der-Schulbedarf.shop","isPartOf":{"@id":"https:\/\/der-schulbedarf.shop\/produkt-des-monats\/#website"},"primaryImageOfPage":{"@id":"https:\/\/der-schulbedarf.shop\/produkt-des-monats\/produkt\/die-jagd-nach-dem-magischen-detektivkoffer-band-1-die-jagd-beginnt\/#primaryimage"},"image":{"@id":"https:\/\/der-schulbedarf.shop\/produkt-des-monats\/produkt\/die-jagd-nach-dem-magischen-detektivkoffer-band-1-die-jagd-beginnt\/#primaryimage"},"thumbnailUrl":"https:\/\/der-schulbedarf.shop\/wp-content\/uploads\/2023\/06\/AN_36386_1-700x380-1.webp","datePublished":"2023-06-08T06:27:00+00:00","dateModified":"2024-11-26T12:21:03+00:00","breadcrumb":{"@id":"https:\/\/der-schulbedarf.shop\/produkt-des-monats\/produkt\/die-jagd-nach-dem-magischen-detektivkoffer-band-1-die-jagd-beginnt\/#breadcrumb"},"inLanguage":"de","potentialAction":[{"@type":"ReadAction","target":["https:\/\/der-schulbedarf.shop\/produkt-des-monats\/produkt\/die-jagd-nach-dem-magischen-detektivkoffer-band-1-die-jagd-beginnt\/"]}]},{"@type":"ImageObject","inLanguage":"de","@id":"https:\/\/der-schulbedarf.shop\/produkt-des-monats\/produkt\/die-jagd-nach-dem-magischen-detektivkoffer-band-1-die-jagd-beginnt\/#primaryimage","url":"https:\/\/der-schulbedarf.shop\/wp-content\/uploads\/2023\/06\/AN_36386_1-700x380-1.webp","contentUrl":"https:\/\/der-schulbedarf.shop\/wp-content\/uploads\/2023\/06\/AN_36386_1-700x380-1.webp","width":700,"height":380,"caption":"Die Jagd beginnt!"},{"@type":"BreadcrumbList","@id":"https:\/\/der-schulbedarf.shop\/produkt-des-monats\/produkt\/die-jagd-nach-dem-magischen-detektivkoffer-band-1-die-jagd-beginnt\/#breadcrumb","itemListElement":[{"@type":"ListItem","position":1,"name":"Shop","item":"https:\/\/der-schulbedarf.shop\/produkt-des-monats\/shop\/"},{"@type":"ListItem","position":2,"name":"Die Jagd nach dem magischen Detektivkoffer, Band 1: Die Jagd beginnt!"}]},{"@type":"WebSite","@id":"https:\/\/der-schulbedarf.shop\/produkt-des-monats\/#website","url":"https:\/\/der-schulbedarf.shop\/produkt-des-monats\/","name":"der-Schulbedarf.shop","description":"","publisher":{"@id":"https:\/\/der-schulbedarf.shop\/produkt-des-monats\/#organization"},"potentialAction":[{"@type":"SearchAction","target":{"@type":"EntryPoint","urlTemplate":"https:\/\/der-schulbedarf.shop\/produkt-des-monats\/?s={search_term_string}"},"query-input":{"@type":"PropertyValueSpecification","valueRequired":true,"valueName":"search_term_string"}}],"inLanguage":"de"},{"@type":"Organization","@id":"https:\/\/der-schulbedarf.shop\/produkt-des-monats\/#organization","name":"der-Schulbedarf.shop","url":"https:\/\/der-schulbedarf.shop\/produkt-des-monats\/","logo":{"@type":"ImageObject","inLanguage":"de","@id":"https:\/\/der-schulbedarf.shop\/produkt-des-monats\/#\/schema\/logo\/image\/","url":"https:\/\/der-schulbedarf.shop\/wp-content\/uploads\/2024\/02\/grafik-e1709551115899.png","contentUrl":"https:\/\/der-schulbedarf.shop\/wp-content\/uploads\/2024\/02\/grafik-e1709551115899.png","width":80,"height":80,"caption":"der-Schulbedarf.shop"},"image":{"@id":"https:\/\/der-schulbedarf.shop\/produkt-des-monats\/#\/schema\/logo\/image\/"}}]}},"_links":{"self":[{"href":"https:\/\/der-schulbedarf.shop\/produkt-des-monats\/wp-json\/wp\/v2\/product\/963","targetHints":{"allow":["GET"]}}],"collection":[{"href":"https:\/\/der-schulbedarf.shop\/produkt-des-monats\/wp-json\/wp\/v2\/product"}],"about":[{"href":"https:\/\/der-schulbedarf.shop\/produkt-des-monats\/wp-json\/wp\/v2\/types\/product"}],"replies":[{"embeddable":true,"href":"https:\/\/der-schulbedarf.shop\/produkt-des-monats\/wp-json\/wp\/v2\/comments?post=963"}],"wp:featuredmedia":[{"embeddable":true,"href":"https:\/\/der-schulbedarf.shop\/produkt-des-monats\/wp-json\/wp\/v2\/media\/2513"}],"wp:attachment":[{"href":"https:\/\/der-schulbedarf.shop\/produkt-des-monats\/wp-json\/wp\/v2\/media?parent=963"}],"wp:term":[{"taxonomy":"product_cat","embeddable":true,"href":"https:\/\/der-schulbedarf.shop\/produkt-des-monats\/wp-json\/wp\/v2\/product_cat?post=963"},{"taxonomy":"product_tag","embeddable":true,"href":"https:\/\/der-schulbedarf.shop\/produkt-des-monats\/wp-json\/wp\/v2\/product_tag?post=963"}],"curies":[{"name":"wp","href":"https:\/\/api.w.org\/{rel}","templated":true}]}}