{"id":966,"date":"2023-06-08T06:11:29","date_gmt":"2023-06-08T06:11:29","guid":{"rendered":"https:\/\/der-schulbedarf.Shop\/?post_type=product&#038;p=966"},"modified":"2024-11-26T12:24:25","modified_gmt":"2024-11-26T12:24:25","slug":"leserabe-3-lesestufe-das-schwarze-drachenboot","status":"publish","type":"product","link":"https:\/\/der-schulbedarf.shop\/produkt-des-monats\/produkt\/leserabe-3-lesestufe-das-schwarze-drachenboot\/","title":{"rendered":"Leserabe &#8211; 3. Lesestufe: Das schwarze Drachenboot"},"content":{"rendered":"<p>Norwegen um 900: Der neunj\u00e4hrige Tjark macht sich auf, um das R\u00e4tsel eines unheimlichen Geisterschiffs zu l\u00f6sen.<\/p>\n<p>Lesen lernen im Handumdrehen! Die Kinderb\u00fccher der Reihe Leserabe &#8211; 3. Lesestufe wurden mit P\u00e4dagogen entwickelt und richten sich an Leseprofis ab der 3. Klasse. Spannende Geschichten mit l\u00e4ngeren Kapiteln und erweitertem Wortschatz f\u00f6rdern die Lesekompetenz von M\u00e4dchen und Jungen ab 8 Jahren. Empfohlen von der Stiftung Lesen, gelistet bei Antolin.<\/p>\n","protected":false},"excerpt":{"rendered":"<p>Norwegen um 900: Der neunj\u00e4hrige Tjark macht sich auf, um das R\u00e4tsel eines unheimlichen Geisterschiffs zu l\u00f6sen. Lesen lernen im Handumdrehen! Die Kinderb\u00fccher der Reihe Leserabe &#8211; 3. Lesestufe wurden mit P\u00e4dagogen entwickelt und richten sich an Leseprofis ab der 3. Klasse. Spannende Geschichten mit l\u00e4ngeren Kapiteln und erweitertem Wortschatz f\u00f6rdern die Lesekompetenz von M\u00e4dchen [&hellip;]<\/p>\n","protected":false},"featured_media":2518,"comment_status":"open","ping_status":"closed","template":"","meta":[],"product_cat":[901,224,915,944,225],"product_tag":[268,192,111,200,201,484,196,197,195,487,115,381,114,486,113,210,112,207,198,181,394,202,179,194,483,290,193,180,485,482,177,178],"class_list":{"0":"post-966","1":"product","2":"type-product","3":"status-publish","4":"has-post-thumbnail","6":"product_cat-3-klasse","7":"product_cat-kinderbuecher","8":"product_cat-produkt-feeds","9":"product_cat-produktzufuehrung-geizhal","10":"product_cat-ravensburger-kinderbuecher","11":"product_tag-abenteuer","12":"product_tag-antolin","13":"product_tag-beschaeftigung","14":"product_tag-buch","15":"product_tag-buecher","16":"product_tag-drachenboot","17":"product_tag-erstlesebuch","18":"product_tag-erstlesebuecher","19":"product_tag-erstleser","20":"product_tag-fjord","21":"product_tag-fuer-jungen","22":"product_tag-fuer-kinder-ab-8-jahre","23":"product_tag-fuer-maedchen","24":"product_tag-geisterschiff","25":"product_tag-geschenk","26":"product_tag-geschenk-kinder","27":"product_tag-geschenkidee","28":"product_tag-junge","29":"product_tag-kinderbuch","30":"product_tag-kinderbuecher","31":"product_tag-krimi","32":"product_tag-lesen","33":"product_tag-lesen-lernen","34":"product_tag-leserabe","35":"product_tag-norwegen","36":"product_tag-raetsel","37":"product_tag-ravensburger","38":"product_tag-ravensburger-erstes-lernen","39":"product_tag-schwarze-elfe","40":"product_tag-wikinger","41":"product_tag-zuhause-lernen","42":"product_tag-zuhause-unterrichten","43":"post","44":"post-with-thumbnail","45":"post-with-thumbnail-large","47":"first","48":"instock","49":"taxable","50":"shipping-taxable","51":"purchasable","52":"product-type-simple"},"yoast_head":"<!-- This site is optimized with the Yoast SEO plugin v26.6 - https:\/\/yoast.com\/wordpress\/plugins\/seo\/ -->\n<title>Leserabe - Das schwarze Drachenboot<\/title>\n<meta name=\"description\" content=\"Leserabe - Das schwarze Drachenboot. Norwegen um 900: Der neunj\u00e4hrige Tjark macht sich auf, um das R\u00e4tsel eines unheimlichen Geisterschiffs zu l\u00f6sen. Ab 8 J\" \/>\n<meta name=\"robots\" content=\"index, follow, max-snippet:-1, max-image-preview:large, max-video-preview:-1\" \/>\n<link rel=\"canonical\" href=\"https:\/\/der-schulbedarf.shop\/produkt-des-monats\/produkt\/leserabe-3-lesestufe-das-schwarze-drachenboot\/\" \/>\n<meta property=\"og:locale\" content=\"de_DE\" \/>\n<meta property=\"og:type\" content=\"article\" \/>\n<meta property=\"og:title\" content=\"Leserabe - Das schwarze Drachenboot\" \/>\n<meta property=\"og:description\" content=\"Leserabe - Das schwarze Drachenboot. Norwegen um 900: Der neunj\u00e4hrige Tjark macht sich auf, um das R\u00e4tsel eines unheimlichen Geisterschiffs zu l\u00f6sen. Ab 8 J\" \/>\n<meta property=\"og:url\" content=\"https:\/\/der-schulbedarf.shop\/produkt-des-monats\/produkt\/leserabe-3-lesestufe-das-schwarze-drachenboot\/\" \/>\n<meta property=\"og:site_name\" content=\"der-Schulbedarf.shop\" \/>\n<meta property=\"article:modified_time\" content=\"2024-11-26T12:24:25+00:00\" \/>\n<meta property=\"og:image\" content=\"https:\/\/der-schulbedarf.shop\/wp-content\/uploads\/2023\/06\/AN-38082_1-710x380-1.webp\" \/>\n\t<meta property=\"og:image:width\" content=\"710\" \/>\n\t<meta property=\"og:image:height\" content=\"380\" \/>\n\t<meta property=\"og:image:type\" content=\"image\/webp\" \/>\n<meta name=\"twitter:card\" content=\"summary_large_image\" \/>\n<meta name=\"twitter:label1\" content=\"Gesch\u00e4tzte Lesezeit\" \/>\n\t<meta name=\"twitter:data1\" content=\"1\u00a0Minute\" \/>\n<script type=\"application\/ld+json\" class=\"yoast-schema-graph\">{\"@context\":\"https:\/\/schema.org\",\"@graph\":[{\"@type\":\"WebPage\",\"@id\":\"https:\/\/der-schulbedarf.shop\/produkt-des-monats\/produkt\/leserabe-3-lesestufe-das-schwarze-drachenboot\/\",\"url\":\"https:\/\/der-schulbedarf.shop\/produkt-des-monats\/produkt\/leserabe-3-lesestufe-das-schwarze-drachenboot\/\",\"name\":\"Leserabe - Das schwarze Drachenboot\",\"isPartOf\":{\"@id\":\"https:\/\/der-schulbedarf.shop\/produkt-des-monats\/#website\"},\"primaryImageOfPage\":{\"@id\":\"https:\/\/der-schulbedarf.shop\/produkt-des-monats\/produkt\/leserabe-3-lesestufe-das-schwarze-drachenboot\/#primaryimage\"},\"image\":{\"@id\":\"https:\/\/der-schulbedarf.shop\/produkt-des-monats\/produkt\/leserabe-3-lesestufe-das-schwarze-drachenboot\/#primaryimage\"},\"thumbnailUrl\":\"https:\/\/der-schulbedarf.shop\/wp-content\/uploads\/2023\/06\/AN-38082_1-710x380-1.webp\",\"datePublished\":\"2023-06-08T06:11:29+00:00\",\"dateModified\":\"2024-11-26T12:24:25+00:00\",\"description\":\"Leserabe - Das schwarze Drachenboot. Norwegen um 900: Der neunj\u00e4hrige Tjark macht sich auf, um das R\u00e4tsel eines unheimlichen Geisterschiffs zu l\u00f6sen. Ab 8 J\",\"breadcrumb\":{\"@id\":\"https:\/\/der-schulbedarf.shop\/produkt-des-monats\/produkt\/leserabe-3-lesestufe-das-schwarze-drachenboot\/#breadcrumb\"},\"inLanguage\":\"de\",\"potentialAction\":[{\"@type\":\"ReadAction\",\"target\":[\"https:\/\/der-schulbedarf.shop\/produkt-des-monats\/produkt\/leserabe-3-lesestufe-das-schwarze-drachenboot\/\"]}]},{\"@type\":\"ImageObject\",\"inLanguage\":\"de\",\"@id\":\"https:\/\/der-schulbedarf.shop\/produkt-des-monats\/produkt\/leserabe-3-lesestufe-das-schwarze-drachenboot\/#primaryimage\",\"url\":\"https:\/\/der-schulbedarf.shop\/wp-content\/uploads\/2023\/06\/AN-38082_1-710x380-1.webp\",\"contentUrl\":\"https:\/\/der-schulbedarf.shop\/wp-content\/uploads\/2023\/06\/AN-38082_1-710x380-1.webp\",\"width\":710,\"height\":380,\"caption\":\"Das schwarze Drachenboot\"},{\"@type\":\"BreadcrumbList\",\"@id\":\"https:\/\/der-schulbedarf.shop\/produkt-des-monats\/produkt\/leserabe-3-lesestufe-das-schwarze-drachenboot\/#breadcrumb\",\"itemListElement\":[{\"@type\":\"ListItem\",\"position\":1,\"name\":\"Shop\",\"item\":\"https:\/\/der-schulbedarf.shop\/produkt-des-monats\/shop\/\"},{\"@type\":\"ListItem\",\"position\":2,\"name\":\"Leserabe &#8211; 3. Lesestufe: Das schwarze Drachenboot\"}]},{\"@type\":\"WebSite\",\"@id\":\"https:\/\/der-schulbedarf.shop\/produkt-des-monats\/#website\",\"url\":\"https:\/\/der-schulbedarf.shop\/produkt-des-monats\/\",\"name\":\"der-Schulbedarf.shop\",\"description\":\"\",\"publisher\":{\"@id\":\"https:\/\/der-schulbedarf.shop\/produkt-des-monats\/#organization\"},\"potentialAction\":[{\"@type\":\"SearchAction\",\"target\":{\"@type\":\"EntryPoint\",\"urlTemplate\":\"https:\/\/der-schulbedarf.shop\/produkt-des-monats\/?s={search_term_string}\"},\"query-input\":{\"@type\":\"PropertyValueSpecification\",\"valueRequired\":true,\"valueName\":\"search_term_string\"}}],\"inLanguage\":\"de\"},{\"@type\":\"Organization\",\"@id\":\"https:\/\/der-schulbedarf.shop\/produkt-des-monats\/#organization\",\"name\":\"der-Schulbedarf.shop\",\"url\":\"https:\/\/der-schulbedarf.shop\/produkt-des-monats\/\",\"logo\":{\"@type\":\"ImageObject\",\"inLanguage\":\"de\",\"@id\":\"https:\/\/der-schulbedarf.shop\/produkt-des-monats\/#\/schema\/logo\/image\/\",\"url\":\"https:\/\/der-schulbedarf.shop\/wp-content\/uploads\/2024\/02\/grafik-e1709551115899.png\",\"contentUrl\":\"https:\/\/der-schulbedarf.shop\/wp-content\/uploads\/2024\/02\/grafik-e1709551115899.png\",\"width\":80,\"height\":80,\"caption\":\"der-Schulbedarf.shop\"},\"image\":{\"@id\":\"https:\/\/der-schulbedarf.shop\/produkt-des-monats\/#\/schema\/logo\/image\/\"}}]}<\/script>\n<!-- \/ Yoast SEO plugin. -->","yoast_head_json":{"title":"Leserabe - Das schwarze Drachenboot","description":"Leserabe - Das schwarze Drachenboot. Norwegen um 900: Der neunj\u00e4hrige Tjark macht sich auf, um das R\u00e4tsel eines unheimlichen Geisterschiffs zu l\u00f6sen. Ab 8 J","robots":{"index":"index","follow":"follow","max-snippet":"max-snippet:-1","max-image-preview":"max-image-preview:large","max-video-preview":"max-video-preview:-1"},"canonical":"https:\/\/der-schulbedarf.shop\/produkt-des-monats\/produkt\/leserabe-3-lesestufe-das-schwarze-drachenboot\/","og_locale":"de_DE","og_type":"article","og_title":"Leserabe - Das schwarze Drachenboot","og_description":"Leserabe - Das schwarze Drachenboot. Norwegen um 900: Der neunj\u00e4hrige Tjark macht sich auf, um das R\u00e4tsel eines unheimlichen Geisterschiffs zu l\u00f6sen. Ab 8 J","og_url":"https:\/\/der-schulbedarf.shop\/produkt-des-monats\/produkt\/leserabe-3-lesestufe-das-schwarze-drachenboot\/","og_site_name":"der-Schulbedarf.shop","article_modified_time":"2024-11-26T12:24:25+00:00","og_image":[{"width":710,"height":380,"url":"https:\/\/der-schulbedarf.shop\/wp-content\/uploads\/2023\/06\/AN-38082_1-710x380-1.webp","type":"image\/webp"}],"twitter_card":"summary_large_image","twitter_misc":{"Gesch\u00e4tzte Lesezeit":"1\u00a0Minute"},"schema":{"@context":"https:\/\/schema.org","@graph":[{"@type":"WebPage","@id":"https:\/\/der-schulbedarf.shop\/produkt-des-monats\/produkt\/leserabe-3-lesestufe-das-schwarze-drachenboot\/","url":"https:\/\/der-schulbedarf.shop\/produkt-des-monats\/produkt\/leserabe-3-lesestufe-das-schwarze-drachenboot\/","name":"Leserabe - Das schwarze Drachenboot","isPartOf":{"@id":"https:\/\/der-schulbedarf.shop\/produkt-des-monats\/#website"},"primaryImageOfPage":{"@id":"https:\/\/der-schulbedarf.shop\/produkt-des-monats\/produkt\/leserabe-3-lesestufe-das-schwarze-drachenboot\/#primaryimage"},"image":{"@id":"https:\/\/der-schulbedarf.shop\/produkt-des-monats\/produkt\/leserabe-3-lesestufe-das-schwarze-drachenboot\/#primaryimage"},"thumbnailUrl":"https:\/\/der-schulbedarf.shop\/wp-content\/uploads\/2023\/06\/AN-38082_1-710x380-1.webp","datePublished":"2023-06-08T06:11:29+00:00","dateModified":"2024-11-26T12:24:25+00:00","description":"Leserabe - Das schwarze Drachenboot. Norwegen um 900: Der neunj\u00e4hrige Tjark macht sich auf, um das R\u00e4tsel eines unheimlichen Geisterschiffs zu l\u00f6sen. Ab 8 J","breadcrumb":{"@id":"https:\/\/der-schulbedarf.shop\/produkt-des-monats\/produkt\/leserabe-3-lesestufe-das-schwarze-drachenboot\/#breadcrumb"},"inLanguage":"de","potentialAction":[{"@type":"ReadAction","target":["https:\/\/der-schulbedarf.shop\/produkt-des-monats\/produkt\/leserabe-3-lesestufe-das-schwarze-drachenboot\/"]}]},{"@type":"ImageObject","inLanguage":"de","@id":"https:\/\/der-schulbedarf.shop\/produkt-des-monats\/produkt\/leserabe-3-lesestufe-das-schwarze-drachenboot\/#primaryimage","url":"https:\/\/der-schulbedarf.shop\/wp-content\/uploads\/2023\/06\/AN-38082_1-710x380-1.webp","contentUrl":"https:\/\/der-schulbedarf.shop\/wp-content\/uploads\/2023\/06\/AN-38082_1-710x380-1.webp","width":710,"height":380,"caption":"Das schwarze Drachenboot"},{"@type":"BreadcrumbList","@id":"https:\/\/der-schulbedarf.shop\/produkt-des-monats\/produkt\/leserabe-3-lesestufe-das-schwarze-drachenboot\/#breadcrumb","itemListElement":[{"@type":"ListItem","position":1,"name":"Shop","item":"https:\/\/der-schulbedarf.shop\/produkt-des-monats\/shop\/"},{"@type":"ListItem","position":2,"name":"Leserabe &#8211; 3. Lesestufe: Das schwarze Drachenboot"}]},{"@type":"WebSite","@id":"https:\/\/der-schulbedarf.shop\/produkt-des-monats\/#website","url":"https:\/\/der-schulbedarf.shop\/produkt-des-monats\/","name":"der-Schulbedarf.shop","description":"","publisher":{"@id":"https:\/\/der-schulbedarf.shop\/produkt-des-monats\/#organization"},"potentialAction":[{"@type":"SearchAction","target":{"@type":"EntryPoint","urlTemplate":"https:\/\/der-schulbedarf.shop\/produkt-des-monats\/?s={search_term_string}"},"query-input":{"@type":"PropertyValueSpecification","valueRequired":true,"valueName":"search_term_string"}}],"inLanguage":"de"},{"@type":"Organization","@id":"https:\/\/der-schulbedarf.shop\/produkt-des-monats\/#organization","name":"der-Schulbedarf.shop","url":"https:\/\/der-schulbedarf.shop\/produkt-des-monats\/","logo":{"@type":"ImageObject","inLanguage":"de","@id":"https:\/\/der-schulbedarf.shop\/produkt-des-monats\/#\/schema\/logo\/image\/","url":"https:\/\/der-schulbedarf.shop\/wp-content\/uploads\/2024\/02\/grafik-e1709551115899.png","contentUrl":"https:\/\/der-schulbedarf.shop\/wp-content\/uploads\/2024\/02\/grafik-e1709551115899.png","width":80,"height":80,"caption":"der-Schulbedarf.shop"},"image":{"@id":"https:\/\/der-schulbedarf.shop\/produkt-des-monats\/#\/schema\/logo\/image\/"}}]}},"_links":{"self":[{"href":"https:\/\/der-schulbedarf.shop\/produkt-des-monats\/wp-json\/wp\/v2\/product\/966","targetHints":{"allow":["GET"]}}],"collection":[{"href":"https:\/\/der-schulbedarf.shop\/produkt-des-monats\/wp-json\/wp\/v2\/product"}],"about":[{"href":"https:\/\/der-schulbedarf.shop\/produkt-des-monats\/wp-json\/wp\/v2\/types\/product"}],"replies":[{"embeddable":true,"href":"https:\/\/der-schulbedarf.shop\/produkt-des-monats\/wp-json\/wp\/v2\/comments?post=966"}],"wp:featuredmedia":[{"embeddable":true,"href":"https:\/\/der-schulbedarf.shop\/produkt-des-monats\/wp-json\/wp\/v2\/media\/2518"}],"wp:attachment":[{"href":"https:\/\/der-schulbedarf.shop\/produkt-des-monats\/wp-json\/wp\/v2\/media?parent=966"}],"wp:term":[{"taxonomy":"product_cat","embeddable":true,"href":"https:\/\/der-schulbedarf.shop\/produkt-des-monats\/wp-json\/wp\/v2\/product_cat?post=966"},{"taxonomy":"product_tag","embeddable":true,"href":"https:\/\/der-schulbedarf.shop\/produkt-des-monats\/wp-json\/wp\/v2\/product_tag?post=966"}],"curies":[{"name":"wp","href":"https:\/\/api.w.org\/{rel}","templated":true}]}}