{"id":994,"date":"2023-06-08T06:39:03","date_gmt":"2023-06-08T06:39:03","guid":{"rendered":"https:\/\/der-schulbedarf.Shop\/?post_type=product&#038;p=994"},"modified":"2024-11-26T12:15:20","modified_gmt":"2024-11-26T12:15:20","slug":"leserabe-mit-mildenberger-silbenmethode-das-tollste-pony-der-welt","status":"publish","type":"product","link":"https:\/\/der-schulbedarf.shop\/produkt-des-monats\/produkt\/leserabe-mit-mildenberger-silbenmethode-das-tollste-pony-der-welt\/","title":{"rendered":"Leserabe mit Mildenberger Silbenmethode: Das tollste Pony der Welt"},"content":{"rendered":"<p>Neben Pony Lulus Wiese schl\u00e4gt ein Zirkus sein Zelt auf. Was die Tiere alles k\u00f6nnen! Lulu staunt. Sie kann nur laufen &#8211; vorw\u00e4rts, r\u00fcckw\u00e4rts und im Kreis! Ob sie mit Sabrina im Zirkus auftreten kann?<\/p>\n<p>Die Kinderb\u00fccher der Reihe Leserabe wurden mit P\u00e4dagogen entwickelt und richten sich sowohl an Leseanf\u00e4nger ab der 1. Klasse als auch an fortgeschrittene Erstleser ab der 2. Klasse. Die original Mildenberger Silbenmethode f\u00f6rdert die Lesekompetenz: Silben in Blau und Rot helfen beim Lesenlernen und verbessern nachweislich die Rechtschreibung.<\/p>\n","protected":false},"excerpt":{"rendered":"<p>Neben Pony Lulus Wiese schl\u00e4gt ein Zirkus sein Zelt auf. Was die Tiere alles k\u00f6nnen! Lulu staunt. Sie kann nur laufen &#8211; vorw\u00e4rts, r\u00fcckw\u00e4rts und im Kreis! Ob sie mit Sabrina im Zirkus auftreten kann? Die Kinderb\u00fccher der Reihe Leserabe wurden mit P\u00e4dagogen entwickelt und richten sich sowohl an Leseanf\u00e4nger ab der 1. Klasse als [&hellip;]<\/p>\n","protected":false},"featured_media":2502,"comment_status":"open","ping_status":"closed","template":"","meta":[],"product_cat":[899,900,224,915,944,225],"product_tag":[192,513,111,200,201,514,196,197,195,190,115,199,114,113,210,112,198,181,202,179,194,189,515,461,257,193,180,261,516,512,177,178],"class_list":{"0":"post-994","1":"product","2":"type-product","3":"status-publish","4":"has-post-thumbnail","6":"product_cat-1-klasse","7":"product_cat-2-klasse","8":"product_cat-kinderbuecher","9":"product_cat-produkt-feeds","10":"product_cat-produktzufuehrung-geizhal","11":"product_cat-ravensburger-kinderbuecher","12":"product_tag-antolin","13":"product_tag-artistik","14":"product_tag-beschaeftigung","15":"product_tag-buch","16":"product_tag-buecher","17":"product_tag-einsam","18":"product_tag-erstlesebuch","19":"product_tag-erstlesebuecher","20":"product_tag-erstleser","21":"product_tag-freundschaft","22":"product_tag-fuer-jungen","23":"product_tag-fuer-kinder-ab-6-jahre","24":"product_tag-fuer-maedchen","25":"product_tag-geschenk","26":"product_tag-geschenk-kinder","27":"product_tag-geschenkidee","28":"product_tag-kinderbuch","29":"product_tag-kinderbuecher","30":"product_tag-lesen","31":"product_tag-lesen-lernen","32":"product_tag-leserabe","33":"product_tag-maedchen","34":"product_tag-manege","35":"product_tag-pferde","36":"product_tag-pony","37":"product_tag-ravensburger","38":"product_tag-ravensburger-erstes-lernen","39":"product_tag-reiten","40":"product_tag-vorstellung","41":"product_tag-zirkus","42":"product_tag-zuhause-lernen","43":"product_tag-zuhause-unterrichten","44":"post","45":"post-with-thumbnail","46":"post-with-thumbnail-large","48":"first","49":"instock","50":"taxable","51":"shipping-taxable","52":"purchasable","53":"product-type-simple"},"yoast_head":"<!-- This site is optimized with the Yoast SEO plugin v26.6 - https:\/\/yoast.com\/wordpress\/plugins\/seo\/ -->\n<title>Leserabe - Das tollste Pony der Welt.<\/title>\n<meta name=\"description\" content=\"Leserabe - Das tollste Pony der Welt. Pony Lulus erlebt lustige Abenteuer im Zirkus. F\u00fcr Kinder ab 6 Jahren. Von P\u00e4dagogen entwickelt.\" \/>\n<meta name=\"robots\" content=\"index, follow, max-snippet:-1, max-image-preview:large, max-video-preview:-1\" \/>\n<link rel=\"canonical\" href=\"https:\/\/der-schulbedarf.shop\/produkt-des-monats\/produkt\/leserabe-mit-mildenberger-silbenmethode-das-tollste-pony-der-welt\/\" \/>\n<meta property=\"og:locale\" content=\"de_DE\" \/>\n<meta property=\"og:type\" content=\"article\" \/>\n<meta property=\"og:title\" content=\"Leserabe - Das tollste Pony der Welt.\" \/>\n<meta property=\"og:description\" content=\"Leserabe - Das tollste Pony der Welt. Pony Lulus erlebt lustige Abenteuer im Zirkus. F\u00fcr Kinder ab 6 Jahren. Von P\u00e4dagogen entwickelt.\" \/>\n<meta property=\"og:url\" content=\"https:\/\/der-schulbedarf.shop\/produkt-des-monats\/produkt\/leserabe-mit-mildenberger-silbenmethode-das-tollste-pony-der-welt\/\" \/>\n<meta property=\"og:site_name\" content=\"der-Schulbedarf.shop\" \/>\n<meta property=\"article:modified_time\" content=\"2024-11-26T12:15:20+00:00\" \/>\n<meta property=\"og:image\" content=\"https:\/\/der-schulbedarf.shop\/wp-content\/uploads\/2023\/06\/AN-38532_1-720x380-1.webp\" \/>\n\t<meta property=\"og:image:width\" content=\"720\" \/>\n\t<meta property=\"og:image:height\" content=\"380\" \/>\n\t<meta property=\"og:image:type\" content=\"image\/webp\" \/>\n<meta name=\"twitter:card\" content=\"summary_large_image\" \/>\n<meta name=\"twitter:label1\" content=\"Gesch\u00e4tzte Lesezeit\" \/>\n\t<meta name=\"twitter:data1\" content=\"1\u00a0Minute\" \/>\n<script type=\"application\/ld+json\" class=\"yoast-schema-graph\">{\"@context\":\"https:\/\/schema.org\",\"@graph\":[{\"@type\":\"WebPage\",\"@id\":\"https:\/\/der-schulbedarf.shop\/produkt-des-monats\/produkt\/leserabe-mit-mildenberger-silbenmethode-das-tollste-pony-der-welt\/\",\"url\":\"https:\/\/der-schulbedarf.shop\/produkt-des-monats\/produkt\/leserabe-mit-mildenberger-silbenmethode-das-tollste-pony-der-welt\/\",\"name\":\"Leserabe - Das tollste Pony der Welt.\",\"isPartOf\":{\"@id\":\"https:\/\/der-schulbedarf.shop\/produkt-des-monats\/#website\"},\"primaryImageOfPage\":{\"@id\":\"https:\/\/der-schulbedarf.shop\/produkt-des-monats\/produkt\/leserabe-mit-mildenberger-silbenmethode-das-tollste-pony-der-welt\/#primaryimage\"},\"image\":{\"@id\":\"https:\/\/der-schulbedarf.shop\/produkt-des-monats\/produkt\/leserabe-mit-mildenberger-silbenmethode-das-tollste-pony-der-welt\/#primaryimage\"},\"thumbnailUrl\":\"https:\/\/der-schulbedarf.shop\/wp-content\/uploads\/2023\/06\/AN-38532_1-720x380-1.webp\",\"datePublished\":\"2023-06-08T06:39:03+00:00\",\"dateModified\":\"2024-11-26T12:15:20+00:00\",\"description\":\"Leserabe - Das tollste Pony der Welt. Pony Lulus erlebt lustige Abenteuer im Zirkus. F\u00fcr Kinder ab 6 Jahren. Von P\u00e4dagogen entwickelt.\",\"breadcrumb\":{\"@id\":\"https:\/\/der-schulbedarf.shop\/produkt-des-monats\/produkt\/leserabe-mit-mildenberger-silbenmethode-das-tollste-pony-der-welt\/#breadcrumb\"},\"inLanguage\":\"de\",\"potentialAction\":[{\"@type\":\"ReadAction\",\"target\":[\"https:\/\/der-schulbedarf.shop\/produkt-des-monats\/produkt\/leserabe-mit-mildenberger-silbenmethode-das-tollste-pony-der-welt\/\"]}]},{\"@type\":\"ImageObject\",\"inLanguage\":\"de\",\"@id\":\"https:\/\/der-schulbedarf.shop\/produkt-des-monats\/produkt\/leserabe-mit-mildenberger-silbenmethode-das-tollste-pony-der-welt\/#primaryimage\",\"url\":\"https:\/\/der-schulbedarf.shop\/wp-content\/uploads\/2023\/06\/AN-38532_1-720x380-1.webp\",\"contentUrl\":\"https:\/\/der-schulbedarf.shop\/wp-content\/uploads\/2023\/06\/AN-38532_1-720x380-1.webp\",\"width\":720,\"height\":380,\"caption\":\"Das tollste Pony der Welt\"},{\"@type\":\"BreadcrumbList\",\"@id\":\"https:\/\/der-schulbedarf.shop\/produkt-des-monats\/produkt\/leserabe-mit-mildenberger-silbenmethode-das-tollste-pony-der-welt\/#breadcrumb\",\"itemListElement\":[{\"@type\":\"ListItem\",\"position\":1,\"name\":\"Shop\",\"item\":\"https:\/\/der-schulbedarf.shop\/produkt-des-monats\/shop\/\"},{\"@type\":\"ListItem\",\"position\":2,\"name\":\"Leserabe mit Mildenberger Silbenmethode: Das tollste Pony der Welt\"}]},{\"@type\":\"WebSite\",\"@id\":\"https:\/\/der-schulbedarf.shop\/produkt-des-monats\/#website\",\"url\":\"https:\/\/der-schulbedarf.shop\/produkt-des-monats\/\",\"name\":\"der-Schulbedarf.shop\",\"description\":\"\",\"publisher\":{\"@id\":\"https:\/\/der-schulbedarf.shop\/produkt-des-monats\/#organization\"},\"potentialAction\":[{\"@type\":\"SearchAction\",\"target\":{\"@type\":\"EntryPoint\",\"urlTemplate\":\"https:\/\/der-schulbedarf.shop\/produkt-des-monats\/?s={search_term_string}\"},\"query-input\":{\"@type\":\"PropertyValueSpecification\",\"valueRequired\":true,\"valueName\":\"search_term_string\"}}],\"inLanguage\":\"de\"},{\"@type\":\"Organization\",\"@id\":\"https:\/\/der-schulbedarf.shop\/produkt-des-monats\/#organization\",\"name\":\"der-Schulbedarf.shop\",\"url\":\"https:\/\/der-schulbedarf.shop\/produkt-des-monats\/\",\"logo\":{\"@type\":\"ImageObject\",\"inLanguage\":\"de\",\"@id\":\"https:\/\/der-schulbedarf.shop\/produkt-des-monats\/#\/schema\/logo\/image\/\",\"url\":\"https:\/\/der-schulbedarf.shop\/wp-content\/uploads\/2024\/02\/grafik-e1709551115899.png\",\"contentUrl\":\"https:\/\/der-schulbedarf.shop\/wp-content\/uploads\/2024\/02\/grafik-e1709551115899.png\",\"width\":80,\"height\":80,\"caption\":\"der-Schulbedarf.shop\"},\"image\":{\"@id\":\"https:\/\/der-schulbedarf.shop\/produkt-des-monats\/#\/schema\/logo\/image\/\"}}]}<\/script>\n<!-- \/ Yoast SEO plugin. -->","yoast_head_json":{"title":"Leserabe - Das tollste Pony der Welt.","description":"Leserabe - Das tollste Pony der Welt. Pony Lulus erlebt lustige Abenteuer im Zirkus. F\u00fcr Kinder ab 6 Jahren. Von P\u00e4dagogen entwickelt.","robots":{"index":"index","follow":"follow","max-snippet":"max-snippet:-1","max-image-preview":"max-image-preview:large","max-video-preview":"max-video-preview:-1"},"canonical":"https:\/\/der-schulbedarf.shop\/produkt-des-monats\/produkt\/leserabe-mit-mildenberger-silbenmethode-das-tollste-pony-der-welt\/","og_locale":"de_DE","og_type":"article","og_title":"Leserabe - Das tollste Pony der Welt.","og_description":"Leserabe - Das tollste Pony der Welt. Pony Lulus erlebt lustige Abenteuer im Zirkus. F\u00fcr Kinder ab 6 Jahren. Von P\u00e4dagogen entwickelt.","og_url":"https:\/\/der-schulbedarf.shop\/produkt-des-monats\/produkt\/leserabe-mit-mildenberger-silbenmethode-das-tollste-pony-der-welt\/","og_site_name":"der-Schulbedarf.shop","article_modified_time":"2024-11-26T12:15:20+00:00","og_image":[{"width":720,"height":380,"url":"https:\/\/der-schulbedarf.shop\/wp-content\/uploads\/2023\/06\/AN-38532_1-720x380-1.webp","type":"image\/webp"}],"twitter_card":"summary_large_image","twitter_misc":{"Gesch\u00e4tzte Lesezeit":"1\u00a0Minute"},"schema":{"@context":"https:\/\/schema.org","@graph":[{"@type":"WebPage","@id":"https:\/\/der-schulbedarf.shop\/produkt-des-monats\/produkt\/leserabe-mit-mildenberger-silbenmethode-das-tollste-pony-der-welt\/","url":"https:\/\/der-schulbedarf.shop\/produkt-des-monats\/produkt\/leserabe-mit-mildenberger-silbenmethode-das-tollste-pony-der-welt\/","name":"Leserabe - Das tollste Pony der Welt.","isPartOf":{"@id":"https:\/\/der-schulbedarf.shop\/produkt-des-monats\/#website"},"primaryImageOfPage":{"@id":"https:\/\/der-schulbedarf.shop\/produkt-des-monats\/produkt\/leserabe-mit-mildenberger-silbenmethode-das-tollste-pony-der-welt\/#primaryimage"},"image":{"@id":"https:\/\/der-schulbedarf.shop\/produkt-des-monats\/produkt\/leserabe-mit-mildenberger-silbenmethode-das-tollste-pony-der-welt\/#primaryimage"},"thumbnailUrl":"https:\/\/der-schulbedarf.shop\/wp-content\/uploads\/2023\/06\/AN-38532_1-720x380-1.webp","datePublished":"2023-06-08T06:39:03+00:00","dateModified":"2024-11-26T12:15:20+00:00","description":"Leserabe - Das tollste Pony der Welt. Pony Lulus erlebt lustige Abenteuer im Zirkus. F\u00fcr Kinder ab 6 Jahren. Von P\u00e4dagogen entwickelt.","breadcrumb":{"@id":"https:\/\/der-schulbedarf.shop\/produkt-des-monats\/produkt\/leserabe-mit-mildenberger-silbenmethode-das-tollste-pony-der-welt\/#breadcrumb"},"inLanguage":"de","potentialAction":[{"@type":"ReadAction","target":["https:\/\/der-schulbedarf.shop\/produkt-des-monats\/produkt\/leserabe-mit-mildenberger-silbenmethode-das-tollste-pony-der-welt\/"]}]},{"@type":"ImageObject","inLanguage":"de","@id":"https:\/\/der-schulbedarf.shop\/produkt-des-monats\/produkt\/leserabe-mit-mildenberger-silbenmethode-das-tollste-pony-der-welt\/#primaryimage","url":"https:\/\/der-schulbedarf.shop\/wp-content\/uploads\/2023\/06\/AN-38532_1-720x380-1.webp","contentUrl":"https:\/\/der-schulbedarf.shop\/wp-content\/uploads\/2023\/06\/AN-38532_1-720x380-1.webp","width":720,"height":380,"caption":"Das tollste Pony der Welt"},{"@type":"BreadcrumbList","@id":"https:\/\/der-schulbedarf.shop\/produkt-des-monats\/produkt\/leserabe-mit-mildenberger-silbenmethode-das-tollste-pony-der-welt\/#breadcrumb","itemListElement":[{"@type":"ListItem","position":1,"name":"Shop","item":"https:\/\/der-schulbedarf.shop\/produkt-des-monats\/shop\/"},{"@type":"ListItem","position":2,"name":"Leserabe mit Mildenberger Silbenmethode: Das tollste Pony der Welt"}]},{"@type":"WebSite","@id":"https:\/\/der-schulbedarf.shop\/produkt-des-monats\/#website","url":"https:\/\/der-schulbedarf.shop\/produkt-des-monats\/","name":"der-Schulbedarf.shop","description":"","publisher":{"@id":"https:\/\/der-schulbedarf.shop\/produkt-des-monats\/#organization"},"potentialAction":[{"@type":"SearchAction","target":{"@type":"EntryPoint","urlTemplate":"https:\/\/der-schulbedarf.shop\/produkt-des-monats\/?s={search_term_string}"},"query-input":{"@type":"PropertyValueSpecification","valueRequired":true,"valueName":"search_term_string"}}],"inLanguage":"de"},{"@type":"Organization","@id":"https:\/\/der-schulbedarf.shop\/produkt-des-monats\/#organization","name":"der-Schulbedarf.shop","url":"https:\/\/der-schulbedarf.shop\/produkt-des-monats\/","logo":{"@type":"ImageObject","inLanguage":"de","@id":"https:\/\/der-schulbedarf.shop\/produkt-des-monats\/#\/schema\/logo\/image\/","url":"https:\/\/der-schulbedarf.shop\/wp-content\/uploads\/2024\/02\/grafik-e1709551115899.png","contentUrl":"https:\/\/der-schulbedarf.shop\/wp-content\/uploads\/2024\/02\/grafik-e1709551115899.png","width":80,"height":80,"caption":"der-Schulbedarf.shop"},"image":{"@id":"https:\/\/der-schulbedarf.shop\/produkt-des-monats\/#\/schema\/logo\/image\/"}}]}},"_links":{"self":[{"href":"https:\/\/der-schulbedarf.shop\/produkt-des-monats\/wp-json\/wp\/v2\/product\/994","targetHints":{"allow":["GET"]}}],"collection":[{"href":"https:\/\/der-schulbedarf.shop\/produkt-des-monats\/wp-json\/wp\/v2\/product"}],"about":[{"href":"https:\/\/der-schulbedarf.shop\/produkt-des-monats\/wp-json\/wp\/v2\/types\/product"}],"replies":[{"embeddable":true,"href":"https:\/\/der-schulbedarf.shop\/produkt-des-monats\/wp-json\/wp\/v2\/comments?post=994"}],"wp:featuredmedia":[{"embeddable":true,"href":"https:\/\/der-schulbedarf.shop\/produkt-des-monats\/wp-json\/wp\/v2\/media\/2502"}],"wp:attachment":[{"href":"https:\/\/der-schulbedarf.shop\/produkt-des-monats\/wp-json\/wp\/v2\/media?parent=994"}],"wp:term":[{"taxonomy":"product_cat","embeddable":true,"href":"https:\/\/der-schulbedarf.shop\/produkt-des-monats\/wp-json\/wp\/v2\/product_cat?post=994"},{"taxonomy":"product_tag","embeddable":true,"href":"https:\/\/der-schulbedarf.shop\/produkt-des-monats\/wp-json\/wp\/v2\/product_tag?post=994"}],"curies":[{"name":"wp","href":"https:\/\/api.w.org\/{rel}","templated":true}]}}